{"id":1228,"date":"2015-10-26T16:08:55","date_gmt":"2015-10-26T15:08:55","guid":{"rendered":"http:\/\/agora.xtec.cat\/ceip-vaixell-burriac-vilassar\/?page_id=1228"},"modified":"2020-10-11T12:34:14","modified_gmt":"2020-10-11T10:34:14","slug":"activem-langles","status":"publish","type":"page","link":"https:\/\/agora.xtec.cat\/ceip-vaixell-burriac-vilassar\/projecte-educatiu\/activem-langles\/","title":{"rendered":"Activem l&#8217;angl\u00e8s"},"content":{"rendered":"<h3>Qu\u00e8 \u00e9s \u201cActivem l\u2019angl\u00e8s\u201d?<\/h3>\n<p style=\"text-align: justify;\">Activem l\u2019angl\u00e8s \u00e9s el conjunt de canvis, propostes, noves idees i projectes plantejats per un Departament nou a l\u2019escola, el <strong>Departament d\u2019Angl\u00e8s<\/strong>. El que es pret\u00e9n \u00e9s que d\u2019una manera m\u00e9s vivencial, amb m\u00e9s diversitat de propostes, i anant un pas m\u00e9s enll\u00e0 els\/les nostres alumnes aconsegueixin un coneixement m\u00e9s global de la llengua, que millorin la seva capacitat i la seva compet\u00e8ncia comunicativa en angl\u00e8s.<\/p>\n<p style=\"text-align: justify;\">Per tal d\u2019aconseguir aquest objectiu hem comen\u00e7at amb alguns canvis i seguim&#8230; hem arreglat i equipat una classe, ara \u00e9s l&#8217;<strong>aula d\u2019angl\u00e8s<\/strong>, a m\u00e9s de treballar-hi durant les sessions de mitjos grups, tamb\u00e9 hi tenim un punt de reuni\u00f3 de les mestres del departament, un centre de recursos amb tot el material d\u2019angl\u00e8s del que disposem, i un espai on treballar per racons: el rac\u00f3 dels ordinadors, el de lectura, amb una petita biblioteca, etc.<\/p>\n<p style=\"text-align: justify;\">Seguirem treballant en col\u00b7laboraci\u00f3 amb els nostres amics de l\u2019 <strong>e-twinning<\/strong> (socis d\u2019arreu d\u2019Europa amb qui intercanviem propostes, projectes, treballs, i la llengua de comunicaci\u00f3 sempre \u00e9s l\u2019angl\u00e8s). Aquest any els nostres alumnes de 4t faran les seves <strong>col\u00f2nies d\u2019immersi\u00f3 ling\u00fc\u00edstica<\/strong> amb mestres nadius. Hem fet un petit projecte de Sta. Cec\u00edlia en col\u00b7laboraci\u00f3 amb la mestra de m\u00fasica, teatre en angl\u00e8s, canvi de metodologia, treball per racons, una part d\u2019algun dels projectes de medi, en angl\u00e8s, <strong>English Science Project<\/strong>. I, en uns dies farem el <strong>Christmas Journey over English<\/strong>, persones de diferents pa\u00efsos de parla anglesa vindran a l\u2019escola per explicar contes i tradicions del seu pa\u00eds a tots els nens de l\u2019escola.<\/p>\n<p style=\"text-align: justify;\">Aix\u00ed que ja veieu, Activem l\u2019angl\u00e8s s\u00f3n moltes coses, per\u00f2 una finalitat, que els\/les nostres alumnes millorin l\u2019angl\u00e8s, mentre gaudeixen de diferents experi\u00e8ncies relacionades amb l\u2019aprenentatge de la llengua.<\/p>\n","protected":false},"excerpt":{"rendered":"<p>Qu\u00e8 \u00e9s \u201cActivem l\u2019angl\u00e8s\u201d?<br \/>\nActivem l\u2019angl\u00e8s \u00e9s el conjunt de canvis, propostes, noves idees i projectes plantejats per un Departament nou a l\u2019escola, el Departament d\u2019Angl\u00e8s. El que es pret\u00e9n \u00e9s que d\u2019una manera m\u00e9s vivencial, amb m\u00e9s diversitat de propostes, i anant un pas m\u00e9s&hellip;  <a href=\"https:\/\/agora.xtec.cat\/ceip-vaixell-burriac-vilassar\/projecte-educatiu\/activem-langles\/\" title=\"Read Activem l&#8217;angl\u00e8s\">Llegeix m\u00e9s\u00bb<\/a><\/p>\n","protected":false},"author":1,"featured_media":0,"parent":64,"menu_order":30,"comment_status":"closed","ping_status":"closed","template":"page-templates\/side-menu.php","meta":{"_bbp_topic_count":0,"_bbp_reply_count":0,"_bbp_total_topic_count":0,"_bbp_total_reply_count":0,"_bbp_voice_count":0,"_bbp_anonymous_reply_count":0,"_bbp_topic_count_hidden":0,"_bbp_reply_count_hidden":0,"_bbp_forum_subforum_count":0,"footnotes":""},"class_list":["post-1228","page","type-page","status-publish","hentry"],"post_mailing_queue_ids":[],"_links":{"self":[{"href":"https:\/\/agora.xtec.cat\/ceip-vaixell-burriac-vilassar\/wp-json\/wp\/v2\/pages\/1228","targetHints":{"allow":["GET"]}}],"collection":[{"href":"https:\/\/agora.xtec.cat\/ceip-vaixell-burriac-vilassar\/wp-json\/wp\/v2\/pages"}],"about":[{"href":"https:\/\/agora.xtec.cat\/ceip-vaixell-burriac-vilassar\/wp-json\/wp\/v2\/types\/page"}],"author":[{"embeddable":true,"href":"https:\/\/agora.xtec.cat\/ceip-vaixell-burriac-vilassar\/wp-json\/wp\/v2\/users\/1"}],"replies":[{"embeddable":true,"href":"https:\/\/agora.xtec.cat\/ceip-vaixell-burriac-vilassar\/wp-json\/wp\/v2\/comments?post=1228"}],"version-history":[{"count":3,"href":"https:\/\/agora.xtec.cat\/ceip-vaixell-burriac-vilassar\/wp-json\/wp\/v2\/pages\/1228\/revisions"}],"predecessor-version":[{"id":9005,"href":"https:\/\/agora.xtec.cat\/ceip-vaixell-burriac-vilassar\/wp-json\/wp\/v2\/pages\/1228\/revisions\/9005"}],"up":[{"embeddable":true,"href":"https:\/\/agora.xtec.cat\/ceip-vaixell-burriac-vilassar\/wp-json\/wp\/v2\/pages\/64"}],"wp:attachment":[{"href":"https:\/\/agora.xtec.cat\/ceip-vaixell-burriac-vilassar\/wp-json\/wp\/v2\/media?parent=1228"}],"curies":[{"name":"wp","href":"https:\/\/api.w.org\/{rel}","templated":true}]}}