{"id":1226,"date":"2015-10-26T16:07:42","date_gmt":"2015-10-26T15:07:42","guid":{"rendered":"http:\/\/agora.xtec.cat\/ceip-vaixell-burriac-vilassar\/?page_id=1226"},"modified":"2020-10-11T12:33:04","modified_gmt":"2020-10-11T10:33:04","slug":"projecte-demprenedoria-5e","status":"publish","type":"page","link":"https:\/\/agora.xtec.cat\/ceip-vaixell-burriac-vilassar\/projecte-educatiu\/projecte-demprenedoria-5e\/","title":{"rendered":"Projecte d&#8217;emprenedoria 5\u00e8"},"content":{"rendered":"<p style=\"text-align: justify;\">&#8211; \u00c9s un projecte en el qual cada grup de 5\u00e8 crea una cooperativa, pensa i realitza manualment uns productes. La finalitat \u00e9s vendre\u2019ls un dia del tercer trimestre al mercat del poble. L\u2019objectiu no \u00e9s material, ja que recuperen el capital invertit, que pot ser de dos a sis euros per alumne\/a, donen un tant per cent a una ONG i amb la resta de diners es fa un berenar o alguna cosa similar a l\u2019escola.<\/p>\n<p style=\"text-align: justify;\">\n&#8211; Per arribar a fer aix\u00f2 es treballen alguns continguts relacionats amb les mat\u00e8ries (llengua, medi, mates i pl\u00e0stica) i d\u2019altres molts aspectes:<\/p>\n<p style=\"text-align: justify;\">\n1. La creativitat<br \/>\n2. Observar i explorar el que els envolta<br \/>\n3. Escoltar els altres i acceptar altres punts de vista<br \/>\n4. El respecte<br \/>\n5. Acceptar que la seva idea finalment no ha estat la m\u00e9s votada<br \/>\n6. El treball en equip<br \/>\n7. La solidaritat<br \/>\n8. Aprendre a assumir riscos<br \/>\n9. Prendre decisions i ser responsables, etc.<\/p>\n<p style=\"text-align: justify;\">\n&#8211; En aquest projecte el\/la mestre\/a fa de guia i els ajuda en tot aquest proc\u00e9s. Tot l&#8217;alumnat t\u00e9 un c\u00e0rrec a dins (president\/a, fot\u00f2graf\/a, tresorer&#8230;) i una tarda a la setmana es treballa a classe l\u2019emprenedoria.<\/p>\n<p style=\"text-align: justify;\">\n&#8211; \u00c9s un projecte de centre, els altres alumnes de l\u2019escola estan informats, participen les fam\u00edlies i ens coordinem amb l\u2019 ajuntament, la diputaci\u00f3 de Barcelona i Valnal\u00f3n, el creador del Projecte.<\/p>\n<p style=\"text-align: justify;\">\n<p style=\"text-align: justify;\">Cliqueu la fotografia per a veure el v\u00eddeo:<\/p>\n<p>&nbsp;<\/p>\n<p><a href=\"https:\/\/vimeo.com\/96897131\" target=\"_blank\" rel=\"noopener noreferrer\"><img loading=\"lazy\" decoding=\"async\" class=\"alignnone size-full wp-image-1440\" src=\"http:\/\/agora.xtec.cat\/ceip-vaixell-burriac-vilassar\/wp-content\/uploads\/usu208\/2015\/10\/emprenedoria.jpg\" alt=\"emprenedoria\" width=\"347\" height=\"145\" \/><\/a><\/p>\n","protected":false},"excerpt":{"rendered":"<p>&#8211; \u00c9s un projecte en el qual cada grup de 5\u00e8 crea una cooperativa, pensa i realitza manualment uns productes. La finalitat \u00e9s vendre\u2019ls un dia del tercer trimestre al mercat del poble. L\u2019objectiu no \u00e9s material, ja que recuperen el capital invertit, que pot&hellip;  <a href=\"https:\/\/agora.xtec.cat\/ceip-vaixell-burriac-vilassar\/projecte-educatiu\/projecte-demprenedoria-5e\/\" title=\"Read Projecte d&#8217;emprenedoria 5\u00e8\">Llegeix m\u00e9s\u00bb<\/a><\/p>\n","protected":false},"author":1,"featured_media":0,"parent":64,"menu_order":20,"comment_status":"closed","ping_status":"closed","template":"page-templates\/side-menu.php","meta":{"_bbp_topic_count":0,"_bbp_reply_count":0,"_bbp_total_topic_count":0,"_bbp_total_reply_count":0,"_bbp_voice_count":0,"_bbp_anonymous_reply_count":0,"_bbp_topic_count_hidden":0,"_bbp_reply_count_hidden":0,"_bbp_forum_subforum_count":0,"footnotes":""},"class_list":["post-1226","page","type-page","status-publish","hentry"],"post_mailing_queue_ids":[],"_links":{"self":[{"href":"https:\/\/agora.xtec.cat\/ceip-vaixell-burriac-vilassar\/wp-json\/wp\/v2\/pages\/1226","targetHints":{"allow":["GET"]}}],"collection":[{"href":"https:\/\/agora.xtec.cat\/ceip-vaixell-burriac-vilassar\/wp-json\/wp\/v2\/pages"}],"about":[{"href":"https:\/\/agora.xtec.cat\/ceip-vaixell-burriac-vilassar\/wp-json\/wp\/v2\/types\/page"}],"author":[{"embeddable":true,"href":"https:\/\/agora.xtec.cat\/ceip-vaixell-burriac-vilassar\/wp-json\/wp\/v2\/users\/1"}],"replies":[{"embeddable":true,"href":"https:\/\/agora.xtec.cat\/ceip-vaixell-burriac-vilassar\/wp-json\/wp\/v2\/comments?post=1226"}],"version-history":[{"count":1,"href":"https:\/\/agora.xtec.cat\/ceip-vaixell-burriac-vilassar\/wp-json\/wp\/v2\/pages\/1226\/revisions"}],"predecessor-version":[{"id":9004,"href":"https:\/\/agora.xtec.cat\/ceip-vaixell-burriac-vilassar\/wp-json\/wp\/v2\/pages\/1226\/revisions\/9004"}],"up":[{"embeddable":true,"href":"https:\/\/agora.xtec.cat\/ceip-vaixell-burriac-vilassar\/wp-json\/wp\/v2\/pages\/64"}],"wp:attachment":[{"href":"https:\/\/agora.xtec.cat\/ceip-vaixell-burriac-vilassar\/wp-json\/wp\/v2\/media?parent=1226"}],"curies":[{"name":"wp","href":"https:\/\/api.w.org\/{rel}","templated":true}]}}