{"id":10038,"date":"2021-05-03T10:29:30","date_gmt":"2021-05-03T08:29:30","guid":{"rendered":"http:\/\/agora.xtec.cat\/ceip-vaixell-burriac-vilassar\/?page_id=10038"},"modified":"2021-05-03T10:32:09","modified_gmt":"2021-05-03T08:32:09","slug":"decaleg-per-a-la-coeducacio","status":"publish","type":"page","link":"https:\/\/agora.xtec.cat\/ceip-vaixell-burriac-vilassar\/projecte-educatiu\/decaleg-per-a-la-coeducacio\/","title":{"rendered":"Dec\u00e0leg per a la coeducaci\u00f3"},"content":{"rendered":"<p style=\"text-align: justify;\">Som escola coeducadora. Totes les persones que participem en la vida dels infants, tenim la responsabilitat i el comprom\u00eds d\u2019educar-los en igualtat per formar-los com a persones que participin d\u2019una ciutadania plena, en drets i en llibertats.<\/p>\n<p style=\"text-align: justify;\">Hem d\u2019incorporar la coeducaci\u00f3 en la seva vida quotidiana, per aconseguir aquesta igualtat.<\/p>\n<p style=\"text-align: justify;\">Hem de fer \u00fas d\u2019un llenguatge inclusiu, no sexista, ni androc\u00e8ntric en la comunicaci\u00f3 interna i externa del centre i utilitzar gen\u00e8rics, sempre que es pugui: la direcci\u00f3 del centre, les fam\u00edlies, l\u2019alumnat, aix\u00ed com l\u2019alternan\u00e7a en anomenar els dos g\u00e8neres.<\/p>\n<p>A continuaci\u00f3 podeu veure el nostre dec\u00e0leg per a la coeducaci\u00f3:<\/p>\n<p><iframe loading=\"lazy\" src=\"https:\/\/docs.google.com\/presentation\/d\/e\/2PACX-1vTC2vz1KWlw6gWLeahr4ADTGT6OvtfvNJ2UeI0g-UtdQTAGcJDjr9QB3G3PMYII-oyp0CsirOehzgPr\/embed?start=true&#038;loop=false&#038;delayms=5000\" frameborder=\"0\" width=\"960\" height=\"749\" allowfullscreen=\"true\" mozallowfullscreen=\"true\" webkitallowfullscreen=\"true\"><\/iframe><\/p>\n","protected":false},"excerpt":{"rendered":"<p>Som escola coeducadora. Totes les persones que participem en la vida dels infants, tenim la responsabilitat i el comprom\u00eds d\u2019educar-los en igualtat per formar-los com a persones que participin d\u2019una ciutadania plena, en drets i en llibertats.<br \/>\nHem d\u2019incorporar la coeducaci\u00f3 en la seva vida quotidiana,&hellip;  <a href=\"https:\/\/agora.xtec.cat\/ceip-vaixell-burriac-vilassar\/projecte-educatiu\/decaleg-per-a-la-coeducacio\/\" title=\"Read Dec\u00e0leg per a la coeducaci\u00f3\">Llegeix m\u00e9s\u00bb<\/a><\/p>\n","protected":false},"author":1,"featured_media":0,"parent":64,"menu_order":80,"comment_status":"closed","ping_status":"closed","template":"","meta":{"_bbp_topic_count":0,"_bbp_reply_count":0,"_bbp_total_topic_count":0,"_bbp_total_reply_count":0,"_bbp_voice_count":0,"_bbp_anonymous_reply_count":0,"_bbp_topic_count_hidden":0,"_bbp_reply_count_hidden":0,"_bbp_forum_subforum_count":0,"footnotes":""},"class_list":["post-10038","page","type-page","status-publish","hentry"],"post_mailing_queue_ids":[],"_links":{"self":[{"href":"https:\/\/agora.xtec.cat\/ceip-vaixell-burriac-vilassar\/wp-json\/wp\/v2\/pages\/10038","targetHints":{"allow":["GET"]}}],"collection":[{"href":"https:\/\/agora.xtec.cat\/ceip-vaixell-burriac-vilassar\/wp-json\/wp\/v2\/pages"}],"about":[{"href":"https:\/\/agora.xtec.cat\/ceip-vaixell-burriac-vilassar\/wp-json\/wp\/v2\/types\/page"}],"author":[{"embeddable":true,"href":"https:\/\/agora.xtec.cat\/ceip-vaixell-burriac-vilassar\/wp-json\/wp\/v2\/users\/1"}],"replies":[{"embeddable":true,"href":"https:\/\/agora.xtec.cat\/ceip-vaixell-burriac-vilassar\/wp-json\/wp\/v2\/comments?post=10038"}],"version-history":[{"count":3,"href":"https:\/\/agora.xtec.cat\/ceip-vaixell-burriac-vilassar\/wp-json\/wp\/v2\/pages\/10038\/revisions"}],"predecessor-version":[{"id":10042,"href":"https:\/\/agora.xtec.cat\/ceip-vaixell-burriac-vilassar\/wp-json\/wp\/v2\/pages\/10038\/revisions\/10042"}],"up":[{"embeddable":true,"href":"https:\/\/agora.xtec.cat\/ceip-vaixell-burriac-vilassar\/wp-json\/wp\/v2\/pages\/64"}],"wp:attachment":[{"href":"https:\/\/agora.xtec.cat\/ceip-vaixell-burriac-vilassar\/wp-json\/wp\/v2\/media?parent=10038"}],"curies":[{"name":"wp","href":"https:\/\/api.w.org\/{rel}","templated":true}]}}