{"id":77,"date":"2014-09-18T14:05:08","date_gmt":"2014-09-18T14:05:08","guid":{"rendered":"http:\/\/agora.xtec.cat\/ceip-v-aleixandre\/?page_id=77"},"modified":"2025-01-24T11:05:11","modified_gmt":"2025-01-24T10:05:11","slug":"acollida","status":"publish","type":"page","link":"https:\/\/agora.xtec.cat\/ceip-v-aleixandre\/serveis\/acollida\/","title":{"rendered":"Acollida"},"content":{"rendered":"<p>Un curs m\u00e9s l\u2019AFA de la nostra escola organitza el servei acollida pel curs vinent. A continuaci\u00f3 us informem dels preus i gesti\u00f3 del servei:<br \/>\n\u2022 El cobrament de les quotes es far\u00e0 mensualment i per domiciliaci\u00f3 banc\u00e0ria.<br \/>\n\u2022 Els mesos de setembre i juny es cobrar\u00e0 la quota \u00edntegra.<br \/>\n\u2022 En cas de devoluci\u00f3 de rebuts, es comunicar\u00e0 per escrit a la fam\u00edlia i l\u2019import de la despesa de la devoluci\u00f3 anir\u00e0 al seu c\u00e0rrec.<br \/>\n\u2022 Tenir 2 rebuts impagats ser\u00e0 motiu de baixa del servei.<br \/>\n\u2022 Per poder fer \u00fas d\u2019aquest servei ser\u00e0 indispensable SER SOCI DE L\u2019AFA.<br \/>\n\u2022 Per poder oferir el servei necessitem un m\u00ednim de 12 alumnes, de no ser aix\u00ed, no hi haur\u00e0 servei.<br \/>\n\u2022 En cas de NO arribar al m\u00ednim de nens ens posar\u00edem en contacte amb vosaltres el m\u00e9s aviat possible.<br \/>\n\u2022 El comen\u00e7ament del servei s\u2019iniciar\u00e0 el primer dia d\u2019escola.<br \/>\n\u2022 Tots els interessats hauran d\u2019omplir el full d\u2019inscripci\u00f3.<\/p>\n<table style=\"height: 137px; width: 54.0779%;\" width=\"654\">\n<tbody>\n<tr>\n<td style=\"width: 35.5298%;\">ACOLLIDA<\/td>\n<td style=\"width: 122.996%;\">COST SERVEI (*)<\/td>\n<\/tr>\n<tr>\n<td style=\"width: 35.5298%;\">\n<h5>De dilluns a divendres<\/h5>\n<h5>MAT\u00cd: 7:30h a 9:00h<\/h5>\n<h5><\/h5>\n<\/td>\n<td style=\"width: 122.996%;\">\n<h5>&#8211; Quota preu fix: 35\u20ac\/mes<\/h5>\n<h5>&#8211; Preu fix 2n germ\u00e0: 30\u20ac\/mes\/germ\u00e0<\/h5>\n<h5>&#8211; Espor\u00e0dic: 6\u20ac\/dia<\/h5>\n<\/td>\n<\/tr>\n<\/tbody>\n<\/table>\n<p>&nbsp;<\/p>\n","protected":false},"excerpt":{"rendered":"<p>Un curs m\u00e9s l\u2019AFA de la nostra escola organitza el servei acollida pel curs vinent. A continuaci\u00f3 us informem dels preus i gesti\u00f3 del servei: \u2022 El cobrament de les quotes es far\u00e0 mensualment i per domiciliaci\u00f3 banc\u00e0ria. \u2022 Els mesos de setembre i juny es cobrar\u00e0 la quota \u00edntegra. \u2022 En cas de devoluci\u00f3 [&hellip;]<\/p>\n","protected":false},"author":2,"featured_media":0,"parent":66,"menu_order":20,"comment_status":"closed","ping_status":"closed","template":"page-templates\/side-menu.php","meta":{"_bbp_topic_count":0,"_bbp_reply_count":0,"_bbp_total_topic_count":0,"_bbp_total_reply_count":0,"_bbp_voice_count":0,"_bbp_anonymous_reply_count":0,"_bbp_topic_count_hidden":0,"_bbp_reply_count_hidden":0,"_bbp_forum_subforum_count":0,"site-sidebar-layout":"default","site-content-layout":"","ast-site-content-layout":"","site-content-style":"default","site-sidebar-style":"default","ast-global-header-display":"","ast-banner-title-visibility":"","ast-main-header-display":"","ast-hfb-above-header-display":"","ast-hfb-below-header-display":"","ast-hfb-mobile-header-display":"","site-post-title":"","ast-breadcrumbs-content":"","ast-featured-img":"","footer-sml-layout":"","theme-transparent-header-meta":"","adv-header-id-meta":"","stick-header-meta":"","header-above-stick-meta":"","header-main-stick-meta":"","header-below-stick-meta":"","astra-migrate-meta-layouts":"default","ast-page-background-enabled":"default","ast-page-background-meta":{"desktop":{"background-color":"var(--ast-global-color-4)","background-image":"","background-repeat":"repeat","background-position":"center center","background-size":"auto","background-attachment":"scroll","background-type":"","background-media":"","overlay-type":"","overlay-color":"","overlay-opacity":"","overlay-gradient":""},"tablet":{"background-color":"","background-image":"","background-repeat":"repeat","background-position":"center center","background-size":"auto","background-attachment":"scroll","background-type":"","background-media":"","overlay-type":"","overlay-color":"","overlay-opacity":"","overlay-gradient":""},"mobile":{"background-color":"","background-image":"","background-repeat":"repeat","background-position":"center center","background-size":"auto","background-attachment":"scroll","background-type":"","background-media":"","overlay-type":"","overlay-color":"","overlay-opacity":"","overlay-gradient":""}},"ast-content-background-meta":{"desktop":{"background-color":"var(--ast-global-color-5)","background-image":"","background-repeat":"repeat","background-position":"center center","background-size":"auto","background-attachment":"scroll","background-type":"","background-media":"","overlay-type":"","overlay-color":"","overlay-opacity":"","overlay-gradient":""},"tablet":{"background-color":"var(--ast-global-color-5)","background-image":"","background-repeat":"repeat","background-position":"center center","background-size":"auto","background-attachment":"scroll","background-type":"","background-media":"","overlay-type":"","overlay-color":"","overlay-opacity":"","overlay-gradient":""},"mobile":{"background-color":"var(--ast-global-color-5)","background-image":"","background-repeat":"repeat","background-position":"center center","background-size":"auto","background-attachment":"scroll","background-type":"","background-media":"","overlay-type":"","overlay-color":"","overlay-opacity":"","overlay-gradient":""}},"footnotes":""},"class_list":["post-77","page","type-page","status-publish","hentry"],"post_mailing_queue_ids":[],"_links":{"self":[{"href":"https:\/\/agora.xtec.cat\/ceip-v-aleixandre\/wp-json\/wp\/v2\/pages\/77","targetHints":{"allow":["GET"]}}],"collection":[{"href":"https:\/\/agora.xtec.cat\/ceip-v-aleixandre\/wp-json\/wp\/v2\/pages"}],"about":[{"href":"https:\/\/agora.xtec.cat\/ceip-v-aleixandre\/wp-json\/wp\/v2\/types\/page"}],"author":[{"embeddable":true,"href":"https:\/\/agora.xtec.cat\/ceip-v-aleixandre\/wp-json\/wp\/v2\/users\/2"}],"replies":[{"embeddable":true,"href":"https:\/\/agora.xtec.cat\/ceip-v-aleixandre\/wp-json\/wp\/v2\/comments?post=77"}],"version-history":[{"count":6,"href":"https:\/\/agora.xtec.cat\/ceip-v-aleixandre\/wp-json\/wp\/v2\/pages\/77\/revisions"}],"predecessor-version":[{"id":4781,"href":"https:\/\/agora.xtec.cat\/ceip-v-aleixandre\/wp-json\/wp\/v2\/pages\/77\/revisions\/4781"}],"up":[{"embeddable":true,"href":"https:\/\/agora.xtec.cat\/ceip-v-aleixandre\/wp-json\/wp\/v2\/pages\/66"}],"wp:attachment":[{"href":"https:\/\/agora.xtec.cat\/ceip-v-aleixandre\/wp-json\/wp\/v2\/media?parent=77"}],"curies":[{"name":"wp","href":"https:\/\/api.w.org\/{rel}","templated":true}]}}