{"id":64,"date":"2014-09-18T12:39:08","date_gmt":"2014-09-18T12:39:08","guid":{"rendered":"http:\/\/agora.xtec.cat\/ceip-v-aleixandre\/?page_id=64"},"modified":"2024-11-25T11:08:58","modified_gmt":"2024-11-25T10:08:58","slug":"projecte-educatiu","status":"publish","type":"page","link":"https:\/\/agora.xtec.cat\/ceip-v-aleixandre\/projecte-educatiu\/","title":{"rendered":"Projecte educatiu de l&#8217;Escola VA"},"content":{"rendered":"<p>L&#8217;objectiu prioritari del nostre Projecte Educatiu \u00e9s desenvolupar al m\u00e0xim les capacitats de tots i cadascun dels alumnes com a principi per l\u2019equitat i la garantia de la cohesi\u00f3 social.<\/p>\n<p><span style=\"font-weight: 400;\">Els trets que ens defineixen la nostra Escola s\u00f3n els seg\u00fcents:<\/span><\/p>\n<ul>\n<li><strong>ACTIVA i GLOBALITZADORA<\/strong> &#8211; situem a l\u2019infant en el centre de l\u2019aprenentatge, tot treballant de manera integrada tot fomentant aprenentatge significatiu i la creativitat de l\u2019alumnat, despertant la seva curiositat i creativitat, aix\u00ed com tamb\u00e9 les seves emocions i sentiments.<\/li>\n<li><strong>ACOLLIDORA i INCLUSIVA<\/strong> &#8211; a la nostra escola tothom hi t\u00e9 cabuda, acollim des de la riquesa de la difer\u00e8ncia. Garantim una mirada inclusiva per donar resposta educativa i formativa a tots els infants, oferint propostes universals tot respectant els diferents ritmes d\u2019aprenentatge.<\/li>\n<li><strong>OBERTA i PARTICIPATIVA<\/strong> &#8211; som a prop i estem oberts al m\u00f3n, respectant les difer\u00e8ncies d\u2019opini\u00f3 i de pensament entre els membres de la comunitat. Estem arrelats a l\u2019entorn i el context i oberts a l\u2019exterior. El di\u00e0leg i la participaci\u00f3 s\u00f3n fonamentals en el funcionament de l\u2019Escola. Promovem accions per potenciar el sentiment de comunitat.<\/li>\n<li><strong>ARRELADA i OBERTA AL M\u00d3N<\/strong> &#8211; estem arrelats als trets d\u2019identitat de Catalunya i del municipi, Martorell. Amb aquesta cultura com a base, transmetem la realitat ling\u00fc\u00edstica, hist\u00f2rica, geogr\u00e0fica i sociocultural. Tenim els ulls oberts al m\u00f3n i a les realitats que ens envolten. L\u2019Escola utilitza la llengua catalana com a llengua vehicular i d\u2019aprenentatge. Potenciant-la, esdevindr\u00e0 la llengua comuna i factor de cohesi\u00f3 social de tota la comunitat.<\/li>\n<li><strong>INNOVADORA<\/strong> &#8211; som emprenedors\/es i oberts\/es als nous reptes que ens planteja la societat actual tot potenciant un aprenentatge actiu i competencial, fent \u00fas de les eines digitals.<\/li>\n<\/ul>\n<p><strong>Podeu trobar el document sencer del PEC en aquest<\/strong> <a href=\"https:\/\/drive.google.com\/file\/d\/1oH337kKEwMDmAgRh6D7uZKzSuF2gxQaq\/view?usp=sharing\"><strong>enlla\u00e7.<\/strong><\/a><\/p>\n","protected":false},"excerpt":{"rendered":"<p>L&#8217;objectiu prioritari del nostre Projecte Educatiu \u00e9s desenvolupar al m\u00e0xim les capacitats de tots i cadascun dels alumnes com a principi per l\u2019equitat i la garantia de la cohesi\u00f3 social. Els trets que ens defineixen la nostra Escola s\u00f3n els seg\u00fcents: ACTIVA i GLOBALITZADORA &#8211; situem a l\u2019infant en el centre de l\u2019aprenentatge, tot treballant [&hellip;]<\/p>\n","protected":false},"author":2,"featured_media":0,"parent":0,"menu_order":0,"comment_status":"closed","ping_status":"closed","template":"page-templates\/side-menu.php","meta":{"_bbp_topic_count":0,"_bbp_reply_count":0,"_bbp_total_topic_count":0,"_bbp_total_reply_count":0,"_bbp_voice_count":0,"_bbp_anonymous_reply_count":0,"_bbp_topic_count_hidden":0,"_bbp_reply_count_hidden":0,"_bbp_forum_subforum_count":0,"site-sidebar-layout":"default","site-content-layout":"","ast-site-content-layout":"","site-content-style":"default","site-sidebar-style":"default","ast-global-header-display":"","ast-banner-title-visibility":"","ast-main-header-display":"","ast-hfb-above-header-display":"","ast-hfb-below-header-display":"","ast-hfb-mobile-header-display":"","site-post-title":"","ast-breadcrumbs-content":"","ast-featured-img":"","footer-sml-layout":"","theme-transparent-header-meta":"","adv-header-id-meta":"","stick-header-meta":"","header-above-stick-meta":"","header-main-stick-meta":"","header-below-stick-meta":"","astra-migrate-meta-layouts":"default","ast-page-background-enabled":"default","ast-page-background-meta":{"desktop":{"background-color":"var(--ast-global-color-4)","background-image":"","background-repeat":"repeat","background-position":"center center","background-size":"auto","background-attachment":"scroll","background-type":"","background-media":"","overlay-type":"","overlay-color":"","overlay-opacity":"","overlay-gradient":""},"tablet":{"background-color":"","background-image":"","background-repeat":"repeat","background-position":"center center","background-size":"auto","background-attachment":"scroll","background-type":"","background-media":"","overlay-type":"","overlay-color":"","overlay-opacity":"","overlay-gradient":""},"mobile":{"background-color":"","background-image":"","background-repeat":"repeat","background-position":"center center","background-size":"auto","background-attachment":"scroll","background-type":"","background-media":"","overlay-type":"","overlay-color":"","overlay-opacity":"","overlay-gradient":""}},"ast-content-background-meta":{"desktop":{"background-color":"var(--ast-global-color-5)","background-image":"","background-repeat":"repeat","background-position":"center center","background-size":"auto","background-attachment":"scroll","background-type":"","background-media":"","overlay-type":"","overlay-color":"","overlay-opacity":"","overlay-gradient":""},"tablet":{"background-color":"var(--ast-global-color-5)","background-image":"","background-repeat":"repeat","background-position":"center center","background-size":"auto","background-attachment":"scroll","background-type":"","background-media":"","overlay-type":"","overlay-color":"","overlay-opacity":"","overlay-gradient":""},"mobile":{"background-color":"var(--ast-global-color-5)","background-image":"","background-repeat":"repeat","background-position":"center center","background-size":"auto","background-attachment":"scroll","background-type":"","background-media":"","overlay-type":"","overlay-color":"","overlay-opacity":"","overlay-gradient":""}},"footnotes":""},"class_list":["post-64","page","type-page","status-publish","hentry"],"post_mailing_queue_ids":[],"_links":{"self":[{"href":"https:\/\/agora.xtec.cat\/ceip-v-aleixandre\/wp-json\/wp\/v2\/pages\/64","targetHints":{"allow":["GET"]}}],"collection":[{"href":"https:\/\/agora.xtec.cat\/ceip-v-aleixandre\/wp-json\/wp\/v2\/pages"}],"about":[{"href":"https:\/\/agora.xtec.cat\/ceip-v-aleixandre\/wp-json\/wp\/v2\/types\/page"}],"author":[{"embeddable":true,"href":"https:\/\/agora.xtec.cat\/ceip-v-aleixandre\/wp-json\/wp\/v2\/users\/2"}],"replies":[{"embeddable":true,"href":"https:\/\/agora.xtec.cat\/ceip-v-aleixandre\/wp-json\/wp\/v2\/comments?post=64"}],"version-history":[{"count":7,"href":"https:\/\/agora.xtec.cat\/ceip-v-aleixandre\/wp-json\/wp\/v2\/pages\/64\/revisions"}],"predecessor-version":[{"id":4731,"href":"https:\/\/agora.xtec.cat\/ceip-v-aleixandre\/wp-json\/wp\/v2\/pages\/64\/revisions\/4731"}],"wp:attachment":[{"href":"https:\/\/agora.xtec.cat\/ceip-v-aleixandre\/wp-json\/wp\/v2\/media?parent=64"}],"curies":[{"name":"wp","href":"https:\/\/api.w.org\/{rel}","templated":true}]}}