{"id":5377,"date":"2026-02-13T09:58:25","date_gmt":"2026-02-13T08:58:25","guid":{"rendered":"https:\/\/agora.xtec.cat\/ceip-v-aleixandre\/?page_id=5377"},"modified":"2026-02-13T09:58:25","modified_gmt":"2026-02-13T08:58:25","slug":"plans-dacollida-digitals-del-centre","status":"publish","type":"page","link":"https:\/\/agora.xtec.cat\/ceip-v-aleixandre\/plans-dacollida-digitals-del-centre\/","title":{"rendered":"PLANS D\u2019ACOLLIDA DIGITALS DEL CENTRE"},"content":{"rendered":"<p style=\"text-align: justify;\" data-start=\"158\" data-end=\"268\">L\u2019escola disposa de <strong data-start=\"178\" data-end=\"207\">Plans d\u2019Acollida Digitals<\/strong> espec\u00edfics per al personal docent, les fam\u00edlies i l\u2019alumnat.<\/p>\n<ul style=\"text-align: justify;\" data-start=\"270\" data-end=\"810\">\n<li data-start=\"270\" data-end=\"455\">\n<p data-start=\"272\" data-end=\"455\"><strong data-start=\"272\" data-end=\"314\">Pla d\u2019Acollida Digital del Professorat<\/strong>: orientacions sobre les eines digitals del centre, dispositius disponibles, canals interns de comunicaci\u00f3 i entorns de treball compartits.<\/p>\n<\/li>\n<li data-start=\"456\" data-end=\"643\">\n<p data-start=\"458\" data-end=\"643\"><strong data-start=\"458\" data-end=\"500\">Pla d\u2019Acollida Digital de les Fam\u00edlies<\/strong>: informaci\u00f3 sobre les plataformes de comunicaci\u00f3, acc\u00e9s als entorns virtuals i \u00fas dels dispositius digitals vinculats a l\u2019activitat escolar.<\/p>\n<\/li>\n<li data-start=\"644\" data-end=\"810\">\n<p data-start=\"646\" data-end=\"810\"><strong data-start=\"646\" data-end=\"685\">Pla d\u2019Acollida Digital de l\u2019Alumnat<\/strong>: pautes per a la incorporaci\u00f3 progressiva als entorns i dispositius digitals del centre, aix\u00ed com criteris d\u2019\u00fas responsable.<\/p>\n<\/li>\n<\/ul>\n<p style=\"text-align: justify;\" data-start=\"812\" data-end=\"921\">Aquests documents faciliten una integraci\u00f3 digital coherent, segura i alineada amb l\u2019organitzaci\u00f3 del centre<\/p>\n<p style=\"text-align: justify;\" data-start=\"812\" data-end=\"921\">El document complet est\u00e0 disponible a l\u2019espai de mestres del web (acc\u00e9s restringit).<\/p>\n","protected":false},"excerpt":{"rendered":"<p>L\u2019escola disposa de Plans d\u2019Acollida Digitals espec\u00edfics per al personal docent, les fam\u00edlies i l\u2019alumnat. Pla d\u2019Acollida Digital del Professorat: orientacions sobre les eines digitals del centre, dispositius disponibles, canals interns de comunicaci\u00f3 i entorns de treball compartits. Pla d\u2019Acollida Digital de les Fam\u00edlies: informaci\u00f3 sobre les plataformes de comunicaci\u00f3, acc\u00e9s als entorns virtuals i [&hellip;]<\/p>\n","protected":false},"author":1,"featured_media":0,"parent":0,"menu_order":0,"comment_status":"closed","ping_status":"closed","template":"","meta":{"_bbp_topic_count":0,"_bbp_reply_count":0,"_bbp_total_topic_count":0,"_bbp_total_reply_count":0,"_bbp_voice_count":0,"_bbp_anonymous_reply_count":0,"_bbp_topic_count_hidden":0,"_bbp_reply_count_hidden":0,"_bbp_forum_subforum_count":0,"site-sidebar-layout":"default","site-content-layout":"","ast-site-content-layout":"default","site-content-style":"default","site-sidebar-style":"default","ast-global-header-display":"","ast-banner-title-visibility":"","ast-main-header-display":"","ast-hfb-above-header-display":"","ast-hfb-below-header-display":"","ast-hfb-mobile-header-display":"","site-post-title":"","ast-breadcrumbs-content":"","ast-featured-img":"","footer-sml-layout":"","theme-transparent-header-meta":"default","adv-header-id-meta":"","stick-header-meta":"","header-above-stick-meta":"","header-main-stick-meta":"","header-below-stick-meta":"","astra-migrate-meta-layouts":"set","ast-page-background-enabled":"default","ast-page-background-meta":{"desktop":{"background-color":"var(--ast-global-color-4)","background-image":"","background-repeat":"repeat","background-position":"center center","background-size":"auto","background-attachment":"scroll","background-type":"","background-media":"","overlay-type":"","overlay-color":"","overlay-opacity":"","overlay-gradient":""},"tablet":{"background-color":"","background-image":"","background-repeat":"repeat","background-position":"center center","background-size":"auto","background-attachment":"scroll","background-type":"","background-media":"","overlay-type":"","overlay-color":"","overlay-opacity":"","overlay-gradient":""},"mobile":{"background-color":"","background-image":"","background-repeat":"repeat","background-position":"center center","background-size":"auto","background-attachment":"scroll","background-type":"","background-media":"","overlay-type":"","overlay-color":"","overlay-opacity":"","overlay-gradient":""}},"ast-content-background-meta":{"desktop":{"background-color":"var(--ast-global-color-5)","background-image":"","background-repeat":"repeat","background-position":"center center","background-size":"auto","background-attachment":"scroll","background-type":"","background-media":"","overlay-type":"","overlay-color":"","overlay-opacity":"","overlay-gradient":""},"tablet":{"background-color":"var(--ast-global-color-5)","background-image":"","background-repeat":"repeat","background-position":"center center","background-size":"auto","background-attachment":"scroll","background-type":"","background-media":"","overlay-type":"","overlay-color":"","overlay-opacity":"","overlay-gradient":""},"mobile":{"background-color":"var(--ast-global-color-5)","background-image":"","background-repeat":"repeat","background-position":"center center","background-size":"auto","background-attachment":"scroll","background-type":"","background-media":"","overlay-type":"","overlay-color":"","overlay-opacity":"","overlay-gradient":""}},"footnotes":""},"class_list":["post-5377","page","type-page","status-publish","hentry"],"post_mailing_queue_ids":[],"_links":{"self":[{"href":"https:\/\/agora.xtec.cat\/ceip-v-aleixandre\/wp-json\/wp\/v2\/pages\/5377","targetHints":{"allow":["GET"]}}],"collection":[{"href":"https:\/\/agora.xtec.cat\/ceip-v-aleixandre\/wp-json\/wp\/v2\/pages"}],"about":[{"href":"https:\/\/agora.xtec.cat\/ceip-v-aleixandre\/wp-json\/wp\/v2\/types\/page"}],"author":[{"embeddable":true,"href":"https:\/\/agora.xtec.cat\/ceip-v-aleixandre\/wp-json\/wp\/v2\/users\/1"}],"replies":[{"embeddable":true,"href":"https:\/\/agora.xtec.cat\/ceip-v-aleixandre\/wp-json\/wp\/v2\/comments?post=5377"}],"version-history":[{"count":1,"href":"https:\/\/agora.xtec.cat\/ceip-v-aleixandre\/wp-json\/wp\/v2\/pages\/5377\/revisions"}],"predecessor-version":[{"id":5379,"href":"https:\/\/agora.xtec.cat\/ceip-v-aleixandre\/wp-json\/wp\/v2\/pages\/5377\/revisions\/5379"}],"wp:attachment":[{"href":"https:\/\/agora.xtec.cat\/ceip-v-aleixandre\/wp-json\/wp\/v2\/media?parent=5377"}],"curies":[{"name":"wp","href":"https:\/\/api.w.org\/{rel}","templated":true}]}}