{"id":5369,"date":"2026-02-12T14:09:13","date_gmt":"2026-02-12T13:09:13","guid":{"rendered":"https:\/\/agora.xtec.cat\/ceip-v-aleixandre\/?page_id=5369"},"modified":"2026-02-13T09:56:47","modified_gmt":"2026-02-13T08:56:47","slug":"pla-de-comunicacio","status":"publish","type":"page","link":"https:\/\/agora.xtec.cat\/ceip-v-aleixandre\/pla-de-comunicacio\/","title":{"rendered":"PLA DE COMUNICACI\u00d3"},"content":{"rendered":"<p data-start=\"508\" data-end=\"730\">L\u2019Escola Vicente Aleixandre disposa d\u2019un <strong data-start=\"549\" data-end=\"571\">Pla de comunicaci\u00f3<\/strong> que recull l\u2019organitzaci\u00f3 i els canals que utilitzem per garantir una comunicaci\u00f3 clara, eficient i coherent entre tots els membres de la comunitat educativa.<\/p>\n<p data-start=\"732\" data-end=\"758\">Aquest document estableix:<\/p>\n<ul data-start=\"760\" data-end=\"1333\">\n<li data-start=\"760\" data-end=\"838\">\n<p data-start=\"762\" data-end=\"838\">Els <strong data-start=\"766\" data-end=\"801\">objectius generals i espec\u00edfics<\/strong> de la comunicaci\u00f3 interna i externa.<\/p>\n<\/li>\n<li data-start=\"839\" data-end=\"948\">\n<p data-start=\"841\" data-end=\"948\">Els <strong data-start=\"845\" data-end=\"887\">canals de comunicaci\u00f3 amb les fam\u00edlies<\/strong> (Tokapp, reunions, agenda, circulars, tel\u00e8fon, entrevistes).<\/p>\n<\/li>\n<li data-start=\"949\" data-end=\"1054\">\n<p data-start=\"951\" data-end=\"1054\">Els mecanismes de <strong data-start=\"969\" data-end=\"992\">coordinaci\u00f3 interna<\/strong> entre equip directiu, claustre, PAS\/PAE i \u00f2rgans col\u00b7legiats.<\/p>\n<\/li>\n<li data-start=\"1055\" data-end=\"1140\">\n<p data-start=\"1057\" data-end=\"1140\">La comunicaci\u00f3 amb <strong>alumnat<\/strong>.<\/p>\n<\/li>\n<li data-start=\"1141\" data-end=\"1235\">\n<p data-start=\"1143\" data-end=\"1235\">La gesti\u00f3 de la <strong data-start=\"1159\" data-end=\"1182\">comunicaci\u00f3 externa<\/strong> a trav\u00e9s de la web, xarxes socials i mitjans locals.<\/p>\n<\/li>\n<li data-start=\"1236\" data-end=\"1333\">\n<p data-start=\"1238\" data-end=\"1333\">Els criteris de <strong data-start=\"1254\" data-end=\"1299\">protecci\u00f3 de dades i tractament d\u2019imatges<\/strong>, d\u2019acord amb la normativa vigent.<\/p>\n<\/li>\n<\/ul>\n<p data-start=\"1335\" data-end=\"1568\">El Pla t\u00e9 com a finalitat refor\u00e7ar els ponts de comunicaci\u00f3 entre escola, fam\u00edlies i entorn, millorar la transpar\u00e8ncia i consolidar una cultura comunicativa basada en el respecte, la responsabilitat i la protecci\u00f3 de dades personals.<\/p>\n<p data-start=\"1335\" data-end=\"1568\">El document complet est\u00e0 disponible a l\u2019espai de mestres del web (acc\u00e9s restringit).<\/p>\n","protected":false},"excerpt":{"rendered":"<p>L\u2019Escola Vicente Aleixandre disposa d\u2019un Pla de comunicaci\u00f3 que recull l\u2019organitzaci\u00f3 i els canals que utilitzem per garantir una comunicaci\u00f3 clara, eficient i coherent entre tots els membres de la comunitat educativa. Aquest document estableix: Els objectius generals i espec\u00edfics de la comunicaci\u00f3 interna i externa. Els canals de comunicaci\u00f3 amb les fam\u00edlies (Tokapp, reunions, [&hellip;]<\/p>\n","protected":false},"author":1,"featured_media":0,"parent":0,"menu_order":0,"comment_status":"closed","ping_status":"closed","template":"","meta":{"_bbp_topic_count":0,"_bbp_reply_count":0,"_bbp_total_topic_count":0,"_bbp_total_reply_count":0,"_bbp_voice_count":0,"_bbp_anonymous_reply_count":0,"_bbp_topic_count_hidden":0,"_bbp_reply_count_hidden":0,"_bbp_forum_subforum_count":0,"site-sidebar-layout":"default","site-content-layout":"","ast-site-content-layout":"default","site-content-style":"default","site-sidebar-style":"default","ast-global-header-display":"","ast-banner-title-visibility":"","ast-main-header-display":"","ast-hfb-above-header-display":"","ast-hfb-below-header-display":"","ast-hfb-mobile-header-display":"","site-post-title":"","ast-breadcrumbs-content":"","ast-featured-img":"","footer-sml-layout":"","theme-transparent-header-meta":"default","adv-header-id-meta":"","stick-header-meta":"","header-above-stick-meta":"","header-main-stick-meta":"","header-below-stick-meta":"","astra-migrate-meta-layouts":"set","ast-page-background-enabled":"default","ast-page-background-meta":{"desktop":{"background-color":"var(--ast-global-color-4)","background-image":"","background-repeat":"repeat","background-position":"center center","background-size":"auto","background-attachment":"scroll","background-type":"","background-media":"","overlay-type":"","overlay-color":"","overlay-opacity":"","overlay-gradient":""},"tablet":{"background-color":"","background-image":"","background-repeat":"repeat","background-position":"center center","background-size":"auto","background-attachment":"scroll","background-type":"","background-media":"","overlay-type":"","overlay-color":"","overlay-opacity":"","overlay-gradient":""},"mobile":{"background-color":"","background-image":"","background-repeat":"repeat","background-position":"center center","background-size":"auto","background-attachment":"scroll","background-type":"","background-media":"","overlay-type":"","overlay-color":"","overlay-opacity":"","overlay-gradient":""}},"ast-content-background-meta":{"desktop":{"background-color":"var(--ast-global-color-5)","background-image":"","background-repeat":"repeat","background-position":"center center","background-size":"auto","background-attachment":"scroll","background-type":"","background-media":"","overlay-type":"","overlay-color":"","overlay-opacity":"","overlay-gradient":""},"tablet":{"background-color":"var(--ast-global-color-5)","background-image":"","background-repeat":"repeat","background-position":"center center","background-size":"auto","background-attachment":"scroll","background-type":"","background-media":"","overlay-type":"","overlay-color":"","overlay-opacity":"","overlay-gradient":""},"mobile":{"background-color":"var(--ast-global-color-5)","background-image":"","background-repeat":"repeat","background-position":"center center","background-size":"auto","background-attachment":"scroll","background-type":"","background-media":"","overlay-type":"","overlay-color":"","overlay-opacity":"","overlay-gradient":""}},"footnotes":""},"class_list":["post-5369","page","type-page","status-publish","hentry"],"post_mailing_queue_ids":[],"_links":{"self":[{"href":"https:\/\/agora.xtec.cat\/ceip-v-aleixandre\/wp-json\/wp\/v2\/pages\/5369","targetHints":{"allow":["GET"]}}],"collection":[{"href":"https:\/\/agora.xtec.cat\/ceip-v-aleixandre\/wp-json\/wp\/v2\/pages"}],"about":[{"href":"https:\/\/agora.xtec.cat\/ceip-v-aleixandre\/wp-json\/wp\/v2\/types\/page"}],"author":[{"embeddable":true,"href":"https:\/\/agora.xtec.cat\/ceip-v-aleixandre\/wp-json\/wp\/v2\/users\/1"}],"replies":[{"embeddable":true,"href":"https:\/\/agora.xtec.cat\/ceip-v-aleixandre\/wp-json\/wp\/v2\/comments?post=5369"}],"version-history":[{"count":6,"href":"https:\/\/agora.xtec.cat\/ceip-v-aleixandre\/wp-json\/wp\/v2\/pages\/5369\/revisions"}],"predecessor-version":[{"id":5378,"href":"https:\/\/agora.xtec.cat\/ceip-v-aleixandre\/wp-json\/wp\/v2\/pages\/5369\/revisions\/5378"}],"wp:attachment":[{"href":"https:\/\/agora.xtec.cat\/ceip-v-aleixandre\/wp-json\/wp\/v2\/media?parent=5369"}],"curies":[{"name":"wp","href":"https:\/\/api.w.org\/{rel}","templated":true}]}}