{"id":5291,"date":"2026-01-25T20:37:57","date_gmt":"2026-01-25T19:37:57","guid":{"rendered":"https:\/\/agora.xtec.cat\/ceip-v-aleixandre\/?page_id=5291"},"modified":"2026-01-25T20:38:59","modified_gmt":"2026-01-25T19:38:59","slug":"carta-de-compromis-educatiu-ei-i-ep","status":"publish","type":"page","link":"https:\/\/agora.xtec.cat\/ceip-v-aleixandre\/carta-de-compromis-educatiu-ei-i-ep\/","title":{"rendered":"CARTA de COMPROM\u00cdS EDUCATIU (EI i EP)"},"content":{"rendered":"<p style=\"text-align: justify;\">La carta de comprom\u00eds educatiu \u00e9s un document que t\u00e9 com a finalitat potenciar la comunicaci\u00f3, la participaci\u00f3, la implicaci\u00f3, el comprom\u00eds i la corresponsabilitat entre el centres i les fam\u00edlies en l&#8217;etapa d&#8217;educaci\u00f3 infantil i d&#8217;educaci\u00f3 prim\u00e0ria.<\/p>\n<p style=\"text-align: justify;\">Per tant, la carta contribueix, entre altres, als objectius seg\u00fcents:<\/p>\n<ul style=\"text-align: justify;\">\n<li>Compartir amb les fam\u00edlies els principis i els continguts del projecte educatiu del centre i, si escau, els projectes educatius de l&#8217;entorn.<\/li>\n<li>Millorar la informaci\u00f3 i la comunicaci\u00f3 entre el centre i les fam\u00edlies.<\/li>\n<li>Facilitar a les fam\u00edlies l&#8217;exercici dels seus drets i el compliment dels deures.<\/li>\n<li>Fomentar la conviv\u00e8ncia i el bon clima escolar.<\/li>\n<li>Corresponsabilitzar el centre i la fam\u00edlia en l&#8217;\u00e8xit acad\u00e8mic, personal i social dels alumnes i tamb\u00e9 en el comprom\u00eds c\u00edvic dels infants i joves.<\/li>\n<\/ul>\n<p style=\"text-align: justify;\">Aquest document l&#8217;han de signar el pare, mare, tutor o tutora legal de l&#8217;alumne o alumna i la direcci\u00f3 del centre educatiu p\u00fablic o la persona titular del centre privat concertat en el moment de la matr\u00edcula. Us deixem aqu\u00ed l&#8217;enlla\u00e7 a la carta de <strong><a href=\"https:\/\/drive.google.com\/file\/d\/1M41ofAXjO_efANyXafFG8ONpZNdbxjen\/view?usp=drive_link\">l&#8217;etapa d&#8217;educaci\u00f3 infantil<\/a> <\/strong>i la carta de<strong> <a href=\"https:\/\/drive.google.com\/file\/d\/1UItH58Cyp94BbClpV3RXNmgyBdmlqei-\/view?usp=drive_link\">l&#8217;etapa de l&#8217;educaci\u00f3 prim\u00e0ria.\u00a0<\/a><\/strong><\/p>\n","protected":false},"excerpt":{"rendered":"<p>La carta de comprom\u00eds educatiu \u00e9s un document que t\u00e9 com a finalitat potenciar la comunicaci\u00f3, la participaci\u00f3, la implicaci\u00f3, el comprom\u00eds i la corresponsabilitat entre el centres i les fam\u00edlies en l&#8217;etapa d&#8217;educaci\u00f3 infantil i d&#8217;educaci\u00f3 prim\u00e0ria. Per tant, la carta contribueix, entre altres, als objectius seg\u00fcents: Compartir amb les fam\u00edlies els principis i [&hellip;]<\/p>\n","protected":false},"author":1,"featured_media":0,"parent":0,"menu_order":0,"comment_status":"closed","ping_status":"closed","template":"","meta":{"_bbp_topic_count":0,"_bbp_reply_count":0,"_bbp_total_topic_count":0,"_bbp_total_reply_count":0,"_bbp_voice_count":0,"_bbp_anonymous_reply_count":0,"_bbp_topic_count_hidden":0,"_bbp_reply_count_hidden":0,"_bbp_forum_subforum_count":0,"site-sidebar-layout":"default","site-content-layout":"","ast-site-content-layout":"default","site-content-style":"default","site-sidebar-style":"default","ast-global-header-display":"","ast-banner-title-visibility":"","ast-main-header-display":"","ast-hfb-above-header-display":"","ast-hfb-below-header-display":"","ast-hfb-mobile-header-display":"","site-post-title":"","ast-breadcrumbs-content":"","ast-featured-img":"","footer-sml-layout":"","theme-transparent-header-meta":"default","adv-header-id-meta":"","stick-header-meta":"","header-above-stick-meta":"","header-main-stick-meta":"","header-below-stick-meta":"","astra-migrate-meta-layouts":"set","ast-page-background-enabled":"default","ast-page-background-meta":{"desktop":{"background-color":"var(--ast-global-color-4)","background-image":"","background-repeat":"repeat","background-position":"center center","background-size":"auto","background-attachment":"scroll","background-type":"","background-media":"","overlay-type":"","overlay-color":"","overlay-opacity":"","overlay-gradient":""},"tablet":{"background-color":"","background-image":"","background-repeat":"repeat","background-position":"center center","background-size":"auto","background-attachment":"scroll","background-type":"","background-media":"","overlay-type":"","overlay-color":"","overlay-opacity":"","overlay-gradient":""},"mobile":{"background-color":"","background-image":"","background-repeat":"repeat","background-position":"center center","background-size":"auto","background-attachment":"scroll","background-type":"","background-media":"","overlay-type":"","overlay-color":"","overlay-opacity":"","overlay-gradient":""}},"ast-content-background-meta":{"desktop":{"background-color":"var(--ast-global-color-5)","background-image":"","background-repeat":"repeat","background-position":"center center","background-size":"auto","background-attachment":"scroll","background-type":"","background-media":"","overlay-type":"","overlay-color":"","overlay-opacity":"","overlay-gradient":""},"tablet":{"background-color":"var(--ast-global-color-5)","background-image":"","background-repeat":"repeat","background-position":"center center","background-size":"auto","background-attachment":"scroll","background-type":"","background-media":"","overlay-type":"","overlay-color":"","overlay-opacity":"","overlay-gradient":""},"mobile":{"background-color":"var(--ast-global-color-5)","background-image":"","background-repeat":"repeat","background-position":"center center","background-size":"auto","background-attachment":"scroll","background-type":"","background-media":"","overlay-type":"","overlay-color":"","overlay-opacity":"","overlay-gradient":""}},"footnotes":""},"class_list":["post-5291","page","type-page","status-publish","hentry"],"post_mailing_queue_ids":[],"_links":{"self":[{"href":"https:\/\/agora.xtec.cat\/ceip-v-aleixandre\/wp-json\/wp\/v2\/pages\/5291","targetHints":{"allow":["GET"]}}],"collection":[{"href":"https:\/\/agora.xtec.cat\/ceip-v-aleixandre\/wp-json\/wp\/v2\/pages"}],"about":[{"href":"https:\/\/agora.xtec.cat\/ceip-v-aleixandre\/wp-json\/wp\/v2\/types\/page"}],"author":[{"embeddable":true,"href":"https:\/\/agora.xtec.cat\/ceip-v-aleixandre\/wp-json\/wp\/v2\/users\/1"}],"replies":[{"embeddable":true,"href":"https:\/\/agora.xtec.cat\/ceip-v-aleixandre\/wp-json\/wp\/v2\/comments?post=5291"}],"version-history":[{"count":1,"href":"https:\/\/agora.xtec.cat\/ceip-v-aleixandre\/wp-json\/wp\/v2\/pages\/5291\/revisions"}],"predecessor-version":[{"id":5292,"href":"https:\/\/agora.xtec.cat\/ceip-v-aleixandre\/wp-json\/wp\/v2\/pages\/5291\/revisions\/5292"}],"wp:attachment":[{"href":"https:\/\/agora.xtec.cat\/ceip-v-aleixandre\/wp-json\/wp\/v2\/media?parent=5291"}],"curies":[{"name":"wp","href":"https:\/\/api.w.org\/{rel}","templated":true}]}}