{"id":5184,"date":"2026-01-14T16:09:07","date_gmt":"2026-01-14T15:09:07","guid":{"rendered":"https:\/\/agora.xtec.cat\/ceip-v-aleixandre\/?page_id=5184"},"modified":"2026-01-14T17:16:24","modified_gmt":"2026-01-14T16:16:24","slug":"pat-pla-daccio-tutorial","status":"publish","type":"page","link":"https:\/\/agora.xtec.cat\/ceip-v-aleixandre\/pat-pla-daccio-tutorial\/","title":{"rendered":"PAT (Pla d&#8217;acci\u00f3 tutorial)"},"content":{"rendered":"<p><strong>El Pla d&#8217;Acci\u00f3 Tutorial \u00e9s un document on es recullen totes les intervencions que els mestres del centre duent a terme amb l\u2019alumnat i les fam\u00edlies<\/strong>, tot donant rellev\u00e0ncia a la figura del tutor\/a en cada grup-classe.<br \/>\nL\u2019objectiu principal d\u2019aquest document \u00e9s <strong>donar coher\u00e8ncia a l\u2019acci\u00f3 tutorial al llarg de tota l\u2019etapa educativa, facilitant orientacions i materials als mestres i altres professionals <\/strong><strong>per dur-la a terme.<\/strong> El nostre PAT \u00e9s un document viu el qual podem modificar sempre que sigui necessari per a donar resposta a les necessitats educatives tant de l\u2019alumnat, dels mestres com de les fam\u00edlies. En aquest es recullen totes les intervencions que com claustre duren a terme al llarg de la vida escolar.<\/p>\n<p>Aquestes actuacions es concreten de la seg\u00fcent manera:<\/p>\n<p>&#8211; Actuacions en <strong>l&#8217;\u00e0mbit d&#8217;organitzaci\u00f3 de centre<\/strong> per tal d\u2019assegurar la coher\u00e8ncia de l\u2019acci\u00f3 tutorial al llarg de tota l\u2019etapa educativa.<br \/>\n&#8211; Actuacions que<strong> guiaran a les activitats pr\u00f2pies de centre.<\/strong><br \/>\n&#8211; Actuacions en <strong>l&#8217;\u00e0mbit individual amb l\u2019alumnat.<\/strong><br \/>\n&#8211; Actuacions destinades a <strong>millorar la comunicaci\u00f3 i participaci\u00f3 de les fam\u00edlies amb el centre.<\/strong><\/p>\n<p><span style=\"color: #333333;\">Podeu veure el document <a href=\"https:\/\/drive.google.com\/file\/d\/1B0eKKzdC6plLY825POqCmPmWXZ0Ijkrs\/view?usp=drive_link\"><strong>aqu\u00ed<\/strong><\/a><\/span><\/p>\n","protected":false},"excerpt":{"rendered":"<p>El Pla d&#8217;Acci\u00f3 Tutorial \u00e9s un document on es recullen totes les intervencions que els mestres del centre duent a terme amb l\u2019alumnat i les fam\u00edlies, tot donant rellev\u00e0ncia a la figura del tutor\/a en cada grup-classe. L\u2019objectiu principal d\u2019aquest document \u00e9s donar coher\u00e8ncia a l\u2019acci\u00f3 tutorial al llarg de tota l\u2019etapa educativa, facilitant orientacions [&hellip;]<\/p>\n","protected":false},"author":1,"featured_media":0,"parent":0,"menu_order":0,"comment_status":"closed","ping_status":"closed","template":"","meta":{"_bbp_topic_count":0,"_bbp_reply_count":0,"_bbp_total_topic_count":0,"_bbp_total_reply_count":0,"_bbp_voice_count":0,"_bbp_anonymous_reply_count":0,"_bbp_topic_count_hidden":0,"_bbp_reply_count_hidden":0,"_bbp_forum_subforum_count":0,"site-sidebar-layout":"default","site-content-layout":"","ast-site-content-layout":"default","site-content-style":"default","site-sidebar-style":"default","ast-global-header-display":"","ast-banner-title-visibility":"","ast-main-header-display":"","ast-hfb-above-header-display":"","ast-hfb-below-header-display":"","ast-hfb-mobile-header-display":"","site-post-title":"","ast-breadcrumbs-content":"","ast-featured-img":"","footer-sml-layout":"","theme-transparent-header-meta":"default","adv-header-id-meta":"","stick-header-meta":"","header-above-stick-meta":"","header-main-stick-meta":"","header-below-stick-meta":"","astra-migrate-meta-layouts":"set","ast-page-background-enabled":"default","ast-page-background-meta":{"desktop":{"background-color":"var(--ast-global-color-4)","background-image":"","background-repeat":"repeat","background-position":"center center","background-size":"auto","background-attachment":"scroll","background-type":"","background-media":"","overlay-type":"","overlay-color":"","overlay-opacity":"","overlay-gradient":""},"tablet":{"background-color":"","background-image":"","background-repeat":"repeat","background-position":"center center","background-size":"auto","background-attachment":"scroll","background-type":"","background-media":"","overlay-type":"","overlay-color":"","overlay-opacity":"","overlay-gradient":""},"mobile":{"background-color":"","background-image":"","background-repeat":"repeat","background-position":"center center","background-size":"auto","background-attachment":"scroll","background-type":"","background-media":"","overlay-type":"","overlay-color":"","overlay-opacity":"","overlay-gradient":""}},"ast-content-background-meta":{"desktop":{"background-color":"var(--ast-global-color-5)","background-image":"","background-repeat":"repeat","background-position":"center center","background-size":"auto","background-attachment":"scroll","background-type":"","background-media":"","overlay-type":"","overlay-color":"","overlay-opacity":"","overlay-gradient":""},"tablet":{"background-color":"var(--ast-global-color-5)","background-image":"","background-repeat":"repeat","background-position":"center center","background-size":"auto","background-attachment":"scroll","background-type":"","background-media":"","overlay-type":"","overlay-color":"","overlay-opacity":"","overlay-gradient":""},"mobile":{"background-color":"var(--ast-global-color-5)","background-image":"","background-repeat":"repeat","background-position":"center center","background-size":"auto","background-attachment":"scroll","background-type":"","background-media":"","overlay-type":"","overlay-color":"","overlay-opacity":"","overlay-gradient":""}},"footnotes":""},"class_list":["post-5184","page","type-page","status-publish","hentry"],"post_mailing_queue_ids":[],"_links":{"self":[{"href":"https:\/\/agora.xtec.cat\/ceip-v-aleixandre\/wp-json\/wp\/v2\/pages\/5184","targetHints":{"allow":["GET"]}}],"collection":[{"href":"https:\/\/agora.xtec.cat\/ceip-v-aleixandre\/wp-json\/wp\/v2\/pages"}],"about":[{"href":"https:\/\/agora.xtec.cat\/ceip-v-aleixandre\/wp-json\/wp\/v2\/types\/page"}],"author":[{"embeddable":true,"href":"https:\/\/agora.xtec.cat\/ceip-v-aleixandre\/wp-json\/wp\/v2\/users\/1"}],"replies":[{"embeddable":true,"href":"https:\/\/agora.xtec.cat\/ceip-v-aleixandre\/wp-json\/wp\/v2\/comments?post=5184"}],"version-history":[{"count":3,"href":"https:\/\/agora.xtec.cat\/ceip-v-aleixandre\/wp-json\/wp\/v2\/pages\/5184\/revisions"}],"predecessor-version":[{"id":5213,"href":"https:\/\/agora.xtec.cat\/ceip-v-aleixandre\/wp-json\/wp\/v2\/pages\/5184\/revisions\/5213"}],"wp:attachment":[{"href":"https:\/\/agora.xtec.cat\/ceip-v-aleixandre\/wp-json\/wp\/v2\/media?parent=5184"}],"curies":[{"name":"wp","href":"https:\/\/api.w.org\/{rel}","templated":true}]}}