{"id":4516,"date":"2024-02-15T16:27:14","date_gmt":"2024-02-15T15:27:14","guid":{"rendered":"https:\/\/agora.xtec.cat\/ceip-v-aleixandre\/?page_id=4516"},"modified":"2025-01-16T09:32:51","modified_gmt":"2025-01-16T08:32:51","slug":"lenfocament-pedagogic-del-centre","status":"publish","type":"page","link":"https:\/\/agora.xtec.cat\/ceip-v-aleixandre\/projecte-educatiu\/lenfocament-pedagogic-del-centre\/","title":{"rendered":"L\u2019ENFOCAMENT PEDAG\u00d2GIC DEL CENTRE"},"content":{"rendered":"<p>L\u2019enfocament pedag\u00f2gic del nostre centre d\u00f3na\u00a0<b>un gran protagonisme als infants com a motor i centre de l\u2019aprenentatge,<\/b> tenint en compte els decrets curriculars de l\u2019etapa d\u2019educaci\u00f3 infantil i d\u2019educaci\u00f3 b\u00e0sica (prim\u00e0ria) pautats pel Departament d\u2019Educaci\u00f3 i Formaci\u00f3 Professional.<\/p>\n<p>Volem que l\u2019alumnat quan finalitzi l\u2019escolaritzaci\u00f3 al nostre centre educatiu mostri un domini de les compet\u00e8ncies necess\u00e0ries per enfrontar-se a la realitat i a la vida social, <strong>f<\/strong><b>omentant la funcionalitat de l\u2019aprenentatge, <\/b>que es caracteritza per ser valu\u00f3s, funcional, productiu i aut\u00e8ntic, de manera que all\u00f2 que s\u2019apr\u00e8n es pot utilitzar en entorns diversos, perdura al llarg del temps i permet resoldre problemes en tota mena de contextos.<\/p>\n<p><b>Apliquem una pedagogia activa, viva<\/b>, basada en l\u2019aprenentatge significatiu, tot fomentant l\u2019esperit cr\u00edtic i cient\u00edfic, el benestar emocional, la gesti\u00f3 positiva dels conflictes i la capacitat de decisi\u00f3.<\/p>\n","protected":false},"excerpt":{"rendered":"<p>L\u2019enfocament pedag\u00f2gic del nostre centre d\u00f3na\u00a0un gran protagonisme als infants com a motor i centre de l\u2019aprenentatge, tenint en compte els decrets curriculars de l\u2019etapa d\u2019educaci\u00f3 infantil i d\u2019educaci\u00f3 b\u00e0sica (prim\u00e0ria) pautats pel Departament d\u2019Educaci\u00f3 i Formaci\u00f3 Professional. Volem que l\u2019alumnat quan finalitzi l\u2019escolaritzaci\u00f3 al nostre centre educatiu mostri un domini de les compet\u00e8ncies necess\u00e0ries [&hellip;]<\/p>\n","protected":false},"author":1,"featured_media":0,"parent":64,"menu_order":0,"comment_status":"closed","ping_status":"closed","template":"page-templates\/side-menu.php","meta":{"_bbp_topic_count":0,"_bbp_reply_count":0,"_bbp_total_topic_count":0,"_bbp_total_reply_count":0,"_bbp_voice_count":0,"_bbp_anonymous_reply_count":0,"_bbp_topic_count_hidden":0,"_bbp_reply_count_hidden":0,"_bbp_forum_subforum_count":0,"site-sidebar-layout":"default","site-content-layout":"","ast-site-content-layout":"","site-content-style":"default","site-sidebar-style":"default","ast-global-header-display":"","ast-banner-title-visibility":"","ast-main-header-display":"","ast-hfb-above-header-display":"","ast-hfb-below-header-display":"","ast-hfb-mobile-header-display":"","site-post-title":"","ast-breadcrumbs-content":"","ast-featured-img":"","footer-sml-layout":"","theme-transparent-header-meta":"","adv-header-id-meta":"","stick-header-meta":"","header-above-stick-meta":"","header-main-stick-meta":"","header-below-stick-meta":"","astra-migrate-meta-layouts":"default","ast-page-background-enabled":"default","ast-page-background-meta":{"desktop":{"background-color":"var(--ast-global-color-4)","background-image":"","background-repeat":"repeat","background-position":"center center","background-size":"auto","background-attachment":"scroll","background-type":"","background-media":"","overlay-type":"","overlay-color":"","overlay-opacity":"","overlay-gradient":""},"tablet":{"background-color":"","background-image":"","background-repeat":"repeat","background-position":"center center","background-size":"auto","background-attachment":"scroll","background-type":"","background-media":"","overlay-type":"","overlay-color":"","overlay-opacity":"","overlay-gradient":""},"mobile":{"background-color":"","background-image":"","background-repeat":"repeat","background-position":"center center","background-size":"auto","background-attachment":"scroll","background-type":"","background-media":"","overlay-type":"","overlay-color":"","overlay-opacity":"","overlay-gradient":""}},"ast-content-background-meta":{"desktop":{"background-color":"var(--ast-global-color-5)","background-image":"","background-repeat":"repeat","background-position":"center center","background-size":"auto","background-attachment":"scroll","background-type":"","background-media":"","overlay-type":"","overlay-color":"","overlay-opacity":"","overlay-gradient":""},"tablet":{"background-color":"var(--ast-global-color-5)","background-image":"","background-repeat":"repeat","background-position":"center center","background-size":"auto","background-attachment":"scroll","background-type":"","background-media":"","overlay-type":"","overlay-color":"","overlay-opacity":"","overlay-gradient":""},"mobile":{"background-color":"var(--ast-global-color-5)","background-image":"","background-repeat":"repeat","background-position":"center center","background-size":"auto","background-attachment":"scroll","background-type":"","background-media":"","overlay-type":"","overlay-color":"","overlay-opacity":"","overlay-gradient":""}},"footnotes":""},"class_list":["post-4516","page","type-page","status-publish","hentry"],"post_mailing_queue_ids":[],"_links":{"self":[{"href":"https:\/\/agora.xtec.cat\/ceip-v-aleixandre\/wp-json\/wp\/v2\/pages\/4516","targetHints":{"allow":["GET"]}}],"collection":[{"href":"https:\/\/agora.xtec.cat\/ceip-v-aleixandre\/wp-json\/wp\/v2\/pages"}],"about":[{"href":"https:\/\/agora.xtec.cat\/ceip-v-aleixandre\/wp-json\/wp\/v2\/types\/page"}],"author":[{"embeddable":true,"href":"https:\/\/agora.xtec.cat\/ceip-v-aleixandre\/wp-json\/wp\/v2\/users\/1"}],"replies":[{"embeddable":true,"href":"https:\/\/agora.xtec.cat\/ceip-v-aleixandre\/wp-json\/wp\/v2\/comments?post=4516"}],"version-history":[{"count":2,"href":"https:\/\/agora.xtec.cat\/ceip-v-aleixandre\/wp-json\/wp\/v2\/pages\/4516\/revisions"}],"predecessor-version":[{"id":4767,"href":"https:\/\/agora.xtec.cat\/ceip-v-aleixandre\/wp-json\/wp\/v2\/pages\/4516\/revisions\/4767"}],"up":[{"embeddable":true,"href":"https:\/\/agora.xtec.cat\/ceip-v-aleixandre\/wp-json\/wp\/v2\/pages\/64"}],"wp:attachment":[{"href":"https:\/\/agora.xtec.cat\/ceip-v-aleixandre\/wp-json\/wp\/v2\/media?parent=4516"}],"curies":[{"name":"wp","href":"https:\/\/api.w.org\/{rel}","templated":true}]}}