{"id":4506,"date":"2024-02-15T16:05:44","date_gmt":"2024-02-15T15:05:44","guid":{"rendered":"https:\/\/agora.xtec.cat\/ceip-v-aleixandre\/?page_id=4506"},"modified":"2026-02-13T16:28:38","modified_gmt":"2026-02-13T15:28:38","slug":"rotllanes-assemblees-i-educacio-emocional","status":"publish","type":"page","link":"https:\/\/agora.xtec.cat\/ceip-v-aleixandre\/projecte-educatiu\/rotllanes-assemblees-i-educacio-emocional\/","title":{"rendered":"Rotllanes, Assemblees i Educaci\u00f3 Emocional"},"content":{"rendered":"<p style=\"text-align: justify;\"><b>A l\u2019etapa d\u2019Educaci\u00f3 Infantil les rutines s\u00f3n situacions d\u2019aprenentatge que els nens\/es realitzen di\u00e0riament<\/b><span style=\"font-weight: 400;\">. En aquestes edats \u00e9s b\u00e0sic respectar els principis del desenvolupament cognitiu i sociocultural, mantenint una organitzaci\u00f3 del temps tan natural com sigui possible, sense for\u00e7ar el ritme de l\u2019activitat i mantenint determinades constants temporals. Aquestes constants estan marcades per les rutines di\u00e0ries que a l\u2019escola es converteixen en situacions definides i sistem\u00e0tiques que s\u2019aniran donant regularment al llarg de la jornada a l\u2019Escola.<\/span><\/p>\n<p style=\"text-align: justify;\"><span style=\"font-weight: 400;\">Aquestes rutines s\u00f3n les activitats d\u2019entrada i comiat on es vol crear un clima agradable i de confian\u00e7a. A l\u2019inici del dia a l\u2019educaci\u00f3 infantil es duu a terme una entrada tranquil\u00b7la (de 9 a 9.30\u202fh) on els nens\/es es troben amb els seus companys\/es i amb el\/la seu\/va tutor\/a per comen\u00e7ar l\u2019estona de trobada de grup (rotllana, rutines i h\u00e0bits d\u2019inici del dia).\u00a0<\/span><\/p>\n<p style=\"text-align: justify;\"><span style=\"font-weight: 400;\">Les rutines sempre es fan a la rotllana, <\/span><b>\u00e9s un espai fonamental a les aules d\u2019infantil. Es tracta d\u2019un espai de l\u2019aula que constitueix una zona de reuni\u00f3 entre la mestra i els infants situats al centre de l\u2019aula utilitzant una catifa i unes din\u00e0miques que estan especificades al document d\u2019organitzaci\u00f3 del cicle de petits<\/b><span style=\"font-weight: 400;\">. Aqu\u00ed \u00e9s on els infants expressen sentiments i viv\u00e8ncies, treballen les rutines di\u00e0ries i duen a terme activitats col\u00b7lectives. \u00c9s en aquest espai on s\u2019estructurar\u00e0 la resta activitats que s\u2019aniran fent al llarg del dia.\u00a0<\/span><\/p>\n<p style=\"text-align: justify;\"><span style=\"font-weight: 400;\">Aquesta rotllana evoluciona cap a l\u2019educaci\u00f3 prim\u00e0ria en assemblees d\u2019aula, que ens ajudar\u00e0 a canalitzar les inquietuds de l\u2019alumnat de prim\u00e0ria. Aquest ser\u00e0 un dels moments en qu\u00e8 l\u2019alumnat disposar\u00e0 d\u2019un espai on podr\u00e0 exposar la seva opini\u00f3 i dialogar entre ells\/es, tot <\/span><b>fent propostes de millora, tant pel grup com per l\u2019Escola, suggeriments i arribar aix\u00ed a acords de grup-classe.<\/b><\/p>\n<p style=\"text-align: justify;\"><span style=\"font-weight: 400;\">Per aconseguir que un infant creixi, en tota la dimensi\u00f3 de la paraula, no n\u2019hi ha prou amb l\u2019adquisici\u00f3 d\u2019aprenentatges. <\/span><b>L\u2019educaci\u00f3 \u00e9s un proc\u00e9s d\u2019aprenentatge per a la vida i les emocions s\u00f3n molt importants i cal que les tinguem en compte.\u00a0<\/b><\/p>\n<p style=\"text-align: justify;\"><span style=\"font-weight: 400;\">L\u2019educaci\u00f3 emocional afecta el desenvolupament dels infants, ja que afavoreix l\u2019autoconeixement, predisposa a actituds positives, millora les relacions, incentiva la motivaci\u00f3 i afavoreix el seu creixement de manera integral. Com a mestres \u00e9s important que acompanyem a l\u2019alumnat a anar adquirint una bona intel\u00b7lig\u00e8ncia emocional perqu\u00e8 siguin infants competents emocionalment capa\u00e7os d\u2019afrontar-se als reptes de la vida.<\/span><\/p>\n<p>Podeu veure una mostra en aquest <strong>v\u00eddeo:<\/strong><\/p>\n<div style=\"position: relative; width: 100%; height: 0; padding-top: 56.2500%; padding-bottom: 0; box-shadow: 0 2px 8px 0 rgba(63,69,81,0.16); margin-top: 1.6em; margin-bottom: 0.9em; overflow: hidden; border-radius: 8px; will-change: transform;\"><iframe style=\"position: absolute; width: 100%; height: 100%; top: 0; left: 0; border: none; padding: 0; margin: 0;\" src=\"https:\/\/www.canva.com\/design\/DAF9ifY5kHY\/ls4lZWF91Y6Jgr4RT9lUsw\/watch?embed\" allowfullscreen=\"allowfullscreen\"><br \/>\n<\/iframe><\/div>\n","protected":false},"excerpt":{"rendered":"<p>A l\u2019etapa d\u2019Educaci\u00f3 Infantil les rutines s\u00f3n situacions d\u2019aprenentatge que els nens\/es realitzen di\u00e0riament. En aquestes edats \u00e9s b\u00e0sic respectar els principis del desenvolupament cognitiu i sociocultural, mantenint una organitzaci\u00f3 del temps tan natural com sigui possible, sense for\u00e7ar el ritme de l\u2019activitat i mantenint determinades constants temporals. Aquestes constants estan marcades per les rutines [&hellip;]<\/p>\n","protected":false},"author":1,"featured_media":0,"parent":64,"menu_order":0,"comment_status":"closed","ping_status":"closed","template":"","meta":{"_bbp_topic_count":0,"_bbp_reply_count":0,"_bbp_total_topic_count":0,"_bbp_total_reply_count":0,"_bbp_voice_count":0,"_bbp_anonymous_reply_count":0,"_bbp_topic_count_hidden":0,"_bbp_reply_count_hidden":0,"_bbp_forum_subforum_count":0,"site-sidebar-layout":"default","site-content-layout":"","ast-site-content-layout":"default","site-content-style":"default","site-sidebar-style":"default","ast-global-header-display":"","ast-banner-title-visibility":"","ast-main-header-display":"","ast-hfb-above-header-display":"","ast-hfb-below-header-display":"","ast-hfb-mobile-header-display":"","site-post-title":"","ast-breadcrumbs-content":"","ast-featured-img":"","footer-sml-layout":"","theme-transparent-header-meta":"default","adv-header-id-meta":"","stick-header-meta":"","header-above-stick-meta":"","header-main-stick-meta":"","header-below-stick-meta":"","astra-migrate-meta-layouts":"set","ast-page-background-enabled":"default","ast-page-background-meta":{"desktop":{"background-color":"var(--ast-global-color-4)","background-image":"","background-repeat":"repeat","background-position":"center center","background-size":"auto","background-attachment":"scroll","background-type":"","background-media":"","overlay-type":"","overlay-color":"","overlay-opacity":"","overlay-gradient":""},"tablet":{"background-color":"","background-image":"","background-repeat":"repeat","background-position":"center center","background-size":"auto","background-attachment":"scroll","background-type":"","background-media":"","overlay-type":"","overlay-color":"","overlay-opacity":"","overlay-gradient":""},"mobile":{"background-color":"","background-image":"","background-repeat":"repeat","background-position":"center center","background-size":"auto","background-attachment":"scroll","background-type":"","background-media":"","overlay-type":"","overlay-color":"","overlay-opacity":"","overlay-gradient":""}},"ast-content-background-meta":{"desktop":{"background-color":"var(--ast-global-color-5)","background-image":"","background-repeat":"repeat","background-position":"center center","background-size":"auto","background-attachment":"scroll","background-type":"","background-media":"","overlay-type":"","overlay-color":"","overlay-opacity":"","overlay-gradient":""},"tablet":{"background-color":"var(--ast-global-color-5)","background-image":"","background-repeat":"repeat","background-position":"center center","background-size":"auto","background-attachment":"scroll","background-type":"","background-media":"","overlay-type":"","overlay-color":"","overlay-opacity":"","overlay-gradient":""},"mobile":{"background-color":"var(--ast-global-color-5)","background-image":"","background-repeat":"repeat","background-position":"center center","background-size":"auto","background-attachment":"scroll","background-type":"","background-media":"","overlay-type":"","overlay-color":"","overlay-opacity":"","overlay-gradient":""}},"footnotes":""},"class_list":["post-4506","page","type-page","status-publish","hentry"],"post_mailing_queue_ids":[],"_links":{"self":[{"href":"https:\/\/agora.xtec.cat\/ceip-v-aleixandre\/wp-json\/wp\/v2\/pages\/4506","targetHints":{"allow":["GET"]}}],"collection":[{"href":"https:\/\/agora.xtec.cat\/ceip-v-aleixandre\/wp-json\/wp\/v2\/pages"}],"about":[{"href":"https:\/\/agora.xtec.cat\/ceip-v-aleixandre\/wp-json\/wp\/v2\/types\/page"}],"author":[{"embeddable":true,"href":"https:\/\/agora.xtec.cat\/ceip-v-aleixandre\/wp-json\/wp\/v2\/users\/1"}],"replies":[{"embeddable":true,"href":"https:\/\/agora.xtec.cat\/ceip-v-aleixandre\/wp-json\/wp\/v2\/comments?post=4506"}],"version-history":[{"count":4,"href":"https:\/\/agora.xtec.cat\/ceip-v-aleixandre\/wp-json\/wp\/v2\/pages\/4506\/revisions"}],"predecessor-version":[{"id":5406,"href":"https:\/\/agora.xtec.cat\/ceip-v-aleixandre\/wp-json\/wp\/v2\/pages\/4506\/revisions\/5406"}],"up":[{"embeddable":true,"href":"https:\/\/agora.xtec.cat\/ceip-v-aleixandre\/wp-json\/wp\/v2\/pages\/64"}],"wp:attachment":[{"href":"https:\/\/agora.xtec.cat\/ceip-v-aleixandre\/wp-json\/wp\/v2\/media?parent=4506"}],"curies":[{"name":"wp","href":"https:\/\/api.w.org\/{rel}","templated":true}]}}