{"id":4498,"date":"2024-02-15T15:59:22","date_gmt":"2024-02-15T14:59:22","guid":{"rendered":"https:\/\/agora.xtec.cat\/ceip-v-aleixandre\/?page_id=4498"},"modified":"2026-02-13T16:33:22","modified_gmt":"2026-02-13T15:33:22","slug":"espais-daprenentatge-al-cicle-de-mitjans","status":"publish","type":"page","link":"https:\/\/agora.xtec.cat\/ceip-v-aleixandre\/projecte-educatiu\/espais-daprenentatge-al-cicle-de-mitjans\/","title":{"rendered":"Espais d\u2019aprenentatge al cicle de mitjans"},"content":{"rendered":"<p style=\"text-align: justify;\"><span style=\"font-weight: 400;\">Els espais d\u2019aprenentatge<\/span><b> s\u00f3n contextos globalitzadors de car\u00e0cter transversal<\/b><span style=\"font-weight: 400;\">\u00a0on els infants del cicle de mitjans, en grups redu\u00efts, heterogenis i de diferents edat, <strong>t<\/strong><\/span><b>enen diferents propostes vivencials creades i dissenyades per l\u2019equip docent.\u00a0<\/b><\/p>\n<p style=\"text-align: justify;\"><span style=\"font-weight: 400;\">Aquesta metodologia convida als nens i a les nenes a participar activament en la construcci\u00f3 del seu propi aprenentatge, facilitant i potenciant un aprenentatge entre iguals, la descoberta de nous interessos i el respecte a la diversitat.<\/span><\/p>\n<p style=\"text-align: justify;\"><span style=\"font-weight: 400;\">Dins de cada espai hi trobem cinc espais amb les seves propostes: <strong>construccions, visualitzaci\u00f3, joc simb\u00f2lic, experimentaci\u00f3 i creaci\u00f3.\u00a0<\/strong><\/span><\/p>\n<p style=\"text-align: justify;\"><span style=\"font-weight: 400;\">En aquests espais l\u2019infant \u00e9s el protagonista i constructor del seu propi aprenentatge. El paper dels mestres es basa fonamentalment a organitzar i afavorir aquest aprenentatge, tot fent acompanyament a l\u2019alumnat. Mitjan\u00e7ant aquesta orientaci\u00f3 pedag\u00f2gica volem que l\u2019alumnat participi d\u2019una manera m\u00e9s <\/span><b>activa, constructiva i creativa del seu aprenentatge escolar i del seu creixement com a persona.<\/b><\/p>\n<p>Podeu veure una mostra dels espais d&#8217;aprenentatge en aquest <strong>v\u00eddeo:<\/strong><\/p>\n<div style=\"position: relative; width: 100%; height: 0; padding-top: 56.2500%; padding-bottom: 0; box-shadow: 0 2px 8px 0 rgba(63,69,81,0.16); margin-top: 1.6em; margin-bottom: 0.9em; overflow: hidden; border-radius: 8px; will-change: transform;\"><iframe style=\"position: absolute; width: 100%; height: 100%; top: 0; left: 0; border: none; padding: 0; margin: 0;\" src=\"https:\/\/www.canva.com\/design\/DAF9b-eYXeY\/4mIBesPTCOAWoI9oVQj9cA\/watch?embed\" allowfullscreen=\"allowfullscreen\"><br \/>\n<\/iframe><\/div>\n<p>&nbsp;<\/p>\n","protected":false},"excerpt":{"rendered":"<p>Els espais d\u2019aprenentatge s\u00f3n contextos globalitzadors de car\u00e0cter transversal\u00a0on els infants del cicle de mitjans, en grups redu\u00efts, heterogenis i de diferents edat, tenen diferents propostes vivencials creades i dissenyades per l\u2019equip docent.\u00a0 Aquesta metodologia convida als nens i a les nenes a participar activament en la construcci\u00f3 del seu propi aprenentatge, facilitant i potenciant [&hellip;]<\/p>\n","protected":false},"author":1,"featured_media":0,"parent":64,"menu_order":0,"comment_status":"closed","ping_status":"closed","template":"","meta":{"_bbp_topic_count":0,"_bbp_reply_count":0,"_bbp_total_topic_count":0,"_bbp_total_reply_count":0,"_bbp_voice_count":0,"_bbp_anonymous_reply_count":0,"_bbp_topic_count_hidden":0,"_bbp_reply_count_hidden":0,"_bbp_forum_subforum_count":0,"site-sidebar-layout":"default","site-content-layout":"","ast-site-content-layout":"default","site-content-style":"default","site-sidebar-style":"default","ast-global-header-display":"","ast-banner-title-visibility":"","ast-main-header-display":"","ast-hfb-above-header-display":"","ast-hfb-below-header-display":"","ast-hfb-mobile-header-display":"","site-post-title":"","ast-breadcrumbs-content":"","ast-featured-img":"","footer-sml-layout":"","theme-transparent-header-meta":"default","adv-header-id-meta":"","stick-header-meta":"","header-above-stick-meta":"","header-main-stick-meta":"","header-below-stick-meta":"","astra-migrate-meta-layouts":"set","ast-page-background-enabled":"default","ast-page-background-meta":{"desktop":{"background-color":"var(--ast-global-color-4)","background-image":"","background-repeat":"repeat","background-position":"center center","background-size":"auto","background-attachment":"scroll","background-type":"","background-media":"","overlay-type":"","overlay-color":"","overlay-opacity":"","overlay-gradient":""},"tablet":{"background-color":"","background-image":"","background-repeat":"repeat","background-position":"center center","background-size":"auto","background-attachment":"scroll","background-type":"","background-media":"","overlay-type":"","overlay-color":"","overlay-opacity":"","overlay-gradient":""},"mobile":{"background-color":"","background-image":"","background-repeat":"repeat","background-position":"center center","background-size":"auto","background-attachment":"scroll","background-type":"","background-media":"","overlay-type":"","overlay-color":"","overlay-opacity":"","overlay-gradient":""}},"ast-content-background-meta":{"desktop":{"background-color":"var(--ast-global-color-5)","background-image":"","background-repeat":"repeat","background-position":"center center","background-size":"auto","background-attachment":"scroll","background-type":"","background-media":"","overlay-type":"","overlay-color":"","overlay-opacity":"","overlay-gradient":""},"tablet":{"background-color":"var(--ast-global-color-5)","background-image":"","background-repeat":"repeat","background-position":"center center","background-size":"auto","background-attachment":"scroll","background-type":"","background-media":"","overlay-type":"","overlay-color":"","overlay-opacity":"","overlay-gradient":""},"mobile":{"background-color":"var(--ast-global-color-5)","background-image":"","background-repeat":"repeat","background-position":"center center","background-size":"auto","background-attachment":"scroll","background-type":"","background-media":"","overlay-type":"","overlay-color":"","overlay-opacity":"","overlay-gradient":""}},"footnotes":""},"class_list":["post-4498","page","type-page","status-publish","hentry"],"post_mailing_queue_ids":[],"_links":{"self":[{"href":"https:\/\/agora.xtec.cat\/ceip-v-aleixandre\/wp-json\/wp\/v2\/pages\/4498","targetHints":{"allow":["GET"]}}],"collection":[{"href":"https:\/\/agora.xtec.cat\/ceip-v-aleixandre\/wp-json\/wp\/v2\/pages"}],"about":[{"href":"https:\/\/agora.xtec.cat\/ceip-v-aleixandre\/wp-json\/wp\/v2\/types\/page"}],"author":[{"embeddable":true,"href":"https:\/\/agora.xtec.cat\/ceip-v-aleixandre\/wp-json\/wp\/v2\/users\/1"}],"replies":[{"embeddable":true,"href":"https:\/\/agora.xtec.cat\/ceip-v-aleixandre\/wp-json\/wp\/v2\/comments?post=4498"}],"version-history":[{"count":6,"href":"https:\/\/agora.xtec.cat\/ceip-v-aleixandre\/wp-json\/wp\/v2\/pages\/4498\/revisions"}],"predecessor-version":[{"id":5411,"href":"https:\/\/agora.xtec.cat\/ceip-v-aleixandre\/wp-json\/wp\/v2\/pages\/4498\/revisions\/5411"}],"up":[{"embeddable":true,"href":"https:\/\/agora.xtec.cat\/ceip-v-aleixandre\/wp-json\/wp\/v2\/pages\/64"}],"wp:attachment":[{"href":"https:\/\/agora.xtec.cat\/ceip-v-aleixandre\/wp-json\/wp\/v2\/media?parent=4498"}],"curies":[{"name":"wp","href":"https:\/\/api.w.org\/{rel}","templated":true}]}}