{"id":4478,"date":"2024-02-15T15:39:23","date_gmt":"2024-02-15T14:39:23","guid":{"rendered":"https:\/\/agora.xtec.cat\/ceip-v-aleixandre\/?page_id=4478"},"modified":"2026-02-13T16:30:52","modified_gmt":"2026-02-13T15:30:52","slug":"treball-sistematic-del-llenguatge","status":"publish","type":"page","link":"https:\/\/agora.xtec.cat\/ceip-v-aleixandre\/projecte-educatiu\/treball-sistematic-del-llenguatge\/","title":{"rendered":"Situacions d&#8217;aprenentatge"},"content":{"rendered":"<p><span style=\"font-weight: 400;\">Les situacions d\u2019aprenentatge tenen <\/span><b>com a base un enfocament globalitzador i transversal, <\/b>p<span style=\"font-weight: 400;\">romouen en l\u2019alumnat la construcci\u00f3 de coneixement amb sentit, sempre a partir de la incorporaci\u00f3 de nova informaci\u00f3 i mitjan\u00e7ant la comprensi\u00f3 de la situaci\u00f3 estudiada.\u00a0<\/span><\/p>\n<p><b>Les situacions tenen un paper essencial en l\u2019assoliment de les compet\u00e8ncies espec\u00edfiques corresponents<\/b><span style=\"font-weight: 400;\">, perqu\u00e8 construeixen el marc en qu\u00e8 es desenvolupen els aprenentatges i es produeix la s\u00edntesi del desenvolupament de les capacitats subjacents a les compet\u00e8ncies clau i dels diferents sabers de les \u00e0rees que hi estan relacionades.\u00a0<\/span><\/p>\n<p><b>L\u2019infant en tot moment t\u00e9 una posici\u00f3 activa respecte del seu propi aprenentatge<\/b><span style=\"font-weight: 400;\">, per la qual cosa caldr\u00e0 desplegar una varietat de recursos metodol\u00f2gics que van des de les metodologies de la indagaci\u00f3, passant per la construcci\u00f3 col\u00b7lectiva del coneixement i el desenvolupament d\u2019entorns personals d\u2019aprenentatge.\u00a0<\/span><\/p>\n<p>Podeu veure una mostra en aquest <strong>v\u00eddeo:<\/strong><\/p>\n<div style=\"position: relative; width: 100%; height: 0; padding-top: 56.2500%; padding-bottom: 0; box-shadow: 0 2px 8px 0 rgba(63,69,81,0.16); margin-top: 1.6em; margin-bottom: 0.9em; overflow: hidden; border-radius: 8px; will-change: transform;\"><iframe style=\"position: absolute; width: 100%; height: 100%; top: 0; left: 0; border: none; padding: 0; margin: 0;\" src=\"https:\/\/www.canva.com\/design\/DAF9bwTEBWI\/X3X3oAkkd6XrIhXeOO0WMg\/watch?embed\" allowfullscreen=\"allowfullscreen\"><br \/>\n<\/iframe><\/div>\n<p>&nbsp;<\/p>\n","protected":false},"excerpt":{"rendered":"<p>Les situacions d\u2019aprenentatge tenen com a base un enfocament globalitzador i transversal, promouen en l\u2019alumnat la construcci\u00f3 de coneixement amb sentit, sempre a partir de la incorporaci\u00f3 de nova informaci\u00f3 i mitjan\u00e7ant la comprensi\u00f3 de la situaci\u00f3 estudiada.\u00a0 Les situacions tenen un paper essencial en l\u2019assoliment de les compet\u00e8ncies espec\u00edfiques corresponents, perqu\u00e8 construeixen el marc [&hellip;]<\/p>\n","protected":false},"author":1,"featured_media":0,"parent":64,"menu_order":0,"comment_status":"closed","ping_status":"closed","template":"","meta":{"_bbp_topic_count":0,"_bbp_reply_count":0,"_bbp_total_topic_count":0,"_bbp_total_reply_count":0,"_bbp_voice_count":0,"_bbp_anonymous_reply_count":0,"_bbp_topic_count_hidden":0,"_bbp_reply_count_hidden":0,"_bbp_forum_subforum_count":0,"site-sidebar-layout":"default","site-content-layout":"","ast-site-content-layout":"default","site-content-style":"default","site-sidebar-style":"default","ast-global-header-display":"","ast-banner-title-visibility":"","ast-main-header-display":"","ast-hfb-above-header-display":"","ast-hfb-below-header-display":"","ast-hfb-mobile-header-display":"","site-post-title":"","ast-breadcrumbs-content":"","ast-featured-img":"","footer-sml-layout":"","theme-transparent-header-meta":"default","adv-header-id-meta":"","stick-header-meta":"","header-above-stick-meta":"","header-main-stick-meta":"","header-below-stick-meta":"","astra-migrate-meta-layouts":"set","ast-page-background-enabled":"default","ast-page-background-meta":{"desktop":{"background-color":"var(--ast-global-color-4)","background-image":"","background-repeat":"repeat","background-position":"center center","background-size":"auto","background-attachment":"scroll","background-type":"","background-media":"","overlay-type":"","overlay-color":"","overlay-opacity":"","overlay-gradient":""},"tablet":{"background-color":"","background-image":"","background-repeat":"repeat","background-position":"center center","background-size":"auto","background-attachment":"scroll","background-type":"","background-media":"","overlay-type":"","overlay-color":"","overlay-opacity":"","overlay-gradient":""},"mobile":{"background-color":"","background-image":"","background-repeat":"repeat","background-position":"center center","background-size":"auto","background-attachment":"scroll","background-type":"","background-media":"","overlay-type":"","overlay-color":"","overlay-opacity":"","overlay-gradient":""}},"ast-content-background-meta":{"desktop":{"background-color":"var(--ast-global-color-5)","background-image":"","background-repeat":"repeat","background-position":"center center","background-size":"auto","background-attachment":"scroll","background-type":"","background-media":"","overlay-type":"","overlay-color":"","overlay-opacity":"","overlay-gradient":""},"tablet":{"background-color":"var(--ast-global-color-5)","background-image":"","background-repeat":"repeat","background-position":"center center","background-size":"auto","background-attachment":"scroll","background-type":"","background-media":"","overlay-type":"","overlay-color":"","overlay-opacity":"","overlay-gradient":""},"mobile":{"background-color":"var(--ast-global-color-5)","background-image":"","background-repeat":"repeat","background-position":"center center","background-size":"auto","background-attachment":"scroll","background-type":"","background-media":"","overlay-type":"","overlay-color":"","overlay-opacity":"","overlay-gradient":""}},"footnotes":""},"class_list":["post-4478","page","type-page","status-publish","hentry"],"post_mailing_queue_ids":[],"_links":{"self":[{"href":"https:\/\/agora.xtec.cat\/ceip-v-aleixandre\/wp-json\/wp\/v2\/pages\/4478","targetHints":{"allow":["GET"]}}],"collection":[{"href":"https:\/\/agora.xtec.cat\/ceip-v-aleixandre\/wp-json\/wp\/v2\/pages"}],"about":[{"href":"https:\/\/agora.xtec.cat\/ceip-v-aleixandre\/wp-json\/wp\/v2\/types\/page"}],"author":[{"embeddable":true,"href":"https:\/\/agora.xtec.cat\/ceip-v-aleixandre\/wp-json\/wp\/v2\/users\/1"}],"replies":[{"embeddable":true,"href":"https:\/\/agora.xtec.cat\/ceip-v-aleixandre\/wp-json\/wp\/v2\/comments?post=4478"}],"version-history":[{"count":6,"href":"https:\/\/agora.xtec.cat\/ceip-v-aleixandre\/wp-json\/wp\/v2\/pages\/4478\/revisions"}],"predecessor-version":[{"id":5407,"href":"https:\/\/agora.xtec.cat\/ceip-v-aleixandre\/wp-json\/wp\/v2\/pages\/4478\/revisions\/5407"}],"up":[{"embeddable":true,"href":"https:\/\/agora.xtec.cat\/ceip-v-aleixandre\/wp-json\/wp\/v2\/pages\/64"}],"wp:attachment":[{"href":"https:\/\/agora.xtec.cat\/ceip-v-aleixandre\/wp-json\/wp\/v2\/media?parent=4478"}],"curies":[{"name":"wp","href":"https:\/\/api.w.org\/{rel}","templated":true}]}}