{"id":38,"date":"2014-09-18T12:34:08","date_gmt":"2014-09-18T12:34:08","guid":{"rendered":"http:\/\/agora.xtec.cat\/ceip-v-aleixandre\/?page_id=38"},"modified":"2024-02-16T09:04:04","modified_gmt":"2024-02-16T08:04:04","slug":"salut","status":"publish","type":"page","link":"https:\/\/agora.xtec.cat\/ceip-v-aleixandre\/lescola\/salut\/","title":{"rendered":"Salut"},"content":{"rendered":"<div dir=\"ltr\">\n<p><span lang=\"CA\">Quan els nens i nenes estiguin malalts, \u00e9s convenient que facin rep\u00f2s a casa. Mai no hauran de venir a l\u2019escola alumnes amb febre. Si dins l\u2019horari escolar es detecta que algun alumne t\u00e9 febre o indisposici\u00f3, es trucar\u00e0 a la fam\u00edlia per tal que el vingui a buscar. <\/span><\/p>\n<p><span lang=\"CA\">Per poder administrar medicaci\u00f3 als alumnes cal portar una recepta o informe del metge on consti el nom del nen\/a, la pauta i el nom del medicament que ha de prendre. Aix\u00ed mateix, els pares han de portar una autoritzaci\u00f3 signada. Si el medicament ha de ser administrat per personal amb una formaci\u00f3 determinada caldr\u00e0 posar-se en contacte amb el CAP.<\/span><\/p>\n<p><span lang=\"CA\">Si en horari escolar es valora la necessitat d\u2019atenci\u00f3 m\u00e8dica urgent, portarem l\u2019alumne\/a al CAP o a l\u2019Hospital i des de l\u2019escola es trucar\u00e0 a la fam\u00edlia perqu\u00e8 es facin c\u00e0rrec de l\u2019alumne.<\/span><\/p>\n<p><span lang=\"CA\">Recordeu que \u00e9s molt important comunicar al centre canvis <\/span><span lang=\"CA\">de tel\u00e8fon, adre\u00e7a, full de salut, vacunes.<\/span><\/p>\n<p><span lang=\"CA\">En cas de detecci\u00f3 de polls s\u2019informar\u00e0 a les fam\u00edlies i es recomanar\u00e0 que segueixi el tractament adequat a casa.<\/span><\/p>\n<p><span lang=\"CA\">\u00c9s important que l\u2019alumnat vingui convenientment vestit i tingui cura del seu aspecte personal, i arribi net i polit a l\u2019escola.<\/span><\/p>\n<p><img loading=\"lazy\" decoding=\"async\" class=\"alignnone wp-image-4523\" src=\"https:\/\/agora.xtec.cat\/ceip-v-aleixandre\/wp-content\/uploads\/usu457\/2024\/02\/Salut-Turu-1024x906.jpg\" alt=\"\" width=\"611\" height=\"541\" srcset=\"https:\/\/agora.xtec.cat\/ceip-v-aleixandre\/wp-content\/uploads\/usu457\/2024\/02\/Salut-Turu-1024x906.jpg 1024w, https:\/\/agora.xtec.cat\/ceip-v-aleixandre\/wp-content\/uploads\/usu457\/2024\/02\/Salut-Turu-300x266.jpg 300w, https:\/\/agora.xtec.cat\/ceip-v-aleixandre\/wp-content\/uploads\/usu457\/2024\/02\/Salut-Turu-768x680.jpg 768w, https:\/\/agora.xtec.cat\/ceip-v-aleixandre\/wp-content\/uploads\/usu457\/2024\/02\/Salut-Turu.jpg 1200w\" sizes=\"auto, (max-width: 611px) 100vw, 611px\" \/><\/p>\n<\/div>\n","protected":false},"excerpt":{"rendered":"<p>Quan els nens i nenes estiguin malalts, \u00e9s convenient que facin rep\u00f2s a casa. Mai no hauran de venir a l\u2019escola alumnes amb febre. Si dins l\u2019horari escolar es detecta que algun alumne t\u00e9 febre o indisposici\u00f3, es trucar\u00e0 a la fam\u00edlia per tal que el vingui a buscar. Per poder administrar medicaci\u00f3 als alumnes [&hellip;]<\/p>\n","protected":false},"author":2,"featured_media":0,"parent":22,"menu_order":80,"comment_status":"closed","ping_status":"closed","template":"page-templates\/side-menu.php","meta":{"_bbp_topic_count":0,"_bbp_reply_count":0,"_bbp_total_topic_count":0,"_bbp_total_reply_count":0,"_bbp_voice_count":0,"_bbp_anonymous_reply_count":0,"_bbp_topic_count_hidden":0,"_bbp_reply_count_hidden":0,"_bbp_forum_subforum_count":0,"site-sidebar-layout":"default","site-content-layout":"","ast-site-content-layout":"","site-content-style":"default","site-sidebar-style":"default","ast-global-header-display":"","ast-banner-title-visibility":"","ast-main-header-display":"","ast-hfb-above-header-display":"","ast-hfb-below-header-display":"","ast-hfb-mobile-header-display":"","site-post-title":"","ast-breadcrumbs-content":"","ast-featured-img":"","footer-sml-layout":"","theme-transparent-header-meta":"","adv-header-id-meta":"","stick-header-meta":"","header-above-stick-meta":"","header-main-stick-meta":"","header-below-stick-meta":"","astra-migrate-meta-layouts":"default","ast-page-background-enabled":"default","ast-page-background-meta":{"desktop":{"background-color":"var(--ast-global-color-4)","background-image":"","background-repeat":"repeat","background-position":"center center","background-size":"auto","background-attachment":"scroll","background-type":"","background-media":"","overlay-type":"","overlay-color":"","overlay-opacity":"","overlay-gradient":""},"tablet":{"background-color":"","background-image":"","background-repeat":"repeat","background-position":"center center","background-size":"auto","background-attachment":"scroll","background-type":"","background-media":"","overlay-type":"","overlay-color":"","overlay-opacity":"","overlay-gradient":""},"mobile":{"background-color":"","background-image":"","background-repeat":"repeat","background-position":"center center","background-size":"auto","background-attachment":"scroll","background-type":"","background-media":"","overlay-type":"","overlay-color":"","overlay-opacity":"","overlay-gradient":""}},"ast-content-background-meta":{"desktop":{"background-color":"var(--ast-global-color-5)","background-image":"","background-repeat":"repeat","background-position":"center center","background-size":"auto","background-attachment":"scroll","background-type":"","background-media":"","overlay-type":"","overlay-color":"","overlay-opacity":"","overlay-gradient":""},"tablet":{"background-color":"var(--ast-global-color-5)","background-image":"","background-repeat":"repeat","background-position":"center center","background-size":"auto","background-attachment":"scroll","background-type":"","background-media":"","overlay-type":"","overlay-color":"","overlay-opacity":"","overlay-gradient":""},"mobile":{"background-color":"var(--ast-global-color-5)","background-image":"","background-repeat":"repeat","background-position":"center center","background-size":"auto","background-attachment":"scroll","background-type":"","background-media":"","overlay-type":"","overlay-color":"","overlay-opacity":"","overlay-gradient":""}},"footnotes":""},"class_list":["post-38","page","type-page","status-publish","hentry"],"post_mailing_queue_ids":[],"_links":{"self":[{"href":"https:\/\/agora.xtec.cat\/ceip-v-aleixandre\/wp-json\/wp\/v2\/pages\/38","targetHints":{"allow":["GET"]}}],"collection":[{"href":"https:\/\/agora.xtec.cat\/ceip-v-aleixandre\/wp-json\/wp\/v2\/pages"}],"about":[{"href":"https:\/\/agora.xtec.cat\/ceip-v-aleixandre\/wp-json\/wp\/v2\/types\/page"}],"author":[{"embeddable":true,"href":"https:\/\/agora.xtec.cat\/ceip-v-aleixandre\/wp-json\/wp\/v2\/users\/2"}],"replies":[{"embeddable":true,"href":"https:\/\/agora.xtec.cat\/ceip-v-aleixandre\/wp-json\/wp\/v2\/comments?post=38"}],"version-history":[{"count":5,"href":"https:\/\/agora.xtec.cat\/ceip-v-aleixandre\/wp-json\/wp\/v2\/pages\/38\/revisions"}],"predecessor-version":[{"id":4525,"href":"https:\/\/agora.xtec.cat\/ceip-v-aleixandre\/wp-json\/wp\/v2\/pages\/38\/revisions\/4525"}],"up":[{"embeddable":true,"href":"https:\/\/agora.xtec.cat\/ceip-v-aleixandre\/wp-json\/wp\/v2\/pages\/22"}],"wp:attachment":[{"href":"https:\/\/agora.xtec.cat\/ceip-v-aleixandre\/wp-json\/wp\/v2\/media?parent=38"}],"curies":[{"name":"wp","href":"https:\/\/api.w.org\/{rel}","templated":true}]}}