{"id":34,"date":"2014-09-18T12:32:18","date_gmt":"2014-09-18T12:32:18","guid":{"rendered":"http:\/\/agora.xtec.cat\/ceip-v-aleixandre\/?page_id=34"},"modified":"2026-01-14T17:01:39","modified_gmt":"2026-01-14T16:01:39","slug":"oferta-educativa","status":"publish","type":"page","link":"https:\/\/agora.xtec.cat\/ceip-v-aleixandre\/projecte-educatiu\/oferta-educativa\/","title":{"rendered":"PEC (Projecte Educatiu de Centre)"},"content":{"rendered":"<p><b>ELS PRINCIPIS DE L\u2019ESCOLA: Trets d\u2019identitat i car\u00e0cter propi<\/b><\/p>\n<p><span style=\"font-weight: 400;\">Els trets que ens defineixen com a escola s\u00f3n els seg\u00fcents:<\/span><\/p>\n<p><b>ACTIVA i GLOBALITZADORA<\/b><span style=\"font-weight: 400;\"> &#8211; situem a l\u2019infant en el centre de l\u2019aprenentatge, tot treballant de manera integrada, fomentant aprenentatge significatiu i la creativitat de l\u2019alumnat, despertant la seva curiositat i creativitat, aix\u00ed com les seves emocions i sentiments.\u00a0<\/span><\/p>\n<p><b>ACOLLIDORA i INCLUSIVA<\/b><span style=\"font-weight: 400;\"> &#8211; a la nostra escola tothom hi t\u00e9 cabuda, acollim des de la riquesa de la difer\u00e8ncia. <\/span><span style=\"font-weight: 400;\">Garantim una mirada inclusiva per donar resposta educativa i formativa a tots els infants, oferint propostes universals tot respectant els diferents ritmes d\u2019aprenentatge. Acollim, escoltem i acompanyem.<\/span><\/p>\n<p><b>OBERTA i PARTICIPATIVA <\/b><span style=\"font-weight: 400;\">&#8211; som a prop i estem oberts al m\u00f3n, respectant les difer\u00e8ncies d\u2019opini\u00f3 i de pensament entre els membres de la comunitat. Estem arrelats a l\u2019entorn i el context i oberts a l\u2019exterior. El di\u00e0leg i la participaci\u00f3 s\u00f3n fonamentals en el funcionament de l\u2019Escola. Promovem accions per potenciar el sentiment de comunitat.\u00a0<\/span><\/p>\n<p><b>ARRELADA i OBERTA AL M\u00d3N <\/b><span style=\"font-weight: 400;\">&#8211; estem arrelats als trets d\u2019identitat de Catalunya i del municipi, Martorell. Amb aquesta cultura com a base, transmetem la realitat ling\u00fc\u00edstica, hist\u00f2rica, geogr\u00e0fica i sociocultural. Tenim els ulls oberts al m\u00f3n i a les realitats que ens envolten. L\u2019Escola utilitza la llengua catalana com a llengua vehicular i d\u2019aprenentatge. Potenciant-la, esdevindr\u00e0 la llengua comuna i factor de cohesi\u00f3 social de tota la comunitat.\u00a0<\/span><\/p>\n<p><b>INNOVADORA <\/b><span style=\"font-weight: 400;\">&#8211; som emprenedors\/es i oberts\/es als nous reptes que ens planteja la societat actual tot potenciant un aprenentatge actiu i competencial, fent \u00fas de les eines digitals.\u00a0<\/span><\/p>\n<p><span style=\"font-weight: 400;\">Aquests cinc trets que ens defineixen com a centre educatiu van \u00edntimament lligats als <\/span><b>sis vectors claus<\/b><span style=\"font-weight: 400;\">, tot establint un marc que dona identitat a l\u2019acci\u00f3 educativa del centre, del curr\u00edculum de l&#8217;educaci\u00f3 b\u00e0sica: <\/span><b>aprenentatge competencial, benestar emocional, perspectiva de g\u00e8nere, universalitat del curr\u00edculum, qualitat de l\u2019educaci\u00f3 de les lleng\u00fces, ciutadania democr\u00e0tica i consci\u00e8ncia global.<\/b><\/p>\n<p>Podeu veure el document<strong><a href=\"https:\/\/drive.google.com\/file\/d\/17g77VATYnpKHJ9ZmFnVXvo99e274qzqj\/view?usp=drive_link\"> aqu\u00ed<\/a><\/strong><\/p>\n","protected":false},"excerpt":{"rendered":"<p>ELS PRINCIPIS DE L\u2019ESCOLA: Trets d\u2019identitat i car\u00e0cter propi Els trets que ens defineixen com a escola s\u00f3n els seg\u00fcents: ACTIVA i GLOBALITZADORA &#8211; situem a l\u2019infant en el centre de l\u2019aprenentatge, tot treballant de manera integrada, fomentant aprenentatge significatiu i la creativitat de l\u2019alumnat, despertant la seva curiositat i creativitat, aix\u00ed com les seves [&hellip;]<\/p>\n","protected":false},"author":2,"featured_media":0,"parent":64,"menu_order":1,"comment_status":"closed","ping_status":"closed","template":"","meta":{"_bbp_topic_count":0,"_bbp_reply_count":0,"_bbp_total_topic_count":0,"_bbp_total_reply_count":0,"_bbp_voice_count":0,"_bbp_anonymous_reply_count":0,"_bbp_topic_count_hidden":0,"_bbp_reply_count_hidden":0,"_bbp_forum_subforum_count":0,"site-sidebar-layout":"default","site-content-layout":"","ast-site-content-layout":"default","site-content-style":"default","site-sidebar-style":"default","ast-global-header-display":"","ast-banner-title-visibility":"","ast-main-header-display":"","ast-hfb-above-header-display":"","ast-hfb-below-header-display":"","ast-hfb-mobile-header-display":"","site-post-title":"","ast-breadcrumbs-content":"","ast-featured-img":"","footer-sml-layout":"","theme-transparent-header-meta":"default","adv-header-id-meta":"","stick-header-meta":"","header-above-stick-meta":"","header-main-stick-meta":"","header-below-stick-meta":"","astra-migrate-meta-layouts":"set","ast-page-background-enabled":"default","ast-page-background-meta":{"desktop":{"background-color":"var(--ast-global-color-4)","background-image":"","background-repeat":"repeat","background-position":"center center","background-size":"auto","background-attachment":"scroll","background-type":"","background-media":"","overlay-type":"","overlay-color":"","overlay-opacity":"","overlay-gradient":""},"tablet":{"background-color":"","background-image":"","background-repeat":"repeat","background-position":"center center","background-size":"auto","background-attachment":"scroll","background-type":"","background-media":"","overlay-type":"","overlay-color":"","overlay-opacity":"","overlay-gradient":""},"mobile":{"background-color":"","background-image":"","background-repeat":"repeat","background-position":"center center","background-size":"auto","background-attachment":"scroll","background-type":"","background-media":"","overlay-type":"","overlay-color":"","overlay-opacity":"","overlay-gradient":""}},"ast-content-background-meta":{"desktop":{"background-color":"var(--ast-global-color-5)","background-image":"","background-repeat":"repeat","background-position":"center center","background-size":"auto","background-attachment":"scroll","background-type":"","background-media":"","overlay-type":"","overlay-color":"","overlay-opacity":"","overlay-gradient":""},"tablet":{"background-color":"var(--ast-global-color-5)","background-image":"","background-repeat":"repeat","background-position":"center center","background-size":"auto","background-attachment":"scroll","background-type":"","background-media":"","overlay-type":"","overlay-color":"","overlay-opacity":"","overlay-gradient":""},"mobile":{"background-color":"var(--ast-global-color-5)","background-image":"","background-repeat":"repeat","background-position":"center center","background-size":"auto","background-attachment":"scroll","background-type":"","background-media":"","overlay-type":"","overlay-color":"","overlay-opacity":"","overlay-gradient":""}},"footnotes":""},"class_list":["post-34","page","type-page","status-publish","hentry"],"post_mailing_queue_ids":[],"_links":{"self":[{"href":"https:\/\/agora.xtec.cat\/ceip-v-aleixandre\/wp-json\/wp\/v2\/pages\/34","targetHints":{"allow":["GET"]}}],"collection":[{"href":"https:\/\/agora.xtec.cat\/ceip-v-aleixandre\/wp-json\/wp\/v2\/pages"}],"about":[{"href":"https:\/\/agora.xtec.cat\/ceip-v-aleixandre\/wp-json\/wp\/v2\/types\/page"}],"author":[{"embeddable":true,"href":"https:\/\/agora.xtec.cat\/ceip-v-aleixandre\/wp-json\/wp\/v2\/users\/2"}],"replies":[{"embeddable":true,"href":"https:\/\/agora.xtec.cat\/ceip-v-aleixandre\/wp-json\/wp\/v2\/comments?post=34"}],"version-history":[{"count":6,"href":"https:\/\/agora.xtec.cat\/ceip-v-aleixandre\/wp-json\/wp\/v2\/pages\/34\/revisions"}],"predecessor-version":[{"id":5210,"href":"https:\/\/agora.xtec.cat\/ceip-v-aleixandre\/wp-json\/wp\/v2\/pages\/34\/revisions\/5210"}],"up":[{"embeddable":true,"href":"https:\/\/agora.xtec.cat\/ceip-v-aleixandre\/wp-json\/wp\/v2\/pages\/64"}],"wp:attachment":[{"href":"https:\/\/agora.xtec.cat\/ceip-v-aleixandre\/wp-json\/wp\/v2\/media?parent=34"}],"curies":[{"name":"wp","href":"https:\/\/api.w.org\/{rel}","templated":true}]}}