{"id":32,"date":"2014-09-18T12:31:33","date_gmt":"2014-09-18T12:31:33","guid":{"rendered":"http:\/\/agora.xtec.cat\/ceip-v-aleixandre\/?page_id=32"},"modified":"2025-07-01T11:17:33","modified_gmt":"2025-07-01T09:17:33","slug":"calendari-del-curshttps-drive-google-com-drive-searchqcalendari","status":"publish","type":"page","link":"https:\/\/agora.xtec.cat\/ceip-v-aleixandre\/lescola\/calendari-del-curshttps-drive-google-com-drive-searchqcalendari\/","title":{"rendered":"Calendari del curs"},"content":{"rendered":"<p>Podeu descarregar el calendari 25-26 <a href=\"https:\/\/drive.google.com\/file\/d\/1vzyBw_jvaeH6NuJvAbu1SPh1Clgwd9YW\/view?usp=sharing\"><strong>aq<\/strong><strong>u<\/strong><strong>\u00ed<\/strong><\/a><\/p>\n<h4><strong>Inici de curs:<\/strong><\/h4>\n<p>08 de setembre de 2025.<\/p>\n<h4><strong>Fi de curs:<\/strong><\/h4>\n<p>19 de juny de 2026.<\/p>\n<h4><strong>Vacances:<br \/>\n<\/strong><\/h4>\n<p><strong>Vacances Nadal:<\/strong> del 20 de desembre de 2025 al 07 de gener 2026, ambd\u00f3s inclosos.<br \/>\n<strong>Setmana Santa:<\/strong> del 28 de mar\u00e7 al 06 d&#8217;abril de 2026, ambd\u00f3s inclosos.<br \/>\n<strong>Jornada Intensiva:<\/strong> 19 de desembre de 2025 i del 08 al 19 de juny de 2026.<\/p>\n<h4><strong>Dies festius:<\/strong><\/h4>\n<p><b>Festius 2025:<\/b><\/p>\n<p>11 de setembre: Diada de Catalunya<br \/>\n12 d&#8217;octubre: Dia de la Hispanitat<br \/>\n31 d&#8217;octubre: Dia de lliure disposici\u00f3<br \/>\n1 de novembre: Festa de Tots Sants<br \/>\n6 de desembre: Festa de la Constituci\u00f3<br \/>\n8 de desembre: Festa de la Immaculada<br \/>\n9 de desembre: Dia de lliure disposici\u00f3<\/p>\n<p><strong>Festius 2026:<\/strong><br \/>\n06 de gener: Reis<br \/>\n16 de febrer: Dia de lliure disposici\u00f3 (Carnaval)<br \/>\n27 d&#8217;abril: Festa Local (Fira primavera)<br \/>\n30 d&#8217;abril: Dia de lliure disposici\u00f3<br \/>\n1 de maig: Festa del treball<br \/>\n25 de maig: Dia festa local (2a Pasqua)<\/p>\n<p><strong>L\u2019<\/strong><b>horari lectiu<\/b> del centre \u00e9s de 9 a 12,30 h i de 15,00 a 16,30 h per a tots els alumnes del centre. <strong>El dia 19 de desembre i a partir del 8 de juny es realitza horari compactat de 9 a 13h<\/strong> (els alumnes que utilitzen el servei de menjador surten a les 15:30h.)<\/p>\n<p>Per als alumnes que inicien l\u2019escolaritzaci\u00f3 a I-3 s\u2019organitza un breu per\u00edode d\u2019adaptaci\u00f3 que suposa una certa modificaci\u00f3 dels horaris dels tres primers dies de classe (8, 9 i 10 de setembre) i que es fa saber a les fam\u00edlies en la reuni\u00f3 pr\u00e8via corresponent.<\/p>\n","protected":false},"excerpt":{"rendered":"<p>Podeu descarregar el calendari 25-26 aqu\u00ed Inici de curs: 08 de setembre de 2025. Fi de curs: 19 de juny de 2026. Vacances: Vacances Nadal: del 20 de desembre de 2025 al 07 de gener 2026, ambd\u00f3s inclosos. Setmana Santa: del 28 de mar\u00e7 al 06 d&#8217;abril de 2026, ambd\u00f3s inclosos. Jornada Intensiva: 19 de [&hellip;]<\/p>\n","protected":false},"author":2,"featured_media":0,"parent":22,"menu_order":50,"comment_status":"closed","ping_status":"closed","template":"page-templates\/side-menu.php","meta":{"_bbp_topic_count":0,"_bbp_reply_count":0,"_bbp_total_topic_count":0,"_bbp_total_reply_count":0,"_bbp_voice_count":0,"_bbp_anonymous_reply_count":0,"_bbp_topic_count_hidden":0,"_bbp_reply_count_hidden":0,"_bbp_forum_subforum_count":0,"site-sidebar-layout":"default","site-content-layout":"","ast-site-content-layout":"","site-content-style":"default","site-sidebar-style":"default","ast-global-header-display":"","ast-banner-title-visibility":"","ast-main-header-display":"","ast-hfb-above-header-display":"","ast-hfb-below-header-display":"","ast-hfb-mobile-header-display":"","site-post-title":"","ast-breadcrumbs-content":"","ast-featured-img":"","footer-sml-layout":"","theme-transparent-header-meta":"","adv-header-id-meta":"","stick-header-meta":"","header-above-stick-meta":"","header-main-stick-meta":"","header-below-stick-meta":"","astra-migrate-meta-layouts":"default","ast-page-background-enabled":"default","ast-page-background-meta":{"desktop":{"background-color":"var(--ast-global-color-4)","background-image":"","background-repeat":"repeat","background-position":"center center","background-size":"auto","background-attachment":"scroll","background-type":"","background-media":"","overlay-type":"","overlay-color":"","overlay-opacity":"","overlay-gradient":""},"tablet":{"background-color":"","background-image":"","background-repeat":"repeat","background-position":"center center","background-size":"auto","background-attachment":"scroll","background-type":"","background-media":"","overlay-type":"","overlay-color":"","overlay-opacity":"","overlay-gradient":""},"mobile":{"background-color":"","background-image":"","background-repeat":"repeat","background-position":"center center","background-size":"auto","background-attachment":"scroll","background-type":"","background-media":"","overlay-type":"","overlay-color":"","overlay-opacity":"","overlay-gradient":""}},"ast-content-background-meta":{"desktop":{"background-color":"var(--ast-global-color-5)","background-image":"","background-repeat":"repeat","background-position":"center center","background-size":"auto","background-attachment":"scroll","background-type":"","background-media":"","overlay-type":"","overlay-color":"","overlay-opacity":"","overlay-gradient":""},"tablet":{"background-color":"var(--ast-global-color-5)","background-image":"","background-repeat":"repeat","background-position":"center center","background-size":"auto","background-attachment":"scroll","background-type":"","background-media":"","overlay-type":"","overlay-color":"","overlay-opacity":"","overlay-gradient":""},"mobile":{"background-color":"var(--ast-global-color-5)","background-image":"","background-repeat":"repeat","background-position":"center center","background-size":"auto","background-attachment":"scroll","background-type":"","background-media":"","overlay-type":"","overlay-color":"","overlay-opacity":"","overlay-gradient":""}},"footnotes":""},"class_list":["post-32","page","type-page","status-publish","hentry"],"post_mailing_queue_ids":[],"_links":{"self":[{"href":"https:\/\/agora.xtec.cat\/ceip-v-aleixandre\/wp-json\/wp\/v2\/pages\/32","targetHints":{"allow":["GET"]}}],"collection":[{"href":"https:\/\/agora.xtec.cat\/ceip-v-aleixandre\/wp-json\/wp\/v2\/pages"}],"about":[{"href":"https:\/\/agora.xtec.cat\/ceip-v-aleixandre\/wp-json\/wp\/v2\/types\/page"}],"author":[{"embeddable":true,"href":"https:\/\/agora.xtec.cat\/ceip-v-aleixandre\/wp-json\/wp\/v2\/users\/2"}],"replies":[{"embeddable":true,"href":"https:\/\/agora.xtec.cat\/ceip-v-aleixandre\/wp-json\/wp\/v2\/comments?post=32"}],"version-history":[{"count":6,"href":"https:\/\/agora.xtec.cat\/ceip-v-aleixandre\/wp-json\/wp\/v2\/pages\/32\/revisions"}],"predecessor-version":[{"id":4885,"href":"https:\/\/agora.xtec.cat\/ceip-v-aleixandre\/wp-json\/wp\/v2\/pages\/32\/revisions\/4885"}],"up":[{"embeddable":true,"href":"https:\/\/agora.xtec.cat\/ceip-v-aleixandre\/wp-json\/wp\/v2\/pages\/22"}],"wp:attachment":[{"href":"https:\/\/agora.xtec.cat\/ceip-v-aleixandre\/wp-json\/wp\/v2\/media?parent=32"}],"curies":[{"name":"wp","href":"https:\/\/api.w.org\/{rel}","templated":true}]}}