{"id":26,"date":"2014-09-18T12:24:32","date_gmt":"2014-09-18T12:24:32","guid":{"rendered":"http:\/\/agora.xtec.cat\/ceip-v-aleixandre\/?page_id=26"},"modified":"2026-01-12T15:39:30","modified_gmt":"2026-01-12T14:39:30","slug":"historia","status":"publish","type":"page","link":"https:\/\/agora.xtec.cat\/ceip-v-aleixandre\/lescola\/historia\/","title":{"rendered":"Hist\u00f2ria"},"content":{"rendered":"<p><b>L\u2019escola Vicente Aleixandre va ser inaugurada oficialment el dia 22 de juny de 1978. Est\u00e0 ubicada al barri de Buenos Aires de Martorell<\/b><span style=\"font-weight: 400;\">. Aquest barri \u00e9s fruit del creixement industrial de Martorell i de la forta immigraci\u00f3 dels anys 60 i 70. A l\u2019entorn m\u00e9s proper de l\u2019escola, hi ha una quantitat important de serveis p\u00fablics com l\u2019Hospital Comarcal, el Centre d\u2019atenci\u00f3 prim\u00e0ria, dos Instituts d\u2019educaci\u00f3 secund\u00e0ria, el Pavell\u00f3 Esportiu Municipal, el Centre Cultural, la Biblioteca Municipal, l\u2019Escola Oficial d\u2019Idiomes, el Casal de gent gran i la comissaria dels Mossos d\u2019Esquadra. Per altra banda, tamb\u00e9 cal destacar que al mateix barri es troben dues escoles p\u00fabliques d\u2019educaci\u00f3 infantil i prim\u00e0ria.\u00a0<\/span><\/p>\n<p><b>L\u2019escola est\u00e0 formada per tres edificis independents dins d\u2019un mateix recinte.<\/b><span style=\"font-weight: 400;\"> El primer destinat a l\u2019alumnat d\u2019<\/span><b>educaci\u00f3 infantil<\/b><span style=\"font-weight: 400;\"> i el segon destinat a l\u2019alumnat d\u2019<\/span><b>educaci\u00f3 prim\u00e0ria <\/b><span style=\"font-weight: 400;\">i on disposem tamb\u00e9 de tots els serveis per la comunitat educativa (secretaria, menjador, aules de mestres, aula de m\u00fasica, biblioteca i sala de psicomotricitat). El tercer edifici \u00e9s el <\/span><b>gimn\u00e0s, <\/b><span style=\"font-weight: 400;\">on tenim un espai molt ampli per realitzar l\u2019educaci\u00f3 f\u00edsica i alhora per dur a terme concerts i obres de teatre, ja que disposa d\u2019un escenari amb tarima.\u00a0<\/span><\/p>\n<p><b>Des de la seva creaci\u00f3 el centre ha tingut una vocaci\u00f3 acollidora, per la qual cosa treballa per la cohesi\u00f3 social i l\u2019equitat educativa.<\/b><span style=\"font-weight: 400;\"> En l\u2019actualitat, som una escola de doble l\u00ednia, per\u00f2 tenim algun grup d\u2019una l\u00ednia. Les fam\u00edlies que porten els seus fills\/es a l\u2019escola viuen als diferents barris de la poblaci\u00f3, ja que tots estan molt ben comunicats i amb facilitat d\u2019acc\u00e9s al centre.<\/span><\/p>\n<p><img loading=\"lazy\" decoding=\"async\" class=\"alignnone size-full wp-image-2908\" src=\"https:\/\/agora.xtec.cat\/ceip-v-aleixandre\/wp-content\/uploads\/usu457\/2020\/02\/TANCA-TURU.jpg\" alt=\"\" width=\"696\" height=\"461\" srcset=\"https:\/\/agora.xtec.cat\/ceip-v-aleixandre\/wp-content\/uploads\/usu457\/2020\/02\/TANCA-TURU.jpg 696w, https:\/\/agora.xtec.cat\/ceip-v-aleixandre\/wp-content\/uploads\/usu457\/2020\/02\/TANCA-TURU-300x199.jpg 300w\" sizes=\"auto, (max-width: 696px) 100vw, 696px\" \/><\/p>\n","protected":false},"excerpt":{"rendered":"<p>L\u2019escola Vicente Aleixandre va ser inaugurada oficialment el dia 22 de juny de 1978. Est\u00e0 ubicada al barri de Buenos Aires de Martorell. Aquest barri \u00e9s fruit del creixement industrial de Martorell i de la forta immigraci\u00f3 dels anys 60 i 70. A l\u2019entorn m\u00e9s proper de l\u2019escola, hi ha una quantitat important de serveis [&hellip;]<\/p>\n","protected":false},"author":2,"featured_media":0,"parent":22,"menu_order":2,"comment_status":"closed","ping_status":"closed","template":"","meta":{"_bbp_topic_count":0,"_bbp_reply_count":0,"_bbp_total_topic_count":0,"_bbp_total_reply_count":0,"_bbp_voice_count":0,"_bbp_anonymous_reply_count":0,"_bbp_topic_count_hidden":0,"_bbp_reply_count_hidden":0,"_bbp_forum_subforum_count":0,"site-sidebar-layout":"default","site-content-layout":"","ast-site-content-layout":"default","site-content-style":"default","site-sidebar-style":"default","ast-global-header-display":"","ast-banner-title-visibility":"","ast-main-header-display":"","ast-hfb-above-header-display":"","ast-hfb-below-header-display":"","ast-hfb-mobile-header-display":"","site-post-title":"","ast-breadcrumbs-content":"","ast-featured-img":"","footer-sml-layout":"","theme-transparent-header-meta":"default","adv-header-id-meta":"","stick-header-meta":"","header-above-stick-meta":"","header-main-stick-meta":"","header-below-stick-meta":"","astra-migrate-meta-layouts":"set","ast-page-background-enabled":"default","ast-page-background-meta":{"desktop":{"background-color":"var(--ast-global-color-4)","background-image":"","background-repeat":"repeat","background-position":"center center","background-size":"auto","background-attachment":"scroll","background-type":"","background-media":"","overlay-type":"","overlay-color":"","overlay-opacity":"","overlay-gradient":""},"tablet":{"background-color":"","background-image":"","background-repeat":"repeat","background-position":"center center","background-size":"auto","background-attachment":"scroll","background-type":"","background-media":"","overlay-type":"","overlay-color":"","overlay-opacity":"","overlay-gradient":""},"mobile":{"background-color":"","background-image":"","background-repeat":"repeat","background-position":"center center","background-size":"auto","background-attachment":"scroll","background-type":"","background-media":"","overlay-type":"","overlay-color":"","overlay-opacity":"","overlay-gradient":""}},"ast-content-background-meta":{"desktop":{"background-color":"var(--ast-global-color-5)","background-image":"","background-repeat":"repeat","background-position":"center center","background-size":"auto","background-attachment":"scroll","background-type":"","background-media":"","overlay-type":"","overlay-color":"","overlay-opacity":"","overlay-gradient":""},"tablet":{"background-color":"var(--ast-global-color-5)","background-image":"","background-repeat":"repeat","background-position":"center center","background-size":"auto","background-attachment":"scroll","background-type":"","background-media":"","overlay-type":"","overlay-color":"","overlay-opacity":"","overlay-gradient":""},"mobile":{"background-color":"var(--ast-global-color-5)","background-image":"","background-repeat":"repeat","background-position":"center center","background-size":"auto","background-attachment":"scroll","background-type":"","background-media":"","overlay-type":"","overlay-color":"","overlay-opacity":"","overlay-gradient":""}},"footnotes":""},"class_list":["post-26","page","type-page","status-publish","hentry"],"post_mailing_queue_ids":[],"_links":{"self":[{"href":"https:\/\/agora.xtec.cat\/ceip-v-aleixandre\/wp-json\/wp\/v2\/pages\/26","targetHints":{"allow":["GET"]}}],"collection":[{"href":"https:\/\/agora.xtec.cat\/ceip-v-aleixandre\/wp-json\/wp\/v2\/pages"}],"about":[{"href":"https:\/\/agora.xtec.cat\/ceip-v-aleixandre\/wp-json\/wp\/v2\/types\/page"}],"author":[{"embeddable":true,"href":"https:\/\/agora.xtec.cat\/ceip-v-aleixandre\/wp-json\/wp\/v2\/users\/2"}],"replies":[{"embeddable":true,"href":"https:\/\/agora.xtec.cat\/ceip-v-aleixandre\/wp-json\/wp\/v2\/comments?post=26"}],"version-history":[{"count":6,"href":"https:\/\/agora.xtec.cat\/ceip-v-aleixandre\/wp-json\/wp\/v2\/pages\/26\/revisions"}],"predecessor-version":[{"id":5128,"href":"https:\/\/agora.xtec.cat\/ceip-v-aleixandre\/wp-json\/wp\/v2\/pages\/26\/revisions\/5128"}],"up":[{"embeddable":true,"href":"https:\/\/agora.xtec.cat\/ceip-v-aleixandre\/wp-json\/wp\/v2\/pages\/22"}],"wp:attachment":[{"href":"https:\/\/agora.xtec.cat\/ceip-v-aleixandre\/wp-json\/wp\/v2\/media?parent=26"}],"curies":[{"name":"wp","href":"https:\/\/api.w.org\/{rel}","templated":true}]}}