{"id":22,"date":"2014-09-18T12:19:57","date_gmt":"2014-09-18T12:19:57","guid":{"rendered":"http:\/\/agora.xtec.cat\/ceip-v-aleixandre\/?page_id=22"},"modified":"2026-01-12T16:09:00","modified_gmt":"2026-01-12T15:09:00","slug":"lescola","status":"publish","type":"page","link":"https:\/\/agora.xtec.cat\/ceip-v-aleixandre\/lescola\/","title":{"rendered":"L&#8217;escola"},"content":{"rendered":"<p data-start=\"0\" data-end=\"45\"><strong data-start=\"0\" data-end=\"45\">Benvinguts a l\u2019Escola Vicente Aleixandre!<\/strong><\/p>\n<p data-start=\"47\" data-end=\"447\">A la nostra escola obrim cada dia les portes a la curiositat, a les emocions i a les ganes d\u2019aprendre. <strong>Creiem en una educaci\u00f3 que posa l\u2019infant al centre, que respecta els seus ritmes i que acompanya cada pas amb mirada atenta i cor obert.<\/strong> Els espais, els projectes i les relacions estan pensats perqu\u00e8 cada nen i cada nena se senti segur, valorat i capa\u00e7 de descobrir el m\u00f3n amb confian\u00e7a i alegria.<\/p>\n<p data-start=\"449\" data-end=\"817\" data-is-last-node=\"\" data-is-only-node=\"\"><strong>Som una comunitat viva, on fam\u00edlies, infants i mestres caminem junts, compartint somnis, preguntes i aprenentatges.<\/strong> A l\u2019Escola Vicente Aleixandre cultivem el respecte, la cooperaci\u00f3 i el pensament cr\u00edtic, tot fomentant el gust per aprendre i cr\u00e9ixer plegats. Aqu\u00ed cada veu compta i cada experi\u00e8ncia suma, perqu\u00e8 educar \u00e9s, sobretot, construir futur entre tots i totes.<\/p>\n<p>&nbsp;<\/p>\n<p><img loading=\"lazy\" decoding=\"async\" class=\"aligncenter  wp-image-5096\" src=\"https:\/\/agora.xtec.cat\/ceip-v-aleixandre\/wp-content\/uploads\/usu457\/2026\/01\/IMG_9032-2-1-300x225.jpg\" alt=\"\" width=\"467\" height=\"350\" srcset=\"https:\/\/agora.xtec.cat\/ceip-v-aleixandre\/wp-content\/uploads\/usu457\/2026\/01\/IMG_9032-2-1-300x225.jpg 300w, https:\/\/agora.xtec.cat\/ceip-v-aleixandre\/wp-content\/uploads\/usu457\/2026\/01\/IMG_9032-2-1-1024x768.jpg 1024w, https:\/\/agora.xtec.cat\/ceip-v-aleixandre\/wp-content\/uploads\/usu457\/2026\/01\/IMG_9032-2-1-768x576.jpg 768w, https:\/\/agora.xtec.cat\/ceip-v-aleixandre\/wp-content\/uploads\/usu457\/2026\/01\/IMG_9032-2-1-1536x1152.jpg 1536w, https:\/\/agora.xtec.cat\/ceip-v-aleixandre\/wp-content\/uploads\/usu457\/2026\/01\/IMG_9032-2-1-2048x1536.jpg 2048w\" sizes=\"auto, (max-width: 467px) 100vw, 467px\" \/><\/p>\n<p>&nbsp;<\/p>\n","protected":false},"excerpt":{"rendered":"<p>Benvinguts a l\u2019Escola Vicente Aleixandre! A la nostra escola obrim cada dia les portes a la curiositat, a les emocions i a les ganes d\u2019aprendre. Creiem en una educaci\u00f3 que posa l\u2019infant al centre, que respecta els seus ritmes i que acompanya cada pas amb mirada atenta i cor obert. Els espais, els projectes i [&hellip;]<\/p>\n","protected":false},"author":2,"featured_media":0,"parent":0,"menu_order":0,"comment_status":"closed","ping_status":"closed","template":"","meta":{"_bbp_topic_count":0,"_bbp_reply_count":0,"_bbp_total_topic_count":0,"_bbp_total_reply_count":0,"_bbp_voice_count":0,"_bbp_anonymous_reply_count":0,"_bbp_topic_count_hidden":0,"_bbp_reply_count_hidden":0,"_bbp_forum_subforum_count":0,"site-sidebar-layout":"default","site-content-layout":"","ast-site-content-layout":"default","site-content-style":"default","site-sidebar-style":"default","ast-global-header-display":"","ast-banner-title-visibility":"","ast-main-header-display":"","ast-hfb-above-header-display":"","ast-hfb-below-header-display":"","ast-hfb-mobile-header-display":"","site-post-title":"","ast-breadcrumbs-content":"","ast-featured-img":"","footer-sml-layout":"","theme-transparent-header-meta":"default","adv-header-id-meta":"","stick-header-meta":"","header-above-stick-meta":"","header-main-stick-meta":"","header-below-stick-meta":"","astra-migrate-meta-layouts":"set","ast-page-background-enabled":"default","ast-page-background-meta":{"desktop":{"background-color":"var(--ast-global-color-4)","background-image":"","background-repeat":"repeat","background-position":"center center","background-size":"auto","background-attachment":"scroll","background-type":"","background-media":"","overlay-type":"","overlay-color":"","overlay-opacity":"","overlay-gradient":""},"tablet":{"background-color":"","background-image":"","background-repeat":"repeat","background-position":"center center","background-size":"auto","background-attachment":"scroll","background-type":"","background-media":"","overlay-type":"","overlay-color":"","overlay-opacity":"","overlay-gradient":""},"mobile":{"background-color":"","background-image":"","background-repeat":"repeat","background-position":"center center","background-size":"auto","background-attachment":"scroll","background-type":"","background-media":"","overlay-type":"","overlay-color":"","overlay-opacity":"","overlay-gradient":""}},"ast-content-background-meta":{"desktop":{"background-color":"var(--ast-global-color-5)","background-image":"","background-repeat":"repeat","background-position":"center center","background-size":"auto","background-attachment":"scroll","background-type":"","background-media":"","overlay-type":"","overlay-color":"","overlay-opacity":"","overlay-gradient":""},"tablet":{"background-color":"var(--ast-global-color-5)","background-image":"","background-repeat":"repeat","background-position":"center center","background-size":"auto","background-attachment":"scroll","background-type":"","background-media":"","overlay-type":"","overlay-color":"","overlay-opacity":"","overlay-gradient":""},"mobile":{"background-color":"var(--ast-global-color-5)","background-image":"","background-repeat":"repeat","background-position":"center center","background-size":"auto","background-attachment":"scroll","background-type":"","background-media":"","overlay-type":"","overlay-color":"","overlay-opacity":"","overlay-gradient":""}},"footnotes":""},"class_list":["post-22","page","type-page","status-publish","hentry"],"post_mailing_queue_ids":[],"_links":{"self":[{"href":"https:\/\/agora.xtec.cat\/ceip-v-aleixandre\/wp-json\/wp\/v2\/pages\/22","targetHints":{"allow":["GET"]}}],"collection":[{"href":"https:\/\/agora.xtec.cat\/ceip-v-aleixandre\/wp-json\/wp\/v2\/pages"}],"about":[{"href":"https:\/\/agora.xtec.cat\/ceip-v-aleixandre\/wp-json\/wp\/v2\/types\/page"}],"author":[{"embeddable":true,"href":"https:\/\/agora.xtec.cat\/ceip-v-aleixandre\/wp-json\/wp\/v2\/users\/2"}],"replies":[{"embeddable":true,"href":"https:\/\/agora.xtec.cat\/ceip-v-aleixandre\/wp-json\/wp\/v2\/comments?post=22"}],"version-history":[{"count":4,"href":"https:\/\/agora.xtec.cat\/ceip-v-aleixandre\/wp-json\/wp\/v2\/pages\/22\/revisions"}],"predecessor-version":[{"id":2809,"href":"https:\/\/agora.xtec.cat\/ceip-v-aleixandre\/wp-json\/wp\/v2\/pages\/22\/revisions\/2809"}],"wp:attachment":[{"href":"https:\/\/agora.xtec.cat\/ceip-v-aleixandre\/wp-json\/wp\/v2\/media?parent=22"}],"curies":[{"name":"wp","href":"https:\/\/api.w.org\/{rel}","templated":true}]}}