{"id":77,"date":"2014-09-18T14:05:08","date_gmt":"2014-09-18T13:05:08","guid":{"rendered":"http:\/\/agora.xtec.cat\/ceip-turodelcargol\/?page_id=77"},"modified":"2023-02-16T17:29:22","modified_gmt":"2023-02-16T16:29:22","slug":"acollida","status":"publish","type":"page","link":"https:\/\/agora.xtec.cat\/ceip-turodelcargol\/serveis\/acollida\/","title":{"rendered":"Servei d&#8217;acollida"},"content":{"rendered":"<p><span style=\"color: #000000; font-family: arial, sans-serif;\">L&#8217;espai d&#8217;acollida \u00e9s un servei que ofereix l\u2019AFA fora de l\u2019horari escolar.\u00a0\u00c9s una activitat lliure\u00a0per gaudir amb jocs, jocs de taula, manualitats, can\u00e7ons, balls i moltes i diferents joguines. La Comissi\u00f3, en coordinaci\u00f3 amb la secretaria de l&#8217;AFA i el monitoratge, vetlla pel bon funcionament de l&#8217;espai.<\/span><\/p>\n<p><span style=\"color: #1fa799;\"><strong>Horaris:<\/strong><\/span><br \/>\nEst\u00e0 dividida en tres franges hor\u00e0ries :<br \/>\nDe 8 h a 9 h del mat\u00ed (entrada pel C\/ Sant Cugat, porta oberta fins les 8:45h).<br \/>\nDe 4 h a 5 h de la tarda (recollida pel C\/ Sant Cugat, porta oberta a partir de les 16:30h).<br \/>\nDe 5 h a 6 h de la tarda (recollida pel C\/ Sant Cugat).<\/p>\n<p><span style=\"color: #1fa799;\"><strong>Objectius:<\/strong><\/span><\/p>\n<ul>\n<li>Tenir una estona d&#8217;esbarjo fora de l&#8217;horari reglat.<\/li>\n<li>Gaudir i compartir en grup.<\/li>\n<li>Aprendre nous jocs<\/li>\n<li>Aprendre noves t\u00e8cniques per fer manualitats.<\/li>\n<li>Jugar en equip.<\/li>\n<li>Compartir i cuidar els jocs i les joguines.<\/li>\n<li>Mantenir l&#8217;espai endre\u00e7at en acabar.<\/li>\n<\/ul>\n<p>Les diferents activitats que es practiquen:<\/p>\n<ul>\n<li>Manualitats diverses (decoraci\u00f3 segons \u00e8poques de l&#8217;any, diferents tipus de flors, papirofl\u00e8xia&#8230;)<\/li>\n<li>Dibuix lliure.<\/li>\n<li>Jocs de taula amb equips o parelles<\/li>\n<li>Muntatge de trencaclosques.<\/li>\n<li>Joc lliure utilitzant les joguines de les que disposem.<\/li>\n<\/ul>\n<p>&nbsp;<\/p>\n","protected":false},"excerpt":{"rendered":"<p>L&#8217;espai d&#8217;acollida \u00e9s un servei que ofereix l\u2019AFA fora de l\u2019horari escolar.\u00a0\u00c9s una activitat lliure\u00a0per gaudir amb jocs, jocs de taula, manualitats, can\u00e7ons, balls i moltes i diferents joguines. La Comissi\u00f3, en coordinaci\u00f3 amb la secretaria de l&#8217;AFA i el monitoratge, vetlla pel bon funcionament de l&#8217;espai. Horaris: Est\u00e0 dividida en tres franges hor\u00e0ries : [&hellip;]<\/p>\n","protected":false},"author":1,"featured_media":0,"parent":66,"menu_order":20,"comment_status":"closed","ping_status":"closed","template":"page-templates\/side-menu.php","meta":{"_bbp_topic_count":0,"_bbp_reply_count":0,"_bbp_total_topic_count":0,"_bbp_total_reply_count":0,"_bbp_voice_count":0,"_bbp_anonymous_reply_count":0,"_bbp_topic_count_hidden":0,"_bbp_reply_count_hidden":0,"_bbp_forum_subforum_count":0,"site-sidebar-layout":"default","site-content-layout":"","ast-site-content-layout":"","site-content-style":"default","site-sidebar-style":"default","ast-global-header-display":"","ast-banner-title-visibility":"","ast-main-header-display":"","ast-hfb-above-header-display":"","ast-hfb-below-header-display":"","ast-hfb-mobile-header-display":"","site-post-title":"","ast-breadcrumbs-content":"","ast-featured-img":"","footer-sml-layout":"","theme-transparent-header-meta":"","adv-header-id-meta":"","stick-header-meta":"","header-above-stick-meta":"","header-main-stick-meta":"","header-below-stick-meta":"","astra-migrate-meta-layouts":"default","ast-page-background-enabled":"default","ast-page-background-meta":{"desktop":{"background-color":"var(--ast-global-color-4)","background-image":"","background-repeat":"repeat","background-position":"center center","background-size":"auto","background-attachment":"scroll","background-type":"","background-media":"","overlay-type":"","overlay-color":"","overlay-opacity":"","overlay-gradient":""},"tablet":{"background-color":"","background-image":"","background-repeat":"repeat","background-position":"center center","background-size":"auto","background-attachment":"scroll","background-type":"","background-media":"","overlay-type":"","overlay-color":"","overlay-opacity":"","overlay-gradient":""},"mobile":{"background-color":"","background-image":"","background-repeat":"repeat","background-position":"center center","background-size":"auto","background-attachment":"scroll","background-type":"","background-media":"","overlay-type":"","overlay-color":"","overlay-opacity":"","overlay-gradient":""}},"ast-content-background-meta":{"desktop":{"background-color":"var(--ast-global-color-5)","background-image":"","background-repeat":"repeat","background-position":"center center","background-size":"auto","background-attachment":"scroll","background-type":"","background-media":"","overlay-type":"","overlay-color":"","overlay-opacity":"","overlay-gradient":""},"tablet":{"background-color":"var(--ast-global-color-5)","background-image":"","background-repeat":"repeat","background-position":"center center","background-size":"auto","background-attachment":"scroll","background-type":"","background-media":"","overlay-type":"","overlay-color":"","overlay-opacity":"","overlay-gradient":""},"mobile":{"background-color":"var(--ast-global-color-5)","background-image":"","background-repeat":"repeat","background-position":"center center","background-size":"auto","background-attachment":"scroll","background-type":"","background-media":"","overlay-type":"","overlay-color":"","overlay-opacity":"","overlay-gradient":""}},"footnotes":""},"class_list":["post-77","page","type-page","status-publish","hentry"],"post_mailing_queue_ids":[],"_links":{"self":[{"href":"https:\/\/agora.xtec.cat\/ceip-turodelcargol\/wp-json\/wp\/v2\/pages\/77","targetHints":{"allow":["GET"]}}],"collection":[{"href":"https:\/\/agora.xtec.cat\/ceip-turodelcargol\/wp-json\/wp\/v2\/pages"}],"about":[{"href":"https:\/\/agora.xtec.cat\/ceip-turodelcargol\/wp-json\/wp\/v2\/types\/page"}],"author":[{"embeddable":true,"href":"https:\/\/agora.xtec.cat\/ceip-turodelcargol\/wp-json\/wp\/v2\/users\/1"}],"replies":[{"embeddable":true,"href":"https:\/\/agora.xtec.cat\/ceip-turodelcargol\/wp-json\/wp\/v2\/comments?post=77"}],"version-history":[{"count":3,"href":"https:\/\/agora.xtec.cat\/ceip-turodelcargol\/wp-json\/wp\/v2\/pages\/77\/revisions"}],"predecessor-version":[{"id":5378,"href":"https:\/\/agora.xtec.cat\/ceip-turodelcargol\/wp-json\/wp\/v2\/pages\/77\/revisions\/5378"}],"up":[{"embeddable":true,"href":"https:\/\/agora.xtec.cat\/ceip-turodelcargol\/wp-json\/wp\/v2\/pages\/66"}],"wp:attachment":[{"href":"https:\/\/agora.xtec.cat\/ceip-turodelcargol\/wp-json\/wp\/v2\/media?parent=77"}],"curies":[{"name":"wp","href":"https:\/\/api.w.org\/{rel}","templated":true}]}}