{"id":4840,"date":"2022-02-11T12:18:26","date_gmt":"2022-02-11T11:18:26","guid":{"rendered":"https:\/\/agora.xtec.cat\/ceip-turodelcargol\/?page_id=4840"},"modified":"2025-07-06T18:00:03","modified_gmt":"2025-07-06T16:00:03","slug":"unesco","status":"publish","type":"page","link":"https:\/\/agora.xtec.cat\/ceip-turodelcargol\/unesco\/","title":{"rendered":"UNESCO"},"content":{"rendered":"<p style=\"text-align: right;\"><b><i>\u201c Pel que fa a l\u2019educaci\u00f3 i l\u2019aprenentatge cal anar m\u00e9s enll\u00e0 d\u2019un utilitarisme i un economicisme encotillat i integrar les dimensions m\u00faltiples de l\u2019exist\u00e8ncia humana.<\/i><\/b><\/p>\n<p style=\"text-align: right;\"><b><i>Aquesta visi\u00f3 posa \u00e8mfasi en la inclusi\u00f3 de persones que sovint s\u00f3n objecte de discriminaci\u00f3: dones i nenes, ind\u00edgenas, persones amb discapacitats, immigrants, gent gran i persones que viuen en pa\u00efsos afectats pel conflicte. Cal una visi\u00f3 oberta i flexible de l\u2019aprenentatge que duri tota la vida i ocupi tota la vida: una visi\u00f3 que ofereix l\u2019oportunitat perqu\u00e8 tothom descobreixi el seu potencial per a un futur sostenible i una vida amb dignitat\u201d<\/i><\/b><\/p>\n<p style=\"text-align: right;\"><b><i>Repensar l\u2019educaci\u00f3. Vers un b\u00e9 educatiu mundial?<\/i><\/b><\/p>\n<p style=\"text-align: right;\"><b><i>Centre UNESCO de Catalunya, 2015.<\/i><\/b><\/p>\n<p><span style=\"font-weight: 400;\">Som una escola adherida a la xarxa d\u2019escoles UNESCO amb l\u2019objectiu de fomentar la cooperaci\u00f3 i la pau internacionals a trav\u00e9s de l\u2019educaci\u00f3 escolar.<\/span><\/p>\n<p><span style=\"font-weight: 400;\">Les escoles associades inclouen en el seu Projecte Educatiu els seg\u00fcents temes:<\/span><\/p>\n<ul>\n<li style=\"font-weight: 400;\" aria-level=\"1\"><span style=\"font-weight: 400;\">Els problemes mundials i el paper de les organitzacions del sistema de les Nacions Unides en la seva resoluci\u00f3.<\/span><\/li>\n<li style=\"font-weight: 400;\" aria-level=\"1\"><span style=\"font-weight: 400;\">La difusi\u00f3 i el respecte dels drets humans.<\/span><\/li>\n<li style=\"font-weight: 400;\" aria-level=\"1\"><span style=\"font-weight: 400;\">El coneixement dels altres pa\u00efsos i les altres cultures, a partir del coneixement i de la valoraci\u00f3 de la pr\u00f2pia.<\/span><\/li>\n<li style=\"font-weight: 400;\" aria-level=\"1\"><span style=\"font-weight: 400;\">L\u2019an\u00e0lisi dels problemes mediambientals. \u00c9s convenient que l\u2019educaci\u00f3 per a la cooperaci\u00f3 i la pau internacionals sigui un element que s\u2019integri en el marc de\u00a0 les assignatures ja existents, incorporar aquests temes com a eixos transversals.<\/span><\/li>\n<\/ul>\n<p><b>SETMANA UNESCO <\/b><span style=\"font-weight: 400;\">\u00a0<\/span><\/p>\n<p><span style=\"font-weight: 400;\">Aquest any la setmana UNESCO 2022 \u00e9s <\/span><span style=\"font-weight: 400;\">del 13 al 20 de novembre.<\/span><\/p>\n<p><span style=\"font-weight: 400;\">Es proposa que al llarg de la setmana es faci alguna activitat relacionada amb algun dels objectius de la UNESCO, que per les escoles b\u00e0sicament s\u00f3n: ciutadania, cultura de pau i no viol\u00e8ncia, solidaritat, patrimoni i desenvolupament sostenible. Pot ser un debat, una exposici\u00f3, presentaci\u00f3 d&#8217;una campanya solid\u00e0ria, un petit concert&#8230; tamb\u00e9 es pot fer sobre la pr\u00f2pia instituci\u00f3 UNESCO. L&#8217;objectiu \u00e9s donar visibilitat a la comunitat educativa que som escola UNESCO.<\/span><\/p>\n","protected":false},"excerpt":{"rendered":"<p>\u201c Pel que fa a l\u2019educaci\u00f3 i l\u2019aprenentatge cal anar m\u00e9s enll\u00e0 d\u2019un utilitarisme i un economicisme encotillat i integrar les dimensions m\u00faltiples de l\u2019exist\u00e8ncia humana. Aquesta visi\u00f3 posa \u00e8mfasi en la inclusi\u00f3 de persones que sovint s\u00f3n objecte de discriminaci\u00f3: dones i nenes, ind\u00edgenas, persones amb discapacitats, immigrants, gent gran i persones que viuen [&hellip;]<\/p>\n","protected":false},"author":1,"featured_media":0,"parent":0,"menu_order":0,"comment_status":"closed","ping_status":"closed","template":"","meta":{"_bbp_topic_count":0,"_bbp_reply_count":0,"_bbp_total_topic_count":0,"_bbp_total_reply_count":0,"_bbp_voice_count":0,"_bbp_anonymous_reply_count":0,"_bbp_topic_count_hidden":0,"_bbp_reply_count_hidden":0,"_bbp_forum_subforum_count":0,"site-sidebar-layout":"default","site-content-layout":"","ast-site-content-layout":"default","site-content-style":"default","site-sidebar-style":"default","ast-global-header-display":"","ast-banner-title-visibility":"","ast-main-header-display":"","ast-hfb-above-header-display":"","ast-hfb-below-header-display":"","ast-hfb-mobile-header-display":"","site-post-title":"","ast-breadcrumbs-content":"","ast-featured-img":"","footer-sml-layout":"","theme-transparent-header-meta":"","adv-header-id-meta":"","stick-header-meta":"","header-above-stick-meta":"","header-main-stick-meta":"","header-below-stick-meta":"","astra-migrate-meta-layouts":"set","ast-page-background-enabled":"default","ast-page-background-meta":{"desktop":{"background-color":"var(--ast-global-color-4)","background-image":"","background-repeat":"repeat","background-position":"center center","background-size":"auto","background-attachment":"scroll","background-type":"","background-media":"","overlay-type":"","overlay-color":"","overlay-opacity":"","overlay-gradient":""},"tablet":{"background-color":"","background-image":"","background-repeat":"repeat","background-position":"center center","background-size":"auto","background-attachment":"scroll","background-type":"","background-media":"","overlay-type":"","overlay-color":"","overlay-opacity":"","overlay-gradient":""},"mobile":{"background-color":"","background-image":"","background-repeat":"repeat","background-position":"center center","background-size":"auto","background-attachment":"scroll","background-type":"","background-media":"","overlay-type":"","overlay-color":"","overlay-opacity":"","overlay-gradient":""}},"ast-content-background-meta":{"desktop":{"background-color":"var(--ast-global-color-5)","background-image":"","background-repeat":"repeat","background-position":"center center","background-size":"auto","background-attachment":"scroll","background-type":"","background-media":"","overlay-type":"","overlay-color":"","overlay-opacity":"","overlay-gradient":""},"tablet":{"background-color":"var(--ast-global-color-5)","background-image":"","background-repeat":"repeat","background-position":"center center","background-size":"auto","background-attachment":"scroll","background-type":"","background-media":"","overlay-type":"","overlay-color":"","overlay-opacity":"","overlay-gradient":""},"mobile":{"background-color":"var(--ast-global-color-5)","background-image":"","background-repeat":"repeat","background-position":"center center","background-size":"auto","background-attachment":"scroll","background-type":"","background-media":"","overlay-type":"","overlay-color":"","overlay-opacity":"","overlay-gradient":""}},"footnotes":""},"class_list":["post-4840","page","type-page","status-publish","hentry"],"post_mailing_queue_ids":[],"_links":{"self":[{"href":"https:\/\/agora.xtec.cat\/ceip-turodelcargol\/wp-json\/wp\/v2\/pages\/4840","targetHints":{"allow":["GET"]}}],"collection":[{"href":"https:\/\/agora.xtec.cat\/ceip-turodelcargol\/wp-json\/wp\/v2\/pages"}],"about":[{"href":"https:\/\/agora.xtec.cat\/ceip-turodelcargol\/wp-json\/wp\/v2\/types\/page"}],"author":[{"embeddable":true,"href":"https:\/\/agora.xtec.cat\/ceip-turodelcargol\/wp-json\/wp\/v2\/users\/1"}],"replies":[{"embeddable":true,"href":"https:\/\/agora.xtec.cat\/ceip-turodelcargol\/wp-json\/wp\/v2\/comments?post=4840"}],"version-history":[{"count":5,"href":"https:\/\/agora.xtec.cat\/ceip-turodelcargol\/wp-json\/wp\/v2\/pages\/4840\/revisions"}],"predecessor-version":[{"id":6653,"href":"https:\/\/agora.xtec.cat\/ceip-turodelcargol\/wp-json\/wp\/v2\/pages\/4840\/revisions\/6653"}],"wp:attachment":[{"href":"https:\/\/agora.xtec.cat\/ceip-turodelcargol\/wp-json\/wp\/v2\/media?parent=4840"}],"curies":[{"name":"wp","href":"https:\/\/api.w.org\/{rel}","templated":true}]}}