{"id":4838,"date":"2022-02-11T12:18:26","date_gmt":"2022-02-11T11:18:26","guid":{"rendered":"https:\/\/agora.xtec.cat\/ceip-turodelcargol\/?page_id=4838"},"modified":"2022-02-14T11:46:52","modified_gmt":"2022-02-14T10:46:52","slug":"hort-escolar","status":"publish","type":"page","link":"https:\/\/agora.xtec.cat\/ceip-turodelcargol\/hort-escolar\/","title":{"rendered":"Hort escolar"},"content":{"rendered":"<p><span style=\"font-weight: 400;\"><img loading=\"lazy\" decoding=\"async\" class=\"alignright wp-image-4916\" src=\"https:\/\/agora.xtec.cat\/ceip-turodelcargol\/wp-content\/uploads\/usu1548\/2022\/02\/HORT2-scaled.jpg\" alt=\"\" width=\"789\" height=\"341\" srcset=\"https:\/\/agora.xtec.cat\/ceip-turodelcargol\/wp-content\/uploads\/usu1548\/2022\/02\/HORT2-scaled.jpg 2560w, https:\/\/agora.xtec.cat\/ceip-turodelcargol\/wp-content\/uploads\/usu1548\/2022\/02\/HORT2-300x130.jpg 300w, https:\/\/agora.xtec.cat\/ceip-turodelcargol\/wp-content\/uploads\/usu1548\/2022\/02\/HORT2-1024x442.jpg 1024w, https:\/\/agora.xtec.cat\/ceip-turodelcargol\/wp-content\/uploads\/usu1548\/2022\/02\/HORT2-768x332.jpg 768w, https:\/\/agora.xtec.cat\/ceip-turodelcargol\/wp-content\/uploads\/usu1548\/2022\/02\/HORT2-1536x663.jpg 1536w, https:\/\/agora.xtec.cat\/ceip-turodelcargol\/wp-content\/uploads\/usu1548\/2022\/02\/HORT2-2048x884.jpg 2048w\" sizes=\"auto, (max-width: 789px) 100vw, 789px\" \/>Aquest projecte es justifica perqu\u00e8 creiem que \u00e9s necessari introduir nous elements i situacions d\u2019aprenentatge a <\/span><span style=\"font-weight: 400;\">l\u2019escola per tal de poder fer que l\u2019escola encara m\u00e9s atractiva a l\u2019alumnat,\u00a0 als\u00a0pares i a les mares. <\/span><span style=\"font-weight: 400;\">Amb l\u2019hort escolar es pret\u00e9n motivar i responsabilitzar als\/les alumnes partint dels seus interessos fent servir eines\u00a0 <\/span><span style=\"font-weight: 400;\">suggestives i atraients, aix\u00ed com possibilitar-los el domini de t\u00e8cniques instrumentals i estrat\u00e8gies que possibilitin una\u00a0<\/span><span style=\"font-weight: 400;\">participaci\u00f3 activa, <\/span><span style=\"font-weight: 400;\">cr\u00edtica i creativa.<\/span><\/p>\n<p><span style=\"font-weight: 400;\">Els objectius did\u00e0ctics del projecte de l\u2019hort escolar i espais verds, amb els seus corresponents\u00a0 continguts\u00a0 es distribuiran al\u00a0 llarg del\u00a0 curs seguint tres\u00a0 cicles naturals: tardor, hivern i primavera i es desenvoluparan dintre de l\u2019\u00e0rea de coneixement del medi natural i social i en els eixos transversals d\u2019educaci\u00f3 per la salut, medi ambient, alimentaci\u00f3 correcta i sostenibilitat.<\/span><\/p>\n<p><span style=\"font-weight: 400;\">L\u2019hort\u00a0 permet als\/les alumnes a prendre consci\u00e8ncia de la import\u00e0ncia de protegir i conservar la natura evitant la utilitzaci\u00f3 de productes no naturals que actualment es fan servir (herbicides, fungicides, insecticides i verins) i produeixen alteracions en animals i persones tals com alteracions del sistema nervi\u00f3s, de l\u2019aparell\u00a0<\/span><span style=\"font-weight: 400;\">reproductor i alteracions cel\u00b7lulars, esgotant els s\u00f2ls i deixant-los improductius.<\/span><\/p>\n<p><span style=\"font-weight: 400;\">En aquest projecte treballaran tots el nivells de l\u2019escola, adaptant els objectius generals del projecte als objectius de cada unitat de l\u2019\u00e0rea de coneixement del medi natural i social.<\/span><\/p>\n<p><b>Objectius generals del projecte:<\/b><\/p>\n<ul>\n<li style=\"font-weight: 400;\" aria-level=\"1\"><span style=\"font-weight: 400;\">Con\u00e8ixer tots els aspectes relacionats amb l\u2019hort escolar, i la cura de plantes i animals de l\u2019entorn (insectes, microorganismes&#8230;)<\/span><\/li>\n<li style=\"font-weight: 400;\" aria-level=\"1\"><span style=\"font-weight: 400;\">Analitzar les diferents actuacions humanes i les seves conseq\u00fc\u00e8ncies.<\/span><\/li>\n<li style=\"font-weight: 400;\" aria-level=\"1\"><span style=\"font-weight: 400;\">Aplicar els coneixements adquirits a la vida ordin\u00e0ria.<\/span><\/li>\n<li style=\"font-weight: 400;\" aria-level=\"1\"><span style=\"font-weight: 400;\">Saber fer anar les diferents eines i materials de l\u2019hort.<\/span><\/li>\n<li style=\"font-weight: 400;\" aria-level=\"1\"><span style=\"font-weight: 400;\">Recollir dades i informaci\u00f3.<\/span><\/li>\n<li style=\"font-weight: 400;\" aria-level=\"1\"><span style=\"font-weight: 400;\">Interpretar dades.<\/span><\/li>\n<li style=\"font-weight: 400;\" aria-level=\"1\"><span style=\"font-weight: 400;\">Confeccionar materials de treball v\u00e0lids per l\u2019activitat.<\/span><\/li>\n<li style=\"font-weight: 400;\" aria-level=\"1\"><span style=\"font-weight: 400;\">Planificar l\u2019activitat conjuntament.<\/span><\/li>\n<li style=\"font-weight: 400;\" aria-level=\"1\"><span style=\"font-weight: 400;\">Utilitzar les t\u00e8cniques instrumentals, lectura, escriptura i c\u00e0lcul, al conreu\u00a0 de l\u2019hort.<\/span><\/li>\n<li style=\"font-weight: 400;\" aria-level=\"1\"><span style=\"font-weight: 400;\">Transformar i incloure els productes de l\u2019hort dins de la dieta de cadascun.<\/span><\/li>\n<li style=\"font-weight: 400;\" aria-level=\"1\"><span style=\"font-weight: 400;\">Habituar-se al fet que la vida a l\u2019aire lliure \u00e9s saludable.<\/span><\/li>\n<li style=\"font-weight: 400;\" aria-level=\"1\"><span style=\"font-weight: 400;\">Apreciar la import\u00e0ncia de la feina agr\u00edcola<\/span><\/li>\n<li style=\"font-weight: 400;\" aria-level=\"1\"><span style=\"font-weight: 400;\">Valorar la import\u00e0ncia de tenir cura d\u2019animals i plantes.<\/span><\/li>\n<li style=\"font-weight: 400;\" aria-level=\"1\"><span style=\"font-weight: 400;\">Interessar-se pel medi ambient natural.<\/span><\/li>\n<\/ul>\n<p><span style=\"font-weight: 400;\">Aquest curs hem instal\u00b7lat \u201cpalets\u201d per l\u2019escola on els nens i nenes i mestres hem portat plantes, les hem plantat i l\u2019alumnat s&#8217;encarrega de regar-les per poder tenir una escola m\u00e9s verda.<\/span><\/p>\n<p><img loading=\"lazy\" decoding=\"async\" class=\"wp-image-4918 aligncenter\" src=\"https:\/\/agora.xtec.cat\/ceip-turodelcargol\/wp-content\/uploads\/usu1548\/2022\/02\/HORT3-scaled.jpg\" alt=\"\" width=\"1315\" height=\"495\" srcset=\"https:\/\/agora.xtec.cat\/ceip-turodelcargol\/wp-content\/uploads\/usu1548\/2022\/02\/HORT3-scaled.jpg 2560w, https:\/\/agora.xtec.cat\/ceip-turodelcargol\/wp-content\/uploads\/usu1548\/2022\/02\/HORT3-300x113.jpg 300w, https:\/\/agora.xtec.cat\/ceip-turodelcargol\/wp-content\/uploads\/usu1548\/2022\/02\/HORT3-1024x386.jpg 1024w, https:\/\/agora.xtec.cat\/ceip-turodelcargol\/wp-content\/uploads\/usu1548\/2022\/02\/HORT3-768x289.jpg 768w, https:\/\/agora.xtec.cat\/ceip-turodelcargol\/wp-content\/uploads\/usu1548\/2022\/02\/HORT3-1536x578.jpg 1536w, https:\/\/agora.xtec.cat\/ceip-turodelcargol\/wp-content\/uploads\/usu1548\/2022\/02\/HORT3-2048x771.jpg 2048w\" sizes=\"auto, (max-width: 1315px) 100vw, 1315px\" \/><\/p>\n<p><img loading=\"lazy\" decoding=\"async\" class=\"aligncenter wp-image-4915\" src=\"https:\/\/agora.xtec.cat\/ceip-turodelcargol\/wp-content\/uploads\/usu1548\/2022\/02\/HORT1-scaled.jpg\" alt=\"\" width=\"1309\" height=\"656\" srcset=\"https:\/\/agora.xtec.cat\/ceip-turodelcargol\/wp-content\/uploads\/usu1548\/2022\/02\/HORT1-scaled.jpg 2560w, https:\/\/agora.xtec.cat\/ceip-turodelcargol\/wp-content\/uploads\/usu1548\/2022\/02\/HORT1-300x150.jpg 300w, https:\/\/agora.xtec.cat\/ceip-turodelcargol\/wp-content\/uploads\/usu1548\/2022\/02\/HORT1-1024x513.jpg 1024w, https:\/\/agora.xtec.cat\/ceip-turodelcargol\/wp-content\/uploads\/usu1548\/2022\/02\/HORT1-768x385.jpg 768w, https:\/\/agora.xtec.cat\/ceip-turodelcargol\/wp-content\/uploads\/usu1548\/2022\/02\/HORT1-1536x770.jpg 1536w, https:\/\/agora.xtec.cat\/ceip-turodelcargol\/wp-content\/uploads\/usu1548\/2022\/02\/HORT1-2048x1027.jpg 2048w\" sizes=\"auto, (max-width: 1309px) 100vw, 1309px\" \/><\/p>\n","protected":false},"excerpt":{"rendered":"<p>Aquest projecte es justifica perqu\u00e8 creiem que \u00e9s necessari introduir nous elements i situacions d\u2019aprenentatge a l\u2019escola per tal de poder fer que l\u2019escola encara m\u00e9s atractiva a l\u2019alumnat,\u00a0 als\u00a0pares i a les mares. Amb l\u2019hort escolar es pret\u00e9n motivar i responsabilitzar als\/les alumnes partint dels seus interessos fent servir eines\u00a0 suggestives i atraients, aix\u00ed [&hellip;]<\/p>\n","protected":false},"author":1,"featured_media":0,"parent":0,"menu_order":0,"comment_status":"closed","ping_status":"closed","template":"","meta":{"_bbp_topic_count":0,"_bbp_reply_count":0,"_bbp_total_topic_count":0,"_bbp_total_reply_count":0,"_bbp_voice_count":0,"_bbp_anonymous_reply_count":0,"_bbp_topic_count_hidden":0,"_bbp_reply_count_hidden":0,"_bbp_forum_subforum_count":0,"site-sidebar-layout":"default","site-content-layout":"","ast-site-content-layout":"","site-content-style":"default","site-sidebar-style":"default","ast-global-header-display":"","ast-banner-title-visibility":"","ast-main-header-display":"","ast-hfb-above-header-display":"","ast-hfb-below-header-display":"","ast-hfb-mobile-header-display":"","site-post-title":"","ast-breadcrumbs-content":"","ast-featured-img":"","footer-sml-layout":"","theme-transparent-header-meta":"","adv-header-id-meta":"","stick-header-meta":"","header-above-stick-meta":"","header-main-stick-meta":"","header-below-stick-meta":"","astra-migrate-meta-layouts":"default","ast-page-background-enabled":"default","ast-page-background-meta":{"desktop":{"background-color":"var(--ast-global-color-4)","background-image":"","background-repeat":"repeat","background-position":"center center","background-size":"auto","background-attachment":"scroll","background-type":"","background-media":"","overlay-type":"","overlay-color":"","overlay-opacity":"","overlay-gradient":""},"tablet":{"background-color":"","background-image":"","background-repeat":"repeat","background-position":"center center","background-size":"auto","background-attachment":"scroll","background-type":"","background-media":"","overlay-type":"","overlay-color":"","overlay-opacity":"","overlay-gradient":""},"mobile":{"background-color":"","background-image":"","background-repeat":"repeat","background-position":"center center","background-size":"auto","background-attachment":"scroll","background-type":"","background-media":"","overlay-type":"","overlay-color":"","overlay-opacity":"","overlay-gradient":""}},"ast-content-background-meta":{"desktop":{"background-color":"var(--ast-global-color-5)","background-image":"","background-repeat":"repeat","background-position":"center center","background-size":"auto","background-attachment":"scroll","background-type":"","background-media":"","overlay-type":"","overlay-color":"","overlay-opacity":"","overlay-gradient":""},"tablet":{"background-color":"var(--ast-global-color-5)","background-image":"","background-repeat":"repeat","background-position":"center center","background-size":"auto","background-attachment":"scroll","background-type":"","background-media":"","overlay-type":"","overlay-color":"","overlay-opacity":"","overlay-gradient":""},"mobile":{"background-color":"var(--ast-global-color-5)","background-image":"","background-repeat":"repeat","background-position":"center center","background-size":"auto","background-attachment":"scroll","background-type":"","background-media":"","overlay-type":"","overlay-color":"","overlay-opacity":"","overlay-gradient":""}},"footnotes":""},"class_list":["post-4838","page","type-page","status-publish","hentry"],"post_mailing_queue_ids":[],"_links":{"self":[{"href":"https:\/\/agora.xtec.cat\/ceip-turodelcargol\/wp-json\/wp\/v2\/pages\/4838","targetHints":{"allow":["GET"]}}],"collection":[{"href":"https:\/\/agora.xtec.cat\/ceip-turodelcargol\/wp-json\/wp\/v2\/pages"}],"about":[{"href":"https:\/\/agora.xtec.cat\/ceip-turodelcargol\/wp-json\/wp\/v2\/types\/page"}],"author":[{"embeddable":true,"href":"https:\/\/agora.xtec.cat\/ceip-turodelcargol\/wp-json\/wp\/v2\/users\/1"}],"replies":[{"embeddable":true,"href":"https:\/\/agora.xtec.cat\/ceip-turodelcargol\/wp-json\/wp\/v2\/comments?post=4838"}],"version-history":[{"count":3,"href":"https:\/\/agora.xtec.cat\/ceip-turodelcargol\/wp-json\/wp\/v2\/pages\/4838\/revisions"}],"predecessor-version":[{"id":4919,"href":"https:\/\/agora.xtec.cat\/ceip-turodelcargol\/wp-json\/wp\/v2\/pages\/4838\/revisions\/4919"}],"wp:attachment":[{"href":"https:\/\/agora.xtec.cat\/ceip-turodelcargol\/wp-json\/wp\/v2\/media?parent=4838"}],"curies":[{"name":"wp","href":"https:\/\/api.w.org\/{rel}","templated":true}]}}