{"id":4834,"date":"2022-02-11T12:18:26","date_gmt":"2022-02-11T11:18:26","guid":{"rendered":"https:\/\/agora.xtec.cat\/ceip-turodelcargol\/?page_id=4834"},"modified":"2022-02-11T12:51:19","modified_gmt":"2022-02-11T11:51:19","slug":"siei","status":"publish","type":"page","link":"https:\/\/agora.xtec.cat\/ceip-turodelcargol\/siei\/","title":{"rendered":"SIEI"},"content":{"rendered":"<p><b>QU\u00c8 \u00c9S EL SIEI? (Suport Intensiu per a l&#8217;Escolaritzaci\u00f3 Inclusiva)<\/b><\/p>\n<p><span style=\"font-weight: 400;\">S\u00f3n dotacions extraordin\u00e0ries de professionals que\u00a0<\/span><span style=\"font-weight: 400;\">s&#8217;incorporen a les plantilles com a recursos intensius i<\/span><\/p>\n<p><img loading=\"lazy\" decoding=\"async\" class=\"wp-image-4864 alignright\" src=\"https:\/\/agora.xtec.cat\/ceip-turodelcargol\/wp-content\/uploads\/usu1548\/2022\/02\/1.png\" alt=\"\" width=\"199\" height=\"161\" \/><span style=\"font-family: inherit; font-size: 1em;\">conjunturals, que es sumen als recursos d&#8217;atenci\u00f3 a la\u00a0<\/span><span style=\"font-weight: 400;\">diversitat universals i addicionals que els centres ja\u00a0<\/span><span style=\"font-weight: 400;\">disposen.<\/span><\/p>\n<p>&nbsp;<\/p>\n<p>&nbsp;<\/p>\n<p>&nbsp;<\/p>\n<p>&nbsp;<\/p>\n<p><b>QU\u00c8 FAN AQUESTS PROFESSIONALS DE\u00a0<\/b><b>SUPORT?\u00a0<\/b><\/p>\n<p><span style=\"font-weight: 400;\">Sumem a l\u2019 equip de mestres especialistes de suport a la inclusi\u00f3\u00a0<\/span><span style=\"font-weight: 400;\">que ja t\u00e9 el centre (MEE. MALL, Orientador\/a..), i han de <\/span><img loading=\"lazy\" decoding=\"async\" class=\"wp-image-4865 alignright\" src=\"https:\/\/agora.xtec.cat\/ceip-turodelcargol\/wp-content\/uploads\/usu1548\/2022\/02\/2.png\" alt=\"\" width=\"195\" height=\"125\" \/><span style=\"font-weight: 400;\">col\u00b7laborar en la creaci\u00f3 d&#8217;entorns d&#8217;aprenentatge valuosos per a\u00a0<\/span><span style=\"font-weight: 400;\">tots els alumnes, especialment, per als que presenten NESE. <\/span><\/p>\n<p>&nbsp;<\/p>\n<p>&nbsp;<\/p>\n<p>&nbsp;<\/p>\n<p>&nbsp;<\/p>\n<p><b>QUANTS ALUMNES PODEN REBRE AQUEST\u00a0<\/b><b>SUPORT?\u00a0<\/b><\/p>\n<p><img loading=\"lazy\" decoding=\"async\" class=\"size-full wp-image-4866 alignright\" src=\"https:\/\/agora.xtec.cat\/ceip-turodelcargol\/wp-content\/uploads\/usu1548\/2022\/02\/3.png\" alt=\"\" width=\"148\" height=\"139\" \/><\/p>\n<p><span style=\"font-weight: 400;\">El SIEI pot atendre un m\u00e0xim de 10 alumnes i un m\u00ednim de 5.\u00a0<\/span><\/p>\n<p>&nbsp;<\/p>\n<p>&nbsp;<\/p>\n<p>&nbsp;<\/p>\n<p>&nbsp;<\/p>\n<p><b>QUIN \u00c9S EL PERFIL D\u2019ALUMNAT?\u00a0<\/b><\/p>\n<p style=\"font-family: 'Helvetica Neue', Helvetica, Helvetica, Arial, sans-serif; font-size: 16px;\"><img loading=\"lazy\" decoding=\"async\" class=\"size-full wp-image-4867 alignright\" src=\"https:\/\/agora.xtec.cat\/ceip-turodelcargol\/wp-content\/uploads\/usu1548\/2022\/02\/4.png\" alt=\"\" width=\"149\" height=\"124\" \/><\/p>\n<p><span style=\"font-weight: 400;\">S\u00f3n alumnes amb necessitats educatives especials derivades de\u00a0<\/span><span style=\"font-weight: 400;\">limitacions molt significatives, tant en el funcionament intel\u00b7lectual\u00a0<\/span><span style=\"font-family: inherit; font-size: 1em;\">com en la conducta adaptativa, que requereixen mesures i\u00a0<\/span><span style=\"font-weight: 400;\">suports intensius.\u00a0<\/span><\/p>\n<p>&nbsp;<\/p>\n<p>&nbsp;<\/p>\n<p>&nbsp;<\/p>\n<p>&nbsp;<\/p>\n<p><b>QUAN UN ALUMNE POT REBRE EL SUPORT SIEI?\u00a0<\/b><\/p>\n<p><img loading=\"lazy\" decoding=\"async\" class=\"size-full wp-image-4868 alignright\" src=\"https:\/\/agora.xtec.cat\/ceip-turodelcargol\/wp-content\/uploads\/usu1548\/2022\/02\/5.png\" alt=\"\" width=\"135\" height=\"141\" \/><\/p>\n<p><span style=\"font-weight: 400;\">La proposta d&#8217;escolaritzaci\u00f3 SIEI respon a l&#8217;informe de l&#8217;EAP de\u00a0<\/span><span style=\"font-weight: 400;\">reconeixement de necessitats espec\u00edfiques de suport educatiu, per\u00a0<\/span><span style=\"font-weight: 400;\">als alumnes escolaritzats des de 2n cicle educaci\u00f3 infantil fins a 4t\u00a0<\/span><span style=\"font-weight: 400;\">ESO.\u00a0<\/span><\/p>\n<p>&nbsp;<\/p>\n<p>&nbsp;<\/p>\n<p>&nbsp;<\/p>\n<p>&nbsp;<\/p>\n<p><b>QUI \u00c9S EL REFERENT D\u2019AQUEST ALUMNAT?\u00a0<\/b><\/p>\n<p><span style=\"font-weight: 400;\">Com la resta d&#8217;alumnat del centre, l&#8217;atenci\u00f3 dels alumnes que\u00a0<\/span><span style=\"font-weight: 400;\">reben aquest suport \u00e9s responsabilitat de tot l&#8217;equip docent i en\u00a0<\/span><span style=\"font-weight: 400;\">concret del tutor o tutora del grup de refer\u00e8ncia en col\u00b7laboraci\u00f3\u00a0<\/span><span style=\"font-weight: 400;\">amb l&#8217;equip d&#8217;especialistes.<\/span><\/p>\n<p>&nbsp;<\/p>\n<p><b>COM S\u2019ORGANITZA AQUEST SUPORT?\u00a0<\/b><\/p>\n<p><span style=\"font-weight: 400;\">La intervenci\u00f3 priorit\u00e0ria t\u00e9 lloc dins l&#8217;aula ordin\u00e0ria. Es valoren\u00a0<\/span><span style=\"font-weight: 400;\">altres modalitats de suport com (petits grups, atenci\u00f3 <\/span><span style=\"font-weight: 400;\">individualitzada en funci\u00f3 de les necessitats del moment de\u00a0<\/span><span style=\"font-weight: 400;\">cada alumne) El fet de disposar puntualment, com a recurs,\u00a0<\/span><span style=\"font-weight: 400;\">d&#8217;un espai espec\u00edfic o compartit de grup redu\u00eft, ha d&#8217;anar\u00a0<\/span><span style=\"font-weight: 400;\">acompanyat d&#8217;una planificaci\u00f3 que justifiqui la tasca educativa.<\/span><\/p>\n<p><img loading=\"lazy\" decoding=\"async\" class=\"aligncenter size-full wp-image-4869\" src=\"https:\/\/agora.xtec.cat\/ceip-turodelcargol\/wp-content\/uploads\/usu1548\/2022\/02\/6.png\" alt=\"\" width=\"194\" height=\"175\" \/><\/p>\n","protected":false},"excerpt":{"rendered":"<p>QU\u00c8 \u00c9S EL SIEI? (Suport Intensiu per a l&#8217;Escolaritzaci\u00f3 Inclusiva) S\u00f3n dotacions extraordin\u00e0ries de professionals que\u00a0s&#8217;incorporen a les plantilles com a recursos intensius i conjunturals, que es sumen als recursos d&#8217;atenci\u00f3 a la\u00a0diversitat universals i addicionals que els centres ja\u00a0disposen. &nbsp; &nbsp; &nbsp; &nbsp; QU\u00c8 FAN AQUESTS PROFESSIONALS DE\u00a0SUPORT?\u00a0 Sumem a l\u2019 equip de mestres [&hellip;]<\/p>\n","protected":false},"author":1,"featured_media":0,"parent":0,"menu_order":0,"comment_status":"closed","ping_status":"closed","template":"","meta":{"_bbp_topic_count":0,"_bbp_reply_count":0,"_bbp_total_topic_count":0,"_bbp_total_reply_count":0,"_bbp_voice_count":0,"_bbp_anonymous_reply_count":0,"_bbp_topic_count_hidden":0,"_bbp_reply_count_hidden":0,"_bbp_forum_subforum_count":0,"site-sidebar-layout":"default","site-content-layout":"","ast-site-content-layout":"","site-content-style":"default","site-sidebar-style":"default","ast-global-header-display":"","ast-banner-title-visibility":"","ast-main-header-display":"","ast-hfb-above-header-display":"","ast-hfb-below-header-display":"","ast-hfb-mobile-header-display":"","site-post-title":"","ast-breadcrumbs-content":"","ast-featured-img":"","footer-sml-layout":"","theme-transparent-header-meta":"","adv-header-id-meta":"","stick-header-meta":"","header-above-stick-meta":"","header-main-stick-meta":"","header-below-stick-meta":"","astra-migrate-meta-layouts":"default","ast-page-background-enabled":"default","ast-page-background-meta":{"desktop":{"background-color":"var(--ast-global-color-4)","background-image":"","background-repeat":"repeat","background-position":"center center","background-size":"auto","background-attachment":"scroll","background-type":"","background-media":"","overlay-type":"","overlay-color":"","overlay-opacity":"","overlay-gradient":""},"tablet":{"background-color":"","background-image":"","background-repeat":"repeat","background-position":"center center","background-size":"auto","background-attachment":"scroll","background-type":"","background-media":"","overlay-type":"","overlay-color":"","overlay-opacity":"","overlay-gradient":""},"mobile":{"background-color":"","background-image":"","background-repeat":"repeat","background-position":"center center","background-size":"auto","background-attachment":"scroll","background-type":"","background-media":"","overlay-type":"","overlay-color":"","overlay-opacity":"","overlay-gradient":""}},"ast-content-background-meta":{"desktop":{"background-color":"var(--ast-global-color-5)","background-image":"","background-repeat":"repeat","background-position":"center center","background-size":"auto","background-attachment":"scroll","background-type":"","background-media":"","overlay-type":"","overlay-color":"","overlay-opacity":"","overlay-gradient":""},"tablet":{"background-color":"var(--ast-global-color-5)","background-image":"","background-repeat":"repeat","background-position":"center center","background-size":"auto","background-attachment":"scroll","background-type":"","background-media":"","overlay-type":"","overlay-color":"","overlay-opacity":"","overlay-gradient":""},"mobile":{"background-color":"var(--ast-global-color-5)","background-image":"","background-repeat":"repeat","background-position":"center center","background-size":"auto","background-attachment":"scroll","background-type":"","background-media":"","overlay-type":"","overlay-color":"","overlay-opacity":"","overlay-gradient":""}},"footnotes":""},"class_list":["post-4834","page","type-page","status-publish","hentry"],"post_mailing_queue_ids":[],"_links":{"self":[{"href":"https:\/\/agora.xtec.cat\/ceip-turodelcargol\/wp-json\/wp\/v2\/pages\/4834","targetHints":{"allow":["GET"]}}],"collection":[{"href":"https:\/\/agora.xtec.cat\/ceip-turodelcargol\/wp-json\/wp\/v2\/pages"}],"about":[{"href":"https:\/\/agora.xtec.cat\/ceip-turodelcargol\/wp-json\/wp\/v2\/types\/page"}],"author":[{"embeddable":true,"href":"https:\/\/agora.xtec.cat\/ceip-turodelcargol\/wp-json\/wp\/v2\/users\/1"}],"replies":[{"embeddable":true,"href":"https:\/\/agora.xtec.cat\/ceip-turodelcargol\/wp-json\/wp\/v2\/comments?post=4834"}],"version-history":[{"count":3,"href":"https:\/\/agora.xtec.cat\/ceip-turodelcargol\/wp-json\/wp\/v2\/pages\/4834\/revisions"}],"predecessor-version":[{"id":4870,"href":"https:\/\/agora.xtec.cat\/ceip-turodelcargol\/wp-json\/wp\/v2\/pages\/4834\/revisions\/4870"}],"wp:attachment":[{"href":"https:\/\/agora.xtec.cat\/ceip-turodelcargol\/wp-json\/wp\/v2\/media?parent=4834"}],"curies":[{"name":"wp","href":"https:\/\/api.w.org\/{rel}","templated":true}]}}