{"id":4160,"date":"2021-03-17T12:03:07","date_gmt":"2021-03-17T11:03:07","guid":{"rendered":"http:\/\/agora.xtec.cat\/ceip-turodelcargol\/?page_id=4160"},"modified":"2022-02-11T11:49:29","modified_gmt":"2022-02-11T10:49:29","slug":"educacio","status":"publish","type":"page","link":"https:\/\/agora.xtec.cat\/ceip-turodelcargol\/educacio\/","title":{"rendered":"Educaci\u00f3 Emocional"},"content":{"rendered":"<p><strong>L\u2019Educaci\u00f3 Emocional<\/strong><\/p>\n<p>L\u2018educaci\u00f3 emocional \u00e9s l&#8217;educaci\u00f3 centrada en l&#8217;\u00e0mbit de con\u00e8ixer i recon\u00e8ixer els sentiments i emocions, propis i dels altres, i fer-les servir de manera adaptativa. Aix\u00ed doncs, l&#8217;educaci\u00f3 emocional pret\u00e9n aprendre a identificar i expressar emocions i sentiments, treballant la forma d&#8217;interaccionar amb el m\u00f3n.<\/p>\n<p><img loading=\"lazy\" decoding=\"async\" class=\"aligncenter size-medium wp-image-4801\" src=\"https:\/\/agora.xtec.cat\/ceip-turodelcargol\/wp-content\/uploads\/usu1548\/2022\/02\/educacio_emocional-300x300.png\" alt=\"\" width=\"300\" height=\"300\" srcset=\"https:\/\/agora.xtec.cat\/ceip-turodelcargol\/wp-content\/uploads\/usu1548\/2022\/02\/educacio_emocional-300x300.png 300w, https:\/\/agora.xtec.cat\/ceip-turodelcargol\/wp-content\/uploads\/usu1548\/2022\/02\/educacio_emocional-150x150.png 150w, https:\/\/agora.xtec.cat\/ceip-turodelcargol\/wp-content\/uploads\/usu1548\/2022\/02\/educacio_emocional.png 700w\" sizes=\"auto, (max-width: 300px) 100vw, 300px\" \/><\/p>\n<p><a href=\"https:\/\/agora.xtec.cat\/ceip-turodelcargol\/educacio\/\"><!--more--><\/a><strong>Perqu\u00e8 \u00e9s important l\u2019educaci\u00f3 emocional a l\u2019escola?<\/strong><\/p>\n<ul>\n<li>Adquirir un millor coneixement de les pr\u00f2pies emocions.<\/li>\n<li>Identificar les emocions dels altres.<\/li>\n<li>Desenvolupar l&#8217;habilitat de controlar les pr\u00f2pies emocions.<\/li>\n<li>Prevenir els efectes perjudicials de les emocions negatives.<\/li>\n<li>Desenvolupar l&#8217;habilitat per generar emocions positives.<\/li>\n<li>Desenvolupar una major compet\u00e8ncia emocional.<\/li>\n<li>Desenvolupar l&#8217;habilitat d&#8217;automotivar.<\/li>\n<li>Adoptar una actitud positiva davant la vida.<\/li>\n<li>Aprendre a fluir.<\/li>\n<\/ul>\n<p>Al Tur\u00f3 del Cargol tenim un projecte d\u2019educaci\u00f3 emocional des de P3 a 6\u00e8 d\u2019educaci\u00f3 prim\u00e0ria. Totes les aules realitzen din\u00e0miques de grup per poder treballar i gestionar les seves pr\u00f2pies emocions i aix\u00ed poder permetre identificar la consci\u00e8ncia emocional, la regulaci\u00f3 emocional, l&#8217;autonomia emocional, la sociabilitat i les habilitats de vida per al benestar del nostre alumnat.<\/p>\n<p>Treballant l\u2019educaci\u00f3 emocional a l\u2019escola hem pogut observar:<\/p>\n<ul>\n<li>Augment de les habilitats socials i de les relacions interpersonals satisfact\u00f2ries.<\/li>\n<li>Disminuci\u00f3 de pensaments autodestructius, millora de l&#8217;autoestima.<\/li>\n<li>Disminuci\u00f3 en l&#8217;\u00edndex de viol\u00e8ncia i agressions.<\/li>\n<li>Menor conducta antisocial o socialment desordenada.<\/li>\n<li>Millora del rendiment acad\u00e8mic.<\/li>\n<li>Millor adaptaci\u00f3 escolar, social i familiar.<\/li>\n<li>Disminuci\u00f3 de la tristesa i simptomatologia depressiva.<\/li>\n<li>Disminuci\u00f3 de l&#8217;ansietat i l&#8217;estr\u00e8s.<\/li>\n<\/ul>\n<p><img loading=\"lazy\" decoding=\"async\" class=\"aligncenter size-full wp-image-4802\" src=\"https:\/\/agora.xtec.cat\/ceip-turodelcargol\/wp-content\/uploads\/usu1548\/2022\/02\/Cor.png\" alt=\"\" width=\"292\" height=\"213\" \/><\/p>\n","protected":false},"excerpt":{"rendered":"<p>L\u2019Educaci\u00f3 Emocional L\u2018educaci\u00f3 emocional \u00e9s l&#8217;educaci\u00f3 centrada en l&#8217;\u00e0mbit de con\u00e8ixer i recon\u00e8ixer els sentiments i emocions, propis i dels altres, i fer-les servir de manera adaptativa. Aix\u00ed doncs, l&#8217;educaci\u00f3 emocional pret\u00e9n aprendre a identificar i expressar emocions i sentiments, treballant la forma d&#8217;interaccionar amb el m\u00f3n.<\/p>\n","protected":false},"author":1,"featured_media":0,"parent":0,"menu_order":0,"comment_status":"closed","ping_status":"closed","template":"","meta":{"_bbp_topic_count":0,"_bbp_reply_count":0,"_bbp_total_topic_count":0,"_bbp_total_reply_count":0,"_bbp_voice_count":0,"_bbp_anonymous_reply_count":0,"_bbp_topic_count_hidden":0,"_bbp_reply_count_hidden":0,"_bbp_forum_subforum_count":0,"site-sidebar-layout":"default","site-content-layout":"","ast-site-content-layout":"","site-content-style":"default","site-sidebar-style":"default","ast-global-header-display":"","ast-banner-title-visibility":"","ast-main-header-display":"","ast-hfb-above-header-display":"","ast-hfb-below-header-display":"","ast-hfb-mobile-header-display":"","site-post-title":"","ast-breadcrumbs-content":"","ast-featured-img":"","footer-sml-layout":"","theme-transparent-header-meta":"","adv-header-id-meta":"","stick-header-meta":"","header-above-stick-meta":"","header-main-stick-meta":"","header-below-stick-meta":"","astra-migrate-meta-layouts":"default","ast-page-background-enabled":"default","ast-page-background-meta":{"desktop":{"background-color":"var(--ast-global-color-4)","background-image":"","background-repeat":"repeat","background-position":"center center","background-size":"auto","background-attachment":"scroll","background-type":"","background-media":"","overlay-type":"","overlay-color":"","overlay-opacity":"","overlay-gradient":""},"tablet":{"background-color":"","background-image":"","background-repeat":"repeat","background-position":"center center","background-size":"auto","background-attachment":"scroll","background-type":"","background-media":"","overlay-type":"","overlay-color":"","overlay-opacity":"","overlay-gradient":""},"mobile":{"background-color":"","background-image":"","background-repeat":"repeat","background-position":"center center","background-size":"auto","background-attachment":"scroll","background-type":"","background-media":"","overlay-type":"","overlay-color":"","overlay-opacity":"","overlay-gradient":""}},"ast-content-background-meta":{"desktop":{"background-color":"var(--ast-global-color-5)","background-image":"","background-repeat":"repeat","background-position":"center center","background-size":"auto","background-attachment":"scroll","background-type":"","background-media":"","overlay-type":"","overlay-color":"","overlay-opacity":"","overlay-gradient":""},"tablet":{"background-color":"var(--ast-global-color-5)","background-image":"","background-repeat":"repeat","background-position":"center center","background-size":"auto","background-attachment":"scroll","background-type":"","background-media":"","overlay-type":"","overlay-color":"","overlay-opacity":"","overlay-gradient":""},"mobile":{"background-color":"var(--ast-global-color-5)","background-image":"","background-repeat":"repeat","background-position":"center center","background-size":"auto","background-attachment":"scroll","background-type":"","background-media":"","overlay-type":"","overlay-color":"","overlay-opacity":"","overlay-gradient":""}},"footnotes":""},"class_list":["post-4160","page","type-page","status-publish","hentry"],"post_mailing_queue_ids":[],"_links":{"self":[{"href":"https:\/\/agora.xtec.cat\/ceip-turodelcargol\/wp-json\/wp\/v2\/pages\/4160","targetHints":{"allow":["GET"]}}],"collection":[{"href":"https:\/\/agora.xtec.cat\/ceip-turodelcargol\/wp-json\/wp\/v2\/pages"}],"about":[{"href":"https:\/\/agora.xtec.cat\/ceip-turodelcargol\/wp-json\/wp\/v2\/types\/page"}],"author":[{"embeddable":true,"href":"https:\/\/agora.xtec.cat\/ceip-turodelcargol\/wp-json\/wp\/v2\/users\/1"}],"replies":[{"embeddable":true,"href":"https:\/\/agora.xtec.cat\/ceip-turodelcargol\/wp-json\/wp\/v2\/comments?post=4160"}],"version-history":[{"count":4,"href":"https:\/\/agora.xtec.cat\/ceip-turodelcargol\/wp-json\/wp\/v2\/pages\/4160\/revisions"}],"predecessor-version":[{"id":4832,"href":"https:\/\/agora.xtec.cat\/ceip-turodelcargol\/wp-json\/wp\/v2\/pages\/4160\/revisions\/4832"}],"wp:attachment":[{"href":"https:\/\/agora.xtec.cat\/ceip-turodelcargol\/wp-json\/wp\/v2\/media?parent=4160"}],"curies":[{"name":"wp","href":"https:\/\/api.w.org\/{rel}","templated":true}]}}