{"id":4159,"date":"2021-03-17T12:03:07","date_gmt":"2021-03-17T11:03:07","guid":{"rendered":"http:\/\/agora.xtec.cat\/ceip-turodelcargol\/?page_id=4159"},"modified":"2025-07-06T18:03:57","modified_gmt":"2025-07-06T16:03:57","slug":"proyectes","status":"publish","type":"page","link":"https:\/\/agora.xtec.cat\/ceip-turodelcargol\/proyectes\/","title":{"rendered":"Projectes d&#8217;aprenentatge"},"content":{"rendered":"<p>Aquesta metodologia de treball ajuda als alumnes a\u00a0<strong>aprendre<\/strong>, els motiva a\u00a0<strong>descobrir<\/strong>\u00a0i, assoleixen els conceptes a trav\u00e9s d\u2019un\u00a0<strong>aprenentatge significatiu<\/strong>, que es basa a oferir canals que puguin ajudar als nens i nenes a pensar per ells mateixos, a investigar, a aprendre dels seus errors i dels seus encerts i d\u2019aquesta manera tamb\u00e9 a aprendre a ser cr\u00edtics. Aquesta metodologia t\u00e9 una major aplicaci\u00f3 al m\u00f3n real. Es busca crear una educaci\u00f3 interdisciplin\u00e0ria, amb significat propi.<\/p>\n<ul>\n<li class=\"_04xlpA direction-ltr align-start para-style-body\"><span class=\"JsGRdQ\">Parteix d&#8217;un tema, o centre d&#8217;inter\u00e8s negociat amb l&#8217;alumnat.<\/span><\/li>\n<li class=\"_04xlpA direction-ltr align-start para-style-body\"><span class=\"JsGRdQ\">Fa protagonista l&#8217;alumnat en la construcci\u00f3 del propi coneixement.<\/span><\/li>\n<li class=\"_04xlpA direction-ltr align-start para-style-body\"><span class=\"JsGRdQ\">D\u00f3na gran rellev\u00e0ncia al treball cooperatiu.<\/span><\/li>\n<li><span class=\"JsGRdQ\">Incentiva processos d\u2019investigaci\u00f3 que suposen cercar, seleccionar i interpretar informaci\u00f3 a trav\u00e9s de fonts diverses.<\/span><\/li>\n<li><span class=\"JsGRdQ\">Es transfereixen estrat\u00e8gies per aprendre: es representa el proc\u00e9s de construcci\u00f3 de coneixement, s\u2019avalua el que s&#8217;ha apr\u00e8s i com s\u2019ha apr\u00e8s.<\/span><\/li>\n<li><span class=\"JsGRdQ\">S\u2019activa la comunicaci\u00f3, el di\u00e0leg i la discussi\u00f3 en petit i gran grup per construir coneixement de forma compartida.<\/span><\/li>\n<\/ul>\n<p class=\"_04xlpA direction-ltr align-start para-style-body\">\n<p style=\"text-align: justify;\"><img loading=\"lazy\" decoding=\"async\" class=\"size-full wp-image-4883\" src=\"https:\/\/agora.xtec.cat\/ceip-turodelcargol\/wp-content\/uploads\/usu1548\/2022\/02\/pasted-image-0.png\" alt=\"\" width=\"280\" height=\"220\" \/><img loading=\"lazy\" decoding=\"async\" class=\"aligncenter wp-image-4884 size-medium\" style=\"font-weight: bold; font-family: inherit; font-size: 1em;\" src=\"https:\/\/agora.xtec.cat\/ceip-turodelcargol\/wp-content\/uploads\/usu1548\/2022\/02\/projectes-300x201.jpg\" alt=\"\" width=\"300\" height=\"201\" srcset=\"https:\/\/agora.xtec.cat\/ceip-turodelcargol\/wp-content\/uploads\/usu1548\/2022\/02\/projectes-300x201.jpg 300w, https:\/\/agora.xtec.cat\/ceip-turodelcargol\/wp-content\/uploads\/usu1548\/2022\/02\/projectes.jpg 600w\" sizes=\"auto, (max-width: 300px) 100vw, 300px\" \/><\/p>\n","protected":false},"excerpt":{"rendered":"<p>Aquesta metodologia de treball ajuda als alumnes a\u00a0aprendre, els motiva a\u00a0descobrir\u00a0i, assoleixen els conceptes a trav\u00e9s d\u2019un\u00a0aprenentatge significatiu, que es basa a oferir canals que puguin ajudar als nens i nenes a pensar per ells mateixos, a investigar, a aprendre dels seus errors i dels seus encerts i d\u2019aquesta manera tamb\u00e9 a aprendre a ser [&hellip;]<\/p>\n","protected":false},"author":1,"featured_media":0,"parent":0,"menu_order":0,"comment_status":"closed","ping_status":"closed","template":"","meta":{"_bbp_topic_count":0,"_bbp_reply_count":0,"_bbp_total_topic_count":0,"_bbp_total_reply_count":0,"_bbp_voice_count":0,"_bbp_anonymous_reply_count":0,"_bbp_topic_count_hidden":0,"_bbp_reply_count_hidden":0,"_bbp_forum_subforum_count":0,"site-sidebar-layout":"default","site-content-layout":"","ast-site-content-layout":"default","site-content-style":"default","site-sidebar-style":"default","ast-global-header-display":"","ast-banner-title-visibility":"","ast-main-header-display":"","ast-hfb-above-header-display":"","ast-hfb-below-header-display":"","ast-hfb-mobile-header-display":"","site-post-title":"","ast-breadcrumbs-content":"","ast-featured-img":"","footer-sml-layout":"","theme-transparent-header-meta":"","adv-header-id-meta":"","stick-header-meta":"","header-above-stick-meta":"","header-main-stick-meta":"","header-below-stick-meta":"","astra-migrate-meta-layouts":"set","ast-page-background-enabled":"default","ast-page-background-meta":{"desktop":{"background-color":"var(--ast-global-color-4)","background-image":"","background-repeat":"repeat","background-position":"center center","background-size":"auto","background-attachment":"scroll","background-type":"","background-media":"","overlay-type":"","overlay-color":"","overlay-opacity":"","overlay-gradient":""},"tablet":{"background-color":"","background-image":"","background-repeat":"repeat","background-position":"center center","background-size":"auto","background-attachment":"scroll","background-type":"","background-media":"","overlay-type":"","overlay-color":"","overlay-opacity":"","overlay-gradient":""},"mobile":{"background-color":"","background-image":"","background-repeat":"repeat","background-position":"center center","background-size":"auto","background-attachment":"scroll","background-type":"","background-media":"","overlay-type":"","overlay-color":"","overlay-opacity":"","overlay-gradient":""}},"ast-content-background-meta":{"desktop":{"background-color":"var(--ast-global-color-5)","background-image":"","background-repeat":"repeat","background-position":"center center","background-size":"auto","background-attachment":"scroll","background-type":"","background-media":"","overlay-type":"","overlay-color":"","overlay-opacity":"","overlay-gradient":""},"tablet":{"background-color":"var(--ast-global-color-5)","background-image":"","background-repeat":"repeat","background-position":"center center","background-size":"auto","background-attachment":"scroll","background-type":"","background-media":"","overlay-type":"","overlay-color":"","overlay-opacity":"","overlay-gradient":""},"mobile":{"background-color":"var(--ast-global-color-5)","background-image":"","background-repeat":"repeat","background-position":"center center","background-size":"auto","background-attachment":"scroll","background-type":"","background-media":"","overlay-type":"","overlay-color":"","overlay-opacity":"","overlay-gradient":""}},"footnotes":""},"class_list":["post-4159","page","type-page","status-publish","hentry"],"post_mailing_queue_ids":[],"_links":{"self":[{"href":"https:\/\/agora.xtec.cat\/ceip-turodelcargol\/wp-json\/wp\/v2\/pages\/4159","targetHints":{"allow":["GET"]}}],"collection":[{"href":"https:\/\/agora.xtec.cat\/ceip-turodelcargol\/wp-json\/wp\/v2\/pages"}],"about":[{"href":"https:\/\/agora.xtec.cat\/ceip-turodelcargol\/wp-json\/wp\/v2\/types\/page"}],"author":[{"embeddable":true,"href":"https:\/\/agora.xtec.cat\/ceip-turodelcargol\/wp-json\/wp\/v2\/users\/1"}],"replies":[{"embeddable":true,"href":"https:\/\/agora.xtec.cat\/ceip-turodelcargol\/wp-json\/wp\/v2\/comments?post=4159"}],"version-history":[{"count":3,"href":"https:\/\/agora.xtec.cat\/ceip-turodelcargol\/wp-json\/wp\/v2\/pages\/4159\/revisions"}],"predecessor-version":[{"id":6655,"href":"https:\/\/agora.xtec.cat\/ceip-turodelcargol\/wp-json\/wp\/v2\/pages\/4159\/revisions\/6655"}],"wp:attachment":[{"href":"https:\/\/agora.xtec.cat\/ceip-turodelcargol\/wp-json\/wp\/v2\/media?parent=4159"}],"curies":[{"name":"wp","href":"https:\/\/api.w.org\/{rel}","templated":true}]}}