{"id":997,"date":"2014-11-25T18:20:42","date_gmt":"2014-11-25T17:20:42","guid":{"rendered":"http:\/\/agora.xtec.cat\/ceip-turocanmates\/?page_id=997"},"modified":"2022-02-19T23:17:41","modified_gmt":"2022-02-19T22:17:41","slug":"gestio-del-servei","status":"publish","type":"page","link":"https:\/\/agora.xtec.cat\/ceip-turocanmates\/serveis\/menjador-escolar\/gestio-del-servei\/","title":{"rendered":"Gesti\u00f3 del servei de Menjador"},"content":{"rendered":"<div title=\"Page 2\">\n<h5>Equip de coordinaci\u00f3:<\/h5>\n<p>Mariona de la Aldea<\/p>\n<h5>Equip de cuina:<\/h5>\n<p>Octavi Canora, Rosa.<\/p>\n<h5>Horaris d&#8217;atenci\u00f3:<\/h5>\n<p>L\u2019horari de gesti\u00f3 del servei i atenci\u00f3 les fam\u00edlies \u00e9s de dilluns a\u00a0divendres, de 9 a 9:45h, es pot fer personalment o trucant al\u00a0tel\u00e8fon 935900203.<\/p>\n<p>Es prega a les fam\u00edlies usu\u00e0ries del menjador, que respectin al m\u00e0xim l\u2019horari i que s\u2019abstinguin de retirar als nens\/es dins d\u2019aquest temps el menys possible, tan sols en casos excepcionals.<\/p>\n<h5><\/h5>\n<p>Per fer \u00fas del servei de menjador per primera vegada cal entregar a el full d\u2019inscripci\u00f3 corresponent degudament emplenat amb totes les dades personals i les de salut i signat.\u00a0Els cursos seg\u00fcents nomes caldr\u00e0 notificar els canvis de dades, tant personals com de salut, o les baixes del servei emplenant el full corresponent.\u00a0Qualsevol modificaci\u00f3 ser\u00e0 efectiva a partir del moment que sigui signada i entregada al Servei Menjador.<\/p>\n<blockquote><p>Un usuari\/a fixa \u00e9s aquell\/a que assisteix al menjador tots els dies del curs o tres dies com a m\u00ednim setmanals durant tot el curs, considerant-ne usuari espor\u00e0dic\/a les altres opcions.<\/p><\/blockquote>\n<p>En cas d\u2019abs\u00e8ncia, \u201cels descomptes es realitzen a partir del tercer dia consecutiu notificat a secretaria de l\u2019escola en horari d\u2019atenci\u00f3 a pares o trucant al 935900203\u201d.\u00a0El descompte \u00e9s la part proporcional corresponent al dinar i no es far\u00e0 en met\u00e0l\u00b7lic, sin\u00f3 que es descomptar\u00e0 en el rebut del mes seg\u00fcent.<\/p>\n<p>Si un nen\/a, per circumst\u00e0ncies personals (viatge, malaltia&#8230;) no assisteix al menjador durant un\u00a0llarg temps, s\u2019haur\u00e0 de notificar per escrit pr\u00e8viament i pagar, en concepte de reserva de pla\u00e7a, 25 \u20ac al mes.<\/p>\n<\/div>\n<p>L\u2019escola seguir\u00e0 com a pauta la Guia d\u2019alimentaci\u00f3 saludable a l\u2019etapa escolar publicada pel Departament de Salut.<\/p>\n<p>Si el vostre fill o filla necessita dieta (arr\u00f2s bullit o patata bullida i planxa) o r\u00e8gim (verdura i planxa) , cal avisar tamb\u00e9 en l\u2019horari de gesti\u00f3. En aquests casos, la dieta o el r\u00e8gim dura dos dies consecutius.<\/p>\n<p>En cas d\u2019al\u00b7l\u00e8rgies o intoler\u00e0ncies aliment\u00e0ries, \u00e9s necessari el \u201ccertificat m\u00e8dic\u201dque ho acrediti per tal de saber a qu\u00e8 presenta intoler\u00e0ncia i quins s\u00f3n els efectes. En aquests casos, a principi de curs els nens\/es rebran un quadre amb les substitucions gen\u00e8riques adaptades d\u2019aquells aliments als que siguin al\u00b7l\u00e8rgics o intolerants. Aix\u00ed cada fam\u00edlia quan rebi el men\u00fa tipus general sabr\u00e0 per quin aliment s\u2019ha substitu\u00eft.<\/p>\n<p>En el cas d\u2019altres dietes aliment\u00e0ries que no siguin per prescripci\u00f3 del metge, sin\u00f3 per opcions familiars, caldr\u00e0 aport\u00e0 un document signat per els pares o tutors on descrigui quins tipus d\u2019aliments no volen que se\u2019ls administri a l\u2019hora de menjar a l\u2019escola i conforme es fan responsables de l\u2019alimentaci\u00f3 del seu fill\/e.<\/p>\n<p>Les fam\u00edlies rebran el men\u00fa mensual, per correu electr\u00f2nic. Tamb\u00e9 el podeu trobar a la nostra web o el recolliu personalment a l\u2019escola.<\/p>\n<p>Pel que fa a les medicacions, NO es donar\u00e0 cap medicament si no va acompanyat de l\u2019autoritzaci\u00f3 familiar per escrit, la recepta del metge i la dosis en una xeringa degudament marcada.<\/p>\n<p>Si el vostre fill o filla es fa mal en horari de menjador, si \u00e9s una ferida lleu, ser\u00e0 curat per la monitora o la persona responsable del servei i s\u2019informar\u00e0 als tutors\/es. Si es tracta d\u2019una incid\u00e8ncia m\u00e9s important el\/la responsable del menjador far\u00e0 les actuacions que cregui convenients i avisar\u00e0 a les fam\u00edlies, i a Direcci\u00f3 de l\u2019escola per actuar en un marc com\u00fa. Es far\u00e0 una notificaci\u00f3 per escrit als pares i al tutor o tutora explicant el que ha passat en cas de que no s\u2019hagi pogut fer oralment.<\/p>\n<p>&nbsp;<\/p>\n","protected":false},"excerpt":{"rendered":"<p>Equip de coordinaci\u00f3:<br \/>\nMariona de la Aldea<br \/>\nEquip de cuina:<br \/>\nOctavi Canora, Rosa.<br \/>\nHoraris d&#8217;atenci\u00f3:<br \/>\nL\u2019horari de gesti\u00f3 del servei i atenci\u00f3 les fam\u00edlies \u00e9s de dilluns a\u00a0divendres, de 9 a 9:45h, es pot fer personalment o trucant al\u00a0tel\u00e8fon 935900203.<br \/>\nEs prega a les fam\u00edlies usu\u00e0ries del menjador, que respectin al&hellip;  <a href=\"https:\/\/agora.xtec.cat\/ceip-turocanmates\/serveis\/menjador-escolar\/gestio-del-servei\/\" title=\"Read Gesti\u00f3 del servei de Menjador\">Llegeix m\u00e9s\u00bb<\/a><\/p>\n","protected":false},"author":1,"featured_media":0,"parent":73,"menu_order":10,"comment_status":"closed","ping_status":"closed","template":"page-templates\/side-menu.php","meta":{"_bbp_topic_count":0,"_bbp_reply_count":0,"_bbp_total_topic_count":0,"_bbp_total_reply_count":0,"_bbp_voice_count":0,"_bbp_anonymous_reply_count":0,"_bbp_topic_count_hidden":0,"_bbp_reply_count_hidden":0,"_bbp_forum_subforum_count":0,"footnotes":""},"class_list":["post-997","page","type-page","status-publish","hentry"],"post_mailing_queue_ids":[],"_links":{"self":[{"href":"https:\/\/agora.xtec.cat\/ceip-turocanmates\/wp-json\/wp\/v2\/pages\/997","targetHints":{"allow":["GET"]}}],"collection":[{"href":"https:\/\/agora.xtec.cat\/ceip-turocanmates\/wp-json\/wp\/v2\/pages"}],"about":[{"href":"https:\/\/agora.xtec.cat\/ceip-turocanmates\/wp-json\/wp\/v2\/types\/page"}],"author":[{"embeddable":true,"href":"https:\/\/agora.xtec.cat\/ceip-turocanmates\/wp-json\/wp\/v2\/users\/1"}],"replies":[{"embeddable":true,"href":"https:\/\/agora.xtec.cat\/ceip-turocanmates\/wp-json\/wp\/v2\/comments?post=997"}],"version-history":[{"count":4,"href":"https:\/\/agora.xtec.cat\/ceip-turocanmates\/wp-json\/wp\/v2\/pages\/997\/revisions"}],"predecessor-version":[{"id":3601,"href":"https:\/\/agora.xtec.cat\/ceip-turocanmates\/wp-json\/wp\/v2\/pages\/997\/revisions\/3601"}],"up":[{"embeddable":true,"href":"https:\/\/agora.xtec.cat\/ceip-turocanmates\/wp-json\/wp\/v2\/pages\/73"}],"wp:attachment":[{"href":"https:\/\/agora.xtec.cat\/ceip-turocanmates\/wp-json\/wp\/v2\/media?parent=997"}],"curies":[{"name":"wp","href":"https:\/\/api.w.org\/{rel}","templated":true}]}}