{"id":923,"date":"2014-11-24T13:55:18","date_gmt":"2014-11-24T12:55:18","guid":{"rendered":"http:\/\/agora.xtec.cat\/ceip-turocanmates\/?page_id=923"},"modified":"2022-02-19T22:56:43","modified_gmt":"2022-02-19T21:56:43","slug":"participa","status":"publish","type":"page","link":"https:\/\/agora.xtec.cat\/ceip-turocanmates\/afa\/participa\/","title":{"rendered":"Participa"},"content":{"rendered":"<h5>Com podeu participar?<\/h5>\n<ul>\n<li style=\"list-style-type: none;\">\n<ul>\n<li>Assistint als actes i reunions que convoquem.<\/li>\n<li>Participant en alguna de les comissions de treball.<\/li>\n<li>Formant part de la Junta\u00a0 escollida democr\u00e0ticament per l\u2019assemblea de mares i pares.<\/li>\n<\/ul>\n<\/li>\n<\/ul>\n<p>Hi ha molta feina. Si hi voleu participar no dubteu a posar-vos en contacte amb nosaltres. Sereu molt benvinguts. Us esperem.<\/p>\n<p>Per contactar amb l&#8217;AFA, ara tamb\u00e9 ho podeu fer a trav\u00e9s de l&#8217;adre\u00e7a <a class=\"rABsFf RffVmb AL18ce\" href=\"mailto:info@ampaturocanmates.org\" target=\"_blank\" rel=\"noopener\" data-tooltip-position=\"top\" data-tooltip=\"Dels teus contactes de Google\">info@ampaturocanmates.org<\/a><\/p>\n<p>Podeu adre\u00e7ar totes les vostres preguntes i tot all\u00f2 que vulgueu aportar, i la comissi\u00f3 encarregada us donar\u00e0 resposta.<\/p>\n","protected":false},"excerpt":{"rendered":"<p>Com podeu participar?<\/p>\n<ul>\n<li style=\"list-style-type: none;\">\n<ul>\n<li>Assistint als actes i reunions que convoquem.<\/li>\n<li>Participant en alguna de les comissions de treball.<\/li>\n<li>Formant part de la Junta\u00a0 escollida democr\u00e0ticament per l\u2019assemblea de mares i pares.<\/li>\n<\/ul>\n<\/li>\n<\/ul>\n<p>Hi ha molta feina. Si hi voleu participar no dubteu a posar-vos en contacte amb nosaltres.&hellip;  <a href=\"https:\/\/agora.xtec.cat\/ceip-turocanmates\/afa\/participa\/\" title=\"Read Participa\">Llegeix m\u00e9s\u00bb<\/a><\/p>\n","protected":false},"author":1,"featured_media":0,"parent":911,"menu_order":10,"comment_status":"open","ping_status":"closed","template":"page-templates\/side-menu.php","meta":{"_bbp_topic_count":0,"_bbp_reply_count":0,"_bbp_total_topic_count":0,"_bbp_total_reply_count":0,"_bbp_voice_count":0,"_bbp_anonymous_reply_count":0,"_bbp_topic_count_hidden":0,"_bbp_reply_count_hidden":0,"_bbp_forum_subforum_count":0,"footnotes":""},"class_list":["post-923","page","type-page","status-publish","hentry"],"post_mailing_queue_ids":[],"_links":{"self":[{"href":"https:\/\/agora.xtec.cat\/ceip-turocanmates\/wp-json\/wp\/v2\/pages\/923","targetHints":{"allow":["GET"]}}],"collection":[{"href":"https:\/\/agora.xtec.cat\/ceip-turocanmates\/wp-json\/wp\/v2\/pages"}],"about":[{"href":"https:\/\/agora.xtec.cat\/ceip-turocanmates\/wp-json\/wp\/v2\/types\/page"}],"author":[{"embeddable":true,"href":"https:\/\/agora.xtec.cat\/ceip-turocanmates\/wp-json\/wp\/v2\/users\/1"}],"replies":[{"embeddable":true,"href":"https:\/\/agora.xtec.cat\/ceip-turocanmates\/wp-json\/wp\/v2\/comments?post=923"}],"version-history":[{"count":4,"href":"https:\/\/agora.xtec.cat\/ceip-turocanmates\/wp-json\/wp\/v2\/pages\/923\/revisions"}],"predecessor-version":[{"id":3579,"href":"https:\/\/agora.xtec.cat\/ceip-turocanmates\/wp-json\/wp\/v2\/pages\/923\/revisions\/3579"}],"up":[{"embeddable":true,"href":"https:\/\/agora.xtec.cat\/ceip-turocanmates\/wp-json\/wp\/v2\/pages\/911"}],"wp:attachment":[{"href":"https:\/\/agora.xtec.cat\/ceip-turocanmates\/wp-json\/wp\/v2\/media?parent=923"}],"curies":[{"name":"wp","href":"https:\/\/api.w.org\/{rel}","templated":true}]}}