{"id":87,"date":"2014-09-18T14:28:12","date_gmt":"2014-09-18T14:28:12","guid":{"rendered":"http:\/\/agora.xtec.cat\/ceip-turocanmates\/?page_id=87"},"modified":"2022-02-19T21:01:34","modified_gmt":"2022-02-19T20:01:34","slug":"nivells","status":"publish","type":"page","link":"https:\/\/agora.xtec.cat\/ceip-turocanmates\/nivells\/","title":{"rendered":"Nivells"},"content":{"rendered":"<p><span style=\"color: #000000;\">Aqu\u00ed trobareu les\u00a0<\/span><span style=\"color: #000000;\">not\u00edcies<\/span><span style=\"color: #000000;\">\u00a0relacionades amb cada\u00a0<\/span><span style=\"color: #000000;\">nivell<\/span><span style=\"color: #000000;\">. Cada\u00a0<\/span><span style=\"color: #000000;\">nivell<\/span><span style=\"color: #000000;\">\u00a0t\u00e9 una\u00a0<\/span><span style=\"color: #000000;\">secci\u00f3<\/span><span style=\"color: #000000;\">\u00a0pr\u00f2pia de\u00a0<\/span><span style=\"color: #000000;\">not\u00edcies<\/span><span style=\"color: #000000;\">.<\/span><\/p>\n<p>&nbsp;<\/p>\n<table style=\"height: 233px;\" width=\"496\">\n<tbody>\n<tr>\n<td>\n<h5><a href=\"http:\/\/agora.xtec.cat\/ceip-turocanmates\/categoria\/infantil\/\">Infantil<\/a><\/h5>\n<\/td>\n<td>\n<h5><a href=\"http:\/\/agora.xtec.cat\/ceip-turocanmates\/categoria\/primaria\/\">Prim\u00e0ria<\/a><\/h5>\n<\/td>\n<\/tr>\n<tr>\n<td><a href=\"http:\/\/agora.xtec.cat\/ceip-turocanmates\/categoria\/infantil\/p3\/\">i3<\/a><\/td>\n<td><a href=\"http:\/\/agora.xtec.cat\/ceip-turocanmates\/categoria\/primaria\/1er\/\">1er<\/a><\/td>\n<\/tr>\n<tr>\n<td><a href=\"http:\/\/agora.xtec.cat\/ceip-turocanmates\/categoria\/infantil\/p4\/\">i4<\/a><\/td>\n<td><a href=\"http:\/\/agora.xtec.cat\/ceip-turocanmates\/categoria\/primaria\/2on\/\">2on<\/a><\/td>\n<\/tr>\n<tr>\n<td><a href=\"http:\/\/agora.xtec.cat\/ceip-turocanmates\/categoria\/infantil\/p5\/\">i5<\/a><\/td>\n<td><a href=\"http:\/\/agora.xtec.cat\/ceip-turocanmates\/categoria\/primaria\/3er\/\">3er<\/a><\/td>\n<\/tr>\n<tr>\n<td><\/td>\n<td><a href=\"http:\/\/agora.xtec.cat\/ceip-turocanmates\/categoria\/primaria\/4t\/\">4t<\/a><\/td>\n<\/tr>\n<tr>\n<td><\/td>\n<td><a href=\"http:\/\/agora.xtec.cat\/ceip-turocanmates\/categoria\/primaria\/5e\/\">5\u00e8<\/a><\/td>\n<\/tr>\n<tr>\n<td><\/td>\n<td><a href=\"http:\/\/agora.xtec.cat\/ceip-turocanmates\/categoria\/primaria\/6e\/\">6\u00e8<\/a><\/td>\n<\/tr>\n<\/tbody>\n<\/table>\n","protected":false},"excerpt":{"rendered":"<p>Aqu\u00ed trobareu les\u00a0not\u00edcies\u00a0relacionades amb cada\u00a0nivell. Cada\u00a0nivell\u00a0t\u00e9 una\u00a0secci\u00f3\u00a0pr\u00f2pia de\u00a0not\u00edcies. &nbsp; Infantil Prim\u00e0ria i3 1er i4 2on i5 3er 4t 5\u00e8 6\u00e8<\/p>\n","protected":false},"author":2,"featured_media":0,"parent":0,"menu_order":0,"comment_status":"closed","ping_status":"closed","template":"page-templates\/side-menu.php","meta":{"_bbp_topic_count":0,"_bbp_reply_count":0,"_bbp_total_topic_count":0,"_bbp_total_reply_count":0,"_bbp_voice_count":0,"_bbp_anonymous_reply_count":0,"_bbp_topic_count_hidden":0,"_bbp_reply_count_hidden":0,"_bbp_forum_subforum_count":0,"site-sidebar-layout":"default","site-content-layout":"","ast-site-content-layout":"","site-content-style":"default","site-sidebar-style":"default","ast-global-header-display":"","ast-banner-title-visibility":"","ast-main-header-display":"","ast-hfb-above-header-display":"","ast-hfb-below-header-display":"","ast-hfb-mobile-header-display":"","site-post-title":"","ast-breadcrumbs-content":"","ast-featured-img":"","footer-sml-layout":"","theme-transparent-header-meta":"","adv-header-id-meta":"","stick-header-meta":"","header-above-stick-meta":"","header-main-stick-meta":"","header-below-stick-meta":"","astra-migrate-meta-layouts":"default","ast-page-background-enabled":"default","ast-page-background-meta":{"desktop":{"background-color":"var(--ast-global-color-4)","background-image":"","background-repeat":"repeat","background-position":"center center","background-size":"auto","background-attachment":"scroll","background-type":"","background-media":"","overlay-type":"","overlay-color":"","overlay-opacity":"","overlay-gradient":""},"tablet":{"background-color":"","background-image":"","background-repeat":"repeat","background-position":"center center","background-size":"auto","background-attachment":"scroll","background-type":"","background-media":"","overlay-type":"","overlay-color":"","overlay-opacity":"","overlay-gradient":""},"mobile":{"background-color":"","background-image":"","background-repeat":"repeat","background-position":"center center","background-size":"auto","background-attachment":"scroll","background-type":"","background-media":"","overlay-type":"","overlay-color":"","overlay-opacity":"","overlay-gradient":""}},"ast-content-background-meta":{"desktop":{"background-color":"var(--ast-global-color-5)","background-image":"","background-repeat":"repeat","background-position":"center center","background-size":"auto","background-attachment":"scroll","background-type":"","background-media":"","overlay-type":"","overlay-color":"","overlay-opacity":"","overlay-gradient":""},"tablet":{"background-color":"var(--ast-global-color-5)","background-image":"","background-repeat":"repeat","background-position":"center center","background-size":"auto","background-attachment":"scroll","background-type":"","background-media":"","overlay-type":"","overlay-color":"","overlay-opacity":"","overlay-gradient":""},"mobile":{"background-color":"var(--ast-global-color-5)","background-image":"","background-repeat":"repeat","background-position":"center center","background-size":"auto","background-attachment":"scroll","background-type":"","background-media":"","overlay-type":"","overlay-color":"","overlay-opacity":"","overlay-gradient":""}},"footnotes":""},"class_list":["post-87","page","type-page","status-publish","hentry"],"post_mailing_queue_ids":[],"_links":{"self":[{"href":"https:\/\/agora.xtec.cat\/ceip-turocanmates\/wp-json\/wp\/v2\/pages\/87","targetHints":{"allow":["GET"]}}],"collection":[{"href":"https:\/\/agora.xtec.cat\/ceip-turocanmates\/wp-json\/wp\/v2\/pages"}],"about":[{"href":"https:\/\/agora.xtec.cat\/ceip-turocanmates\/wp-json\/wp\/v2\/types\/page"}],"author":[{"embeddable":true,"href":"https:\/\/agora.xtec.cat\/ceip-turocanmates\/wp-json\/wp\/v2\/users\/2"}],"replies":[{"embeddable":true,"href":"https:\/\/agora.xtec.cat\/ceip-turocanmates\/wp-json\/wp\/v2\/comments?post=87"}],"version-history":[{"count":3,"href":"https:\/\/agora.xtec.cat\/ceip-turocanmates\/wp-json\/wp\/v2\/pages\/87\/revisions"}],"predecessor-version":[{"id":3573,"href":"https:\/\/agora.xtec.cat\/ceip-turocanmates\/wp-json\/wp\/v2\/pages\/87\/revisions\/3573"}],"wp:attachment":[{"href":"https:\/\/agora.xtec.cat\/ceip-turocanmates\/wp-json\/wp\/v2\/media?parent=87"}],"curies":[{"name":"wp","href":"https:\/\/api.w.org\/{rel}","templated":true}]}}