{"id":77,"date":"2014-09-18T14:05:08","date_gmt":"2014-09-18T13:05:08","guid":{"rendered":"http:\/\/agora.xtec.cat\/ceip-turocanmates\/?page_id=77"},"modified":"2022-02-19T23:10:17","modified_gmt":"2022-02-19T22:10:17","slug":"bondia","status":"publish","type":"page","link":"https:\/\/agora.xtec.cat\/ceip-turocanmates\/serveis\/bondia\/","title":{"rendered":"Acollida matinal"},"content":{"rendered":"<div class=\"page\" title=\"Page 3\">\n<div class=\"layoutArea\">\n<p>En aquest espai els nens i nenes tenen una estona per esmorzar i despr\u00e9s un temps l\u00fadic, amb una oferta de jocs adequats a l\u2019edat, treballant actituds, h\u00e0bits i valors .<\/p>\n<h5>Horari:<\/h5>\n<p>L\u2019horari del servei ser\u00e0 de 7:45 a 9:00, de dilluns a divendres.<\/p>\n<h5>Funcionament:<\/h5>\n<p>El servei comen\u00e7a a les 7:45. Els nens\/es entren pel vest\u00edbul i van cap l&#8217;espai assignat en funci\u00f3 de l&#8217;edat.<\/p>\n<h5>Observacions:<\/h5>\n<p class=\"column\">Aquest servei pot ser fixa o espor\u00e0dic. Els alumnes que s\u00f3n fixes poden escollir entre dues franges hor\u00e0ries: de 7:45 a 9:00 o b\u00e9 de 8:30 a 9:00. El preu del servei variar\u00e0 en funci\u00f3n de la franja horaria que es trii.<\/p>\n<\/div>\n<\/div>\n","protected":false},"excerpt":{"rendered":"<p>En aquest espai els nens i nenes tenen una estona per esmorzar i despr\u00e9s un temps l\u00fadic, amb una oferta de jocs adequats a l\u2019edat, treballant actituds, h\u00e0bits i valors .<br \/>\nHorari:<br \/>\nL\u2019horari del servei ser\u00e0 de 7:45 a 9:00, de dilluns a divendres.<br \/>\nFuncionament:<br \/>\nEl servei comen\u00e7a a&hellip;  <a href=\"https:\/\/agora.xtec.cat\/ceip-turocanmates\/serveis\/bondia\/\" title=\"Read Acollida matinal\">Llegeix m\u00e9s\u00bb<\/a><\/p>\n","protected":false},"author":1,"featured_media":0,"parent":66,"menu_order":10,"comment_status":"closed","ping_status":"closed","template":"page-templates\/side-menu.php","meta":{"_bbp_topic_count":0,"_bbp_reply_count":0,"_bbp_total_topic_count":0,"_bbp_total_reply_count":0,"_bbp_voice_count":0,"_bbp_anonymous_reply_count":0,"_bbp_topic_count_hidden":0,"_bbp_reply_count_hidden":0,"_bbp_forum_subforum_count":0,"footnotes":""},"class_list":["post-77","page","type-page","status-publish","hentry"],"post_mailing_queue_ids":[],"_links":{"self":[{"href":"https:\/\/agora.xtec.cat\/ceip-turocanmates\/wp-json\/wp\/v2\/pages\/77","targetHints":{"allow":["GET"]}}],"collection":[{"href":"https:\/\/agora.xtec.cat\/ceip-turocanmates\/wp-json\/wp\/v2\/pages"}],"about":[{"href":"https:\/\/agora.xtec.cat\/ceip-turocanmates\/wp-json\/wp\/v2\/types\/page"}],"author":[{"embeddable":true,"href":"https:\/\/agora.xtec.cat\/ceip-turocanmates\/wp-json\/wp\/v2\/users\/1"}],"replies":[{"embeddable":true,"href":"https:\/\/agora.xtec.cat\/ceip-turocanmates\/wp-json\/wp\/v2\/comments?post=77"}],"version-history":[{"count":3,"href":"https:\/\/agora.xtec.cat\/ceip-turocanmates\/wp-json\/wp\/v2\/pages\/77\/revisions"}],"predecessor-version":[{"id":3595,"href":"https:\/\/agora.xtec.cat\/ceip-turocanmates\/wp-json\/wp\/v2\/pages\/77\/revisions\/3595"}],"up":[{"embeddable":true,"href":"https:\/\/agora.xtec.cat\/ceip-turocanmates\/wp-json\/wp\/v2\/pages\/66"}],"wp:attachment":[{"href":"https:\/\/agora.xtec.cat\/ceip-turocanmates\/wp-json\/wp\/v2\/media?parent=77"}],"curies":[{"name":"wp","href":"https:\/\/api.w.org\/{rel}","templated":true}]}}