{"id":73,"date":"2014-09-18T14:01:51","date_gmt":"2014-09-18T13:01:51","guid":{"rendered":"http:\/\/agora.xtec.cat\/ceip-turocanmates\/?page_id=73"},"modified":"2020-03-14T13:32:00","modified_gmt":"2020-03-14T12:32:00","slug":"menjador-escolar","status":"publish","type":"page","link":"https:\/\/agora.xtec.cat\/ceip-turocanmates\/serveis\/menjador-escolar\/","title":{"rendered":"Menjador escolar"},"content":{"rendered":"<p>Catering Vostra Cuina S.L., \u00e9s l\u2019empresa contractada per l\u2019AFA de l\u2019escola, per gestionar el servei de menjador, comptant amb la coordinaci\u00f3 pedag\u00f2gica de la Direcci\u00f3 del centre. Per tant, aquestes tres parts constitueixen una comissi\u00f3 de treball encarregada de revisar i millorar el funcionament d\u2019aquest servei.<\/p>\n<p><a href=\"mailto:turocanmates@vostracuina.com\"><span style=\"color: #444444;\">Contacte amb Vostra Cuina: turocanmates@vostracuina.com<\/span><\/a><br \/>\ni per tel\u00e8fon al 935 900 203<\/p>\n","protected":false},"excerpt":{"rendered":"<p>Catering Vostra Cuina S.L., \u00e9s l\u2019empresa contractada per l\u2019AFA de l\u2019escola, per gestionar el servei de menjador, comptant amb la coordinaci\u00f3 pedag\u00f2gica de la Direcci\u00f3 del centre. Per tant, aquestes tres parts constitueixen una comissi\u00f3 de treball encarregada de revisar i millorar el funcionament d\u2019aquest&hellip;  <a href=\"https:\/\/agora.xtec.cat\/ceip-turocanmates\/serveis\/menjador-escolar\/\" title=\"Read Menjador escolar\">Llegeix m\u00e9s\u00bb<\/a><\/p>\n","protected":false},"author":1,"featured_media":0,"parent":66,"menu_order":20,"comment_status":"closed","ping_status":"closed","template":"page-templates\/side-menu.php","meta":{"_bbp_topic_count":0,"_bbp_reply_count":0,"_bbp_total_topic_count":0,"_bbp_total_reply_count":0,"_bbp_voice_count":0,"_bbp_anonymous_reply_count":0,"_bbp_topic_count_hidden":0,"_bbp_reply_count_hidden":0,"_bbp_forum_subforum_count":0,"footnotes":""},"class_list":["post-73","page","type-page","status-publish","hentry"],"post_mailing_queue_ids":[],"_links":{"self":[{"href":"https:\/\/agora.xtec.cat\/ceip-turocanmates\/wp-json\/wp\/v2\/pages\/73","targetHints":{"allow":["GET"]}}],"collection":[{"href":"https:\/\/agora.xtec.cat\/ceip-turocanmates\/wp-json\/wp\/v2\/pages"}],"about":[{"href":"https:\/\/agora.xtec.cat\/ceip-turocanmates\/wp-json\/wp\/v2\/types\/page"}],"author":[{"embeddable":true,"href":"https:\/\/agora.xtec.cat\/ceip-turocanmates\/wp-json\/wp\/v2\/users\/1"}],"replies":[{"embeddable":true,"href":"https:\/\/agora.xtec.cat\/ceip-turocanmates\/wp-json\/wp\/v2\/comments?post=73"}],"version-history":[{"count":3,"href":"https:\/\/agora.xtec.cat\/ceip-turocanmates\/wp-json\/wp\/v2\/pages\/73\/revisions"}],"predecessor-version":[{"id":2933,"href":"https:\/\/agora.xtec.cat\/ceip-turocanmates\/wp-json\/wp\/v2\/pages\/73\/revisions\/2933"}],"up":[{"embeddable":true,"href":"https:\/\/agora.xtec.cat\/ceip-turocanmates\/wp-json\/wp\/v2\/pages\/66"}],"wp:attachment":[{"href":"https:\/\/agora.xtec.cat\/ceip-turocanmates\/wp-json\/wp\/v2\/media?parent=73"}],"curies":[{"name":"wp","href":"https:\/\/api.w.org\/{rel}","templated":true}]}}