{"id":71,"date":"2014-09-18T12:44:56","date_gmt":"2014-09-18T11:44:56","guid":{"rendered":"http:\/\/agora.xtec.cat\/ceip-turocanmates\/?page_id=71"},"modified":"2020-03-14T13:45:42","modified_gmt":"2020-03-14T12:45:42","slug":"weeras","status":"publish","type":"page","link":"https:\/\/agora.xtec.cat\/ceip-turocanmates\/serveis\/weeras\/","title":{"rendered":"Plataforma Weeras"},"content":{"rendered":"<p>La nostra escola utilitza la plataforma Weeras com a eina de comunicaci\u00f3 amb les fam\u00edlies. Cada una t\u00e9 un usuari i contrasenya personal. All\u00e0 podreu trobar les fotos i\/o videos de les activitats m\u00e9s significatives que fan els vostres fills i filles, demanar entrevistes amb les tutores\/tutors, rebre els informes trimestrals, el calendari amb les sortides i evidentment un servidor de correu per contactar tant amb el centre com amb l&#8217;equip docent.<\/p>\n","protected":false},"excerpt":{"rendered":"<p>La nostra escola utilitza la plataforma Weeras com a eina de comunicaci\u00f3 amb les fam\u00edlies. Cada una t\u00e9 un usuari i contrasenya personal. All\u00e0 podreu trobar les fotos i\/o videos de les activitats m\u00e9s significatives que fan els vostres fills i filles, demanar entrevistes amb&hellip;  <a href=\"https:\/\/agora.xtec.cat\/ceip-turocanmates\/serveis\/weeras\/\" title=\"Read Plataforma Weeras\">Llegeix m\u00e9s\u00bb<\/a><\/p>\n","protected":false},"author":1,"featured_media":0,"parent":66,"menu_order":50,"comment_status":"closed","ping_status":"closed","template":"page-templates\/side-menu.php","meta":{"_bbp_topic_count":0,"_bbp_reply_count":0,"_bbp_total_topic_count":0,"_bbp_total_reply_count":0,"_bbp_voice_count":0,"_bbp_anonymous_reply_count":0,"_bbp_topic_count_hidden":0,"_bbp_reply_count_hidden":0,"_bbp_forum_subforum_count":0,"footnotes":""},"class_list":["post-71","page","type-page","status-publish","hentry"],"post_mailing_queue_ids":[],"_links":{"self":[{"href":"https:\/\/agora.xtec.cat\/ceip-turocanmates\/wp-json\/wp\/v2\/pages\/71","targetHints":{"allow":["GET"]}}],"collection":[{"href":"https:\/\/agora.xtec.cat\/ceip-turocanmates\/wp-json\/wp\/v2\/pages"}],"about":[{"href":"https:\/\/agora.xtec.cat\/ceip-turocanmates\/wp-json\/wp\/v2\/types\/page"}],"author":[{"embeddable":true,"href":"https:\/\/agora.xtec.cat\/ceip-turocanmates\/wp-json\/wp\/v2\/users\/1"}],"replies":[{"embeddable":true,"href":"https:\/\/agora.xtec.cat\/ceip-turocanmates\/wp-json\/wp\/v2\/comments?post=71"}],"version-history":[{"count":3,"href":"https:\/\/agora.xtec.cat\/ceip-turocanmates\/wp-json\/wp\/v2\/pages\/71\/revisions"}],"predecessor-version":[{"id":2934,"href":"https:\/\/agora.xtec.cat\/ceip-turocanmates\/wp-json\/wp\/v2\/pages\/71\/revisions\/2934"}],"up":[{"embeddable":true,"href":"https:\/\/agora.xtec.cat\/ceip-turocanmates\/wp-json\/wp\/v2\/pages\/66"}],"wp:attachment":[{"href":"https:\/\/agora.xtec.cat\/ceip-turocanmates\/wp-json\/wp\/v2\/media?parent=71"}],"curies":[{"name":"wp","href":"https:\/\/api.w.org\/{rel}","templated":true}]}}