{"id":64,"date":"2014-09-18T12:39:08","date_gmt":"2014-09-18T11:39:08","guid":{"rendered":"http:\/\/agora.xtec.cat\/ceip-turocanmates\/?page_id=64"},"modified":"2026-04-16T15:52:33","modified_gmt":"2026-04-16T13:52:33","slug":"projecte-educatiu","status":"publish","type":"page","link":"https:\/\/agora.xtec.cat\/ceip-turocanmates\/lescola\/projecte-educatiu\/","title":{"rendered":"Projecte educatiu"},"content":{"rendered":"<p>L\u2019escola Tur\u00f3 de Can Mates imparteix els ensenyaments d&#8217;Educaci\u00f3 Infantil i Prim\u00e0ria.<br \/>\nEls nostres trets d\u2019identitat s\u00f3n:<\/p>\n<ul>\n<li>escola laica i catalana<\/li>\n<li>coeducativa i inclusiva<\/li>\n<li>gesti\u00f3 participativa i democr\u00e0tica<\/li>\n<li>compromesa amb l&#8217;entorn i el m\u00f3n<\/li>\n<\/ul>\n<p>Tenim com a objectiu principal:<br \/>\n\u201c<em>Afavorir una educaci\u00f3 integral adre\u00e7ada a formar persones que disposin d&#8217;un bagatge cultural amb eines de treball i criteri propi, per comprendre el m\u00f3n i comprometre&#8217;s i que tinguin esperit cr\u00edtic per canviar-lo\u201d. <\/em>Creiem fermament que aix\u00f2 no \u00e9s possible sense alumnes emocionalment competents.<\/p>\n<p>Aquest projecte global s\u2019articula entorn a cinc eixos transversals que donaran suport i sentit a totes les actuacions del centre:<\/p>\n<p>\u2022 <strong>Eix d\u2019educaci\u00f3 emocional i valors<\/strong>: l\u2019objectiu prioritari \u00e9s la formaci\u00f3 integral de l\u2019alumne. Treballem per aconseguir que els i les nostres alumnes esdevinguin unes ciutadanes responsables, emocionalment equilibrades, en tots els aspectes de la seva vida tan privada com professional, i capaces d\u2019establir xarxes eficaces de cooperaci\u00f3 i col\u00b7laboraci\u00f3.<\/p>\n<p>\u2022 <strong>Eix de la implementaci\u00f3 de l\u2019angl\u00e8s<\/strong>: entenent aquesta com a eina de comunicaci\u00f3, es treballa d\u2019una manera contextualitzada i vivencial. Per tant les actuacions van adre\u00e7ades a tres \u00e0mbits:<\/p>\n<p style=\"padding-left: 40px;\">1.- \u00c0mbit lectiu: des d\u2019educaci\u00f3 infantil es fan sessions de mig grup per poder fomentar l\u2019expressi\u00f3 oral de l\u2019alumnat. Posteriorment es realitzen tallers a prim\u00e0ria.<br \/>\n2.- \u00c0mbit vivencial: les mestres d\u2019angl\u00e8s utilitzen aquesta llengua en totes les situacions de la vida escolar, esbarjo, passadisos&#8230; Proposen activitats que fomenten el seu \u00fas comunicatiu: teatre, col\u00f2nies a 4t, Cantata de Nadal&#8230;<br \/>\n3.- \u00c0mbit familiar: fent part\u00edceps a les fam\u00edlies amb arrels angl\u00f2fones en els aspectes tant culturals, tradicionals com de costums que puguin aportar.<\/p>\n<p>\u2022<strong> Eix de les metodologies m\u00faltiples i compartides<\/strong>: l&#8217;objectiu \u00e9s aconseguir que els i les alumnes siguin protagonistes del seu propi aprenentatge. Aquest partir\u00e0 de situacions contextualitzades, converses d&#8217;aula, inquietuds, preguntes que es generen&#8230;\u00a0 El paper de la mestra \u00e9s el de guiar i acompanyar aquest proc\u00e9s, respectant el seu punt de partida tant cognitiu com social i familiar, assegurant-ne la inclusi\u00f3 i l&#8217;atenci\u00f3 de tot l&#8217;alumnat. Entenem que l&#8217;aula \u00e9s una comunitat on aprenem dels altres i amb els altres. Tot aix\u00f2 es materialitza en el treball per projectes que mitjan\u00e7ant el treball cooperatiu possibiliten un aprenentatge significatiu, funcional i transferible.<\/p>\n<p>\u2022 <strong>Eix art\u00edstic<\/strong>: treballant en dos aspectes diferents:<\/p>\n<p style=\"padding-left: 40px;\">Com una forma de comunicar-se , tant en la basant musical, teatral com d\u2019arts pl\u00e0stiques. Per tant fomentem l\u2019expressi\u00f3 i la creaci\u00f3.<\/p>\n<p style=\"padding-left: 40px;\">Per altra banda crear una sensibilitzaci\u00f3 cap a les manifestacions culturals i est\u00e8tiques.<\/p>\n<p>\u2022 <strong>Educaci\u00f3 mediambiental<\/strong>: a partir del nostre hort ecol\u00f2gic, tots els alumnes treballen diferents aspectes:<\/p>\n<p style=\"padding-left: 40px;\">Planificaci\u00f3, tenir cura i recol\u00b7lecci\u00f3 dels diferents productes<br \/>\nLa tradici\u00f3 agr\u00e0ria de la nostra ciutat, recuperaci\u00f3 de les llavors aut\u00f2ctones a trav\u00e9s del banc de llavors<br \/>\nTreball d\u2019investigaci\u00f3 de l\u2019ecosistema del nostre hort.<\/p>\n<p>La cura del nostre entorn est\u00e0 molt present en el dia a dia de les aules i d\u00f3na lloc a diverses recerques\/projectes d&#8217;investigaci\u00f3.<\/p>\n<p>\u2022 <strong>Eix de desenvolupament de les Tac<\/strong>: sempre partint de la necessitat de la seva utilitzaci\u00f3, com a eina de comunicaci\u00f3 i de recerca d\u2019informaci\u00f3. S\u2019utilitzar\u00e0 en totes les \u00e0rees com una eina m\u00e9s de treball i suport als infants que ajudar\u00e0 a consolidar el treball cooperatiu. Aqu\u00ed trobareu un resum de la nostra <a href=\"https:\/\/drive.google.com\/file\/d\/1KE8KPhpuTn_6TkkcvXYiUin34dDGcGji\/view?usp=drive_link\" target=\"_blank\" rel=\"noopener\">Estrat\u00e8gia digital<\/a><\/p>\n","protected":false},"excerpt":{"rendered":"<p>L\u2019escola Tur\u00f3 de Can Mates imparteix els ensenyaments d&#8217;Educaci\u00f3 Infantil i Prim\u00e0ria. Els nostres trets d\u2019identitat s\u00f3n: escola laica i catalana coeducativa i inclusiva gesti\u00f3 participativa i democr\u00e0tica compromesa amb l&#8217;entorn i el m\u00f3n Tenim com a objectiu principal: \u201cAfavorir una educaci\u00f3 integral adre\u00e7ada a formar persones que disposin d&#8217;un bagatge cultural amb eines de [&hellip;]<\/p>\n","protected":false},"author":1,"featured_media":0,"parent":22,"menu_order":20,"comment_status":"closed","ping_status":"closed","template":"","meta":{"_bbp_topic_count":0,"_bbp_reply_count":0,"_bbp_total_topic_count":0,"_bbp_total_reply_count":0,"_bbp_voice_count":0,"_bbp_anonymous_reply_count":0,"_bbp_topic_count_hidden":0,"_bbp_reply_count_hidden":0,"_bbp_forum_subforum_count":0,"site-sidebar-layout":"default","site-content-layout":"","ast-site-content-layout":"default","site-content-style":"default","site-sidebar-style":"default","ast-global-header-display":"","ast-banner-title-visibility":"","ast-main-header-display":"","ast-hfb-above-header-display":"","ast-hfb-below-header-display":"","ast-hfb-mobile-header-display":"","site-post-title":"","ast-breadcrumbs-content":"","ast-featured-img":"","footer-sml-layout":"","theme-transparent-header-meta":"","adv-header-id-meta":"","stick-header-meta":"","header-above-stick-meta":"","header-main-stick-meta":"","header-below-stick-meta":"","astra-migrate-meta-layouts":"set","ast-page-background-enabled":"default","ast-page-background-meta":{"desktop":{"background-color":"var(--ast-global-color-4)","background-image":"","background-repeat":"repeat","background-position":"center center","background-size":"auto","background-attachment":"scroll","background-type":"","background-media":"","overlay-type":"","overlay-color":"","overlay-opacity":"","overlay-gradient":""},"tablet":{"background-color":"","background-image":"","background-repeat":"repeat","background-position":"center center","background-size":"auto","background-attachment":"scroll","background-type":"","background-media":"","overlay-type":"","overlay-color":"","overlay-opacity":"","overlay-gradient":""},"mobile":{"background-color":"","background-image":"","background-repeat":"repeat","background-position":"center center","background-size":"auto","background-attachment":"scroll","background-type":"","background-media":"","overlay-type":"","overlay-color":"","overlay-opacity":"","overlay-gradient":""}},"ast-content-background-meta":{"desktop":{"background-color":"var(--ast-global-color-5)","background-image":"","background-repeat":"repeat","background-position":"center center","background-size":"auto","background-attachment":"scroll","background-type":"","background-media":"","overlay-type":"","overlay-color":"","overlay-opacity":"","overlay-gradient":""},"tablet":{"background-color":"var(--ast-global-color-5)","background-image":"","background-repeat":"repeat","background-position":"center center","background-size":"auto","background-attachment":"scroll","background-type":"","background-media":"","overlay-type":"","overlay-color":"","overlay-opacity":"","overlay-gradient":""},"mobile":{"background-color":"var(--ast-global-color-5)","background-image":"","background-repeat":"repeat","background-position":"center center","background-size":"auto","background-attachment":"scroll","background-type":"","background-media":"","overlay-type":"","overlay-color":"","overlay-opacity":"","overlay-gradient":""}},"footnotes":""},"class_list":["post-64","page","type-page","status-publish","hentry"],"post_mailing_queue_ids":[],"_links":{"self":[{"href":"https:\/\/agora.xtec.cat\/ceip-turocanmates\/wp-json\/wp\/v2\/pages\/64","targetHints":{"allow":["GET"]}}],"collection":[{"href":"https:\/\/agora.xtec.cat\/ceip-turocanmates\/wp-json\/wp\/v2\/pages"}],"about":[{"href":"https:\/\/agora.xtec.cat\/ceip-turocanmates\/wp-json\/wp\/v2\/types\/page"}],"author":[{"embeddable":true,"href":"https:\/\/agora.xtec.cat\/ceip-turocanmates\/wp-json\/wp\/v2\/users\/1"}],"replies":[{"embeddable":true,"href":"https:\/\/agora.xtec.cat\/ceip-turocanmates\/wp-json\/wp\/v2\/comments?post=64"}],"version-history":[{"count":6,"href":"https:\/\/agora.xtec.cat\/ceip-turocanmates\/wp-json\/wp\/v2\/pages\/64\/revisions"}],"predecessor-version":[{"id":4572,"href":"https:\/\/agora.xtec.cat\/ceip-turocanmates\/wp-json\/wp\/v2\/pages\/64\/revisions\/4572"}],"up":[{"embeddable":true,"href":"https:\/\/agora.xtec.cat\/ceip-turocanmates\/wp-json\/wp\/v2\/pages\/22"}],"wp:attachment":[{"href":"https:\/\/agora.xtec.cat\/ceip-turocanmates\/wp-json\/wp\/v2\/media?parent=64"}],"curies":[{"name":"wp","href":"https:\/\/api.w.org\/{rel}","templated":true}]}}