{"id":4766,"date":"2026-04-30T15:24:41","date_gmt":"2026-04-30T13:24:41","guid":{"rendered":"https:\/\/agora.xtec.cat\/ceip-turocanmates\/?page_id=4766"},"modified":"2026-04-30T16:21:16","modified_gmt":"2026-04-30T14:21:16","slug":"ambients-a-educacio-infantil","status":"publish","type":"page","link":"https:\/\/agora.xtec.cat\/ceip-turocanmates\/com-treballem-2\/ambients-a-educacio-infantil\/","title":{"rendered":"Ambients a Educaci\u00f3 Infantil"},"content":{"rendered":"\n<p>Els <strong>ambients<\/strong> s\u00f3n diferents espais d&#8217;aprenentatge, de relaci\u00f3 i comunicaci\u00f3 on, a partir de diferents propostes, els infants: actuen, observen, experimenten, investiguen, construeixen \/ destrueixien, modifiquen, assagen, inventen, imaginen, raonen, expliquen, comparteixen, es relacionen, s&#8217;emocionen i interactuen amb els altres infants de la comunitat, de manera AUT\u00d2NOMA. <\/p>\n\n\n\n<p>Aquest plantejament de treball respon a la necessitat que mostren els infants de jugar i de relacionar-se. \u00c9s una manera de poder donar resposta als interessos i necessitats dels infants i respectar els diferents ritmes d&#8217;aprenentatge. <\/p>\n\n\n\n<p>Ofereixen una gran VARIETAT DE PROPOSTES i materials (org\u00e0nics, naturals, estructurats&#8230;) tot intentant donar resposta als diferents estils d&#8217;aprenentatge propis de la diversitat de cada infant. <\/p>\n\n\n\n<p>Busquen despertar la CURIOSITAT dels infants d&#8217;una manera propera i engrescadora. <\/p>\n\n\n\n<p>Possibiliten l&#8217;enriquiment d&#8217;APRENDRE DELS ALTRES amb grups d&#8217;edats barrejades on cada infant pot trobar el seu moment o proposta per compartir. Poden aprendre de l&#8217;altre o tamb\u00e9 col\u00b7laborar i ajudar amb respecte. <\/p>\n","protected":false},"excerpt":{"rendered":"<p>Els ambients s\u00f3n diferents espais d&#8217;aprenentatge, de relaci\u00f3 i comunicaci\u00f3 on, a partir de diferents propostes, els infants: actuen, observen, experimenten, investiguen, construeixen \/ destrueixien, modifiquen, assagen, inventen, imaginen, raonen, expliquen, comparteixen, es relacionen, s&#8217;emocionen i interactuen amb els altres infants de la comunitat, de manera AUT\u00d2NOMA. Aquest plantejament de treball respon a la necessitat [&hellip;]<\/p>\n","protected":false},"author":1,"featured_media":0,"parent":4756,"menu_order":0,"comment_status":"closed","ping_status":"close","template":"","meta":{"_bbp_topic_count":0,"_bbp_reply_count":0,"_bbp_total_topic_count":0,"_bbp_total_reply_count":0,"_bbp_voice_count":0,"_bbp_anonymous_reply_count":0,"_bbp_topic_count_hidden":0,"_bbp_reply_count_hidden":0,"_bbp_forum_subforum_count":0,"site-sidebar-layout":"default","site-content-layout":"","ast-site-content-layout":"default","site-content-style":"default","site-sidebar-style":"default","ast-global-header-display":"","ast-banner-title-visibility":"","ast-main-header-display":"","ast-hfb-above-header-display":"","ast-hfb-below-header-display":"","ast-hfb-mobile-header-display":"","site-post-title":"","ast-breadcrumbs-content":"","ast-featured-img":"","footer-sml-layout":"","theme-transparent-header-meta":"","adv-header-id-meta":"","stick-header-meta":"","header-above-stick-meta":"","header-main-stick-meta":"","header-below-stick-meta":"","astra-migrate-meta-layouts":"set","ast-page-background-enabled":"default","ast-page-background-meta":{"desktop":{"background-color":"var(--ast-global-color-4)","background-image":"","background-repeat":"repeat","background-position":"center center","background-size":"auto","background-attachment":"scroll","background-type":"","background-media":"","overlay-type":"","overlay-color":"","overlay-opacity":"","overlay-gradient":""},"tablet":{"background-color":"","background-image":"","background-repeat":"repeat","background-position":"center center","background-size":"auto","background-attachment":"scroll","background-type":"","background-media":"","overlay-type":"","overlay-color":"","overlay-opacity":"","overlay-gradient":""},"mobile":{"background-color":"","background-image":"","background-repeat":"repeat","background-position":"center center","background-size":"auto","background-attachment":"scroll","background-type":"","background-media":"","overlay-type":"","overlay-color":"","overlay-opacity":"","overlay-gradient":""}},"ast-content-background-meta":{"desktop":{"background-color":"var(--ast-global-color-5)","background-image":"","background-repeat":"repeat","background-position":"center center","background-size":"auto","background-attachment":"scroll","background-type":"","background-media":"","overlay-type":"","overlay-color":"","overlay-opacity":"","overlay-gradient":""},"tablet":{"background-color":"var(--ast-global-color-5)","background-image":"","background-repeat":"repeat","background-position":"center center","background-size":"auto","background-attachment":"scroll","background-type":"","background-media":"","overlay-type":"","overlay-color":"","overlay-opacity":"","overlay-gradient":""},"mobile":{"background-color":"var(--ast-global-color-5)","background-image":"","background-repeat":"repeat","background-position":"center center","background-size":"auto","background-attachment":"scroll","background-type":"","background-media":"","overlay-type":"","overlay-color":"","overlay-opacity":"","overlay-gradient":""}},"footnotes":""},"class_list":["post-4766","page","type-page","status-publish","hentry"],"post_mailing_queue_ids":[],"_links":{"self":[{"href":"https:\/\/agora.xtec.cat\/ceip-turocanmates\/wp-json\/wp\/v2\/pages\/4766","targetHints":{"allow":["GET"]}}],"collection":[{"href":"https:\/\/agora.xtec.cat\/ceip-turocanmates\/wp-json\/wp\/v2\/pages"}],"about":[{"href":"https:\/\/agora.xtec.cat\/ceip-turocanmates\/wp-json\/wp\/v2\/types\/page"}],"author":[{"embeddable":true,"href":"https:\/\/agora.xtec.cat\/ceip-turocanmates\/wp-json\/wp\/v2\/users\/1"}],"replies":[{"embeddable":true,"href":"https:\/\/agora.xtec.cat\/ceip-turocanmates\/wp-json\/wp\/v2\/comments?post=4766"}],"version-history":[{"count":3,"href":"https:\/\/agora.xtec.cat\/ceip-turocanmates\/wp-json\/wp\/v2\/pages\/4766\/revisions"}],"predecessor-version":[{"id":4795,"href":"https:\/\/agora.xtec.cat\/ceip-turocanmates\/wp-json\/wp\/v2\/pages\/4766\/revisions\/4795"}],"up":[{"embeddable":true,"href":"https:\/\/agora.xtec.cat\/ceip-turocanmates\/wp-json\/wp\/v2\/pages\/4756"}],"wp:attachment":[{"href":"https:\/\/agora.xtec.cat\/ceip-turocanmates\/wp-json\/wp\/v2\/media?parent=4766"}],"curies":[{"name":"wp","href":"https:\/\/api.w.org\/{rel}","templated":true}]}}