{"id":4763,"date":"2026-04-30T15:23:36","date_gmt":"2026-04-30T13:23:36","guid":{"rendered":"https:\/\/agora.xtec.cat\/ceip-turocanmates\/?page_id=4763"},"modified":"2026-04-30T15:23:36","modified_gmt":"2026-04-30T13:23:36","slug":"espais-daprenentatge-a-educacio-infantil","status":"publish","type":"page","link":"https:\/\/agora.xtec.cat\/ceip-turocanmates\/com-treballem-2\/espais-daprenentatge-a-educacio-infantil\/","title":{"rendered":"Espais d&#8217;aprenentatge a Educaci\u00f3 Infantil"},"content":{"rendered":"\n<p>Els <strong>espais d&#8217;aprenentatge<\/strong> a educaci\u00f3 infantil s\u00f3n entorns organitzats i dissenyats amb intencionalitat pedag\u00f2gica on els infants esdevenen els protagonistes del seu propi proc\u00e9s de descobriment. Al Tur\u00f3, treballem aquestes propostes <strong>per nivells<\/strong>, oferint diversos escenaris simultanis amb reptes variats que abasten des de l&#8217;experimentaci\u00f3 sensorial fins al joc simb\u00f2lic o la creativitat art\u00edstica. Aquests espais <strong>es van repetint setmanalment<\/strong>, un factor clau que permet a l&#8217;infant retrobar-se amb els materials, aprofundir en la seva exploraci\u00f3 i consolidar les seves capacitats al seu propi ritme. D&#8217;aquesta manera, l&#8217;alumnat va adquirint les diferents <strong>compet\u00e8ncies d&#8217;una forma l\u00fadica<\/strong>, significativa i aut\u00f2noma, trobant en la repetici\u00f3 i el joc la seguretat necess\u00e0ria per investigar i crear sense por a l&#8217;error.<\/p>\n","protected":false},"excerpt":{"rendered":"<p>Els espais d&#8217;aprenentatge a educaci\u00f3 infantil s\u00f3n entorns organitzats i dissenyats amb intencionalitat pedag\u00f2gica on els infants esdevenen els protagonistes del seu propi proc\u00e9s de descobriment. Al Tur\u00f3, treballem aquestes propostes per nivells, oferint diversos escenaris simultanis amb reptes variats que abasten des de l&#8217;experimentaci\u00f3 sensorial fins al joc simb\u00f2lic o la creativitat art\u00edstica. Aquests [&hellip;]<\/p>\n","protected":false},"author":1,"featured_media":0,"parent":4756,"menu_order":0,"comment_status":"closed","ping_status":"close","template":"","meta":{"_bbp_topic_count":0,"_bbp_reply_count":0,"_bbp_total_topic_count":0,"_bbp_total_reply_count":0,"_bbp_voice_count":0,"_bbp_anonymous_reply_count":0,"_bbp_topic_count_hidden":0,"_bbp_reply_count_hidden":0,"_bbp_forum_subforum_count":0,"site-sidebar-layout":"default","site-content-layout":"","ast-site-content-layout":"default","site-content-style":"default","site-sidebar-style":"default","ast-global-header-display":"","ast-banner-title-visibility":"","ast-main-header-display":"","ast-hfb-above-header-display":"","ast-hfb-below-header-display":"","ast-hfb-mobile-header-display":"","site-post-title":"","ast-breadcrumbs-content":"","ast-featured-img":"","footer-sml-layout":"","theme-transparent-header-meta":"","adv-header-id-meta":"","stick-header-meta":"","header-above-stick-meta":"","header-main-stick-meta":"","header-below-stick-meta":"","astra-migrate-meta-layouts":"set","ast-page-background-enabled":"default","ast-page-background-meta":{"desktop":{"background-color":"var(--ast-global-color-4)","background-image":"","background-repeat":"repeat","background-position":"center center","background-size":"auto","background-attachment":"scroll","background-type":"","background-media":"","overlay-type":"","overlay-color":"","overlay-opacity":"","overlay-gradient":""},"tablet":{"background-color":"","background-image":"","background-repeat":"repeat","background-position":"center center","background-size":"auto","background-attachment":"scroll","background-type":"","background-media":"","overlay-type":"","overlay-color":"","overlay-opacity":"","overlay-gradient":""},"mobile":{"background-color":"","background-image":"","background-repeat":"repeat","background-position":"center center","background-size":"auto","background-attachment":"scroll","background-type":"","background-media":"","overlay-type":"","overlay-color":"","overlay-opacity":"","overlay-gradient":""}},"ast-content-background-meta":{"desktop":{"background-color":"var(--ast-global-color-5)","background-image":"","background-repeat":"repeat","background-position":"center center","background-size":"auto","background-attachment":"scroll","background-type":"","background-media":"","overlay-type":"","overlay-color":"","overlay-opacity":"","overlay-gradient":""},"tablet":{"background-color":"var(--ast-global-color-5)","background-image":"","background-repeat":"repeat","background-position":"center center","background-size":"auto","background-attachment":"scroll","background-type":"","background-media":"","overlay-type":"","overlay-color":"","overlay-opacity":"","overlay-gradient":""},"mobile":{"background-color":"var(--ast-global-color-5)","background-image":"","background-repeat":"repeat","background-position":"center center","background-size":"auto","background-attachment":"scroll","background-type":"","background-media":"","overlay-type":"","overlay-color":"","overlay-opacity":"","overlay-gradient":""}},"footnotes":""},"class_list":["post-4763","page","type-page","status-publish","hentry"],"post_mailing_queue_ids":[],"_links":{"self":[{"href":"https:\/\/agora.xtec.cat\/ceip-turocanmates\/wp-json\/wp\/v2\/pages\/4763","targetHints":{"allow":["GET"]}}],"collection":[{"href":"https:\/\/agora.xtec.cat\/ceip-turocanmates\/wp-json\/wp\/v2\/pages"}],"about":[{"href":"https:\/\/agora.xtec.cat\/ceip-turocanmates\/wp-json\/wp\/v2\/types\/page"}],"author":[{"embeddable":true,"href":"https:\/\/agora.xtec.cat\/ceip-turocanmates\/wp-json\/wp\/v2\/users\/1"}],"replies":[{"embeddable":true,"href":"https:\/\/agora.xtec.cat\/ceip-turocanmates\/wp-json\/wp\/v2\/comments?post=4763"}],"version-history":[{"count":1,"href":"https:\/\/agora.xtec.cat\/ceip-turocanmates\/wp-json\/wp\/v2\/pages\/4763\/revisions"}],"predecessor-version":[{"id":4764,"href":"https:\/\/agora.xtec.cat\/ceip-turocanmates\/wp-json\/wp\/v2\/pages\/4763\/revisions\/4764"}],"up":[{"embeddable":true,"href":"https:\/\/agora.xtec.cat\/ceip-turocanmates\/wp-json\/wp\/v2\/pages\/4756"}],"wp:attachment":[{"href":"https:\/\/agora.xtec.cat\/ceip-turocanmates\/wp-json\/wp\/v2\/media?parent=4763"}],"curies":[{"name":"wp","href":"https:\/\/api.w.org\/{rel}","templated":true}]}}