{"id":4597,"date":"2026-04-20T09:35:00","date_gmt":"2026-04-20T07:35:00","guid":{"rendered":"https:\/\/agora.xtec.cat\/ceip-turocanmates\/?page_id=4597"},"modified":"2026-04-20T13:04:15","modified_gmt":"2026-04-20T11:04:15","slug":"historia-de-lescola","status":"publish","type":"page","link":"https:\/\/agora.xtec.cat\/ceip-turocanmates\/historia-de-lescola\/","title":{"rendered":"Hist\u00f2ria de l&#8217;escola"},"content":{"rendered":"\n<p>Can Mates, a Sant Cugat del Vall\u00e8s, una zona en creixement que ha experimentat una gran expansi\u00f3 demogr\u00e0fica durant les darreres d\u00e8cades. La seva creaci\u00f3 respon a la necessitat de donar servei a les noves fam\u00edlies del barri, apostant per una escola moderna, arrelada a l\u2019entorn i amb una mirada pedag\u00f2gica innovadora des dels seus inicis.<\/p>\n\n\n\n<figure class=\"wp-block-image alignleft size-full is-resized\"><a href=\"https:\/\/agora.xtec.cat\/ceip-turocanmates\/wp-content\/uploads\/usu127\/2018\/02\/escola-turo-de-can-mates-61526-162212.jpg\"><img loading=\"lazy\" decoding=\"async\" width=\"300\" height=\"193\" src=\"https:\/\/agora.xtec.cat\/ceip-turocanmates\/wp-content\/uploads\/usu127\/2018\/02\/escola-turo-de-can-mates-61526-162212.jpg\" alt=\"\" class=\"wp-image-2619\" style=\"width:356px;height:auto\"\/><\/a><\/figure>\n\n\n\n<p>Des de la seva obertura, el centre ha treballat per consolidar un projecte educatiu basat en l\u2019aprenentatge actiu, la inclusi\u00f3 i el desenvolupament integral dels infants. L\u2019escola destaca per la import\u00e0ncia que dona al treball per projectes, la participaci\u00f3 de la comunitat educativa i la creaci\u00f3 d\u2019espais d\u2019aprenentatge flexibles que afavoreixen l\u2019autonomia i la cooperaci\u00f3 entre l\u2019alumnat.<\/p>\n\n\n\n<p>Amb el pas dels anys, el Tur\u00f3 de Can Mates s\u2019ha convertit en un referent dins del municipi, no nom\u00e9s per la seva proposta pedag\u00f2gica sin\u00f3 tamb\u00e9 pel seu comprom\u00eds amb els valors de conviv\u00e8ncia, respecte i sostenibilitat. L\u2019escola mant\u00e9 una estreta vinculaci\u00f3 amb el barri i el seu entorn, fomentant activitats que connecten l\u2019alumnat amb la realitat social i natural que els envolta.<\/p>\n","protected":false},"excerpt":{"rendered":"<p>Can Mates, a Sant Cugat del Vall\u00e8s, una zona en creixement que ha experimentat una gran expansi\u00f3 demogr\u00e0fica durant les darreres d\u00e8cades. La seva creaci\u00f3 respon a la necessitat de donar servei a les noves fam\u00edlies del barri, apostant per una escola moderna, arrelada a l\u2019entorn i amb una mirada pedag\u00f2gica innovadora des dels seus [&hellip;]<\/p>\n","protected":false},"author":1,"featured_media":0,"parent":0,"menu_order":0,"comment_status":"closed","ping_status":"close","template":"","meta":{"_bbp_topic_count":0,"_bbp_reply_count":0,"_bbp_total_topic_count":0,"_bbp_total_reply_count":0,"_bbp_voice_count":0,"_bbp_anonymous_reply_count":0,"_bbp_topic_count_hidden":0,"_bbp_reply_count_hidden":0,"_bbp_forum_subforum_count":0,"site-sidebar-layout":"default","site-content-layout":"","ast-site-content-layout":"default","site-content-style":"default","site-sidebar-style":"default","ast-global-header-display":"","ast-banner-title-visibility":"","ast-main-header-display":"","ast-hfb-above-header-display":"","ast-hfb-below-header-display":"","ast-hfb-mobile-header-display":"","site-post-title":"","ast-breadcrumbs-content":"","ast-featured-img":"","footer-sml-layout":"","theme-transparent-header-meta":"","adv-header-id-meta":"","stick-header-meta":"","header-above-stick-meta":"","header-main-stick-meta":"","header-below-stick-meta":"","astra-migrate-meta-layouts":"set","ast-page-background-enabled":"default","ast-page-background-meta":{"desktop":{"background-color":"var(--ast-global-color-4)","background-image":"","background-repeat":"repeat","background-position":"center center","background-size":"auto","background-attachment":"scroll","background-type":"","background-media":"","overlay-type":"","overlay-color":"","overlay-opacity":"","overlay-gradient":""},"tablet":{"background-color":"","background-image":"","background-repeat":"repeat","background-position":"center center","background-size":"auto","background-attachment":"scroll","background-type":"","background-media":"","overlay-type":"","overlay-color":"","overlay-opacity":"","overlay-gradient":""},"mobile":{"background-color":"","background-image":"","background-repeat":"repeat","background-position":"center center","background-size":"auto","background-attachment":"scroll","background-type":"","background-media":"","overlay-type":"","overlay-color":"","overlay-opacity":"","overlay-gradient":""}},"ast-content-background-meta":{"desktop":{"background-color":"var(--ast-global-color-5)","background-image":"","background-repeat":"repeat","background-position":"center center","background-size":"auto","background-attachment":"scroll","background-type":"","background-media":"","overlay-type":"","overlay-color":"","overlay-opacity":"","overlay-gradient":""},"tablet":{"background-color":"var(--ast-global-color-5)","background-image":"","background-repeat":"repeat","background-position":"center center","background-size":"auto","background-attachment":"scroll","background-type":"","background-media":"","overlay-type":"","overlay-color":"","overlay-opacity":"","overlay-gradient":""},"mobile":{"background-color":"var(--ast-global-color-5)","background-image":"","background-repeat":"repeat","background-position":"center center","background-size":"auto","background-attachment":"scroll","background-type":"","background-media":"","overlay-type":"","overlay-color":"","overlay-opacity":"","overlay-gradient":""}},"footnotes":""},"class_list":["post-4597","page","type-page","status-publish","hentry"],"post_mailing_queue_ids":[],"_links":{"self":[{"href":"https:\/\/agora.xtec.cat\/ceip-turocanmates\/wp-json\/wp\/v2\/pages\/4597","targetHints":{"allow":["GET"]}}],"collection":[{"href":"https:\/\/agora.xtec.cat\/ceip-turocanmates\/wp-json\/wp\/v2\/pages"}],"about":[{"href":"https:\/\/agora.xtec.cat\/ceip-turocanmates\/wp-json\/wp\/v2\/types\/page"}],"author":[{"embeddable":true,"href":"https:\/\/agora.xtec.cat\/ceip-turocanmates\/wp-json\/wp\/v2\/users\/1"}],"replies":[{"embeddable":true,"href":"https:\/\/agora.xtec.cat\/ceip-turocanmates\/wp-json\/wp\/v2\/comments?post=4597"}],"version-history":[{"count":1,"href":"https:\/\/agora.xtec.cat\/ceip-turocanmates\/wp-json\/wp\/v2\/pages\/4597\/revisions"}],"predecessor-version":[{"id":4598,"href":"https:\/\/agora.xtec.cat\/ceip-turocanmates\/wp-json\/wp\/v2\/pages\/4597\/revisions\/4598"}],"wp:attachment":[{"href":"https:\/\/agora.xtec.cat\/ceip-turocanmates\/wp-json\/wp\/v2\/media?parent=4597"}],"curies":[{"name":"wp","href":"https:\/\/api.w.org\/{rel}","templated":true}]}}