{"id":38,"date":"2014-09-18T12:34:08","date_gmt":"2014-09-18T11:34:08","guid":{"rendered":"http:\/\/agora.xtec.cat\/ceip-turocanmates\/?page_id=38"},"modified":"2026-04-30T10:30:37","modified_gmt":"2026-04-30T08:30:37","slug":"salut","status":"publish","type":"page","link":"https:\/\/agora.xtec.cat\/ceip-turocanmates\/documents-de-centre\/salut\/","title":{"rendered":"Salut"},"content":{"rendered":"\n<p>El nens\/es, especialment quan s\u00f3n molt petits, s\u00f3n molt susceptibles a les infeccions i a encomanar-se f\u00e0cilment d\u2019aquelles malalties que poden tenir els seus companys. \u00c9s per aix\u00f2 que us recordem que com a mesura preventiva cal mantenir el nen\/a a casa en cas de: <\/p>\n\n\n\n<ul class=\"wp-block-list\">\n<li>febre<\/li>\n\n\n\n<li>descomposici\u00f3<\/li>\n\n\n\n<li>conjuntivitis <\/li>\n\n\n\n<li>qualsevol altra circumst\u00e0ncia que pugui suposar\u00a0 el comen\u00e7ament o desenvolupament d\u2019una malaltia contagiosa<\/li>\n\n\n\n<li>per prevenir possibles plagues, quan un alumne tingui polls romandr\u00e0 a casa fins que, un cop fet el tractament ja estigui net de ll\u00e9menes i \/o polls.<\/li>\n<\/ul>\n\n\n\n<p>Us recordem que la <strong>normativa<\/strong> ens prohibeix administrar qualsevol tipus de medicament si no \u00e9s amb recepta m\u00e8dica.<\/p>\n\n\n\n<p>Si cal medicar a un nen \/a caldr\u00e0 lliurar al tutor la recepta del pediatre amb l\u2019horari d\u2019administraci\u00f3 del medicament i <strong>una xeringa amb la dosi exacta<\/strong>. D\u2019aquesta manera evitem una possible intoxicaci\u00f3 d\u2019algun alumne i garantim que no es quedi cap medicament oblidat a l\u2019escola.<\/p>\n","protected":false},"excerpt":{"rendered":"<p>El nens\/es, especialment quan s\u00f3n molt petits, s\u00f3n molt susceptibles a les infeccions i a encomanar-se f\u00e0cilment d\u2019aquelles malalties que poden tenir els seus companys. \u00c9s per aix\u00f2 que us recordem que com a mesura preventiva cal mantenir el nen\/a a casa en cas de: Us recordem que la normativa ens prohibeix administrar qualsevol tipus [&hellip;]<\/p>\n","protected":false},"author":1,"featured_media":0,"parent":4564,"menu_order":80,"comment_status":"closed","ping_status":"closed","template":"","meta":{"_bbp_topic_count":0,"_bbp_reply_count":0,"_bbp_total_topic_count":0,"_bbp_total_reply_count":0,"_bbp_voice_count":0,"_bbp_anonymous_reply_count":0,"_bbp_topic_count_hidden":0,"_bbp_reply_count_hidden":0,"_bbp_forum_subforum_count":0,"site-sidebar-layout":"default","site-content-layout":"","ast-site-content-layout":"default","site-content-style":"default","site-sidebar-style":"default","ast-global-header-display":"","ast-banner-title-visibility":"","ast-main-header-display":"","ast-hfb-above-header-display":"","ast-hfb-below-header-display":"","ast-hfb-mobile-header-display":"","site-post-title":"","ast-breadcrumbs-content":"","ast-featured-img":"","footer-sml-layout":"","theme-transparent-header-meta":"","adv-header-id-meta":"","stick-header-meta":"","header-above-stick-meta":"","header-main-stick-meta":"","header-below-stick-meta":"","astra-migrate-meta-layouts":"set","ast-page-background-enabled":"default","ast-page-background-meta":{"desktop":{"background-color":"var(--ast-global-color-4)","background-image":"","background-repeat":"repeat","background-position":"center center","background-size":"auto","background-attachment":"scroll","background-type":"","background-media":"","overlay-type":"","overlay-color":"","overlay-opacity":"","overlay-gradient":""},"tablet":{"background-color":"","background-image":"","background-repeat":"repeat","background-position":"center center","background-size":"auto","background-attachment":"scroll","background-type":"","background-media":"","overlay-type":"","overlay-color":"","overlay-opacity":"","overlay-gradient":""},"mobile":{"background-color":"","background-image":"","background-repeat":"repeat","background-position":"center center","background-size":"auto","background-attachment":"scroll","background-type":"","background-media":"","overlay-type":"","overlay-color":"","overlay-opacity":"","overlay-gradient":""}},"ast-content-background-meta":{"desktop":{"background-color":"var(--ast-global-color-5)","background-image":"","background-repeat":"repeat","background-position":"center center","background-size":"auto","background-attachment":"scroll","background-type":"","background-media":"","overlay-type":"","overlay-color":"","overlay-opacity":"","overlay-gradient":""},"tablet":{"background-color":"var(--ast-global-color-5)","background-image":"","background-repeat":"repeat","background-position":"center center","background-size":"auto","background-attachment":"scroll","background-type":"","background-media":"","overlay-type":"","overlay-color":"","overlay-opacity":"","overlay-gradient":""},"mobile":{"background-color":"var(--ast-global-color-5)","background-image":"","background-repeat":"repeat","background-position":"center center","background-size":"auto","background-attachment":"scroll","background-type":"","background-media":"","overlay-type":"","overlay-color":"","overlay-opacity":"","overlay-gradient":""}},"footnotes":""},"class_list":["post-38","page","type-page","status-publish","hentry"],"post_mailing_queue_ids":[],"_links":{"self":[{"href":"https:\/\/agora.xtec.cat\/ceip-turocanmates\/wp-json\/wp\/v2\/pages\/38","targetHints":{"allow":["GET"]}}],"collection":[{"href":"https:\/\/agora.xtec.cat\/ceip-turocanmates\/wp-json\/wp\/v2\/pages"}],"about":[{"href":"https:\/\/agora.xtec.cat\/ceip-turocanmates\/wp-json\/wp\/v2\/types\/page"}],"author":[{"embeddable":true,"href":"https:\/\/agora.xtec.cat\/ceip-turocanmates\/wp-json\/wp\/v2\/users\/1"}],"replies":[{"embeddable":true,"href":"https:\/\/agora.xtec.cat\/ceip-turocanmates\/wp-json\/wp\/v2\/comments?post=38"}],"version-history":[{"count":5,"href":"https:\/\/agora.xtec.cat\/ceip-turocanmates\/wp-json\/wp\/v2\/pages\/38\/revisions"}],"predecessor-version":[{"id":4725,"href":"https:\/\/agora.xtec.cat\/ceip-turocanmates\/wp-json\/wp\/v2\/pages\/38\/revisions\/4725"}],"up":[{"embeddable":true,"href":"https:\/\/agora.xtec.cat\/ceip-turocanmates\/wp-json\/wp\/v2\/pages\/4564"}],"wp:attachment":[{"href":"https:\/\/agora.xtec.cat\/ceip-turocanmates\/wp-json\/wp\/v2\/media?parent=38"}],"curies":[{"name":"wp","href":"https:\/\/api.w.org\/{rel}","templated":true}]}}