{"id":1008,"date":"2014-11-25T18:34:24","date_gmt":"2014-11-25T17:34:24","guid":{"rendered":"http:\/\/agora.xtec.cat\/ceip-turocanmates\/?page_id=1008"},"modified":"2014-11-25T18:53:52","modified_gmt":"2014-11-25T17:53:52","slug":"1008-2","status":"publish","type":"page","link":"https:\/\/agora.xtec.cat\/ceip-turocanmates\/serveis\/menjador-escolar\/1008-2\/","title":{"rendered":"Activitats i H\u00e0bits"},"content":{"rendered":"<p>INFORMES<\/p>\n<p>Els informes de menjador s\u00f3n trimestrals. En aquests, se us informar\u00e0 dels progressos dels nens i nenes en els h\u00e0bits i les activitats treballades. En el cas de\u00a0P3, els nens i nenes tindran una agenda di\u00e0ria, d\u2019\u00fas exclusiu del menjador (durant el 1r trimestre).<\/p>\n<div>\n<div><\/div>\n<div>ACTIVITATS<\/div>\n<div><\/div>\n<p>Tots els usuaris realitzen activitats adequades a la seva edat. Cal tenir en compte que durant el temps de migdia, dinen, descansen i fan activitats dirigides d\u2019interior o exterior depenent del dia.* A prim\u00e0ria, dos dies per setmana es fan racons dirigits. Racons 1r i 2n:<\/p>\n<p>Jocs tradicionals, balla-balla, ludoteca, dibuix al natural icontes.Racons de 3r a 6\u00e8:<br \/>\nEsport, jocs tradicionals, dansa, ludoteca i biblioteca.Un cop al trimestre, es realitza un taller relacionat amb la decoraci\u00f3 de l\u2019espai de menjador i dintre\u00a0del tema \u201cvivim les autonomies\u201d.<\/p>\n<p>H\u00c0BITS<\/p>\n<p>Dintre del projecte educatiu del servei de menjador existeixen uns objectius que fan refer\u00e8ncia al treball\u00a0d\u2019h\u00e0bits (parar i desparar taula, omplir el got d\u2019aigua, pelar la fruita, deixar el seu espai net i recollit). S\u2019inicia a P5 i cada curs s\u2019augmenta el nombre de tasques.<\/p>\n<p>&nbsp;<\/p>\n<\/div>\n<div class=\"page\" title=\"Page 8\"><\/div>\n","protected":false},"excerpt":{"rendered":"<p>INFORMES<br \/>\nEls informes de menjador s\u00f3n trimestrals. En aquests, se us informar\u00e0 dels progressos dels nens i nenes en els h\u00e0bits i les activitats treballades. En el cas de\u00a0P3, els nens i nenes tindran una agenda di\u00e0ria, d\u2019\u00fas exclusiu del menjador (durant el 1r trimestre).<\/p>\n<p>ACTIVITATS<\/p>\n<p>Tots els&hellip;  <a href=\"https:\/\/agora.xtec.cat\/ceip-turocanmates\/serveis\/menjador-escolar\/1008-2\/\" title=\"Read Activitats i H\u00e0bits\">Llegeix m\u00e9s\u00bb<\/a><\/p>\n","protected":false},"author":1,"featured_media":0,"parent":73,"menu_order":30,"comment_status":"closed","ping_status":"closed","template":"page-templates\/side-menu.php","meta":{"_bbp_topic_count":0,"_bbp_reply_count":0,"_bbp_total_topic_count":0,"_bbp_total_reply_count":0,"_bbp_voice_count":0,"_bbp_anonymous_reply_count":0,"_bbp_topic_count_hidden":0,"_bbp_reply_count_hidden":0,"_bbp_forum_subforum_count":0,"footnotes":""},"class_list":["post-1008","page","type-page","status-publish","hentry"],"post_mailing_queue_ids":[],"_links":{"self":[{"href":"https:\/\/agora.xtec.cat\/ceip-turocanmates\/wp-json\/wp\/v2\/pages\/1008","targetHints":{"allow":["GET"]}}],"collection":[{"href":"https:\/\/agora.xtec.cat\/ceip-turocanmates\/wp-json\/wp\/v2\/pages"}],"about":[{"href":"https:\/\/agora.xtec.cat\/ceip-turocanmates\/wp-json\/wp\/v2\/types\/page"}],"author":[{"embeddable":true,"href":"https:\/\/agora.xtec.cat\/ceip-turocanmates\/wp-json\/wp\/v2\/users\/1"}],"replies":[{"embeddable":true,"href":"https:\/\/agora.xtec.cat\/ceip-turocanmates\/wp-json\/wp\/v2\/comments?post=1008"}],"version-history":[{"count":3,"href":"https:\/\/agora.xtec.cat\/ceip-turocanmates\/wp-json\/wp\/v2\/pages\/1008\/revisions"}],"predecessor-version":[{"id":1014,"href":"https:\/\/agora.xtec.cat\/ceip-turocanmates\/wp-json\/wp\/v2\/pages\/1008\/revisions\/1014"}],"up":[{"embeddable":true,"href":"https:\/\/agora.xtec.cat\/ceip-turocanmates\/wp-json\/wp\/v2\/pages\/73"}],"wp:attachment":[{"href":"https:\/\/agora.xtec.cat\/ceip-turocanmates\/wp-json\/wp\/v2\/media?parent=1008"}],"curies":[{"name":"wp","href":"https:\/\/api.w.org\/{rel}","templated":true}]}}