{"id":1006,"date":"2014-11-25T18:32:52","date_gmt":"2014-11-25T17:32:52","guid":{"rendered":"http:\/\/agora.xtec.cat\/ceip-turocanmates\/?page_id=1006"},"modified":"2022-02-19T23:15:04","modified_gmt":"2022-02-19T22:15:04","slug":"funcionament-del-servei","status":"publish","type":"page","link":"https:\/\/agora.xtec.cat\/ceip-turocanmates\/serveis\/menjador-escolar\/funcionament-del-servei\/","title":{"rendered":"Funcionament del Menjador"},"content":{"rendered":"<p>Es fan dos torns per dinar.:<\/p>\n<p>A les 12\u201940h ( P3, P4, P5, 1r, 2n ) i<\/p>\n<p>A les 13\u201950h ( 3r, 4t, 5\u00e8 i 6\u00e8 ).<\/p>\n<p>Per recomanaci\u00f3 de salut escolar, els nens\/es de P3, P4 i P5 que dinen a les 12\u201940h han de menjar alguna cosa abans d\u2019entrar a\u00a0<span style=\"font-family: inherit; font-size: 1em; line-height: 1.6;\">l\u2019aula. Es donar\u00e0 bastonets o pa segons el que tingui el\u00a0<\/span><span style=\"font-family: inherit; font-size: 1em; line-height: 1.6;\">cuiner al rebost.<\/span><\/p>\n<p><span style=\"font-family: inherit; font-size: 1em; line-height: 1.6;\">Els infants de P3, cada dia, durant el primer trimestre\u00a0<\/span>en arribar a l\u2019escola han de treure el pitet i l\u2019agenda de menjador de la motxilla i posar-ho a les caixes corresponents, que hi ha a cada classe. El dilluns tamb\u00e9 posaran el llen\u00e7ol de fer la migdiada. Aquest llen\u00e7olet us el posem a la motxilla el divendres, per rentar i dilluns l\u2019heu de tornar al centre. Tant el pitet, com el llen\u00e7ol ha d\u2019estar marcat amb el nom del nen\/a en un lloc visible perqu\u00e8 ell\/a i\u00a0nosaltres el reconeguem (no marqueu les costures o gomes). A final de curs es retornar\u00e0 a l\u2019escola. En el cas del pitet, aquest tornar\u00e0 cada dia a casa per rentar. Tamb\u00e9 us recomanem que portin posada roba c\u00f2moda, pantalons i faldilles sense botons i bambes o sabates sense cordons .A partir del mes d\u2019octubre, quan va arribant el fred, tamb\u00e9 haureu de portar una manteta.\u00a0En el cas de P4 els nens\/es encara posaran el pitet a la caixa, en arribar a la classe i el tornaran cada dia a la motxilla, per rentar.<\/p>\n<p>Despr\u00e9s de dinar els nens\/es faran 20 minuts de relaxaci\u00f3 a l\u2019aula (en el cas de nens\/es que encara necessiten dormir se\u2019ls hi respectar\u00e0 el descans).<\/p>\n<p>De P5 a 6\u00e8 tots\/es els nens\/es usuaris\/es del servei de menjador duran un tovall\u00f3 de roba el dilluns, de casa, dins una bosseta de roba i els divendres el retornaran per rentar.<\/p>\n<p>Us recordem que \u00e9s obligatori l\u2019\u00fas del tovall\u00f3 i molt important que tot estigui convenientment marcat amb el nom i cognoms, per tal d\u2019evitar canvis i p\u00e8rdues.<\/p>\n<p>&nbsp;<\/p>\n","protected":false},"excerpt":{"rendered":"<p>Es fan dos torns per dinar.:<br \/>\nA les 12\u201940h ( P3, P4, P5, 1r, 2n ) i<br \/>\nA les 13\u201950h ( 3r, 4t, 5\u00e8 i 6\u00e8 ).<br \/>\nPer recomanaci\u00f3 de salut escolar, els nens\/es de P3, P4 i P5 que dinen a les 12\u201940h han de menjar alguna&hellip;  <a href=\"https:\/\/agora.xtec.cat\/ceip-turocanmates\/serveis\/menjador-escolar\/funcionament-del-servei\/\" title=\"Read Funcionament del Menjador\">Llegeix m\u00e9s\u00bb<\/a><\/p>\n","protected":false},"author":1,"featured_media":0,"parent":73,"menu_order":20,"comment_status":"closed","ping_status":"closed","template":"page-templates\/side-menu.php","meta":{"_bbp_topic_count":0,"_bbp_reply_count":0,"_bbp_total_topic_count":0,"_bbp_total_reply_count":0,"_bbp_voice_count":0,"_bbp_anonymous_reply_count":0,"_bbp_topic_count_hidden":0,"_bbp_reply_count_hidden":0,"_bbp_forum_subforum_count":0,"footnotes":""},"class_list":["post-1006","page","type-page","status-publish","hentry"],"post_mailing_queue_ids":[],"_links":{"self":[{"href":"https:\/\/agora.xtec.cat\/ceip-turocanmates\/wp-json\/wp\/v2\/pages\/1006","targetHints":{"allow":["GET"]}}],"collection":[{"href":"https:\/\/agora.xtec.cat\/ceip-turocanmates\/wp-json\/wp\/v2\/pages"}],"about":[{"href":"https:\/\/agora.xtec.cat\/ceip-turocanmates\/wp-json\/wp\/v2\/types\/page"}],"author":[{"embeddable":true,"href":"https:\/\/agora.xtec.cat\/ceip-turocanmates\/wp-json\/wp\/v2\/users\/1"}],"replies":[{"embeddable":true,"href":"https:\/\/agora.xtec.cat\/ceip-turocanmates\/wp-json\/wp\/v2\/comments?post=1006"}],"version-history":[{"count":3,"href":"https:\/\/agora.xtec.cat\/ceip-turocanmates\/wp-json\/wp\/v2\/pages\/1006\/revisions"}],"predecessor-version":[{"id":3599,"href":"https:\/\/agora.xtec.cat\/ceip-turocanmates\/wp-json\/wp\/v2\/pages\/1006\/revisions\/3599"}],"up":[{"embeddable":true,"href":"https:\/\/agora.xtec.cat\/ceip-turocanmates\/wp-json\/wp\/v2\/pages\/73"}],"wp:attachment":[{"href":"https:\/\/agora.xtec.cat\/ceip-turocanmates\/wp-json\/wp\/v2\/media?parent=1006"}],"curies":[{"name":"wp","href":"https:\/\/api.w.org\/{rel}","templated":true}]}}