{"id":465,"date":"2016-02-20T20:45:09","date_gmt":"2016-02-20T19:45:09","guid":{"rendered":"http:\/\/agora.xtec.cat\/ceip-tuixent\/?page_id=465"},"modified":"2023-09-12T22:44:23","modified_gmt":"2023-09-12T20:44:23","slug":"benvinguts-al-curs-15-16","status":"publish","type":"page","link":"https:\/\/agora.xtec.cat\/ceip-tuixent\/benvinguts-al-curs-15-16\/","title":{"rendered":"BENVINGUDES AL CURS 23-24"},"content":{"rendered":"<p>Tot a punt per rebre les vostres mirades d&#8217;il.lusi\u00f3, per compartir els secrets i moments viscuts d&#8217;aquest estiu, per imaginar , somiar i embarcar-nos amb noves propostes i reptes<\/p>\n<ul style=\"list-style-type: disc;\">\n<li>Una escola de les nenes i els nens.<\/li>\n<li>Una escola que t\u00e9 cura de tots aquells que formem la comunitat educativa.<\/li>\n<li>Una escola on es pr\u00e0ctica respecte i escolta.<\/li>\n<li>Una escola que viu interrelacionant-se amb l\u2019entorn.<\/li>\n<li>Una escola que busca l\u2019equilibri entre la pedagogia de l\u2019aprenentatge i de les emocions.<\/li>\n<li>Una escola que es cuida<\/li>\n<\/ul>\n<p>\u201cQUAN L\u2019INFANT ACTUA PER LA SEVA PR\u00d2PIA INICIATIVA I INTER\u00c8S, APR\u00c8N I ADQUIREIX CAPACITATS I CONEIXEMENTS, MOLT M\u00c9S S\u00d2LIDS QUE SI SE LI INTENTA INCULCAR DES DE L\u2019EXTERIOR AQUESTS APRENENTATGES\u201d<br \/>\nEmmy Picler<\/p>\n<p><a href=\"https:\/\/agora.xtec.cat\/ceip-tuixent\/benvinguts-al-curs-15-16\/attachment\/resized_cole\/\" rel=\"attachment wp-att-8108\"><img loading=\"lazy\" decoding=\"async\" class=\"aligncenter size-full wp-image-8108\" src=\"https:\/\/agora.xtec.cat\/ceip-tuixent\/wp-content\/uploads\/usu1002\/2023\/09\/resized_cole.jpg\" alt=\"\" width=\"1350\" height=\"881\" srcset=\"https:\/\/agora.xtec.cat\/ceip-tuixent\/wp-content\/uploads\/usu1002\/2023\/09\/resized_cole.jpg 1350w, https:\/\/agora.xtec.cat\/ceip-tuixent\/wp-content\/uploads\/usu1002\/2023\/09\/resized_cole-300x196.jpg 300w, https:\/\/agora.xtec.cat\/ceip-tuixent\/wp-content\/uploads\/usu1002\/2023\/09\/resized_cole-1024x668.jpg 1024w, https:\/\/agora.xtec.cat\/ceip-tuixent\/wp-content\/uploads\/usu1002\/2023\/09\/resized_cole-768x501.jpg 768w\" sizes=\"auto, (max-width: 1350px) 100vw, 1350px\" \/><\/a><\/p>\n","protected":false},"excerpt":{"rendered":"<p>Tot a punt per rebre les vostres mirades d&#8217;il.lusi\u00f3, per compartir els secrets i moments viscuts d&#8217;aquest estiu, per imaginar , somiar i embarcar-nos amb noves propostes i reptes<\/p>\n<ul style=\"list-style-type: disc;\">\n<li>Una escola de les nenes i els nens.<\/li>\n<li>Una escola que t\u00e9 cura de tots aquells&hellip;  <a href=\"https:\/\/agora.xtec.cat\/ceip-tuixent\/benvinguts-al-curs-15-16\/\" title=\"Read BENVINGUDES AL CURS 23-24\">Llegeix m\u00e9s\u00bb<\/a><br \/>\n","protected":false},"author":1,"featured_media":0,"parent":0,"menu_order":0,"comment_status":"closed","ping_status":"closed","template":"","meta":{"_bbp_topic_count":0,"_bbp_reply_count":0,"_bbp_total_topic_count":0,"_bbp_total_reply_count":0,"_bbp_voice_count":0,"_bbp_anonymous_reply_count":0,"_bbp_topic_count_hidden":0,"_bbp_reply_count_hidden":0,"_bbp_forum_subforum_count":0,"footnotes":""},"class_list":["post-465","page","type-page","status-publish","hentry"],"post_mailing_queue_ids":[],"_links":{"self":[{"href":"https:\/\/agora.xtec.cat\/ceip-tuixent\/wp-json\/wp\/v2\/pages\/465","targetHints":{"allow":["GET"]}}],"collection":[{"href":"https:\/\/agora.xtec.cat\/ceip-tuixent\/wp-json\/wp\/v2\/pages"}],"about":[{"href":"https:\/\/agora.xtec.cat\/ceip-tuixent\/wp-json\/wp\/v2\/types\/page"}],"author":[{"embeddable":true,"href":"https:\/\/agora.xtec.cat\/ceip-tuixent\/wp-json\/wp\/v2\/users\/1"}],"replies":[{"embeddable":true,"href":"https:\/\/agora.xtec.cat\/ceip-tuixent\/wp-json\/wp\/v2\/comments?post=465"}],"version-history":[{"count":4,"href":"https:\/\/agora.xtec.cat\/ceip-tuixent\/wp-json\/wp\/v2\/pages\/465\/revisions"}],"predecessor-version":[{"id":8109,"href":"https:\/\/agora.xtec.cat\/ceip-tuixent\/wp-json\/wp\/v2\/pages\/465\/revisions\/8109"}],"wp:attachment":[{"href":"https:\/\/agora.xtec.cat\/ceip-tuixent\/wp-json\/wp\/v2\/media?parent=465"}],"curies":[{"name":"wp","href":"https:\/\/api.w.org\/{rel}","templated":true}]}}