{"id":26,"date":"2014-09-18T12:24:32","date_gmt":"2014-09-18T11:24:32","guid":{"rendered":"http:\/\/agora.xtec.cat\/ceip-tuixent\/?page_id=26"},"modified":"2021-06-03T22:21:03","modified_gmt":"2021-06-03T20:21:03","slug":"historia","status":"publish","type":"page","link":"https:\/\/agora.xtec.cat\/ceip-tuixent\/lescola\/historia\/","title":{"rendered":"Hist\u00f2ria"},"content":{"rendered":"<p><img loading=\"lazy\" decoding=\"async\" class=\"size-full wp-image-1439 alignleft\" src=\"http:\/\/agora.xtec.cat\/ceip-tuixent\/wp-content\/uploads\/usu1002\/2014\/09\/P4050038-640x480.jpg\" alt=\"\" width=\"471\" height=\"480\" srcset=\"https:\/\/agora.xtec.cat\/ceip-tuixent\/wp-content\/uploads\/usu1002\/2014\/09\/P4050038-640x480.jpg 471w, https:\/\/agora.xtec.cat\/ceip-tuixent\/wp-content\/uploads\/usu1002\/2014\/09\/P4050038-640x480-294x300.jpg 294w\" sizes=\"auto, (max-width: 471px) 100vw, 471px\" \/>Fins l&#8217;any 1961 l&#8217;escola del poble estava ubicada a la pla\u00e7a major. en aquell temps la mateixa pla\u00e7a era el pati de l&#8217;escola.<\/p>\n<p>Una escola de poble que havia acollit fins a uns 40 infants amb un \u00fanic mestre vingut de diferents prov\u00edncies d&#8217;Espanya.<\/p>\n<p>L&#8217;any 1961, l&#8217;ajuntament fa construir un dispensari m\u00e8dic i una nova escola a l&#8217;entrada del poble.<\/p>\n<p>En aquell moment l&#8217;edifici de l&#8217;escola tenia una gran aula, un despatx, i el pis per mestr@\u00a0 Al mig de l&#8217;aula hi havia una estufa de llenya i cada dia els nens i nenes portaven un tronc i poder escalfar la classe. Fins l&#8217;any 1988 hi havia un sol mestr@. Amb l&#8217;increment de poblaci\u00f3 de la Vall, el moviment neorural i tamb\u00e9 un canvi en l&#8217;organitzaci\u00f3 i distribuci\u00f3 d&#8217;infants a l&#8217;escola per part del Departament d&#8217;ensenyament l&#8217;any 1989 l&#8217;escola t\u00e9 dos mestres.<\/p>\n<p>En Toni Balaguer, mestre de l&#8217;escola que va arribar el 1985, comen\u00e7a\u00a0 a formar part del col\u00b7lectiu de mestres del Solson\u00e8s i ja el 1989\u00a0 es constitueix la ZER del Solson\u00e8s\u00a0 amb 8 escoles del Solson\u00e8s (La Coma, LLadurs, Cambrils, Nav\u00e8s, Sant Climen\u00e7, Ard\u00e8vol, Vallmanya i Llobera) i una altra de l&#8217;Alt Urgell (Escola Ogern). Era una de les ZERs m\u00e9s grans de tot Catalunya i des de Tuixent fins a Vallmanya hi ha 100 km.<\/p>\n<p>A la ZER hi ha uns mestres itinerants que fan les especialitats i suports en les diferents escoles. Fan tamb\u00e9 de nexe d&#8217;uni\u00f3 i d&#8217;intercanvi entre les diferents escoles.<\/p>\n<p>L&#8217;any 1991 es fa molt pal\u00e8s l&#8217;increment de matr\u00edcula a l&#8217;escola i \u00e9s en aquest moment on cal fer una ampliaci\u00f3 a l&#8217;escola, i es construeix un edifici annex.<\/p>\n<p>L&#8217;any 1992 s&#8217;afegeix un edifici pel menjador i cuina escolar, que no es posa en funcionament fins el 2004.<\/p>\n<p>S\u00f3n anys molt esplendorosos a la Vall i del curs 1993-1994 fins el curs 2002-2003 l&#8217;escola va arribar a tenir fins a 3 grups amb 34 infants.<\/p>\n<p>L&#8217;any 1999 s&#8217;encimenta una pista poliesportiva\u00a0 dins el recinte escolar.<\/p>\n<p>El curs 2005-2006 \u00e9s l&#8217;\u00faltim curs pel mestre Toni, qui es va estar 20 anys portant la direcci\u00f3 i fent de mestre de l&#8217;escola.<\/p>\n<p>&nbsp;<\/p>\n","protected":false},"excerpt":{"rendered":"<p>Fins l&#8217;any 1961 l&#8217;escola del poble estava ubicada a la pla\u00e7a major. en aquell temps la mateixa pla\u00e7a era el pati de l&#8217;escola.<br \/>\nUna escola de poble que havia acollit fins a uns 40 infants amb un \u00fanic mestre vingut de diferents prov\u00edncies d&#8217;Espanya.<br \/>\nL&#8217;any 1961, l&#8217;ajuntament&hellip;  <a href=\"https:\/\/agora.xtec.cat\/ceip-tuixent\/lescola\/historia\/\" title=\"Read Hist\u00f2ria\">Llegeix m\u00e9s\u00bb<\/a><\/p>\n","protected":false},"author":1,"featured_media":0,"parent":22,"menu_order":20,"comment_status":"closed","ping_status":"closed","template":"page-templates\/side-menu.php","meta":{"_bbp_topic_count":0,"_bbp_reply_count":0,"_bbp_total_topic_count":0,"_bbp_total_reply_count":0,"_bbp_voice_count":0,"_bbp_anonymous_reply_count":0,"_bbp_topic_count_hidden":0,"_bbp_reply_count_hidden":0,"_bbp_forum_subforum_count":0,"footnotes":""},"class_list":["post-26","page","type-page","status-publish","hentry"],"post_mailing_queue_ids":[],"_links":{"self":[{"href":"https:\/\/agora.xtec.cat\/ceip-tuixent\/wp-json\/wp\/v2\/pages\/26","targetHints":{"allow":["GET"]}}],"collection":[{"href":"https:\/\/agora.xtec.cat\/ceip-tuixent\/wp-json\/wp\/v2\/pages"}],"about":[{"href":"https:\/\/agora.xtec.cat\/ceip-tuixent\/wp-json\/wp\/v2\/types\/page"}],"author":[{"embeddable":true,"href":"https:\/\/agora.xtec.cat\/ceip-tuixent\/wp-json\/wp\/v2\/users\/1"}],"replies":[{"embeddable":true,"href":"https:\/\/agora.xtec.cat\/ceip-tuixent\/wp-json\/wp\/v2\/comments?post=26"}],"version-history":[{"count":3,"href":"https:\/\/agora.xtec.cat\/ceip-tuixent\/wp-json\/wp\/v2\/pages\/26\/revisions"}],"predecessor-version":[{"id":5661,"href":"https:\/\/agora.xtec.cat\/ceip-tuixent\/wp-json\/wp\/v2\/pages\/26\/revisions\/5661"}],"up":[{"embeddable":true,"href":"https:\/\/agora.xtec.cat\/ceip-tuixent\/wp-json\/wp\/v2\/pages\/22"}],"wp:attachment":[{"href":"https:\/\/agora.xtec.cat\/ceip-tuixent\/wp-json\/wp\/v2\/media?parent=26"}],"curies":[{"name":"wp","href":"https:\/\/api.w.org\/{rel}","templated":true}]}}