{"id":9746,"date":"2018-03-14T10:41:38","date_gmt":"2018-03-14T09:41:38","guid":{"rendered":"http:\/\/agora.xtec.cat\/ceip-torrojaimiret\/?page_id=9746"},"modified":"2020-03-16T15:07:56","modified_gmt":"2020-03-16T14:07:56","slug":"torroja-news","status":"publish","type":"page","link":"https:\/\/agora.xtec.cat\/ceip-torrojaimiret\/pla-experimental-de-llengues-estrangeres-pele\/1-useful-english-project\/torroja-news\/","title":{"rendered":"h) Torroja News"},"content":{"rendered":"<p style=\"text-align: justify;\"><img loading=\"lazy\" decoding=\"async\" class=\" wp-image-10044 alignright\" src=\"http:\/\/agora.xtec.cat\/ceip-torrojaimiret\/wp-content\/uploads\/usu1688\/2018\/03\/news.006-1.jpeg\" alt=\"\" width=\"376\" height=\"216\" srcset=\"https:\/\/agora.xtec.cat\/ceip-torrojaimiret\/wp-content\/uploads\/usu1688\/2018\/03\/news.006-1.jpeg 1001w, https:\/\/agora.xtec.cat\/ceip-torrojaimiret\/wp-content\/uploads\/usu1688\/2018\/03\/news.006-1-300x172.jpeg 300w, https:\/\/agora.xtec.cat\/ceip-torrojaimiret\/wp-content\/uploads\/usu1688\/2018\/03\/news.006-1-768x441.jpeg 768w\" sizes=\"auto, (max-width: 376px) 100vw, 376px\" \/>Torroja News \u00e9s un treball cooperatiu realitzat pels alumnes de 6\u00e8 amb la finalitat de crear un noticiari real realitzat pels mateixos alumnes. En ell, la llengua anglesa ha sigut la llengua vincular al llarg de tot el projecte, tant a l&#8217;hora d&#8217;explicar les consignes i tasques com a l&#8217;hora de realitzar les diferents not\u00edcies. Es justifica el treball globalitzat, ja que en ell no sols aprenen el format d&#8217;una not\u00edcia, sin\u00f3 que el producte final passa per un treball de distribuci\u00f3 de rolls ( reporters, c\u00e0meres, presentadors, els esports, el temps, editors, compositors, etc.), recerca de la not\u00edcia i elaboraci\u00f3, interpretaci\u00f3 i representaci\u00f3 de les not\u00edcies, expressi\u00f3 oral, treball d&#8217;oracions i temps verbals, edici\u00f3 i disseny d&#8217;imatges, edici\u00f3 de v\u00eddeos, composici\u00f3 musical, etc. El noticiari treballa tres eixos fonamentals partint una part visual (v\u00eddeo), auditiva (parla anglesa i m\u00fasiques) i escriptura (composici\u00f3 de les not\u00edcies i creaci\u00f3 de subt\u00edtols visuals per a l&#8217;espectador).<\/p>\n<p><b>\u00a0<\/b><\/p>\n<p>&nbsp;<\/p>\n","protected":false},"excerpt":{"rendered":"<p>Torroja News \u00e9s un treball cooperatiu realitzat pels alumnes de 6\u00e8 amb la finalitat de crear un noticiari real realitzat pels mateixos alumnes. En ell, la llengua anglesa ha sigut la llengua vincular al llarg de tot el projecte, tant a l&#8217;hora d&#8217;explicar les consignes i tasques com a l&#8217;hora de realitzar les diferents not\u00edcies. [&hellip;]<\/p>\n","protected":false},"author":37,"featured_media":0,"parent":9732,"menu_order":8,"comment_status":"closed","ping_status":"closed","template":"page-templates\/side-menu.php","meta":{"_bbp_topic_count":0,"_bbp_reply_count":0,"_bbp_total_topic_count":0,"_bbp_total_reply_count":0,"_bbp_voice_count":0,"_bbp_anonymous_reply_count":0,"_bbp_topic_count_hidden":0,"_bbp_reply_count_hidden":0,"_bbp_forum_subforum_count":0,"site-sidebar-layout":"default","site-content-layout":"","ast-site-content-layout":"","site-content-style":"default","site-sidebar-style":"default","ast-global-header-display":"","ast-banner-title-visibility":"","ast-main-header-display":"","ast-hfb-above-header-display":"","ast-hfb-below-header-display":"","ast-hfb-mobile-header-display":"","site-post-title":"","ast-breadcrumbs-content":"","ast-featured-img":"","footer-sml-layout":"","theme-transparent-header-meta":"","adv-header-id-meta":"","stick-header-meta":"","header-above-stick-meta":"","header-main-stick-meta":"","header-below-stick-meta":"","astra-migrate-meta-layouts":"default","ast-page-background-enabled":"default","ast-page-background-meta":{"desktop":{"background-color":"var(--ast-global-color-4)","background-image":"","background-repeat":"repeat","background-position":"center center","background-size":"auto","background-attachment":"scroll","background-type":"","background-media":"","overlay-type":"","overlay-color":"","overlay-opacity":"","overlay-gradient":""},"tablet":{"background-color":"","background-image":"","background-repeat":"repeat","background-position":"center center","background-size":"auto","background-attachment":"scroll","background-type":"","background-media":"","overlay-type":"","overlay-color":"","overlay-opacity":"","overlay-gradient":""},"mobile":{"background-color":"","background-image":"","background-repeat":"repeat","background-position":"center center","background-size":"auto","background-attachment":"scroll","background-type":"","background-media":"","overlay-type":"","overlay-color":"","overlay-opacity":"","overlay-gradient":""}},"ast-content-background-meta":{"desktop":{"background-color":"var(--ast-global-color-5)","background-image":"","background-repeat":"repeat","background-position":"center center","background-size":"auto","background-attachment":"scroll","background-type":"","background-media":"","overlay-type":"","overlay-color":"","overlay-opacity":"","overlay-gradient":""},"tablet":{"background-color":"var(--ast-global-color-5)","background-image":"","background-repeat":"repeat","background-position":"center center","background-size":"auto","background-attachment":"scroll","background-type":"","background-media":"","overlay-type":"","overlay-color":"","overlay-opacity":"","overlay-gradient":""},"mobile":{"background-color":"var(--ast-global-color-5)","background-image":"","background-repeat":"repeat","background-position":"center center","background-size":"auto","background-attachment":"scroll","background-type":"","background-media":"","overlay-type":"","overlay-color":"","overlay-opacity":"","overlay-gradient":""}},"footnotes":""},"class_list":["post-9746","page","type-page","status-publish","hentry"],"post_mailing_queue_ids":[],"_links":{"self":[{"href":"https:\/\/agora.xtec.cat\/ceip-torrojaimiret\/wp-json\/wp\/v2\/pages\/9746","targetHints":{"allow":["GET"]}}],"collection":[{"href":"https:\/\/agora.xtec.cat\/ceip-torrojaimiret\/wp-json\/wp\/v2\/pages"}],"about":[{"href":"https:\/\/agora.xtec.cat\/ceip-torrojaimiret\/wp-json\/wp\/v2\/types\/page"}],"author":[{"embeddable":true,"href":"https:\/\/agora.xtec.cat\/ceip-torrojaimiret\/wp-json\/wp\/v2\/users\/37"}],"replies":[{"embeddable":true,"href":"https:\/\/agora.xtec.cat\/ceip-torrojaimiret\/wp-json\/wp\/v2\/comments?post=9746"}],"version-history":[{"count":3,"href":"https:\/\/agora.xtec.cat\/ceip-torrojaimiret\/wp-json\/wp\/v2\/pages\/9746\/revisions"}],"predecessor-version":[{"id":12630,"href":"https:\/\/agora.xtec.cat\/ceip-torrojaimiret\/wp-json\/wp\/v2\/pages\/9746\/revisions\/12630"}],"up":[{"embeddable":true,"href":"https:\/\/agora.xtec.cat\/ceip-torrojaimiret\/wp-json\/wp\/v2\/pages\/9732"}],"wp:attachment":[{"href":"https:\/\/agora.xtec.cat\/ceip-torrojaimiret\/wp-json\/wp\/v2\/media?parent=9746"}],"curies":[{"name":"wp","href":"https:\/\/api.w.org\/{rel}","templated":true}]}}