{"id":9736,"date":"2018-03-14T10:38:15","date_gmt":"2018-03-14T09:38:15","guid":{"rendered":"http:\/\/agora.xtec.cat\/ceip-torrojaimiret\/?page_id=9736"},"modified":"2020-04-02T19:01:56","modified_gmt":"2020-04-02T17:01:56","slug":"theatre-in-english","status":"publish","type":"page","link":"https:\/\/agora.xtec.cat\/ceip-torrojaimiret\/pla-experimental-de-llengues-estrangeres-pele\/1-useful-english-project\/theatre-in-english\/","title":{"rendered":"c) Theatre in English"},"content":{"rendered":"<p>A cicle mitj\u00e0 es realitza un projecte de teatre amb els alumnes que pret\u00e9n potenciar les compet\u00e8ncies comunicatives mitjan\u00e7ant el treball en equip, l\u2019expressi\u00f3 corporal i l\u2019\u00fas funcional de la llengua anglesa.<\/p>\n<p>Els alumnes realitzen dramatitzacions d\u2019obres de contes populars que han estat adaptades al seu nivell de comprensi\u00f3 i expressi\u00f3 oral i escrita. Obres com \u201cThe stone soup\u201d i \u201cThe mice wedding\u201d s\u00f3n alguns dels exemples que els i les alumnes treballen per arribar a l\u2019objectiu final de la representaci\u00f3 davant d\u2019un p\u00fablic variat com les fam\u00edlies i els companys\/es d\u2019altres cursos.<\/p>\n<p><span style=\"font-family: inherit; font-size: 1em;\">Tamb\u00e9, han treballat en equip ajudant i cooperant amb la resta de companys\/es de la classe.<\/span><\/p>\n<p><a href=\"https:\/\/agora.xtec.cat\/ceip-torrojaimiret\/wp-content\/uploads\/usu1688\/2020\/04\/IMG-20200401-WA0032.jpg\" target=\"_blank\" rel=\"noopener noreferrer\"><img loading=\"lazy\" decoding=\"async\" class=\"alignnone wp-image-13086\" src=\"https:\/\/agora.xtec.cat\/ceip-torrojaimiret\/wp-content\/uploads\/usu1688\/2020\/04\/IMG-20200401-WA0032-1024x835.jpg\" alt=\"\" width=\"417\" height=\"340\" srcset=\"https:\/\/agora.xtec.cat\/ceip-torrojaimiret\/wp-content\/uploads\/usu1688\/2020\/04\/IMG-20200401-WA0032-1024x835.jpg 1024w, https:\/\/agora.xtec.cat\/ceip-torrojaimiret\/wp-content\/uploads\/usu1688\/2020\/04\/IMG-20200401-WA0032-300x244.jpg 300w, https:\/\/agora.xtec.cat\/ceip-torrojaimiret\/wp-content\/uploads\/usu1688\/2020\/04\/IMG-20200401-WA0032-768x626.jpg 768w, https:\/\/agora.xtec.cat\/ceip-torrojaimiret\/wp-content\/uploads\/usu1688\/2020\/04\/IMG-20200401-WA0032.jpg 2048w\" sizes=\"auto, (max-width: 417px) 100vw, 417px\" \/> <\/a><a href=\"https:\/\/agora.xtec.cat\/ceip-torrojaimiret\/wp-content\/uploads\/usu1688\/2020\/02\/59c0814c-0669-4537-a655-c42ab07762bd.jpg\"><img loading=\"lazy\" decoding=\"async\" class=\"alignnone  wp-image-12298\" src=\"https:\/\/agora.xtec.cat\/ceip-torrojaimiret\/wp-content\/uploads\/usu1688\/2020\/02\/59c0814c-0669-4537-a655-c42ab07762bd-1024x576.jpg\" alt=\"\" width=\"605\" height=\"340\" srcset=\"https:\/\/agora.xtec.cat\/ceip-torrojaimiret\/wp-content\/uploads\/usu1688\/2020\/02\/59c0814c-0669-4537-a655-c42ab07762bd-1024x576.jpg 1024w, https:\/\/agora.xtec.cat\/ceip-torrojaimiret\/wp-content\/uploads\/usu1688\/2020\/02\/59c0814c-0669-4537-a655-c42ab07762bd-300x169.jpg 300w, https:\/\/agora.xtec.cat\/ceip-torrojaimiret\/wp-content\/uploads\/usu1688\/2020\/02\/59c0814c-0669-4537-a655-c42ab07762bd-768x432.jpg 768w, https:\/\/agora.xtec.cat\/ceip-torrojaimiret\/wp-content\/uploads\/usu1688\/2020\/02\/59c0814c-0669-4537-a655-c42ab07762bd.jpg 1600w\" sizes=\"auto, (max-width: 605px) 100vw, 605px\" \/><\/a><\/p>\n","protected":false},"excerpt":{"rendered":"<p>A cicle mitj\u00e0 es realitza un projecte de teatre amb els alumnes que pret\u00e9n potenciar les compet\u00e8ncies comunicatives mitjan\u00e7ant el treball en equip, l\u2019expressi\u00f3 corporal i l\u2019\u00fas funcional de la llengua anglesa. Els alumnes realitzen dramatitzacions d\u2019obres de contes populars que han estat adaptades al seu nivell de comprensi\u00f3 i expressi\u00f3 oral i escrita. Obres [&hellip;]<\/p>\n","protected":false},"author":37,"featured_media":0,"parent":9732,"menu_order":3,"comment_status":"closed","ping_status":"closed","template":"page-templates\/side-menu.php","meta":{"_bbp_topic_count":0,"_bbp_reply_count":0,"_bbp_total_topic_count":0,"_bbp_total_reply_count":0,"_bbp_voice_count":0,"_bbp_anonymous_reply_count":0,"_bbp_topic_count_hidden":0,"_bbp_reply_count_hidden":0,"_bbp_forum_subforum_count":0,"site-sidebar-layout":"default","site-content-layout":"","ast-site-content-layout":"","site-content-style":"default","site-sidebar-style":"default","ast-global-header-display":"","ast-banner-title-visibility":"","ast-main-header-display":"","ast-hfb-above-header-display":"","ast-hfb-below-header-display":"","ast-hfb-mobile-header-display":"","site-post-title":"","ast-breadcrumbs-content":"","ast-featured-img":"","footer-sml-layout":"","theme-transparent-header-meta":"","adv-header-id-meta":"","stick-header-meta":"","header-above-stick-meta":"","header-main-stick-meta":"","header-below-stick-meta":"","astra-migrate-meta-layouts":"default","ast-page-background-enabled":"default","ast-page-background-meta":{"desktop":{"background-color":"var(--ast-global-color-4)","background-image":"","background-repeat":"repeat","background-position":"center center","background-size":"auto","background-attachment":"scroll","background-type":"","background-media":"","overlay-type":"","overlay-color":"","overlay-opacity":"","overlay-gradient":""},"tablet":{"background-color":"","background-image":"","background-repeat":"repeat","background-position":"center center","background-size":"auto","background-attachment":"scroll","background-type":"","background-media":"","overlay-type":"","overlay-color":"","overlay-opacity":"","overlay-gradient":""},"mobile":{"background-color":"","background-image":"","background-repeat":"repeat","background-position":"center center","background-size":"auto","background-attachment":"scroll","background-type":"","background-media":"","overlay-type":"","overlay-color":"","overlay-opacity":"","overlay-gradient":""}},"ast-content-background-meta":{"desktop":{"background-color":"var(--ast-global-color-5)","background-image":"","background-repeat":"repeat","background-position":"center center","background-size":"auto","background-attachment":"scroll","background-type":"","background-media":"","overlay-type":"","overlay-color":"","overlay-opacity":"","overlay-gradient":""},"tablet":{"background-color":"var(--ast-global-color-5)","background-image":"","background-repeat":"repeat","background-position":"center center","background-size":"auto","background-attachment":"scroll","background-type":"","background-media":"","overlay-type":"","overlay-color":"","overlay-opacity":"","overlay-gradient":""},"mobile":{"background-color":"var(--ast-global-color-5)","background-image":"","background-repeat":"repeat","background-position":"center center","background-size":"auto","background-attachment":"scroll","background-type":"","background-media":"","overlay-type":"","overlay-color":"","overlay-opacity":"","overlay-gradient":""}},"footnotes":""},"class_list":["post-9736","page","type-page","status-publish","hentry"],"post_mailing_queue_ids":[],"_links":{"self":[{"href":"https:\/\/agora.xtec.cat\/ceip-torrojaimiret\/wp-json\/wp\/v2\/pages\/9736","targetHints":{"allow":["GET"]}}],"collection":[{"href":"https:\/\/agora.xtec.cat\/ceip-torrojaimiret\/wp-json\/wp\/v2\/pages"}],"about":[{"href":"https:\/\/agora.xtec.cat\/ceip-torrojaimiret\/wp-json\/wp\/v2\/types\/page"}],"author":[{"embeddable":true,"href":"https:\/\/agora.xtec.cat\/ceip-torrojaimiret\/wp-json\/wp\/v2\/users\/37"}],"replies":[{"embeddable":true,"href":"https:\/\/agora.xtec.cat\/ceip-torrojaimiret\/wp-json\/wp\/v2\/comments?post=9736"}],"version-history":[{"count":3,"href":"https:\/\/agora.xtec.cat\/ceip-torrojaimiret\/wp-json\/wp\/v2\/pages\/9736\/revisions"}],"predecessor-version":[{"id":13093,"href":"https:\/\/agora.xtec.cat\/ceip-torrojaimiret\/wp-json\/wp\/v2\/pages\/9736\/revisions\/13093"}],"up":[{"embeddable":true,"href":"https:\/\/agora.xtec.cat\/ceip-torrojaimiret\/wp-json\/wp\/v2\/pages\/9732"}],"wp:attachment":[{"href":"https:\/\/agora.xtec.cat\/ceip-torrojaimiret\/wp-json\/wp\/v2\/media?parent=9736"}],"curies":[{"name":"wp","href":"https:\/\/api.w.org\/{rel}","templated":true}]}}