{"id":5574,"date":"2015-03-02T15:37:16","date_gmt":"2015-03-02T14:37:16","guid":{"rendered":"http:\/\/blocs.xtec.cat\/ceiptorrojaimiret\/?page_id=5574"},"modified":"2015-03-02T15:37:16","modified_gmt":"2015-03-02T14:37:16","slug":"preinscripcio-curs-20152016","status":"publish","type":"page","link":"https:\/\/agora.xtec.cat\/ceip-torrojaimiret\/preinscripcio-curs-20152016\/","title":{"rendered":"Matr\u00edcula curs 2017-2018"},"content":{"rendered":"<p>Generalitat de Catalunya<br \/>\nDepartament d\u2019Ensenyament<br \/>\nEscola Antoni Torroja i Miret<br \/>\nCarrer de Tarragona,9<br \/>\n43480 VILA-SECA (Tarragona)<br \/>\nTel. 977 39 06 16<\/p>\n<p>Benvolguts pares i mares,<br \/>\nPer formalitzar la matr\u00edcula dels vostres fills i filles de cara al curs 2017\/2018 podeu passar per la secretaria del centre del <strong>12 al 16 de juny de 9:00h a 13:00h.<\/strong>.<\/p>\n<p>Rebeu una salutaci\u00f3 cordial, l\u2019Equip Directiu.<\/p>\n<p><a href=\"https:\/\/drive.google.com\/file\/d\/0B4TPwQxWfVCXRzJJUzk1RDFVUTA\/view?usp=sharing\">Video preinscripci\u00f3 Escola Torroja i Miret<\/a><\/p>\n<p><strong>Portes obertes i calendari preinscripci\u00f3 dels curs 2017-2018<\/strong><\/p>\n<p>El Departament d&#8217;Ensenyament de la Generalitat de Catalunya ja ha establert les dates del per\u00edode de preinscripci\u00f3. Per al segon cicle d&#8217;educaci\u00f3 infantil i educaci\u00f3 prim\u00e0ria ser\u00e0 del <strong>23 de mar\u00e7 al 4 d&#8217;abril.<br \/>\n<\/strong><\/p>\n<p><strong>Qui ha de fer la preinscripci\u00f3?<\/strong><br \/>\nHan de fer la preinscripci\u00f3 els alumnes que han de comen\u00e7ar el segon cicle d&#8217;educaci\u00f3 infantil (P3), \u00e9s a dir, els nens i nenes<strong> nascuts durant l&#8217;any 2014 <\/strong>i els que vulguin canviar de centre o no s&#8217;hagin matriculat el curs anterior.<br \/>\nEls impresos de sol\u2022licitud de preinscripci\u00f3 s&#8217;obtenen als centres educatius, a l\u2019oficina d\u2019escolaritaci\u00f3 Municipal (OME) i a Internet al web\u00a0<strong>www.gencat.cat\/preinscripcio.<\/strong><\/p>\n<p>A l&#8217;impr\u00e8s s&#8217;ha d&#8217;indicar, per ordre de prefer\u00e8ncia, tots els centres als quals es vol accedir. Un cop omplert, s&#8217;ha de dur juntament amb la documentaci\u00f3 corresponent al centre educatiu que s&#8217;ha demanat en primer lloc o a l\u2019 l\u2019oficina d\u2019escolaritaci\u00f3 Municipal (OME).<\/p>\n<p>Al seg\u00fcent enlla\u00e7 del Departament d&#8217;Ensenyament de la Generalitat podeu informar-vos de tot el proc\u00e9s:<\/p>\n<p><a href=\"http:\/\/queestudiar.gencat.cat\/ca\/preinscripcio\/\">Preinscripci\u00f3 2017\/18<\/a><\/p>\n","protected":false},"excerpt":{"rendered":"<p>Generalitat de Catalunya Departament d\u2019Ensenyament Escola Antoni Torroja i Miret Carrer de Tarragona,9 43480 VILA-SECA (Tarragona) Tel. 977 39 06 16 Benvolguts pares i mares, Per formalitzar la matr\u00edcula dels vostres fills i filles de cara al curs 2017\/2018 podeu passar per la secretaria del centre del 12 al 16 de juny de 9:00h a [&hellip;]<\/p>\n","protected":false},"author":1,"featured_media":0,"parent":0,"menu_order":0,"comment_status":"open","ping_status":"open","template":"","meta":{"_bbp_topic_count":0,"_bbp_reply_count":0,"_bbp_total_topic_count":0,"_bbp_total_reply_count":0,"_bbp_voice_count":0,"_bbp_anonymous_reply_count":0,"_bbp_topic_count_hidden":0,"_bbp_reply_count_hidden":0,"_bbp_forum_subforum_count":0,"site-sidebar-layout":"default","site-content-layout":"","ast-site-content-layout":"","site-content-style":"default","site-sidebar-style":"default","ast-global-header-display":"","ast-banner-title-visibility":"","ast-main-header-display":"","ast-hfb-above-header-display":"","ast-hfb-below-header-display":"","ast-hfb-mobile-header-display":"","site-post-title":"","ast-breadcrumbs-content":"","ast-featured-img":"","footer-sml-layout":"","theme-transparent-header-meta":"","adv-header-id-meta":"","stick-header-meta":"","header-above-stick-meta":"","header-main-stick-meta":"","header-below-stick-meta":"","astra-migrate-meta-layouts":"default","ast-page-background-enabled":"default","ast-page-background-meta":{"desktop":{"background-color":"var(--ast-global-color-4)","background-image":"","background-repeat":"repeat","background-position":"center center","background-size":"auto","background-attachment":"scroll","background-type":"","background-media":"","overlay-type":"","overlay-color":"","overlay-opacity":"","overlay-gradient":""},"tablet":{"background-color":"","background-image":"","background-repeat":"repeat","background-position":"center center","background-size":"auto","background-attachment":"scroll","background-type":"","background-media":"","overlay-type":"","overlay-color":"","overlay-opacity":"","overlay-gradient":""},"mobile":{"background-color":"","background-image":"","background-repeat":"repeat","background-position":"center center","background-size":"auto","background-attachment":"scroll","background-type":"","background-media":"","overlay-type":"","overlay-color":"","overlay-opacity":"","overlay-gradient":""}},"ast-content-background-meta":{"desktop":{"background-color":"var(--ast-global-color-5)","background-image":"","background-repeat":"repeat","background-position":"center center","background-size":"auto","background-attachment":"scroll","background-type":"","background-media":"","overlay-type":"","overlay-color":"","overlay-opacity":"","overlay-gradient":""},"tablet":{"background-color":"var(--ast-global-color-5)","background-image":"","background-repeat":"repeat","background-position":"center center","background-size":"auto","background-attachment":"scroll","background-type":"","background-media":"","overlay-type":"","overlay-color":"","overlay-opacity":"","overlay-gradient":""},"mobile":{"background-color":"var(--ast-global-color-5)","background-image":"","background-repeat":"repeat","background-position":"center center","background-size":"auto","background-attachment":"scroll","background-type":"","background-media":"","overlay-type":"","overlay-color":"","overlay-opacity":"","overlay-gradient":""}},"footnotes":""},"class_list":["post-5574","page","type-page","status-publish","hentry"],"post_mailing_queue_ids":[],"_links":{"self":[{"href":"https:\/\/agora.xtec.cat\/ceip-torrojaimiret\/wp-json\/wp\/v2\/pages\/5574","targetHints":{"allow":["GET"]}}],"collection":[{"href":"https:\/\/agora.xtec.cat\/ceip-torrojaimiret\/wp-json\/wp\/v2\/pages"}],"about":[{"href":"https:\/\/agora.xtec.cat\/ceip-torrojaimiret\/wp-json\/wp\/v2\/types\/page"}],"author":[{"embeddable":true,"href":"https:\/\/agora.xtec.cat\/ceip-torrojaimiret\/wp-json\/wp\/v2\/users\/1"}],"replies":[{"embeddable":true,"href":"https:\/\/agora.xtec.cat\/ceip-torrojaimiret\/wp-json\/wp\/v2\/comments?post=5574"}],"version-history":[{"count":0,"href":"https:\/\/agora.xtec.cat\/ceip-torrojaimiret\/wp-json\/wp\/v2\/pages\/5574\/revisions"}],"wp:attachment":[{"href":"https:\/\/agora.xtec.cat\/ceip-torrojaimiret\/wp-json\/wp\/v2\/media?parent=5574"}],"curies":[{"name":"wp","href":"https:\/\/api.w.org\/{rel}","templated":true}]}}