{"id":467,"date":"2012-01-19T12:09:51","date_gmt":"2012-01-19T11:09:51","guid":{"rendered":"http:\/\/blocs.xtec.cat\/ceiptorrojaimiret\/?page_id=451"},"modified":"2020-03-08T00:10:47","modified_gmt":"2020-03-07T23:10:47","slug":"ampa-2","status":"publish","type":"page","link":"https:\/\/agora.xtec.cat\/ceip-torrojaimiret\/lescola\/ampa-2\/","title":{"rendered":"AMPA"},"content":{"rendered":"<p>L\u2019AMPA (Associaci\u00f3 de Mares i Pares d\u2019Alumnes) organitza\u00a0 activitats en horari extraescolar: angl\u00e8s, futbito, b\u00e0squet, hoquei, handbol, dansa, teatre, multiesport i karate.<\/p>\n<p><strong>NOU!! enlla\u00e7 al bloc del AMPA:<\/strong><\/p>\n<p><a href=\"http:\/\/ampatorrojaimiret.wordpress.com\">http:\/\/ampatorrojaimiret.wordpress.com<\/a><\/p>\n<p>A trav\u00e9s de l\u2019AMPA es pot adquirir l\u2019agenda escolar.<\/p>\n<p>Tamb\u00e9, organitzem xerrades sobre l\u2019educaci\u00f3 dels nostres fills\/es i festes i diades per potenciar la conviv\u00e8ncia entre les fam\u00edlies del centre.<\/p>\n<p style=\"text-align: justify;\">L&#8217;associaci\u00f3 de mares i pares\u00a0d&#8217;alumnes de la nostra escola disposa d&#8217;una adre\u00e7a e-mail on poder contactar:\u00a0<a href=\"mailto:ampatorrojaimiret@hotmail.com\" target=\"_blank\" rel=\"noopener noreferrer\">ampatorrojaimiret@hotmail.com<\/a><\/p>\n<p style=\"text-align: justify;\">Tel\u00e8fon: 977 39 38 76<\/p>\n<p><strong>Horari d\u2019atenci\u00f3: dijous de 16:30h a 18h<\/strong><\/p>\n<p style=\"text-align: justify;\">A m\u00e9s a m\u00e9s, tamb\u00e9 podeu seguir les seves activitats a trav\u00e9s de la xarxa social Facebook:<\/p>\n<figure id=\"attachment_437\" aria-describedby=\"caption-attachment-437\" style=\"width: 300px\" class=\"wp-caption aligncenter\"><a href=\"http:\/\/www.facebook.com\/pages\/AMPA-Antoni-Torroja-i-Miret\/121564661240628\" target=\"_blank\" rel=\"noopener noreferrer\"><img loading=\"lazy\" decoding=\"async\" class=\"size-medium wp-image-437\" src=\"http:\/\/blocs.xtec.cat\/ceiptorrojaimiret\/files\/2011\/05\/Facebook-AMPA-300x112.png\" alt=\"\" width=\"300\" height=\"112\" \/><\/a><figcaption id=\"caption-attachment-437\" class=\"wp-caption-text\">Feu clic a la imatge per accedir<\/figcaption><\/figure>\n<p>&nbsp;<\/p>\n<p>&nbsp;<\/p>\n","protected":false},"excerpt":{"rendered":"<p>L\u2019AMPA (Associaci\u00f3 de Mares i Pares d\u2019Alumnes) organitza\u00a0 activitats en horari extraescolar: angl\u00e8s, futbito, b\u00e0squet, hoquei, handbol, dansa, teatre, multiesport i karate. NOU!! enlla\u00e7 al bloc del AMPA: http:\/\/ampatorrojaimiret.wordpress.com A trav\u00e9s de l\u2019AMPA es pot adquirir l\u2019agenda escolar. Tamb\u00e9, organitzem xerrades sobre l\u2019educaci\u00f3 dels nostres fills\/es i festes i diades per potenciar la conviv\u00e8ncia entre [&hellip;]<\/p>\n","protected":false},"author":1,"featured_media":0,"parent":22,"menu_order":13,"comment_status":"closed","ping_status":"closed","template":"page-templates\/side-menu.php","meta":{"_bbp_topic_count":0,"_bbp_reply_count":0,"_bbp_total_topic_count":0,"_bbp_total_reply_count":0,"_bbp_voice_count":0,"_bbp_anonymous_reply_count":0,"_bbp_topic_count_hidden":0,"_bbp_reply_count_hidden":0,"_bbp_forum_subforum_count":0,"site-sidebar-layout":"default","site-content-layout":"","ast-site-content-layout":"","site-content-style":"default","site-sidebar-style":"default","ast-global-header-display":"","ast-banner-title-visibility":"","ast-main-header-display":"","ast-hfb-above-header-display":"","ast-hfb-below-header-display":"","ast-hfb-mobile-header-display":"","site-post-title":"","ast-breadcrumbs-content":"","ast-featured-img":"","footer-sml-layout":"","theme-transparent-header-meta":"","adv-header-id-meta":"","stick-header-meta":"","header-above-stick-meta":"","header-main-stick-meta":"","header-below-stick-meta":"","astra-migrate-meta-layouts":"default","ast-page-background-enabled":"default","ast-page-background-meta":{"desktop":{"background-color":"var(--ast-global-color-4)","background-image":"","background-repeat":"repeat","background-position":"center center","background-size":"auto","background-attachment":"scroll","background-type":"","background-media":"","overlay-type":"","overlay-color":"","overlay-opacity":"","overlay-gradient":""},"tablet":{"background-color":"","background-image":"","background-repeat":"repeat","background-position":"center center","background-size":"auto","background-attachment":"scroll","background-type":"","background-media":"","overlay-type":"","overlay-color":"","overlay-opacity":"","overlay-gradient":""},"mobile":{"background-color":"","background-image":"","background-repeat":"repeat","background-position":"center center","background-size":"auto","background-attachment":"scroll","background-type":"","background-media":"","overlay-type":"","overlay-color":"","overlay-opacity":"","overlay-gradient":""}},"ast-content-background-meta":{"desktop":{"background-color":"var(--ast-global-color-5)","background-image":"","background-repeat":"repeat","background-position":"center center","background-size":"auto","background-attachment":"scroll","background-type":"","background-media":"","overlay-type":"","overlay-color":"","overlay-opacity":"","overlay-gradient":""},"tablet":{"background-color":"var(--ast-global-color-5)","background-image":"","background-repeat":"repeat","background-position":"center center","background-size":"auto","background-attachment":"scroll","background-type":"","background-media":"","overlay-type":"","overlay-color":"","overlay-opacity":"","overlay-gradient":""},"mobile":{"background-color":"var(--ast-global-color-5)","background-image":"","background-repeat":"repeat","background-position":"center center","background-size":"auto","background-attachment":"scroll","background-type":"","background-media":"","overlay-type":"","overlay-color":"","overlay-opacity":"","overlay-gradient":""}},"footnotes":""},"class_list":["post-467","page","type-page","status-publish","hentry"],"post_mailing_queue_ids":[],"_links":{"self":[{"href":"https:\/\/agora.xtec.cat\/ceip-torrojaimiret\/wp-json\/wp\/v2\/pages\/467","targetHints":{"allow":["GET"]}}],"collection":[{"href":"https:\/\/agora.xtec.cat\/ceip-torrojaimiret\/wp-json\/wp\/v2\/pages"}],"about":[{"href":"https:\/\/agora.xtec.cat\/ceip-torrojaimiret\/wp-json\/wp\/v2\/types\/page"}],"author":[{"embeddable":true,"href":"https:\/\/agora.xtec.cat\/ceip-torrojaimiret\/wp-json\/wp\/v2\/users\/1"}],"replies":[{"embeddable":true,"href":"https:\/\/agora.xtec.cat\/ceip-torrojaimiret\/wp-json\/wp\/v2\/comments?post=467"}],"version-history":[{"count":3,"href":"https:\/\/agora.xtec.cat\/ceip-torrojaimiret\/wp-json\/wp\/v2\/pages\/467\/revisions"}],"predecessor-version":[{"id":12444,"href":"https:\/\/agora.xtec.cat\/ceip-torrojaimiret\/wp-json\/wp\/v2\/pages\/467\/revisions\/12444"}],"up":[{"embeddable":true,"href":"https:\/\/agora.xtec.cat\/ceip-torrojaimiret\/wp-json\/wp\/v2\/pages\/22"}],"wp:attachment":[{"href":"https:\/\/agora.xtec.cat\/ceip-torrojaimiret\/wp-json\/wp\/v2\/media?parent=467"}],"curies":[{"name":"wp","href":"https:\/\/api.w.org\/{rel}","templated":true}]}}