{"id":465,"date":"2011-11-28T13:49:08","date_gmt":"2011-11-28T12:49:08","guid":{"rendered":"http:\/\/blocs.xtec.cat\/escolatorrojaimiret\/?page_id=2"},"modified":"2011-11-28T13:49:08","modified_gmt":"2011-11-28T12:49:08","slug":"benvinguts","status":"publish","type":"page","link":"https:\/\/agora.xtec.cat\/ceip-torrojaimiret\/benvinguts\/","title":{"rendered":"Benvinguda"},"content":{"rendered":"<blockquote><p><em> <\/em><\/p><\/blockquote>\n<p>Benvinguts i benvingudes a l\u2019<span style=\"color: #800080\"><strong>Escola Antoni Torroja i Miret<\/strong><\/span>,<\/p>\n<p>En  nom de la Comunitat Educativa de l&#8217;escola, volem agrair-vos el vostre  inter\u00e8s en accedir al nostre bloc i animar-vos a visitar-lo regularment.  En aquest espai volem fer-vos part\u00edcips dels nostres objectius, de les  nostres experi\u00e8ncies i de tota aquella informaci\u00f3 relativa al nostre  centre.<\/p>\n<p>Si entreu al bloc podreu trobar:<\/p>\n<ul>\n<li>En la pestanya <em><strong>La nostra escola<\/strong>,<\/em> una breu descripci\u00f3 de quan fou creada i de la seva estructura; les persones que formen la plantilla actual; els nivells ofertats a l&#8217;escola i les seves instal\u00b7lacions; el projecte educatiu i un v\u00eddeo presentaci\u00f3.<\/li>\n<li>En l&#8217;apartat <em><strong>Projectes<\/strong><\/em>, un petit llistat dels projectes m\u00e9s rellevants que portem a terme actualment.<\/li>\n<li>En la pestanya<em> <\/em><span style=\"color: #000000\"><strong><em> Novetats<\/em><\/strong><\/span>, tots aquells articles nous que anem penjant.<\/li>\n<li>A <em><strong>Fam\u00edlies<\/strong>, <\/em>podreu trobar les <em>cartes de comprom\u00eds<\/em> entre les fam\u00edlies, els alumnes i l&#8217;escola; informaci\u00f3 relativa a l&#8217;AMPA i, una breu descripci\u00f3 dels projectes m\u00e9s rellevants que tenen com a protagonistes les fam\u00edlies dels nostres alumnes.<\/li>\n<li>En l&#8217;apartat <em><strong>Informaci\u00f3<\/strong>, <\/em>tot all\u00f2 que fa refer\u00e8ncia a temes de: llibres de text, la pre-inscripci\u00f3, el calendari d&#8217;enguany, servei de menjador i acollida matinal, les Festes que celebrem al Torroja i els nostres \u00e0lbums de Picasa.<\/li>\n<li>Dins de <span style=\"color: #000000\"><strong><em>Not\u00edcies<\/em><\/strong><\/span>, trobareu esdeveniments relacionats amb els nostres alumnes i la nostra escola.<\/li>\n<li>Al marge dret del bloc, all\u00ed on diu: <em><strong>Qu\u00e8 vols veure del bloc?<\/strong>,<\/em> trobareu les entrades classificades per nivells.<\/li>\n<\/ul>\n<p>Finalment  ens agradaria rebre la vostra opini\u00f3 i els vostres suggeriments a  trav\u00e9s de l&#8217;apartat: <em>envia un comentari,<\/em> que trobareu al peu de cada article, per poder millorar la nostra pr\u00e0ctica educativa.<\/p>\n<p>Desitgem que aquest bloc sigui del vostre grat.<\/p>\n<p>Salutacions cordials,<\/p>\n<p><span style=\"color: #800080\"><strong>Equip Directiu<\/strong><\/span><\/p>\n<p><strong><span style=\"color: #000000\">Contacta amb nosaltres:<\/span><\/strong><\/p>\n<p style=\"padding-left: 30px\"><span style=\"color: #000000\"><strong>E-mail: <\/strong>e3004979@xtec.cat<\/span><span style=\"color: #800080\"><span style=\"color: #000000\"><strong> Tel. i Fax:<\/strong> 977 390 616<\/span><\/span><\/p>\n<p><strong>Ens trobem a:<\/strong><\/p>\n<p>C\/ Tarragona 9. Vila-Seca. CP 43480. Tarragona<\/p>\n<p><a href=\"http:\/\/maps.google.com\/maps?q=Carrer+de+Tarragona,+9,+Vila-seca,+Espanya&amp;hl=ca&amp;sll=37.0625,-95.677068&amp;sspn=38.092988,56.513672&amp;oq=C%2F+Tarragona+9&amp;hnear=Carrer+de+Tarragona,+9,+43480+Vila-seca,+Tarragona,+Catalunya,+Espanya&amp;t=m&amp;z=16\"><img loading=\"lazy\" decoding=\"async\" class=\"alignleft size-medium wp-image-1095\" src=\"http:\/\/blocs.xtec.cat\/ceiptorrojaimiret\/files\/2011\/11\/mapa-torroja-300x253.jpg\" alt=\"\" width=\"300\" height=\"253\" \/><\/a><\/p>\n<p><span style=\"color: #800080\"><strong><a href=\"http:\/\/blocs.xtec.cat\/ceiptorrojaimiret\/files\/2011\/10\/ensenyament_h3.jpg\"><img loading=\"lazy\" decoding=\"async\" class=\"alignleft size-medium wp-image-188\" src=\"http:\/\/blocs.xtec.cat\/ceiptorrojaimiret\/files\/2011\/10\/ensenyament_h3-300x71.jpg\" alt=\"\" width=\"210\" height=\"50\" \/><\/a><\/strong><\/span><\/p>\n<div>\n<div><img decoding=\"async\" src=\"https:\/\/mail.google.com\/mail\/images\/cleardot.gif\" alt=\"\" \/><\/div>\n<\/div>\n","protected":false},"excerpt":{"rendered":"<p>Benvinguts i benvingudes a l\u2019Escola Antoni Torroja i Miret, En nom de la Comunitat Educativa de l&#8217;escola, volem agrair-vos el vostre inter\u00e8s en accedir al nostre bloc i animar-vos a visitar-lo regularment. En aquest espai volem fer-vos part\u00edcips dels nostres objectius, de les nostres experi\u00e8ncies i de tota aquella informaci\u00f3 relativa al nostre centre. Si [&hellip;]<\/p>\n","protected":false},"author":1,"featured_media":0,"parent":0,"menu_order":0,"comment_status":"closed","ping_status":"closed","template":"","meta":{"_bbp_topic_count":0,"_bbp_reply_count":0,"_bbp_total_topic_count":0,"_bbp_total_reply_count":0,"_bbp_voice_count":0,"_bbp_anonymous_reply_count":0,"_bbp_topic_count_hidden":0,"_bbp_reply_count_hidden":0,"_bbp_forum_subforum_count":0,"site-sidebar-layout":"default","site-content-layout":"","ast-site-content-layout":"","site-content-style":"default","site-sidebar-style":"default","ast-global-header-display":"","ast-banner-title-visibility":"","ast-main-header-display":"","ast-hfb-above-header-display":"","ast-hfb-below-header-display":"","ast-hfb-mobile-header-display":"","site-post-title":"","ast-breadcrumbs-content":"","ast-featured-img":"","footer-sml-layout":"","theme-transparent-header-meta":"","adv-header-id-meta":"","stick-header-meta":"","header-above-stick-meta":"","header-main-stick-meta":"","header-below-stick-meta":"","astra-migrate-meta-layouts":"default","ast-page-background-enabled":"default","ast-page-background-meta":{"desktop":{"background-color":"var(--ast-global-color-4)","background-image":"","background-repeat":"repeat","background-position":"center center","background-size":"auto","background-attachment":"scroll","background-type":"","background-media":"","overlay-type":"","overlay-color":"","overlay-opacity":"","overlay-gradient":""},"tablet":{"background-color":"","background-image":"","background-repeat":"repeat","background-position":"center center","background-size":"auto","background-attachment":"scroll","background-type":"","background-media":"","overlay-type":"","overlay-color":"","overlay-opacity":"","overlay-gradient":""},"mobile":{"background-color":"","background-image":"","background-repeat":"repeat","background-position":"center center","background-size":"auto","background-attachment":"scroll","background-type":"","background-media":"","overlay-type":"","overlay-color":"","overlay-opacity":"","overlay-gradient":""}},"ast-content-background-meta":{"desktop":{"background-color":"var(--ast-global-color-5)","background-image":"","background-repeat":"repeat","background-position":"center center","background-size":"auto","background-attachment":"scroll","background-type":"","background-media":"","overlay-type":"","overlay-color":"","overlay-opacity":"","overlay-gradient":""},"tablet":{"background-color":"var(--ast-global-color-5)","background-image":"","background-repeat":"repeat","background-position":"center center","background-size":"auto","background-attachment":"scroll","background-type":"","background-media":"","overlay-type":"","overlay-color":"","overlay-opacity":"","overlay-gradient":""},"mobile":{"background-color":"var(--ast-global-color-5)","background-image":"","background-repeat":"repeat","background-position":"center center","background-size":"auto","background-attachment":"scroll","background-type":"","background-media":"","overlay-type":"","overlay-color":"","overlay-opacity":"","overlay-gradient":""}},"footnotes":""},"class_list":["post-465","page","type-page","status-publish","hentry"],"post_mailing_queue_ids":[],"_links":{"self":[{"href":"https:\/\/agora.xtec.cat\/ceip-torrojaimiret\/wp-json\/wp\/v2\/pages\/465","targetHints":{"allow":["GET"]}}],"collection":[{"href":"https:\/\/agora.xtec.cat\/ceip-torrojaimiret\/wp-json\/wp\/v2\/pages"}],"about":[{"href":"https:\/\/agora.xtec.cat\/ceip-torrojaimiret\/wp-json\/wp\/v2\/types\/page"}],"author":[{"embeddable":true,"href":"https:\/\/agora.xtec.cat\/ceip-torrojaimiret\/wp-json\/wp\/v2\/users\/1"}],"replies":[{"embeddable":true,"href":"https:\/\/agora.xtec.cat\/ceip-torrojaimiret\/wp-json\/wp\/v2\/comments?post=465"}],"version-history":[{"count":0,"href":"https:\/\/agora.xtec.cat\/ceip-torrojaimiret\/wp-json\/wp\/v2\/pages\/465\/revisions"}],"wp:attachment":[{"href":"https:\/\/agora.xtec.cat\/ceip-torrojaimiret\/wp-json\/wp\/v2\/media?parent=465"}],"curies":[{"name":"wp","href":"https:\/\/api.w.org\/{rel}","templated":true}]}}