{"id":4543,"date":"2014-02-19T15:15:35","date_gmt":"2014-02-19T14:15:35","guid":{"rendered":"http:\/\/blocs.xtec.cat\/ceiptorrojaimiret\/?page_id=4543"},"modified":"2020-03-16T10:55:30","modified_gmt":"2020-03-16T09:55:30","slug":"programa-de-creativitat","status":"publish","type":"page","link":"https:\/\/agora.xtec.cat\/ceip-torrojaimiret\/projecte-educatiu-2\/projectes\/programa-de-creativitat\/","title":{"rendered":"e) Projecte Expressart (MACBA)"},"content":{"rendered":"<p style=\"text-align: justify;\">Expressart est\u00e0 concebut\u00a0com un dispositiu capa\u00e7 d&#8217;activar aprenentatges diversos, des d&#8217;una perspectiva competencial i interdisciplin\u00e0ria,\u00a0Expressart\u00a0pren com a punt de partida l&#8217;art contemporani i, m\u00e9s concretament, una selecci\u00f3 d&#8217;artistes i obres que formen part de la Col\u00b7lecci\u00f3 MACBA. En el transcurs de les sessions s&#8217;abordaran algunes idees clau sobre l&#8217;art contemporani i es proporcionar\u00e0 informaci\u00f3 sobre les obres i els artistes inclosos en el projecte, amb la intenci\u00f3 de facilitar el desenvolupament de compet\u00e8ncies ling\u00fc\u00edstiques, art\u00edstiques, creatives&#8230; a l&#8217;aula que garanteixin el sentiment d&#8217;\u00e8xit de tots els nois i noies que hi participin. Es vol fer conscients als alumnes de l\u2019enorme potencial creatiu i expressiu que tenen totes les persones utilitzant el llenguatge pl\u00e0stic i art\u00edstic amb llibertat, amb la intenci\u00f3 de compartir idees, sentiments i emocions.<\/p>\n<p><a href=\"http:\/\/blocs.xtec.cat\/ceiptorrojaimiret\/files\/2014\/02\/17.-ExpressArt-petita.jpg\"><img loading=\"lazy\" decoding=\"async\" class=\"wp-image-4670 size-medium aligncenter\" src=\"http:\/\/blocs.xtec.cat\/ceiptorrojaimiret\/files\/2014\/02\/17.-ExpressArt-petita-300x200.jpg\" alt=\"\" width=\"300\" height=\"200\" \/><\/a><\/p>\n<p>&nbsp;<\/p>\n<p style=\"text-align: justify;\">En resum \u00e9s un projecte que s&#8217;est\u00e0 portant a terme al Cicle Superior de l&#8217;escola amb una metodologia globalitzada i innovadora per desenvolupar les compet\u00e8ncies ling\u00fc\u00edstiques i la intel\u00b7lig\u00e8ncia emocional de l&#8217;alumnat. Est\u00e0 avalat pel Departament d&#8217;Ensenyament, seguint les directrius del Museu d&#8217;Art Contemporani de Barcelona.<\/p>\n<p><a href=\"http:\/\/blocs.xtec.cat\/ceiptorrojaimiret\/files\/2014\/02\/MACBA.jpg\"><img loading=\"lazy\" decoding=\"async\" class=\"aligncenter size-full wp-image-4577\" src=\"http:\/\/blocs.xtec.cat\/ceiptorrojaimiret\/files\/2014\/02\/MACBA.jpg\" alt=\"MACBA\" width=\"300\" height=\"168\" \/><\/a><\/p>\n","protected":false},"excerpt":{"rendered":"<p>Expressart est\u00e0 concebut\u00a0com un dispositiu capa\u00e7 d&#8217;activar aprenentatges diversos, des d&#8217;una perspectiva competencial i interdisciplin\u00e0ria,\u00a0Expressart\u00a0pren com a punt de partida l&#8217;art contemporani i, m\u00e9s concretament, una selecci\u00f3 d&#8217;artistes i obres que formen part de la Col\u00b7lecci\u00f3 MACBA. En el transcurs de les sessions s&#8217;abordaran algunes idees clau sobre l&#8217;art contemporani i es proporcionar\u00e0 informaci\u00f3 sobre [&hellip;]<\/p>\n","protected":false},"author":1,"featured_media":0,"parent":1266,"menu_order":5,"comment_status":"open","ping_status":"open","template":"page-templates\/side-menu.php","meta":{"_bbp_topic_count":0,"_bbp_reply_count":0,"_bbp_total_topic_count":0,"_bbp_total_reply_count":0,"_bbp_voice_count":0,"_bbp_anonymous_reply_count":0,"_bbp_topic_count_hidden":0,"_bbp_reply_count_hidden":0,"_bbp_forum_subforum_count":0,"site-sidebar-layout":"default","site-content-layout":"","ast-site-content-layout":"","site-content-style":"default","site-sidebar-style":"default","ast-global-header-display":"","ast-banner-title-visibility":"","ast-main-header-display":"","ast-hfb-above-header-display":"","ast-hfb-below-header-display":"","ast-hfb-mobile-header-display":"","site-post-title":"","ast-breadcrumbs-content":"","ast-featured-img":"","footer-sml-layout":"","theme-transparent-header-meta":"","adv-header-id-meta":"","stick-header-meta":"","header-above-stick-meta":"","header-main-stick-meta":"","header-below-stick-meta":"","astra-migrate-meta-layouts":"default","ast-page-background-enabled":"default","ast-page-background-meta":{"desktop":{"background-color":"var(--ast-global-color-4)","background-image":"","background-repeat":"repeat","background-position":"center center","background-size":"auto","background-attachment":"scroll","background-type":"","background-media":"","overlay-type":"","overlay-color":"","overlay-opacity":"","overlay-gradient":""},"tablet":{"background-color":"","background-image":"","background-repeat":"repeat","background-position":"center center","background-size":"auto","background-attachment":"scroll","background-type":"","background-media":"","overlay-type":"","overlay-color":"","overlay-opacity":"","overlay-gradient":""},"mobile":{"background-color":"","background-image":"","background-repeat":"repeat","background-position":"center center","background-size":"auto","background-attachment":"scroll","background-type":"","background-media":"","overlay-type":"","overlay-color":"","overlay-opacity":"","overlay-gradient":""}},"ast-content-background-meta":{"desktop":{"background-color":"var(--ast-global-color-5)","background-image":"","background-repeat":"repeat","background-position":"center center","background-size":"auto","background-attachment":"scroll","background-type":"","background-media":"","overlay-type":"","overlay-color":"","overlay-opacity":"","overlay-gradient":""},"tablet":{"background-color":"var(--ast-global-color-5)","background-image":"","background-repeat":"repeat","background-position":"center center","background-size":"auto","background-attachment":"scroll","background-type":"","background-media":"","overlay-type":"","overlay-color":"","overlay-opacity":"","overlay-gradient":""},"mobile":{"background-color":"var(--ast-global-color-5)","background-image":"","background-repeat":"repeat","background-position":"center center","background-size":"auto","background-attachment":"scroll","background-type":"","background-media":"","overlay-type":"","overlay-color":"","overlay-opacity":"","overlay-gradient":""}},"footnotes":""},"class_list":["post-4543","page","type-page","status-publish","hentry"],"post_mailing_queue_ids":[],"_links":{"self":[{"href":"https:\/\/agora.xtec.cat\/ceip-torrojaimiret\/wp-json\/wp\/v2\/pages\/4543","targetHints":{"allow":["GET"]}}],"collection":[{"href":"https:\/\/agora.xtec.cat\/ceip-torrojaimiret\/wp-json\/wp\/v2\/pages"}],"about":[{"href":"https:\/\/agora.xtec.cat\/ceip-torrojaimiret\/wp-json\/wp\/v2\/types\/page"}],"author":[{"embeddable":true,"href":"https:\/\/agora.xtec.cat\/ceip-torrojaimiret\/wp-json\/wp\/v2\/users\/1"}],"replies":[{"embeddable":true,"href":"https:\/\/agora.xtec.cat\/ceip-torrojaimiret\/wp-json\/wp\/v2\/comments?post=4543"}],"version-history":[{"count":3,"href":"https:\/\/agora.xtec.cat\/ceip-torrojaimiret\/wp-json\/wp\/v2\/pages\/4543\/revisions"}],"predecessor-version":[{"id":12600,"href":"https:\/\/agora.xtec.cat\/ceip-torrojaimiret\/wp-json\/wp\/v2\/pages\/4543\/revisions\/12600"}],"up":[{"embeddable":true,"href":"https:\/\/agora.xtec.cat\/ceip-torrojaimiret\/wp-json\/wp\/v2\/pages\/1266"}],"wp:attachment":[{"href":"https:\/\/agora.xtec.cat\/ceip-torrojaimiret\/wp-json\/wp\/v2\/media?parent=4543"}],"curies":[{"name":"wp","href":"https:\/\/api.w.org\/{rel}","templated":true}]}}