{"id":4542,"date":"2014-02-19T15:15:08","date_gmt":"2014-02-19T14:15:08","guid":{"rendered":"http:\/\/blocs.xtec.cat\/ceiptorrojaimiret\/?page_id=4542"},"modified":"2025-11-24T13:22:05","modified_gmt":"2025-11-24T12:22:05","slug":"consell-de-delegatsdes","status":"publish","type":"page","link":"https:\/\/agora.xtec.cat\/ceip-torrojaimiret\/projecte-educatiu-2\/metodologies\/consell-de-delegatsdes\/","title":{"rendered":"f) Consell de delegats\/des"},"content":{"rendered":"<p style=\"text-align: justify;\">El Consell de delegats\/des \u00e9s un \u00f2rgan col\u2022legiat format pels delegats\/des de cada grup-classe d\u2019Educaci\u00f3 Infantil i Educaci\u00f3 Prim\u00e0ria. El presideix la Directora i participen altres membres de l\u2019Equip Directiu que fan de Secret\u00e0ri\/a i tamb\u00e9 altres mestres. \u00c9s un \u00f2rgan que possibilitar\u00e0 l\u2019aprenentatge aplicat de compet\u00e8ncies socials i de ciutadania. Tamb\u00e9 ajudar\u00e0 a potenciar compet\u00e8ncies personals, ling\u00fc\u00edstiques i metodol\u00f2giques de manera transversal. Es d\u00f3na protagonisme a l\u2019alumnat dins el model d\u2019escola que es vol potenciar al Projecte Educatiu, una escola que t\u00e9 en compte la mirada i escolta la veu dels infants.<\/p>\n<p style=\"text-align: justify;\">El Consell de Delegats\/des t\u00e9 les seg\u00fcents funcions:<br \/>\n&#8211; Intercanviar informaci\u00f3 entre l\u2019alumnat, l\u2019Equip Directiu i el professorat.<br \/>\n&#8211; Estudiar problemes i necessitats del centre i elaborar propostes per la seva millora.<br \/>\n&#8211; Fer suggeriments d\u2019activitats i propostes per la Programaci\u00f3 General Anual.<br \/>\n&#8211; Col\u2022laborar en la gesti\u00f3 de l\u2019escola.<br \/>\n&#8211; Altres, que determini el Claustre o el Consell Escolar.<\/p>\n<p style=\"text-align: justify;\">Cada grup-classe escollir\u00e0 un delegat\/da anualment en una assemblea de classe. Poden presentar-se de manera volunt\u00e0ria tots els\/les alumnes que vulguin. Cada alumne\/a pot ser delegat\/da tants cops que sigui escollit\/da.<\/p>\n<p><a href=\"https:\/\/agora.xtec.cat\/ceip-torrojaimiret\/wp-content\/uploads\/usu1688\/2025\/11\/IMG-20251112-WA0019.jpg\"><img loading=\"lazy\" decoding=\"async\" class=\"aligncenter wp-image-21125\" src=\"https:\/\/agora.xtec.cat\/ceip-torrojaimiret\/wp-content\/uploads\/usu1688\/2025\/11\/IMG-20251112-WA0019-300x225.jpg\" alt=\"\" width=\"739\" height=\"554\" srcset=\"https:\/\/agora.xtec.cat\/ceip-torrojaimiret\/wp-content\/uploads\/usu1688\/2025\/11\/IMG-20251112-WA0019-300x225.jpg 300w, https:\/\/agora.xtec.cat\/ceip-torrojaimiret\/wp-content\/uploads\/usu1688\/2025\/11\/IMG-20251112-WA0019-1024x768.jpg 1024w, https:\/\/agora.xtec.cat\/ceip-torrojaimiret\/wp-content\/uploads\/usu1688\/2025\/11\/IMG-20251112-WA0019-768x576.jpg 768w, https:\/\/agora.xtec.cat\/ceip-torrojaimiret\/wp-content\/uploads\/usu1688\/2025\/11\/IMG-20251112-WA0019-1536x1152.jpg 1536w, https:\/\/agora.xtec.cat\/ceip-torrojaimiret\/wp-content\/uploads\/usu1688\/2025\/11\/IMG-20251112-WA0019.jpg 2048w\" sizes=\"auto, (max-width: 739px) 100vw, 739px\" \/><\/a><\/p>\n<p style=\"text-align: justify;\">\n","protected":false},"excerpt":{"rendered":"<p>El Consell de delegats\/des \u00e9s un \u00f2rgan col\u2022legiat format pels delegats\/des de cada grup-classe d\u2019Educaci\u00f3 Infantil i Educaci\u00f3 Prim\u00e0ria. El presideix la Directora i participen altres membres de l\u2019Equip Directiu que fan de Secret\u00e0ri\/a i tamb\u00e9 altres mestres. \u00c9s un \u00f2rgan que possibilitar\u00e0 l\u2019aprenentatge aplicat de compet\u00e8ncies socials i de ciutadania. Tamb\u00e9 ajudar\u00e0 a potenciar [&hellip;]<\/p>\n","protected":false},"author":1,"featured_media":0,"parent":8812,"menu_order":5,"comment_status":"open","ping_status":"open","template":"","meta":{"_bbp_topic_count":0,"_bbp_reply_count":0,"_bbp_total_topic_count":0,"_bbp_total_reply_count":0,"_bbp_voice_count":0,"_bbp_anonymous_reply_count":0,"_bbp_topic_count_hidden":0,"_bbp_reply_count_hidden":0,"_bbp_forum_subforum_count":0,"site-sidebar-layout":"default","site-content-layout":"","ast-site-content-layout":"default","site-content-style":"default","site-sidebar-style":"default","ast-global-header-display":"","ast-banner-title-visibility":"","ast-main-header-display":"","ast-hfb-above-header-display":"","ast-hfb-below-header-display":"","ast-hfb-mobile-header-display":"","site-post-title":"","ast-breadcrumbs-content":"","ast-featured-img":"","footer-sml-layout":"","theme-transparent-header-meta":"default","adv-header-id-meta":"","stick-header-meta":"","header-above-stick-meta":"","header-main-stick-meta":"","header-below-stick-meta":"","astra-migrate-meta-layouts":"set","ast-page-background-enabled":"default","ast-page-background-meta":{"desktop":{"background-color":"var(--ast-global-color-4)","background-image":"","background-repeat":"repeat","background-position":"center center","background-size":"auto","background-attachment":"scroll","background-type":"","background-media":"","overlay-type":"","overlay-color":"","overlay-opacity":"","overlay-gradient":""},"tablet":{"background-color":"","background-image":"","background-repeat":"repeat","background-position":"center center","background-size":"auto","background-attachment":"scroll","background-type":"","background-media":"","overlay-type":"","overlay-color":"","overlay-opacity":"","overlay-gradient":""},"mobile":{"background-color":"","background-image":"","background-repeat":"repeat","background-position":"center center","background-size":"auto","background-attachment":"scroll","background-type":"","background-media":"","overlay-type":"","overlay-color":"","overlay-opacity":"","overlay-gradient":""}},"ast-content-background-meta":{"desktop":{"background-color":"var(--ast-global-color-5)","background-image":"","background-repeat":"repeat","background-position":"center center","background-size":"auto","background-attachment":"scroll","background-type":"","background-media":"","overlay-type":"","overlay-color":"","overlay-opacity":"","overlay-gradient":""},"tablet":{"background-color":"var(--ast-global-color-5)","background-image":"","background-repeat":"repeat","background-position":"center center","background-size":"auto","background-attachment":"scroll","background-type":"","background-media":"","overlay-type":"","overlay-color":"","overlay-opacity":"","overlay-gradient":""},"mobile":{"background-color":"var(--ast-global-color-5)","background-image":"","background-repeat":"repeat","background-position":"center center","background-size":"auto","background-attachment":"scroll","background-type":"","background-media":"","overlay-type":"","overlay-color":"","overlay-opacity":"","overlay-gradient":""}},"footnotes":""},"class_list":["post-4542","page","type-page","status-publish","hentry"],"post_mailing_queue_ids":[],"_links":{"self":[{"href":"https:\/\/agora.xtec.cat\/ceip-torrojaimiret\/wp-json\/wp\/v2\/pages\/4542","targetHints":{"allow":["GET"]}}],"collection":[{"href":"https:\/\/agora.xtec.cat\/ceip-torrojaimiret\/wp-json\/wp\/v2\/pages"}],"about":[{"href":"https:\/\/agora.xtec.cat\/ceip-torrojaimiret\/wp-json\/wp\/v2\/types\/page"}],"author":[{"embeddable":true,"href":"https:\/\/agora.xtec.cat\/ceip-torrojaimiret\/wp-json\/wp\/v2\/users\/1"}],"replies":[{"embeddable":true,"href":"https:\/\/agora.xtec.cat\/ceip-torrojaimiret\/wp-json\/wp\/v2\/comments?post=4542"}],"version-history":[{"count":3,"href":"https:\/\/agora.xtec.cat\/ceip-torrojaimiret\/wp-json\/wp\/v2\/pages\/4542\/revisions"}],"predecessor-version":[{"id":21137,"href":"https:\/\/agora.xtec.cat\/ceip-torrojaimiret\/wp-json\/wp\/v2\/pages\/4542\/revisions\/21137"}],"up":[{"embeddable":true,"href":"https:\/\/agora.xtec.cat\/ceip-torrojaimiret\/wp-json\/wp\/v2\/pages\/8812"}],"wp:attachment":[{"href":"https:\/\/agora.xtec.cat\/ceip-torrojaimiret\/wp-json\/wp\/v2\/media?parent=4542"}],"curies":[{"name":"wp","href":"https:\/\/api.w.org\/{rel}","templated":true}]}}