{"id":4540,"date":"2014-02-19T15:14:07","date_gmt":"2014-02-19T14:14:07","guid":{"rendered":"http:\/\/blocs.xtec.cat\/ceiptorrojaimiret\/?page_id=4540"},"modified":"2025-11-25T16:07:57","modified_gmt":"2025-11-25T15:07:57","slug":"matematiques-manipulatives","status":"publish","type":"page","link":"https:\/\/agora.xtec.cat\/ceip-torrojaimiret\/projecte-educatiu-2\/metodologies\/matematiques-manipulatives\/","title":{"rendered":"c) Matem\u00e0tiques manipulatives"},"content":{"rendered":"<p style=\"text-align: justify;\">Les matem\u00e0tiques formen part de la nostra vida quotidiana i per tant \u00e9s important partir de situacions habituals de casa, del carrer&#8230; que ens permetin usar-les de manera pr\u00e0ctica i vinculada a les viv\u00e8ncies properes.<br \/>\nA l\u2019aula de projectes, al pati&#8230; podem aprendre a mesurar, calcular, comparar, ordenar&#8230; ajudats de tota una s\u00e8rie de materials com la cinta m\u00e8trica, balances, rellotges, , envasos amb diferents capacitats, monedes i bitllets, calculadora, \u00e0bac, , tangram, jocs, cossos geom\u00e8trics&#8230; usats per resoldre situacions i problemes matem\u00e0tiques.<br \/>\nA la nostra escola treballen de manera vivencial les matem\u00e0tiques de forma sistem\u00e0tica i en grup redu\u00eft a Educaci\u00f3 Infantil i Prim\u00e0ria.<\/p>\n<p style=\"text-align: justify;\"><a href=\"http:\/\/blocs.xtec.cat\/ceiptorrojaimiret\/files\/2014\/02\/12.-Matem\u00e0tica-aplicada-definitiva.jpg\"><img loading=\"lazy\" decoding=\"async\" class=\"aligncenter size-full wp-image-8079\" src=\"http:\/\/blocs.xtec.cat\/ceiptorrojaimiret\/files\/2014\/02\/12.-Matem\u00e0tica-aplicada-definitiva.jpg\" alt=\"12-matematica-aplicada-definitiva\" width=\"336\" height=\"448\" \/><\/a><\/p>\n<p style=\"text-align: justify;\"><strong>Rob\u00f2tica<br \/>\n<\/strong><\/p>\n<p style=\"text-align: justify;\">El taller de \u201cRob\u00f2tica Musical\u201d utilitza els robots BeeBot o Tale Bot per assolir els seg\u00fcents objectius, entre d&#8217;altres:<br \/>\n&#8211; Iniciaci\u00f3 en la recerca mitjan\u00e7ant la pr\u00f2pia manipulaci\u00f3 i observaci\u00f3.<br \/>\n&#8211; Iniciaci\u00f3 en el treball en equip, tenint en compte totes les opinions dels components del grup.<br \/>\n&#8211; Iniciaci\u00f3 en l\u2019aprenentatge manipulatiu assaig-error per tal de poder arribar a l\u2019objectiu que ens hem marcat.<br \/>\n&#8211; Recon\u00e8ixer els diferents instruments musicals.<br \/>\n&#8211; Relacionar cada imatge amb el seu nom.<\/p>\n<p><a href=\"https:\/\/agora.xtec.cat\/ceip-torrojaimiret\/wp-content\/uploads\/usu1688\/2025\/11\/25041CAF-1512-404C-9FB4-3E17D08FA7E0.jpg\"><img loading=\"lazy\" decoding=\"async\" class=\"aligncenter wp-image-21157 \" src=\"https:\/\/agora.xtec.cat\/ceip-torrojaimiret\/wp-content\/uploads\/usu1688\/2025\/11\/25041CAF-1512-404C-9FB4-3E17D08FA7E0-225x300.jpg\" alt=\"\" width=\"333\" height=\"444\" srcset=\"https:\/\/agora.xtec.cat\/ceip-torrojaimiret\/wp-content\/uploads\/usu1688\/2025\/11\/25041CAF-1512-404C-9FB4-3E17D08FA7E0-225x300.jpg 225w, https:\/\/agora.xtec.cat\/ceip-torrojaimiret\/wp-content\/uploads\/usu1688\/2025\/11\/25041CAF-1512-404C-9FB4-3E17D08FA7E0-768x1024.jpg 768w, https:\/\/agora.xtec.cat\/ceip-torrojaimiret\/wp-content\/uploads\/usu1688\/2025\/11\/25041CAF-1512-404C-9FB4-3E17D08FA7E0-1152x1536.jpg 1152w, https:\/\/agora.xtec.cat\/ceip-torrojaimiret\/wp-content\/uploads\/usu1688\/2025\/11\/25041CAF-1512-404C-9FB4-3E17D08FA7E0.jpg 1512w\" sizes=\"auto, (max-width: 333px) 100vw, 333px\" \/><\/a><\/p>\n","protected":false},"excerpt":{"rendered":"<p>Les matem\u00e0tiques formen part de la nostra vida quotidiana i per tant \u00e9s important partir de situacions habituals de casa, del carrer&#8230; que ens permetin usar-les de manera pr\u00e0ctica i vinculada a les viv\u00e8ncies properes. A l\u2019aula de projectes, al pati&#8230; podem aprendre a mesurar, calcular, comparar, ordenar&#8230; ajudats de tota una s\u00e8rie de materials [&hellip;]<\/p>\n","protected":false},"author":1,"featured_media":0,"parent":8812,"menu_order":2,"comment_status":"open","ping_status":"open","template":"","meta":{"_bbp_topic_count":0,"_bbp_reply_count":0,"_bbp_total_topic_count":0,"_bbp_total_reply_count":0,"_bbp_voice_count":0,"_bbp_anonymous_reply_count":0,"_bbp_topic_count_hidden":0,"_bbp_reply_count_hidden":0,"_bbp_forum_subforum_count":0,"site-sidebar-layout":"default","site-content-layout":"","ast-site-content-layout":"default","site-content-style":"default","site-sidebar-style":"default","ast-global-header-display":"","ast-banner-title-visibility":"","ast-main-header-display":"","ast-hfb-above-header-display":"","ast-hfb-below-header-display":"","ast-hfb-mobile-header-display":"","site-post-title":"","ast-breadcrumbs-content":"","ast-featured-img":"","footer-sml-layout":"","theme-transparent-header-meta":"default","adv-header-id-meta":"","stick-header-meta":"","header-above-stick-meta":"","header-main-stick-meta":"","header-below-stick-meta":"","astra-migrate-meta-layouts":"set","ast-page-background-enabled":"default","ast-page-background-meta":{"desktop":{"background-color":"var(--ast-global-color-4)","background-image":"","background-repeat":"repeat","background-position":"center center","background-size":"auto","background-attachment":"scroll","background-type":"","background-media":"","overlay-type":"","overlay-color":"","overlay-opacity":"","overlay-gradient":""},"tablet":{"background-color":"","background-image":"","background-repeat":"repeat","background-position":"center center","background-size":"auto","background-attachment":"scroll","background-type":"","background-media":"","overlay-type":"","overlay-color":"","overlay-opacity":"","overlay-gradient":""},"mobile":{"background-color":"","background-image":"","background-repeat":"repeat","background-position":"center center","background-size":"auto","background-attachment":"scroll","background-type":"","background-media":"","overlay-type":"","overlay-color":"","overlay-opacity":"","overlay-gradient":""}},"ast-content-background-meta":{"desktop":{"background-color":"var(--ast-global-color-5)","background-image":"","background-repeat":"repeat","background-position":"center center","background-size":"auto","background-attachment":"scroll","background-type":"","background-media":"","overlay-type":"","overlay-color":"","overlay-opacity":"","overlay-gradient":""},"tablet":{"background-color":"var(--ast-global-color-5)","background-image":"","background-repeat":"repeat","background-position":"center center","background-size":"auto","background-attachment":"scroll","background-type":"","background-media":"","overlay-type":"","overlay-color":"","overlay-opacity":"","overlay-gradient":""},"mobile":{"background-color":"var(--ast-global-color-5)","background-image":"","background-repeat":"repeat","background-position":"center center","background-size":"auto","background-attachment":"scroll","background-type":"","background-media":"","overlay-type":"","overlay-color":"","overlay-opacity":"","overlay-gradient":""}},"footnotes":""},"class_list":["post-4540","page","type-page","status-publish","hentry"],"post_mailing_queue_ids":[],"_links":{"self":[{"href":"https:\/\/agora.xtec.cat\/ceip-torrojaimiret\/wp-json\/wp\/v2\/pages\/4540","targetHints":{"allow":["GET"]}}],"collection":[{"href":"https:\/\/agora.xtec.cat\/ceip-torrojaimiret\/wp-json\/wp\/v2\/pages"}],"about":[{"href":"https:\/\/agora.xtec.cat\/ceip-torrojaimiret\/wp-json\/wp\/v2\/types\/page"}],"author":[{"embeddable":true,"href":"https:\/\/agora.xtec.cat\/ceip-torrojaimiret\/wp-json\/wp\/v2\/users\/1"}],"replies":[{"embeddable":true,"href":"https:\/\/agora.xtec.cat\/ceip-torrojaimiret\/wp-json\/wp\/v2\/comments?post=4540"}],"version-history":[{"count":4,"href":"https:\/\/agora.xtec.cat\/ceip-torrojaimiret\/wp-json\/wp\/v2\/pages\/4540\/revisions"}],"predecessor-version":[{"id":21160,"href":"https:\/\/agora.xtec.cat\/ceip-torrojaimiret\/wp-json\/wp\/v2\/pages\/4540\/revisions\/21160"}],"up":[{"embeddable":true,"href":"https:\/\/agora.xtec.cat\/ceip-torrojaimiret\/wp-json\/wp\/v2\/pages\/8812"}],"wp:attachment":[{"href":"https:\/\/agora.xtec.cat\/ceip-torrojaimiret\/wp-json\/wp\/v2\/media?parent=4540"}],"curies":[{"name":"wp","href":"https:\/\/api.w.org\/{rel}","templated":true}]}}