{"id":22,"date":"2014-09-18T12:19:57","date_gmt":"2014-09-18T11:19:57","guid":{"rendered":"http:\/\/agora.xtec.cat\/ceip-torrojaimiret\/?page_id=22"},"modified":"2025-04-29T11:01:32","modified_gmt":"2025-04-29T09:01:32","slug":"lescola","status":"publish","type":"page","link":"https:\/\/agora.xtec.cat\/ceip-torrojaimiret\/lescola\/","title":{"rendered":"L&#8217;escola"},"content":{"rendered":"<p style=\"text-align: justify;\">Benvinguts i benvingudes a l\u2019<strong>Escola Torroja i Miret. <\/strong>\u00a0<img loading=\"lazy\" decoding=\"async\" class=\"wp-image-12821 alignright\" src=\"https:\/\/agora.xtec.cat\/ceip-torrojaimiret\/wp-content\/uploads\/usu1688\/2020\/03\/version-3.png\" alt=\"\" width=\"221\" height=\"119\" srcset=\"https:\/\/agora.xtec.cat\/ceip-torrojaimiret\/wp-content\/uploads\/usu1688\/2020\/03\/version-3.png 1020w, https:\/\/agora.xtec.cat\/ceip-torrojaimiret\/wp-content\/uploads\/usu1688\/2020\/03\/version-3-300x161.png 300w, https:\/\/agora.xtec.cat\/ceip-torrojaimiret\/wp-content\/uploads\/usu1688\/2020\/03\/version-3-768x413.png 768w\" sizes=\"auto, (max-width: 221px) 100vw, 221px\" \/><\/p>\n<p>Des d&#8217;aquesta web, us mostrarem amb detall el treball i les caracter\u00edstiques del nostre centre.<\/p>\n<p>La nostra adre\u00e7a \u00e9s la seg\u00fcent:<\/p>\n<p>Escola Torroja i Miret<\/p>\n<p>C\/. Tarragona, 9<\/p>\n<p>43480 Vila-seca<\/p>\n<p>977-390616<\/p>\n<p>Correu electr\u00f2nic: <a href=\"mailto:e3004979@xtec.cat\" target=\"_blank\" rel=\"noopener noreferrer\">e3004979<span class=\"\"><span class=\"\">@xtec.cat<\/span><\/span><\/a><\/p>\n<p>Mapa: <a href=\"https:\/\/maps.app.goo.gl\/YQB8hf1Su9J3fTHr8\" target=\"_blank\" rel=\"noopener\">https:\/\/maps.app.goo.gl\/YQB8hf1Su9J3fTHr8<\/a><\/p>\n<p>&nbsp;<\/p>\n<p>&nbsp;<\/p>\n<p><a href=\"https:\/\/agora.xtec.cat\/ceip-torrojaimiret\/wp-content\/uploads\/usu1688\/2020\/01\/IMG_4601-apaisada.jpg\"><img loading=\"lazy\" decoding=\"async\" class=\"alignnone size-full wp-image-12095\" src=\"https:\/\/agora.xtec.cat\/ceip-torrojaimiret\/wp-content\/uploads\/usu1688\/2020\/01\/IMG_4601-apaisada.jpg\" alt=\"\" width=\"1000\" height=\"363\" srcset=\"https:\/\/agora.xtec.cat\/ceip-torrojaimiret\/wp-content\/uploads\/usu1688\/2020\/01\/IMG_4601-apaisada.jpg 1000w, https:\/\/agora.xtec.cat\/ceip-torrojaimiret\/wp-content\/uploads\/usu1688\/2020\/01\/IMG_4601-apaisada-300x109.jpg 300w, https:\/\/agora.xtec.cat\/ceip-torrojaimiret\/wp-content\/uploads\/usu1688\/2020\/01\/IMG_4601-apaisada-768x279.jpg 768w\" sizes=\"auto, (max-width: 1000px) 100vw, 1000px\" \/><\/a><\/p>\n<p>&nbsp;<\/p>\n<p style=\"text-align: justify;\"><a href=\"http:\/\/agora.xtec.cat\/ceip-torrojaimiret\/wp-content\/uploads\/usu1688\/2014\/09\/2.-Panoramica.jpg\"><img loading=\"lazy\" decoding=\"async\" class=\"alignnone size-large wp-image-9555\" src=\"http:\/\/agora.xtec.cat\/ceip-torrojaimiret\/wp-content\/uploads\/usu1688\/2014\/09\/2.-Panoramica-1024x238.jpg\" alt=\"\" width=\"1024\" height=\"238\" srcset=\"https:\/\/agora.xtec.cat\/ceip-torrojaimiret\/wp-content\/uploads\/usu1688\/2014\/09\/2.-Panoramica-1024x238.jpg 1024w, https:\/\/agora.xtec.cat\/ceip-torrojaimiret\/wp-content\/uploads\/usu1688\/2014\/09\/2.-Panoramica-300x70.jpg 300w, https:\/\/agora.xtec.cat\/ceip-torrojaimiret\/wp-content\/uploads\/usu1688\/2014\/09\/2.-Panoramica-768x179.jpg 768w\" sizes=\"auto, (max-width: 1024px) 100vw, 1024px\" \/><\/a><\/p>\n","protected":false},"excerpt":{"rendered":"<p>Benvinguts i benvingudes a l\u2019Escola Torroja i Miret. \u00a0 Des d&#8217;aquesta web, us mostrarem amb detall el treball i les caracter\u00edstiques del nostre centre. La nostra adre\u00e7a \u00e9s la seg\u00fcent: Escola Torroja i Miret C\/. Tarragona, 9 43480 Vila-seca 977-390616 Correu electr\u00f2nic: e3004979@xtec.cat Mapa: https:\/\/maps.app.goo.gl\/YQB8hf1Su9J3fTHr8 &nbsp; &nbsp; &nbsp;<\/p>\n","protected":false},"author":1,"featured_media":0,"parent":0,"menu_order":0,"comment_status":"closed","ping_status":"closed","template":"","meta":{"_bbp_topic_count":0,"_bbp_reply_count":0,"_bbp_total_topic_count":0,"_bbp_total_reply_count":0,"_bbp_voice_count":0,"_bbp_anonymous_reply_count":0,"_bbp_topic_count_hidden":0,"_bbp_reply_count_hidden":0,"_bbp_forum_subforum_count":0,"site-sidebar-layout":"default","site-content-layout":"","ast-site-content-layout":"default","site-content-style":"default","site-sidebar-style":"default","ast-global-header-display":"","ast-banner-title-visibility":"","ast-main-header-display":"","ast-hfb-above-header-display":"","ast-hfb-below-header-display":"","ast-hfb-mobile-header-display":"","site-post-title":"","ast-breadcrumbs-content":"","ast-featured-img":"","footer-sml-layout":"","theme-transparent-header-meta":"default","adv-header-id-meta":"","stick-header-meta":"","header-above-stick-meta":"","header-main-stick-meta":"","header-below-stick-meta":"","astra-migrate-meta-layouts":"set","ast-page-background-enabled":"default","ast-page-background-meta":{"desktop":{"background-color":"var(--ast-global-color-4)","background-image":"","background-repeat":"repeat","background-position":"center center","background-size":"auto","background-attachment":"scroll","background-type":"","background-media":"","overlay-type":"","overlay-color":"","overlay-opacity":"","overlay-gradient":""},"tablet":{"background-color":"","background-image":"","background-repeat":"repeat","background-position":"center center","background-size":"auto","background-attachment":"scroll","background-type":"","background-media":"","overlay-type":"","overlay-color":"","overlay-opacity":"","overlay-gradient":""},"mobile":{"background-color":"","background-image":"","background-repeat":"repeat","background-position":"center center","background-size":"auto","background-attachment":"scroll","background-type":"","background-media":"","overlay-type":"","overlay-color":"","overlay-opacity":"","overlay-gradient":""}},"ast-content-background-meta":{"desktop":{"background-color":"var(--ast-global-color-5)","background-image":"","background-repeat":"repeat","background-position":"center center","background-size":"auto","background-attachment":"scroll","background-type":"","background-media":"","overlay-type":"","overlay-color":"","overlay-opacity":"","overlay-gradient":""},"tablet":{"background-color":"var(--ast-global-color-5)","background-image":"","background-repeat":"repeat","background-position":"center center","background-size":"auto","background-attachment":"scroll","background-type":"","background-media":"","overlay-type":"","overlay-color":"","overlay-opacity":"","overlay-gradient":""},"mobile":{"background-color":"var(--ast-global-color-5)","background-image":"","background-repeat":"repeat","background-position":"center center","background-size":"auto","background-attachment":"scroll","background-type":"","background-media":"","overlay-type":"","overlay-color":"","overlay-opacity":"","overlay-gradient":""}},"footnotes":""},"class_list":["post-22","page","type-page","status-publish","hentry"],"post_mailing_queue_ids":[],"_links":{"self":[{"href":"https:\/\/agora.xtec.cat\/ceip-torrojaimiret\/wp-json\/wp\/v2\/pages\/22","targetHints":{"allow":["GET"]}}],"collection":[{"href":"https:\/\/agora.xtec.cat\/ceip-torrojaimiret\/wp-json\/wp\/v2\/pages"}],"about":[{"href":"https:\/\/agora.xtec.cat\/ceip-torrojaimiret\/wp-json\/wp\/v2\/types\/page"}],"author":[{"embeddable":true,"href":"https:\/\/agora.xtec.cat\/ceip-torrojaimiret\/wp-json\/wp\/v2\/users\/1"}],"replies":[{"embeddable":true,"href":"https:\/\/agora.xtec.cat\/ceip-torrojaimiret\/wp-json\/wp\/v2\/comments?post=22"}],"version-history":[{"count":5,"href":"https:\/\/agora.xtec.cat\/ceip-torrojaimiret\/wp-json\/wp\/v2\/pages\/22\/revisions"}],"predecessor-version":[{"id":20941,"href":"https:\/\/agora.xtec.cat\/ceip-torrojaimiret\/wp-json\/wp\/v2\/pages\/22\/revisions\/20941"}],"wp:attachment":[{"href":"https:\/\/agora.xtec.cat\/ceip-torrojaimiret\/wp-json\/wp\/v2\/media?parent=22"}],"curies":[{"name":"wp","href":"https:\/\/api.w.org\/{rel}","templated":true}]}}