{"id":2137,"date":"2012-06-22T11:16:51","date_gmt":"2012-06-22T10:16:51","guid":{"rendered":"http:\/\/blocs.xtec.cat\/ceiptorrojaimiret\/?page_id=2137"},"modified":"2020-01-14T12:11:26","modified_gmt":"2020-01-14T11:11:26","slug":"nota-final-de-curs-2012","status":"publish","type":"page","link":"https:\/\/agora.xtec.cat\/ceip-torrojaimiret\/nota-final-de-curs-2012\/","title":{"rendered":"Informaci\u00f3 del curs 2017-2018"},"content":{"rendered":"<p>Benvolguts pares i mares,<\/p>\n<p>D\u2019acord amb el calendari oficial, us comuniquem que <strong>les classes del proper curs comen\u00e7aran el dia<\/strong> <strong>12 de setembre<\/strong> en jornada partida seguint els seg\u00fcents horaris per a tot l\u2019alumnat de l\u2019escola:<br \/>\n&#8211; Mat\u00ed: 9 a 12:30 hores \/ Tarda: 15 a 16:30 hores. A partir del 5 de juny l&#8217;horari ser\u00e0 de 9 a 13 hores.<br \/>\n&#8211; Alumnes de P-3: Cal informar-se al setembre de l\u2019horari d\u2019entrada progressiva.<\/p>\n<p>El servei de <strong>menjador s\u2019iniciar\u00e0 el dia 12 de setembre de 2017<\/strong>. Totes les fam\u00ed\u00f1ies interessades poden apuntar els seus fills\/es, el dia 5 de setembre a les oficines del AMPA de 9:30 a 11:30h.<\/p>\n<p>Cal recordar que els canvis en l&#8217;opci\u00f3 de religi\u00f3, s&#8217;han de fer fins al 12 de setembre de 2017, dia en que comen\u00e7a el curs. No s&#8217;admetran canvis despr\u00e9s d&#8217;aquesta data.<\/p>\n<p>Aprofitem per informar-vos del calendari escolar oficial a Vila-seca del proper curs per que pugueu planificar el calendari familiar:<br \/>\n&#8211; Vacances del 1r trimestre: del 23 de desembre de 2017 al 7 de gener del 2018, ambd\u00f3s inclosos.<br \/>\n&#8211; Vacances del 2n trimestre: del 24 mar\u00e7 al 8 d&#8217;abril de 2018, ambd\u00f3s inclosos.<br \/>\n&#8211; Vacances d\u2019estiu: A partir del 23 de juny de 2018.<br \/>\nDies festius: 11 de setembre, 12 de octubre, 1 de novembre, 6 de desembre, 8 de desembre de 2017.<br \/>\n17 de gener i 1 de maig de 2018.<br \/>\n&#8211; El dies de lliure disposici\u00f3 escollits pel Consell Escolar Municipal de Vila-seca seran el dies:<br \/>\n13 d&#8217;octubre 2017, 7 de desembre de 2017, 12 de febrer de 2017, 30 d&#8217;abril de 2018.<br \/>\n&#8211; Dia 22 de desembre de 2017 i a partir del 4 de juny de 2018 hi haur\u00e0 <strong>horari intensiu de 9 a 13 hores<\/strong>.<\/p>\n<p>En refer\u00e8ncia als pagaments que es fan a trav\u00e9s del Banc de Sabadell, l&#8217;entitat ens ha informat que \u00a0a partir del mes de setembre de 2013 han rebut instruccions de cobrar una comissi\u00f3 de 2 euros per cada ingr\u00e9s a finestreta. Per tal d&#8217;estalviar aquesta comissi\u00f3 el banc ofereix la possibilitat de realitzar transfer\u00e8ncies des d&#8217;altres entitats o b\u00e9 des del mateix banc, obrint un compte als infants, sense comissi\u00f3. Tamb\u00e9, hi ha un codi amb el qual podeu ingressar pel caixer sense que us cobrin la comissi\u00f3. Donat que el compte de l&#8217;escola est\u00e0 en aquesta entitat i que caldr\u00e0 fer ingressos al llarg del curs, cal que cada fam\u00edlia s&#8217;informi i decideixi l&#8217;opci\u00f3 m\u00e9s adient en el seu cas.<\/p>\n<p>Us agra\u00efm la col\u00b7laboraci\u00f3 durant tot aquest curs.<\/p>\n<p>L\u2019Equip Directiu<\/p>\n<p>Generalitat de Catalunya<br \/>\nDepartament d\u2019Ensenyament<br \/>\nEscola Antoni Torroja i Miret<br \/>\nVILA-SECA (Tarragona)<\/p>\n","protected":false},"excerpt":{"rendered":"<p>Benvolguts pares i mares, D\u2019acord amb el calendari oficial, us comuniquem que les classes del proper curs comen\u00e7aran el dia 12 de setembre en jornada partida seguint els seg\u00fcents horaris per a tot l\u2019alumnat de l\u2019escola: &#8211; Mat\u00ed: 9 a 12:30 hores \/ Tarda: 15 a 16:30 hores. A partir del 5 de juny l&#8217;horari [&hellip;]<\/p>\n","protected":false},"author":1,"featured_media":0,"parent":0,"menu_order":0,"comment_status":"open","ping_status":"open","template":"","meta":{"_bbp_topic_count":0,"_bbp_reply_count":0,"_bbp_total_topic_count":0,"_bbp_total_reply_count":0,"_bbp_voice_count":0,"_bbp_anonymous_reply_count":0,"_bbp_topic_count_hidden":0,"_bbp_reply_count_hidden":0,"_bbp_forum_subforum_count":0,"site-sidebar-layout":"default","site-content-layout":"","ast-site-content-layout":"","site-content-style":"default","site-sidebar-style":"default","ast-global-header-display":"","ast-banner-title-visibility":"","ast-main-header-display":"","ast-hfb-above-header-display":"","ast-hfb-below-header-display":"","ast-hfb-mobile-header-display":"","site-post-title":"","ast-breadcrumbs-content":"","ast-featured-img":"","footer-sml-layout":"","theme-transparent-header-meta":"","adv-header-id-meta":"","stick-header-meta":"","header-above-stick-meta":"","header-main-stick-meta":"","header-below-stick-meta":"","astra-migrate-meta-layouts":"default","ast-page-background-enabled":"default","ast-page-background-meta":{"desktop":{"background-color":"var(--ast-global-color-4)","background-image":"","background-repeat":"repeat","background-position":"center center","background-size":"auto","background-attachment":"scroll","background-type":"","background-media":"","overlay-type":"","overlay-color":"","overlay-opacity":"","overlay-gradient":""},"tablet":{"background-color":"","background-image":"","background-repeat":"repeat","background-position":"center center","background-size":"auto","background-attachment":"scroll","background-type":"","background-media":"","overlay-type":"","overlay-color":"","overlay-opacity":"","overlay-gradient":""},"mobile":{"background-color":"","background-image":"","background-repeat":"repeat","background-position":"center center","background-size":"auto","background-attachment":"scroll","background-type":"","background-media":"","overlay-type":"","overlay-color":"","overlay-opacity":"","overlay-gradient":""}},"ast-content-background-meta":{"desktop":{"background-color":"var(--ast-global-color-5)","background-image":"","background-repeat":"repeat","background-position":"center center","background-size":"auto","background-attachment":"scroll","background-type":"","background-media":"","overlay-type":"","overlay-color":"","overlay-opacity":"","overlay-gradient":""},"tablet":{"background-color":"var(--ast-global-color-5)","background-image":"","background-repeat":"repeat","background-position":"center center","background-size":"auto","background-attachment":"scroll","background-type":"","background-media":"","overlay-type":"","overlay-color":"","overlay-opacity":"","overlay-gradient":""},"mobile":{"background-color":"var(--ast-global-color-5)","background-image":"","background-repeat":"repeat","background-position":"center center","background-size":"auto","background-attachment":"scroll","background-type":"","background-media":"","overlay-type":"","overlay-color":"","overlay-opacity":"","overlay-gradient":""}},"footnotes":""},"class_list":["post-2137","page","type-page","status-publish","hentry"],"post_mailing_queue_ids":[],"_links":{"self":[{"href":"https:\/\/agora.xtec.cat\/ceip-torrojaimiret\/wp-json\/wp\/v2\/pages\/2137","targetHints":{"allow":["GET"]}}],"collection":[{"href":"https:\/\/agora.xtec.cat\/ceip-torrojaimiret\/wp-json\/wp\/v2\/pages"}],"about":[{"href":"https:\/\/agora.xtec.cat\/ceip-torrojaimiret\/wp-json\/wp\/v2\/types\/page"}],"author":[{"embeddable":true,"href":"https:\/\/agora.xtec.cat\/ceip-torrojaimiret\/wp-json\/wp\/v2\/users\/1"}],"replies":[{"embeddable":true,"href":"https:\/\/agora.xtec.cat\/ceip-torrojaimiret\/wp-json\/wp\/v2\/comments?post=2137"}],"version-history":[{"count":1,"href":"https:\/\/agora.xtec.cat\/ceip-torrojaimiret\/wp-json\/wp\/v2\/pages\/2137\/revisions"}],"predecessor-version":[{"id":12045,"href":"https:\/\/agora.xtec.cat\/ceip-torrojaimiret\/wp-json\/wp\/v2\/pages\/2137\/revisions\/12045"}],"wp:attachment":[{"href":"https:\/\/agora.xtec.cat\/ceip-torrojaimiret\/wp-json\/wp\/v2\/media?parent=2137"}],"curies":[{"name":"wp","href":"https:\/\/api.w.org\/{rel}","templated":true}]}}