{"id":20247,"date":"2023-11-30T10:02:50","date_gmt":"2023-11-30T09:02:50","guid":{"rendered":"https:\/\/agora.xtec.cat\/ceip-torrojaimiret\/?page_id=20247"},"modified":"2023-11-30T10:02:50","modified_gmt":"2023-11-30T09:02:50","slug":"visita-a-la-nostra-escola-portugal","status":"publish","type":"page","link":"https:\/\/agora.xtec.cat\/ceip-torrojaimiret\/projectes-i-activitats-propies\/6-projecte-erasmus-2022-2027-bisssss\/visita-a-la-nostra-escola-portugal\/","title":{"rendered":"Visita a la nostra escola (Portugal)"},"content":{"rendered":"<p><span style=\"font-weight: 400;\">L\u2019escola Torroja i Miret de Vila-seca \u00e9s un centre amb acreditaci\u00f3 Erasmus+, oberta a diferents visitants i en xarxa amb diverses escoles europees des de 2018. Aquest programa europeu potencia el treball de valors inclusius,\u00a0 la internalitzaci\u00f3 dels centres, el desenvolupament dels professionals, l\u2019observaci\u00f3 de projectes innovadors, la connexi\u00f3 d\u2019alumnat de diferents pa\u00efsos, l\u00b4\u00fas de diferents lleng\u00fces i la consci\u00e8ncia de ciutadania europea.\u00a0<\/span><\/p>\n<p><span style=\"font-weight: 400;\">A trav\u00e9s d\u2019aquest programa diferents membres de l\u2019escola han visitat centres educatius de diferents pa\u00efsos com Fran\u00e7a, Regne Unit, Irlanda, Pol\u00f2nia, Portugal, Finl\u00e0ndia, Alemanya i It\u00e0lia. El professorat ha pogut rebre formacions de molta qualitat en diferents centres especialitzats en pedagogia, noves tecnologies, espais de participaci\u00f3, ecologia, inclusi\u00f3, CLIC (implantaci\u00f3 de l\u2019angl\u00e8s en altres \u00e0rees curriculars), etc.<\/span><\/p>\n<p><span style=\"font-weight: 400;\">Aquesta formaci\u00f3 rebuda per part del professorat, despr\u00e9s es comparteix amb tot el claustre i s\u2019implementa a l\u2019escola amb el nostre alumnat. Algun exemple\u00a0 del que hem anat aprenent i implantat ja a l\u2019escola podria ser: Torroja News (un telenot\u00edcies de l\u2019escola en angl\u00e8s), Arts and crafts, rob\u00f2tica, l\u2019\u00fas de noves tecnologies i APP noves, etc.<\/span><\/p>\n<p><span style=\"font-weight: 400;\">Durant el projecte Erasmus actual (2022-2027) la intenci\u00f3 \u00e9s viatjar amb una part l\u2019alumnat a alguna escola d\u2019Europa. Segurament aquesta mobilitat es dur\u00e0 a terme el curs 2025-2026.<\/span><\/p>\n<p><span style=\"font-weight: 400;\">Dins d\u2019aquest projecte, tamb\u00e9 podem rebre visites nosaltres d\u2019escoles d\u2019altres pa\u00efsos que tamb\u00e9 formen part del Projecte Erasmus. Aix\u00ed doncs, la setmana del 24 al 30\u00a0 d\u2019abril 3 docents de l\u2019Agrupament de Escola Alto dos Moinhos (Portugal) han visitat la nostra escola. Han observat diversos projectes i metodologies innovadores com l\u2019aprenentatge per ambients i els tallers internivells, activitats pluriling\u00fces, activitats STEAM i rob\u00f2tica, Escola verda i hort, dinamitzaci\u00f3 d\u2019espais d\u2019esbarjo, entre altres. Tamb\u00e9 s\u2019ha fet un intercanvi de bones pr\u00e0ctiques entre els docents dels dos pa\u00efsos.<\/span><\/p>\n<p><span style=\"font-weight: 400;\">Amb aquesta visita l\u2019alumnat de l\u2019escola han pogut con\u00e8ixer millor Portugal i com aprenen els infants d\u2019aquest pa\u00eds. A trav\u00e9s de diferents mitjans s\u2019estableixen vincles entre l\u2019alumnat dels diferents centres participants.<\/span><\/p>\n<p><span style=\"font-weight: 400;\">El dilluns, amb la seva arribada, vam preparar un seguir d\u2019activitats de benvinguda: els alumnes m\u00e9s grans de l\u2019escola els van fer una visita guiada per tots els espais i despr\u00e9s tot l\u2019alumnat i els\/les mestres del centre els vam cantar una can\u00e7\u00f3 de benvinguda \u201cTudo bem\u201d de Stay Homas, que canta en quatre lleng\u00fces: catal\u00e0, castell\u00e0, angl\u00e8s i portugu\u00e8s. Ens va acompanyar la Sra. Carme Tinoco, coordinadora territorial del Centre de Recursos de Lleng\u00fces Estrangeres. I despr\u00e9s tamb\u00e9 van tenir una rebuda institucional a l\u2019Ajuntament, per part de la regidora Manuela Moya.<\/span><\/p>\n<p><span style=\"font-weight: 400;\">Durant la setmana han pogut veure activitats del Pla Educatiu d\u2019Entorn de Vila-seca, com les jornades esportives; con\u00e8ixer els espais m\u00e9s emblem\u00e0tics de Vila-seca: el Castell, la Torre d\u2019en Dol\u00e7a, la Pineda, etc. I compartir converses i intercanviar impressions amb mestres i alumnes de l\u2019escola.\u00a0<\/span><\/p>\n<p><span style=\"font-weight: 400;\">Elles tamb\u00e9 han aprofitat la visita per fer turisme per la zona: han visitat Tarragona, Reus i Barcelona. Han conegut part de la nostra hist\u00f2ria i cultura amb la Llegenda de Sant Jordi. Ha sigut una bonica experi\u00e8ncia per a tots\/es.<\/span><\/p>\n<p><span style=\"font-weight: 400;\"><a href=\"https:\/\/agora.xtec.cat\/ceip-torrojaimiret\/wp-content\/uploads\/usu1688\/2023\/05\/66513d91-21ac-45cd-ac6b-549260d3b623.jpg\"><img loading=\"lazy\" decoding=\"async\" class=\"wp-image-20215 alignleft\" src=\"https:\/\/agora.xtec.cat\/ceip-torrojaimiret\/wp-content\/uploads\/usu1688\/2023\/05\/66513d91-21ac-45cd-ac6b-549260d3b623-1024x768.jpg\" alt=\"\" width=\"344\" height=\"258\" srcset=\"https:\/\/agora.xtec.cat\/ceip-torrojaimiret\/wp-content\/uploads\/usu1688\/2023\/05\/66513d91-21ac-45cd-ac6b-549260d3b623-1024x768.jpg 1024w, https:\/\/agora.xtec.cat\/ceip-torrojaimiret\/wp-content\/uploads\/usu1688\/2023\/05\/66513d91-21ac-45cd-ac6b-549260d3b623-300x225.jpg 300w, https:\/\/agora.xtec.cat\/ceip-torrojaimiret\/wp-content\/uploads\/usu1688\/2023\/05\/66513d91-21ac-45cd-ac6b-549260d3b623-768x576.jpg 768w, https:\/\/agora.xtec.cat\/ceip-torrojaimiret\/wp-content\/uploads\/usu1688\/2023\/05\/66513d91-21ac-45cd-ac6b-549260d3b623-1536x1152.jpg 1536w, https:\/\/agora.xtec.cat\/ceip-torrojaimiret\/wp-content\/uploads\/usu1688\/2023\/05\/66513d91-21ac-45cd-ac6b-549260d3b623-200x150.jpg 200w, https:\/\/agora.xtec.cat\/ceip-torrojaimiret\/wp-content\/uploads\/usu1688\/2023\/05\/66513d91-21ac-45cd-ac6b-549260d3b623.jpg 2048w\" sizes=\"auto, (max-width: 344px) 100vw, 344px\" \/><\/a><\/span><\/p>\n<p><a href=\"https:\/\/agora.xtec.cat\/ceip-torrojaimiret\/wp-content\/uploads\/usu1688\/2023\/05\/ab044871-2bdf-41bb-8d47-f5ee8feb456a.jpg\"><img loading=\"lazy\" decoding=\"async\" class=\"alignleft wp-image-20216\" src=\"https:\/\/agora.xtec.cat\/ceip-torrojaimiret\/wp-content\/uploads\/usu1688\/2023\/05\/ab044871-2bdf-41bb-8d47-f5ee8feb456a-1024x768.jpg\" alt=\"\" width=\"344\" height=\"258\" srcset=\"https:\/\/agora.xtec.cat\/ceip-torrojaimiret\/wp-content\/uploads\/usu1688\/2023\/05\/ab044871-2bdf-41bb-8d47-f5ee8feb456a-1024x768.jpg 1024w, https:\/\/agora.xtec.cat\/ceip-torrojaimiret\/wp-content\/uploads\/usu1688\/2023\/05\/ab044871-2bdf-41bb-8d47-f5ee8feb456a-300x225.jpg 300w, https:\/\/agora.xtec.cat\/ceip-torrojaimiret\/wp-content\/uploads\/usu1688\/2023\/05\/ab044871-2bdf-41bb-8d47-f5ee8feb456a-768x576.jpg 768w, https:\/\/agora.xtec.cat\/ceip-torrojaimiret\/wp-content\/uploads\/usu1688\/2023\/05\/ab044871-2bdf-41bb-8d47-f5ee8feb456a-1536x1152.jpg 1536w, https:\/\/agora.xtec.cat\/ceip-torrojaimiret\/wp-content\/uploads\/usu1688\/2023\/05\/ab044871-2bdf-41bb-8d47-f5ee8feb456a-200x150.jpg 200w, https:\/\/agora.xtec.cat\/ceip-torrojaimiret\/wp-content\/uploads\/usu1688\/2023\/05\/ab044871-2bdf-41bb-8d47-f5ee8feb456a.jpg 2048w\" sizes=\"auto, (max-width: 344px) 100vw, 344px\" \/><\/a><\/p>\n","protected":false},"excerpt":{"rendered":"<p>L\u2019escola Torroja i Miret de Vila-seca \u00e9s un centre amb acreditaci\u00f3 Erasmus+, oberta a diferents visitants i en xarxa amb diverses escoles europees des de 2018. Aquest programa europeu potencia el treball de valors inclusius,\u00a0 la internalitzaci\u00f3 dels centres, el desenvolupament dels professionals, l\u2019observaci\u00f3 de projectes innovadors, la connexi\u00f3 d\u2019alumnat de diferents pa\u00efsos, l\u00b4\u00fas de [&hellip;]<\/p>\n","protected":false},"author":37,"featured_media":0,"parent":20234,"menu_order":13,"comment_status":"closed","ping_status":"closed","template":"page-templates\/side-menu.php","meta":{"_bbp_topic_count":0,"_bbp_reply_count":0,"_bbp_total_topic_count":0,"_bbp_total_reply_count":0,"_bbp_voice_count":0,"_bbp_anonymous_reply_count":0,"_bbp_topic_count_hidden":0,"_bbp_reply_count_hidden":0,"_bbp_forum_subforum_count":0,"site-sidebar-layout":"default","site-content-layout":"","ast-site-content-layout":"","site-content-style":"default","site-sidebar-style":"default","ast-global-header-display":"","ast-banner-title-visibility":"","ast-main-header-display":"","ast-hfb-above-header-display":"","ast-hfb-below-header-display":"","ast-hfb-mobile-header-display":"","site-post-title":"","ast-breadcrumbs-content":"","ast-featured-img":"","footer-sml-layout":"","theme-transparent-header-meta":"","adv-header-id-meta":"","stick-header-meta":"","header-above-stick-meta":"","header-main-stick-meta":"","header-below-stick-meta":"","astra-migrate-meta-layouts":"default","ast-page-background-enabled":"default","ast-page-background-meta":{"desktop":{"background-color":"var(--ast-global-color-4)","background-image":"","background-repeat":"repeat","background-position":"center center","background-size":"auto","background-attachment":"scroll","background-type":"","background-media":"","overlay-type":"","overlay-color":"","overlay-opacity":"","overlay-gradient":""},"tablet":{"background-color":"","background-image":"","background-repeat":"repeat","background-position":"center center","background-size":"auto","background-attachment":"scroll","background-type":"","background-media":"","overlay-type":"","overlay-color":"","overlay-opacity":"","overlay-gradient":""},"mobile":{"background-color":"","background-image":"","background-repeat":"repeat","background-position":"center center","background-size":"auto","background-attachment":"scroll","background-type":"","background-media":"","overlay-type":"","overlay-color":"","overlay-opacity":"","overlay-gradient":""}},"ast-content-background-meta":{"desktop":{"background-color":"var(--ast-global-color-5)","background-image":"","background-repeat":"repeat","background-position":"center center","background-size":"auto","background-attachment":"scroll","background-type":"","background-media":"","overlay-type":"","overlay-color":"","overlay-opacity":"","overlay-gradient":""},"tablet":{"background-color":"var(--ast-global-color-5)","background-image":"","background-repeat":"repeat","background-position":"center center","background-size":"auto","background-attachment":"scroll","background-type":"","background-media":"","overlay-type":"","overlay-color":"","overlay-opacity":"","overlay-gradient":""},"mobile":{"background-color":"var(--ast-global-color-5)","background-image":"","background-repeat":"repeat","background-position":"center center","background-size":"auto","background-attachment":"scroll","background-type":"","background-media":"","overlay-type":"","overlay-color":"","overlay-opacity":"","overlay-gradient":""}},"footnotes":""},"class_list":["post-20247","page","type-page","status-publish","hentry"],"post_mailing_queue_ids":[],"_links":{"self":[{"href":"https:\/\/agora.xtec.cat\/ceip-torrojaimiret\/wp-json\/wp\/v2\/pages\/20247","targetHints":{"allow":["GET"]}}],"collection":[{"href":"https:\/\/agora.xtec.cat\/ceip-torrojaimiret\/wp-json\/wp\/v2\/pages"}],"about":[{"href":"https:\/\/agora.xtec.cat\/ceip-torrojaimiret\/wp-json\/wp\/v2\/types\/page"}],"author":[{"embeddable":true,"href":"https:\/\/agora.xtec.cat\/ceip-torrojaimiret\/wp-json\/wp\/v2\/users\/37"}],"replies":[{"embeddable":true,"href":"https:\/\/agora.xtec.cat\/ceip-torrojaimiret\/wp-json\/wp\/v2\/comments?post=20247"}],"version-history":[{"count":1,"href":"https:\/\/agora.xtec.cat\/ceip-torrojaimiret\/wp-json\/wp\/v2\/pages\/20247\/revisions"}],"predecessor-version":[{"id":20248,"href":"https:\/\/agora.xtec.cat\/ceip-torrojaimiret\/wp-json\/wp\/v2\/pages\/20247\/revisions\/20248"}],"up":[{"embeddable":true,"href":"https:\/\/agora.xtec.cat\/ceip-torrojaimiret\/wp-json\/wp\/v2\/pages\/20234"}],"wp:attachment":[{"href":"https:\/\/agora.xtec.cat\/ceip-torrojaimiret\/wp-json\/wp\/v2\/media?parent=20247"}],"curies":[{"name":"wp","href":"https:\/\/api.w.org\/{rel}","templated":true}]}}